{"id":352,"date":"2017-08-05T06:28:52","date_gmt":"2017-08-05T06:28:52","guid":{"rendered":"http:\/\/tracdia.khowebseotop.vn\/?post_type=product&#038;p=352"},"modified":"2017-08-05T06:28:52","modified_gmt":"2017-08-05T06:28:52","slug":"may-dinh-vi-ve-tinh-huace-gps-x20","status":"publish","type":"product","link":"https:\/\/hosting.conasi.vn\/w\/tracdia2011\/san-pham\/may-dinh-vi-ve-tinh-huace-gps-x20\/","title":{"rendered":"M\u00e1y \u0111\u1ecbnh v\u1ecb v\u1ec7 tinh Huace GPS X20"},"content":{"rendered":"<p><strong>M\u00e1y \u0111\u1ecbnh v\u1ecb v\u1ec7 tinh Huace GPS X20<\/strong>\u00a0c\u00f3 nh\u1eefng \u0111\u1eb7c t\u00ednh c\u01a1 b\u1ea3n nh\u01b0 b\u00ean d\u01b0\u1edbi c\u00e1c b\u1ea1n khi xem s\u1ea3n ph\u1ea9m h\u00e3y xem th\u00f4ng tin ni\u00eam y\u1ebft b\u00ean d\u01b0\u1edbi nh\u00e9.<\/p>\n<p>+ H\u00e3ng s\u1ea3n xu\u1ea5t: Huace &#8211; Trung Qu\u1ed1c.<br \/>\n+ Ch\u1ea5t l\u01b0\u1ee3ng: M\u1edbi 100%.<br \/>\n+\u00a0 M\u1ed9t b\u1ed9 g\u1ed3m:<br \/>\n&#8211; 03 m\u00e1y \u0111\u1ecbnh v\u1ecb v\u1ec7 tinh GPS Huace X20 GPS<br \/>\n&#8211; 06 Pin XB 2400mAh 7,4 V<br \/>\n&#8211; 02 b\u1ed9 n\u1ea1p C100A v\u00e0 c\u00e1p ngu\u1ed3n<br \/>\n&#8211; 03 th\u01b0\u1edbc \u0111o chi\u1ec1u cao Hilock<br \/>\n&#8211; 01 c\u00e1p truy\u1ec1n s\u1ed1 li\u1ec7u Com &#8211; USB<br \/>\n&#8211; 01 \u0111\u0129a ph\u1ea7n m\u1ec1m x\u1eed l\u00fd s\u1ed1 li\u1ec7u<br \/>\n&#8211; 03 \u1ed1c n\u1ed1i m\u00e1y<br \/>\n&#8211; 03 t\u00fai \u0111\u1ef1ng m\u00e1y<\/p>\n<p>Huace (CHC) c\u00f4ng ty chuy\u00ean\u00a0 s\u1ea3n xu\u1ea5t GPS d\u00e0nh ri\u00eang cho c\u00e1c \u1ee9ng d\u1ee5ng Kh\u1ea3o s\u00e1t v\u00e0 c\u00e1c gi\u1ea3i ph\u00e1p v\u1edbi c\u00e1c s\u1ea3n ph\u1ea9m GPS ch\u00ednh x\u00e1c cao. Trong 5 n\u0103m qua, Huace \u0111\u00e3 cung c\u1ea5p GPS ti\u00ean ti\u1ebfn h\u00e0ng ng\u00e0n s\u1ea3n ph\u1ea9m trong th\u1ecb tr\u01b0\u1eddng Trung Qu\u1ed1c nh\u01b0 \u0111\u1ea5t Kh\u1ea3o s\u00e1t, h\u00e0ng kh\u00f4ng, h\u00e0ng h\u1ea3i, qu\u00e2n s\u1ef1, \u0110i\u1ec7n l\u1ef1c, khai th\u00e1c m\u1ecf, l\u00e2m nghi\u1ec7p, vv<\/p>\n<p>T\u00edch h\u1ee3p \u0103ng-ten GPS v\u00e0 thi\u1ebft b\u1ecb thu, GPS Huace X20 l\u1ea7n \u0111\u1ea7u ti\u00ean \u0111\u01b0\u1ee3c s\u1ea3n xu\u1ea5t v\u00e0o n\u0103m 2004 d\u1ef1a tr\u00ean c\u1eaft c\u1ea1nh technology.Built GPS m\u1edbi nh\u1ea5t \u0111\u1ec3 \u0111\u00e1p \u1ee9ng ti\u00eau chu\u1ea9n qu\u00e2n s\u1ef1, \u0111\u01a1n v\u1ecb l\u00e0 g\u1ed3 gh\u1ec1.V\u1edbi ti\u1ebft ki\u1ec7m \u0111i\u1ec7n n\u0103ng c\u1ee7a n\u00f3, nhanh ch\u00f3ng \u0111\u1ecbnh v\u1ecb v\u00e0 s\u1eeda ch\u1eefa c\u00e1c v\u1ecb tr\u00ed cao \u0111\u1ed9 ch\u00ednh x\u00e1c c\u00f4ng ngh\u1ec7 X20 l\u00e0 l\u00fd t\u01b0\u1edfng cho t\u1ea5t c\u1ea3 c\u00e1c l\u0129nh v\u1ef1c \u1ee9ng d\u1ee5ng GPS.<\/p>\n<p><strong>T\u00ednh n\u0103ng n\u1ed5i tr\u1ed9i\u00a0M\u00e1y \u0111\u1ecbnh v\u1ecb v\u1ec7 tinh Huace GPS X20<\/strong><\/p>\n<p>Thao t\u00e1c d\u1ec5 d\u00e0ng cho ho\u1ea1t \u0111\u1ed9ng cho t\u0129nh \/ Kh\u1ea3o s\u00e1t t\u0129nh nhanh\u00a0 v\u1edbi ch\u1ec9 m\u1ed9t n\u00fat b\u1ea5n C\u00e1c ch\u1ec9 s\u1ed1 b\u1ed1n \u0111\u00e8n LED cho ph\u00e9p b\u1ea1n theo d\u00f5i qu\u00e1 tr\u00ecnh thu th\u1eadp d\u1eef li\u1ec7u to\u00e0n b\u1ed9 l\u0129nh v\u1ef1c, bao g\u1ed3m c\u1ea3 t\u00ecnh tr\u1ea1ng v\u1ec7 tinh, t\u00ecnh tr\u1ea1ng ghi v\u00e0 xu\u1ea5t d\u1eef li\u1ec7u.V\u1edbi m\u1ed7i pin lithium h\u1ed7 tr\u1ee3 nghi\u00ean c\u1ee9u th\u1ef1c \u0111\u1ecba c\u1ee7a b\u1ea1n l\u00ean \u0111\u1ebfn 16 gi\u1edd . \u0110\u01a1n gi\u1ea3n ch\u1ec9 c\u1ea7n nh\u1ea5n v\u00e0o n\u00fat \u0111i\u1ec7n, ng\u01b0\u1eddi nh\u1eadn s\u1ebd \u0111\u01b0\u1ee3c t\u1ef1 \u0111\u1ed9ng \u1edf ch\u1ebf \u0111\u1ed9 quan s\u00e1t t\u0129nh. . B\u1ed9 nh\u1eadn \u0111\u01b0\u1ee3c k\u1ebft h\u1ee3p\u00a0 GPS L1, \u0103ng-ten GPS, h\u1ec7 th\u1ed1ng c\u1ea5p \u0111i\u1ec7n, th\u1ebb nh\u1edb v\u00e0 Bluetooth v\u1edbi nhau th\u00e0nh \u0111\u01a1n v\u1ecb duy nh\u1ea5t.\u00a0 N\u00f3 c\u00f3 th\u1ec3 cho b\u1ea1n m\u1ed9t th\u1eddi gian quan s\u00e1t l\u00e2u d\u00e0i 512 ti\u1ebfng \u0111\u1ed3ng h\u1ed3 v\u1edbi 6 v\u1ec7 tinh v\u00e0 kho\u1ea3ng th\u1eddi gian 15 gi\u00e2y.<\/p>\n<p><strong>Th\u00f4ng s\u1ed1 k\u1ef9 thu\u1eadt\u00a0M\u00e1y \u0111\u1ecbnh v\u1ecb v\u1ec7 tinh Huace GPS X20<\/strong><\/p>\n<p>&#8211;\u00a0 \u0110\u01a1n t\u1ea7n s\u1ed1 L1, t\u00edch h\u1ee3p 12 k\u00eanh<br \/>\n&#8211;\u00a0 \u0110\u1ed9 ch\u00ednh x\u00e1c h\u01b0\u1edbng ngang: \u00b15mm + 1 ppm (\u2264 10km)<br \/>\n&#8211;\u00a0 \u0110\u1ed9 ch\u00ednh x\u00e1c h\u01b0\u1edbng \u0111\u1ee9ng: \u00b110mm + 1 ppm (\u2264 10km)<br \/>\n&#8211;\u00a0 B\u1ed9 nh\u1edb: 16MB flash.<br \/>\n&#8211;\u00a0 Ngu\u1ed3n \u0111i\u1ec7n:<br \/>\n+ 01 pin lithium 7.2V\/2Ah.<br \/>\n+ C\u00f4ng su\u1ea5t: 0.8W.<br \/>\n+ L\u00e0m vi\u1ec7c li\u00ean t\u1ee5c 16h.<br \/>\n+ Th\u1eddi gian n\u1ea1p pin 3h.<br \/>\n&#8211; K\u00edch th\u01b0\u1edbc v\u00e0 tr\u1ecdng l\u01b0\u1ee3ng.<br \/>\n+ K\u00edch th\u01b0\u1edbc: 6cmx15cm (HxD).<br \/>\n+Tr\u1ecdng l\u01b0\u1ee3ng: 0.8kg.<br \/>\n&#8211;\u00a0 M\u00f4i tr\u01b0\u1eddng l\u00e0m vi\u1ec7c:<br \/>\n+ Nhi\u1ec7t \u0111\u1ed9 l\u00e0m vi\u1ec7c:\u00a0 -300C \u0111\u1ebfn +600C.<br \/>\n+ Nhi\u1ec7t \u0111\u1ed9 ch\u1ecbu \u0111\u1ef1ng: -400C \u0111\u1ebfn +800C.<br \/>\n+ Ch\u1ed1ng th\u1ea5m n\u01b0\u1edbc, ch\u1ed1ng va ch\u1ea1m.<br \/>\n&#8211;\u00a0 Giao ti\u1ebfp v\u1edbi m\u00e1y t\u00ednh: C\u1ed5ng RS-232C ,USB, Bluetooth (l\u1ef1a chon).<br \/>\n&#8211;\u00a0 T\u01b0\u01a1ng th\u00edch v\u1edbi m\u00e1y GPS Trimble<\/p>\n","protected":false},"excerpt":{"rendered":"<p>M\u00e1y \u0111\u1ecbnh v\u1ecb v\u1ec7 tinh Huace GPS X20\u00a0c\u00f3 nh\u1eefng \u0111\u1eb7c t\u00ednh c\u01a1 b\u1ea3n nh\u01b0 b\u00ean d\u01b0\u1edbi c\u00e1c b\u1ea1n khi xem s\u1ea3n ph\u1ea9m h\u00e3y xem th\u00f4ng tin ni\u00eam y\u1ebft b\u00ean d\u01b0\u1edbi nh\u00e9. + H\u00e3ng s\u1ea3n xu\u1ea5t: Huace &#8211; Trung Qu\u1ed1c. + Ch\u1ea5t l\u01b0\u1ee3ng: M\u1edbi 100%. +\u00a0 M\u1ed9t b\u1ed9 g\u1ed3m: &#8211; 03 m\u00e1y \u0111\u1ecbnh v\u1ecb v\u1ec7 tinh [&#8230;]\n","protected":false},"featured_media":353,"comment_status":"open","ping_status":"closed","template":"","meta":[],"_links":{"self":[{"href":"https:\/\/hosting.conasi.vn\/w\/tracdia2011\/wp-json\/wp\/v2\/product\/352"}],"collection":[{"href":"https:\/\/hosting.conasi.vn\/w\/tracdia2011\/wp-json\/wp\/v2\/product"}],"about":[{"href":"https:\/\/hosting.conasi.vn\/w\/tracdia2011\/wp-json\/wp\/v2\/types\/product"}],"replies":[{"embeddable":true,"href":"https:\/\/hosting.conasi.vn\/w\/tracdia2011\/wp-json\/wp\/v2\/comments?post=352"}],"wp:featuredmedia":[{"embeddable":true,"href":"https:\/\/hosting.conasi.vn\/w\/tracdia2011\/wp-json\/wp\/v2\/media\/353"}],"wp:attachment":[{"href":"https:\/\/hosting.conasi.vn\/w\/tracdia2011\/wp-json\/wp\/v2\/media?parent=352"}],"curies":[{"name":"wp","href":"https:\/\/api.w.org\/{rel}","templated":true}]}}