{"id":851,"date":"2019-07-15T21:07:35","date_gmt":"2019-07-15T14:07:35","guid":{"rendered":"http:\/\/giaxetoyotaphutho.com.vn\/?post_type=product&#038;p=851"},"modified":"2019-09-18T00:39:15","modified_gmt":"2019-09-17T17:39:15","slug":"toyota-phu-tho-gia-tot-nhat-toan-mien-bac","status":"publish","type":"product","link":"https:\/\/hosting.conasi.vn\/w\/toyota22011\/san-pham\/toyota-phu-tho-gia-tot-nhat-toan-mien-bac\/","title":{"rendered":"Toyota Ph\u00fa Th\u1ecd gi\u00e1 xe Toyota t\u1ed1t nh\u1ea5t Mi\u1ec1n B\u1eafc"},"content":{"rendered":"<p><img loading=\"lazy\" class=\"alignnone wp-image-855\" src=\"http:\/\/giaxetoyotaphutho.com.vn\/wp-content\/uploads\/2019\/07\/Toyota-Vi\u1ec7t-Tr\u00ec-300x183.png\" alt=\"Toyota Vi\u1ec7t Tr\u00ec\" width=\"305\" height=\"186\" srcset=\"https:\/\/hosting.conasi.vn\/w\/toyota22011\/wp-content\/uploads\/2019\/07\/Toyota-Vi\u1ec7t-Tr\u00ec-300x183.png 300w, https:\/\/hosting.conasi.vn\/w\/toyota22011\/wp-content\/uploads\/2019\/07\/Toyota-Vi\u1ec7t-Tr\u00ec-768x469.png 768w, https:\/\/hosting.conasi.vn\/w\/toyota22011\/wp-content\/uploads\/2019\/07\/Toyota-Vi\u1ec7t-Tr\u00ec-1024x625.png 1024w, https:\/\/hosting.conasi.vn\/w\/toyota22011\/wp-content\/uploads\/2019\/07\/Toyota-Vi\u1ec7t-Tr\u00ec.png 1354w\" sizes=\"(max-width: 305px) 100vw, 305px\" \/><\/p>\n<p><strong>C\u00e1c b\u1ea1n \u0111ang c\u00f3 m\u1ed9t kho\u1ea3n ti\u1ec1n, c\u00e1c b\u1ea1n mu\u1ed1n c\u00f3 xe h\u01a1i, c\u00e1c b\u1ea1n mu\u1ed1n c\u00f3 m\u1ed9t ph\u01b0\u01a1ng ti\u1ec7n \u0111i l\u1ea1i ph\u00f9 h\u1ee3p v\u1edbi c\u00e1 nh\u00e2n v\u00e0 gia \u0111\u00ecnh. B\u1ec1n b\u1ec9, ti\u1ebft ki\u1ec7m, an to\u00e0n, sang tr\u1ecdng, \u0111\u1eb3ng c\u1ea5p, ki\u1ec3u d\u00e1ng tr\u1ebb trung, th\u1ec3 thao, b\u1eaft m\u1eaft&#8230; <\/strong><\/p>\n<p><strong>H\u00e3y \u0111\u1ebfn v\u1edbi\u00a0Toyota &#8211;\u00a0 th\u01b0\u01a1ng hi\u1ec7u \u00f4 t\u00f4 l\u1edbn nh\u1ea5t to\u00e0n c\u1ea7u, v\u00e0 h\u00e3y \u0111\u1ebfn v\u1edbi <em><span style=\"color: #0000ff;\"><a style=\"color: #0000ff;\" href=\"http:\/\/giaxetoyotaphutho.com.vn\/\">Toyota Ph\u00fa Th\u1ecd<\/a><\/span><\/em>, \u0111\u1ebfn v\u1edbi ch\u00fang t\u00f4i b\u1ea1n s\u1ebd c\u00f3 nhi\u1ec1u s\u1ef1 l\u1ef1a ch\u1ecdn h\u00e0i l\u00f2ng nh\u1ea5t, ph\u1ee5c v\u1ee5 c\u00e1c b\u1ea1n chuy\u00ean nghi\u1ec7p nh\u1ea5t, quan tr\u1ecdng nh\u1ea5t b\u1ea1n s\u1ebd l\u1ef1a ch\u1ecdn \u0111\u01b0\u1ee3c chi\u1ebfc xe \u01b0ng \u00fd nh\u1ea5t cho ri\u00eang m\u00ecnh.<\/strong><\/p>\n<h2><span style=\"color: #ff0000;\"><strong>T\u1ed5ng quan Toyota Ph\u00fa Th\u1ecd<\/strong><\/span><\/h2>\n<p><span style=\"color: #ff0000;\">\u0110\u1ea0I L\u00dd TOYOTA PH\u00da TH\u1ecc \u2013 UY T\u00cdN \u2013 CH\u1ea4T L\u01af\u1ee2NG \u2013 GI\u00c1 T\u1ed0T NH\u1ea4T<\/span><\/p>\n<p>\u2013 H\u1ed7 tr\u1ee3 th\u1ee7 t\u1ee5c vay tr\u1ea3 g\u00f3p t\u1ed1i \u0111a \u0111\u1ebfn 90%, th\u1eddi gian 01 \u2013 07\u00a0n\u0103m.<\/p>\n<p>\u2013 H\u1ed7 tr\u1ee3 n\u1ed9p thu\u1ebf tr\u01b0\u1edbc b\u1ea1, \u0111\u0103ng k\u00fd, \u0111\u0103ng ki\u1ec3m, mua b\u1ea3o hi\u1ec3m, l\u1eafp th\u00eam \u0111\u1ed3 ch\u01a1i cho xe\u2026<\/p>\n<p>\u2013 Th\u1ee7 t\u1ee5c \u0111\u01a1n gi\u1ea3n, nhanh g\u1ecdn, ti\u1ebft ki\u1ec7m th\u1eddi gian cho Qu\u00fd kh\u00e1ch<\/p>\n<p>\u2013 H\u1ed7 tr\u1ee3 giao xe t\u1eadn n\u01a1i cho kh\u00e1ch h\u00e0ng!<\/p>\n<h2><strong><a href=\"http:\/\/giaxetoyotaphutho.com.vn\/\"><em><span style=\"color: #0000ff;\">Toyota Vi\u1ec7t Tr\u00ec Ph\u00fa Th\u1ecd<\/span><\/em><\/a> &#8211;\u00a0<\/strong><strong>\u0110\u1ea1i L\u00fd\u00a0<\/strong><strong>ch\u00ednh h\u00e3ng l\u1edbn nh\u1ea5t Mi\u1ec1n B\u1eafc<\/strong><\/h2>\n<p><img loading=\"lazy\" class=\"alignnone size-medium wp-image-857\" src=\"http:\/\/giaxetoyotaphutho.com.vn\/wp-content\/uploads\/2019\/07\/C\u00f4ng-ty-TNHH-MTV-Toyota-Ph\u00fa-Th\u1ecd-300x169.jpg\" alt=\"C\u00f4ng ty TNHH MTV Toyota Ph\u00fa Th\u1ecd\" width=\"300\" height=\"169\" srcset=\"https:\/\/hosting.conasi.vn\/w\/toyota22011\/wp-content\/uploads\/2019\/07\/C\u00f4ng-ty-TNHH-MTV-Toyota-Ph\u00fa-Th\u1ecd-300x169.jpg 300w, https:\/\/hosting.conasi.vn\/w\/toyota22011\/wp-content\/uploads\/2019\/07\/C\u00f4ng-ty-TNHH-MTV-Toyota-Ph\u00fa-Th\u1ecd-768x432.jpg 768w, https:\/\/hosting.conasi.vn\/w\/toyota22011\/wp-content\/uploads\/2019\/07\/C\u00f4ng-ty-TNHH-MTV-Toyota-Ph\u00fa-Th\u1ecd.jpg 960w\" sizes=\"(max-width: 300px) 100vw, 300px\" \/><\/p>\n<p><em>Toyota Vi\u1ec7t Tr\u00ec &#8211; Ph\u00fa Th\u1ecd<\/em> l\u00e0 \u0111\u1ea1i l\u00fd \u1ee7y quy\u1ec1n c\u1ee7a Toyota Vi\u1ec7t Nam, cung c\u1ea5p \u0111\u1ea7y \u0111\u1ee7, \u0111a d\u1ea1ng ph\u00e2n kh\u00fac xe Toyota m\u1edbi nh\u1ea5t, d\u1ecbch v\u1ee5 s\u1eeda ch\u1eefa, b\u1ea3o d\u01b0\u1ee1ng, thay th\u1ebf t\u1ed1t nh\u1ea5t.<\/p>\n<p>V\u1edbi \u0111\u1ed9i ng\u0169 nh\u00e2n vi\u00ean tr\u1ebb, nhi\u1ec7t huy\u1ebft, chuy\u00ean nghi\u1ec7p v\u00e0 t\u1eadn t\u00e2m nh\u1ea5t, lu\u00f4n c\u1ed1 g\u1eafng l\u00e0m h\u00e0i l\u00f2ng t\u1edbi nh\u1eefng kh\u00e1ch h\u00e0ng kh\u00f3 t\u00ednh nh\u1ea5t. Toyota Ph\u00fa Th\u1ecd tuy\u1ec3n d\u1ee5ng c\u00e1n b\u1ed9 k\u1ef9 thu\u1eadt vi\u00ean c\u00f3 kinh nghi\u1ec7m cao, t\u01b0 v\u1ea5n d\u1ecbch chuy\u00ean nghi\u1ec7p, gi\u1ea3m t\u1ed1i \u0111a chi ph\u00ed v\u00e0 th\u1eddi gian cho kh\u00e1ch h\u00e0ng.<\/p>\n<h2><strong>Toyota l\u00e0 th\u01b0\u01a1ng hi\u1ec7u \u00f4 t\u00f4 l\u1edbn nh\u1ea5t to\u00e0n c\u1ea7u<\/strong><\/h2>\n<p><img loading=\"lazy\" class=\"alignnone size-medium wp-image-853\" src=\"http:\/\/giaxetoyotaphutho.com.vn\/wp-content\/uploads\/2019\/07\/Toyota-Ph\u00fa-Th\u1ecd-300x114.jpg\" alt=\"Toyota Ph\u00fa Th\u1ecd\" width=\"300\" height=\"114\" srcset=\"https:\/\/hosting.conasi.vn\/w\/toyota22011\/wp-content\/uploads\/2019\/07\/Toyota-Ph\u00fa-Th\u1ecd-300x114.jpg 300w, https:\/\/hosting.conasi.vn\/w\/toyota22011\/wp-content\/uploads\/2019\/07\/Toyota-Ph\u00fa-Th\u1ecd-768x292.jpg 768w, https:\/\/hosting.conasi.vn\/w\/toyota22011\/wp-content\/uploads\/2019\/07\/Toyota-Ph\u00fa-Th\u1ecd.jpg 828w\" sizes=\"(max-width: 300px) 100vw, 300px\" \/><\/p>\n<p>Th\u01b0\u01a1ng hi\u1ec7u Nh\u1eadt B\u1ea3n lu\u00f4n lu\u00f4n n\u1ed5i ti\u1ebfng v\u1edbi s\u1ef1 th\u1ef1c d\u1ee5ng c\u1ea7n thi\u1ebft. <a href=\"http:\/\/www.toyota.com.vn\/\">Toyota<\/a> \u0111\u01b0\u1ee3c th\u00e0nh l\u1eadp v\u00e0o n\u0103m 1995 cho \u0111\u1ebfn nay v\u1eabn l\u00e0 th\u01b0\u01a1ng hi\u1ec7u xe \u00f4 t\u00f4 l\u1edbn nh\u1ea5t to\u00e0n c\u1ea7u, n\u1ed5i ti\u1ebfng v\u1ec1 s\u1ef1 b\u1ec1n b\u1ec9, ti\u1ebft ki\u1ec7m chi ph\u00ed cho ng\u01b0\u1eddi s\u1eed d\u1ee5ng.<\/p>\n<p><span style=\"font-size: 14.4px;\">Qua nhi\u1ec1u n\u0103m ph\u00e1t tri\u1ec3n, xe Toyota ng\u00e0y c\u00e0ng ho\u00e0n thi\u1ec7n m\u00ecnh v\u1edbi nhi\u1ec1u m\u1eabu xe tr\u1ebb trung, hi\u1ec7n \u0111\u1ea1i, an to\u00e0n, b\u1eaft m\u1eaft v\u00e0 \u0111\u1eb7c bi\u1ec7t gi\u00e1 th\u00e0nh r\u1ea5t c\u1ea1nh tranh ph\u00f9 h\u1ee3p v\u1edbi t\u00fai ti\u1ec1n c\u1ee7a nhi\u1ec1u c\u00e1 nh\u00e2n v\u00e0 gia \u0111\u00ecnh.<\/span><\/p>\n<p>V\u1edbi s\u1ef1 ra \u0111\u1eddi c\u1ee7a <span style=\"text-decoration: underline;\">\u0110\u1ea1i L\u00fd Toyota Ph\u00fa Th\u1ecd<\/span> ch\u00fang t\u00f4i mong mu\u1ed1n m\u1ecdi kh\u00e1ch h\u00e0ng tr\u00ean \u0111\u1ecba b\u00e0n t\u1ec9nh Ph\u00fa Th\u1ecd v\u00e0 c\u00e1c t\u1ec9nh l\u00e2n c\u1eadn c\u00f3 th\u1ec3 s\u1edf h\u1eefu xe Toyota thu\u1eadn l\u1ee3i, d\u1ec5 d\u00e0ng nh\u1ea5t. D\u1ecbch v\u1ee5 s\u1eeda ch\u1eefa b\u1ea3o d\u01b0\u1ee1ng \u0111\u01b0\u1ee3c t\u1ed1i \u01b0u nh\u1ea5t, tr\u00e1nh c\u00f4ng s\u1ee9c v\u00e0 th\u1eddi gian qu\u00fd b\u00e1u c\u1ee7a qu\u00fd kh\u00e1ch h\u00e0ng.<\/p>\n<h2><strong>\u0110\u1ea1i l\u00fd Toyota Ph\u00fa Th\u1ecd d\u1ecbch v\u1ee5 ho\u00e0n h\u1ea3o<\/strong><\/h2>\n<p><strong>Toyota Ph\u00fa Th\u1ecd<\/strong> lu\u00f4n h\u01b0\u1edbng \u0111\u1ebfn nh\u1eefng g\u00ec t\u1ed1t nh\u1ea5t cho qu\u00fd kh\u00e1ch h\u00e0ng, t\u1eadn t\u00e2m &#8211; chu \u0111\u00e1o lu\u00f4n \u0111\u01b0\u1ee3c \u0111\u1eb7t l\u00ean h\u00e0ng \u0111\u1ea7u, d\u1ecbch v\u1ee5 s\u1eeda ch\u1eefa l\u01b0u \u0111\u1ed9ng b\u1ea5t c\u1ee9 \u0111\u00e2u kh\u00e1ch h\u00e0ng c\u1ea7n, d\u1ecbch v\u1ee5 giao xe t\u1eadn nh\u00e0 cho kh\u00e1ch \u1edf b\u1ea5t k\u1ef3 t\u1ec9nh th\u00e0nh n\u00e0o tr\u00ean to\u00e0n qu\u1ed1c.<\/p>\n<h2><strong>C\u01a1 s\u1edf v\u1eadt ch\u1ea5t hi\u1ec7n \u0111\u1ea1i<\/strong><\/h2>\n<div style=\"width: 640px;\" class=\"wp-video\"><!--[if lt IE 9]><script>document.createElement('video');<\/script><![endif]-->\n<video class=\"wp-video-shortcode\" id=\"video-851-1\" width=\"640\" height=\"360\" preload=\"metadata\" controls=\"controls\"><source type=\"video\/mp4\" src=\"https:\/\/giphygifs.s3.amazonaws.com\/media\/pktxFPVqF56Ny\/giphy.mp4?_=1\" \/><a href=\"https:\/\/giphygifs.s3.amazonaws.com\/media\/pktxFPVqF56Ny\/giphy.mp4\">https:\/\/giphygifs.s3.amazonaws.com\/media\/pktxFPVqF56Ny\/giphy.mp4<\/a><\/video><\/div>\n<p>C\u00f4ng Ty TNHH MTV Toyota Ph\u00fa Th\u1ecd \u0111\u01b0\u1ee3c \u0111\u1ea7u t\u01b0 trang thi\u1ebft b\u1ecb hi\u1ec7n \u0111\u1ea1i ti\u00ean ti\u1ebfn nh\u1ea5t, \u0111\u1ea1t ti\u00eau chu\u1ea9n 3S c\u1ee7a Toyota Vi\u1ec7t Nam v\u00e0 ch\u1ec9 s\u1ed1 cao v\u1ec1 m\u1ee9c \u0111\u1ed9 h\u00e0i l\u00f2ng t\u1eeb qu\u00fd kh\u00e1ch h\u00e0ng. <em>\u0110\u1ecba ch\u1ec9\u00a0Toyota Ph\u00fa Th\u1ecd \u1edf<\/em> s\u1ed1 286 \u0110\u01b0\u1eddng Nguy\u1ec5n T\u1ea5t Th\u00e0nh, Ph\u01b0\u1eddng Thanh Mi\u1ebfu, Th\u00e0nh Ph\u1ed1 Vi\u1ec7t Tr\u00ec, T\u1ec9nh Ph\u00fa Th\u1ecd.<\/p>\n<p>H\u00e3y \u0111\u1ebfn v\u1edbi ch\u00fang t\u00f4i, D\u1ecbch v\u1ee5 kinh doanh ho\u00e0n h\u1ea3o, d\u1ecbch v\u1ee5 s\u1eeda ch\u1eefa b\u1ea3o d\u01b0\u1ee1ng chu \u0111\u00e1o t\u1eadn t\u00e2m sau b\u00e1n h\u00e0ng cho kh\u00e1ch h\u00e0ng.<\/p>\n<h2><strong>S\u1eb5n xe, \u0111\u1ee7 m\u00e0u, \u0111\u1ee7 phi\u00ean b\u1ea3n, giao xe t\u1eadn nh\u00e0<\/strong><\/h2>\n<div style=\"width: 640px;\" class=\"wp-video\"><video class=\"wp-video-shortcode\" id=\"video-851-2\" width=\"640\" height=\"360\" preload=\"metadata\" controls=\"controls\"><source type=\"video\/mp4\" src=\"https:\/\/giphygifs.s3.amazonaws.com\/media\/gsp1avJ5m1NjG\/giphy.mp4?_=2\" \/><a href=\"https:\/\/giphygifs.s3.amazonaws.com\/media\/gsp1avJ5m1NjG\/giphy.mp4\">https:\/\/giphygifs.s3.amazonaws.com\/media\/gsp1avJ5m1NjG\/giphy.mp4<\/a><\/video><\/div>\n<p>Toyota Ph\u00fa Th\u1ecd lu\u00f4n \u0111\u00e1p \u1ee9ng m\u1ecdi nhu c\u1ea7u c\u1ee7a kh\u00e1ch h\u00e0ng, t\u1ea5t c\u1ea3 c\u00e1c s\u1ea3n ph\u1ea9m lu\u00f4n lu\u00f4n \u0111\u1ea7y \u0111\u1ee7 cho kh\u00e1ch h\u00e0ng l\u1ef1a ch\u1ecdn, ti\u1ebft ki\u1ec7m t\u1ed1i \u0111a th\u1eddi gian cho kh\u00e1ch h\u00e0ng, kh\u00e1ch h\u00e0ng ch\u1ec9 c\u1ea7n \u0111\u1ec3 l\u1ea1i s\u1ed1 \u0111i\u1ec7n tho\u1ea1i, \u0111\u1ed9i ng\u0169 t\u01b0 v\u1ea5n chuy\u00ean nghi\u1ec7p c\u1ee7a ch\u00fang t\u00f4i s\u1ebd t\u01b0 v\u1ea5n cho qu\u00fd kh\u00e1ch s\u1ea3n ph\u1ea9m ph\u00f9 h\u1ee3p v\u1edbi nhu c\u1ea7u s\u1eed d\u1ee5ng c\u1ee7a qu\u00fd kh\u00e1ch nh\u1ea5t, v\u00e0 giao xe t\u1eadn nh\u00e0 cho kh\u00e1ch h\u00e0ng.<\/p>\n<h2><strong>Toyota Ph\u00fa Th\u1ecd gi\u00e1 xe t\u1ed1t nh\u1ea5t khu v\u1ef1c Mi\u1ec1n B\u1eafc<\/strong><\/h2>\n<p><img loading=\"lazy\" class=\"alignnone size-medium wp-image-852\" src=\"http:\/\/giaxetoyotaphutho.com.vn\/wp-content\/uploads\/2019\/07\/Toyota-Vi\u1ec7t-Tr\u00ec-Ph\u00fa-Th\u1ecd-300x115.png\" alt=\"\" width=\"300\" height=\"115\" \/><\/p>\n<p>V\u1edbi ti\u00eau ch\u00ed l\u00e0m vi\u1ec7c \u0111\u1eb7t l\u1ee3i \u00edch c\u1ee7a kh\u00e1ch h\u00e0ng l\u00ean h\u00e0ng \u0111\u1ea7u, mu\u1ed1n b\u00e1n \u0111\u01b0\u1ee3c nhi\u1ec1u h\u00e0ng th\u00ec ph\u1ea3i b\u00e1n th\u1eadt r\u1ebb, <em>Toyota Ph\u00fa Th\u1ecd<\/em> lu\u00f4n \u0111i d\u1ea7u v\u1ec1 ch\u00ednh s\u00e1ch khuy\u1ebfn m\u1ea1i, gi\u1ea3m gi\u00e1 c\u1ef1c k\u1ef3 h\u1ea5p d\u1eabn. Mong mu\u1ed1n kh\u00e1ch h\u00e0ng c\u00f3 th\u1ec3 mua \u0111\u01b0\u1ee3c chi\u1ebfc xe ph\u00f9 h\u1ee3p v\u1edbi gi\u00e1 v\u00e0 ch\u00ednh s\u00e1ch t\u1ed1t nh\u1ea5t t\u1ea1i th\u1eddi \u0111i\u1ec3m.<\/p>\n<p>H\u1ed7 tr\u1ee3 m\u1ecdi th\u1ee7 t\u1ee5c \u0111\u0103ng k\u00fd, \u0111\u0103ng ki\u1ec3m, vay tr\u1ea3 g\u00f3p ng\u00e2n h\u00e0ng t\u1ed1i \u0111a l\u00ean t\u1edbi 90% xe trong th\u1eddi gian t\u1edbi 8 n\u0103m, h\u1ed3 s\u01a1 th\u1ee7 t\u1ee5c vay \u0111\u01a1n gi\u1ea3n, b\u1ea3o m\u1eadt, l\u00e3i xu\u1ea5t c\u1ef1c \u01b0u \u0111\u00e3i ch\u1ec9 t\u1eeb 0.33% \/ th\u00e1ng<\/p>\n<p>\u0110\u1ed9i ng\u0169 t\u01b0 v\u1ea5n c\u1ee7a ch\u00fang t\u00f4i lu\u00f4n lu\u00f4n h\u00e2n h\u1ea1nh \u0111\u01b0\u1ee3c ph\u1ee5c v\u1ee5 qu\u00fd kh\u00e1ch h\u00e0ng ! Hotline\u00a0 0816022999<\/p>\n<h2><strong>B\u1ea2NG GI\u00c1 XE TOYOTA M\u1edaI NH\u1ea4T<\/strong><\/h2>\n<p style=\"text-align: left;\"><iframe src=\"https:\/\/www.youtube.com\/embed\/ENzDEprHbFg\" width=\"560\" height=\"315\" frameborder=\"0\" allowfullscreen=\"allowfullscreen\"><\/iframe><br \/>\n\u2728\u2728Toyota Ph\u00fa Th\u1ecd xin g\u1eedi t\u1edbi qu\u00fd Kh\u00e1ch H\u00e0ng\u00a0C\u1eacP NH\u1eacT LI\u00caN T\u1ee4C B\u1ea2NG GI\u00c1 XE TOYOTA M\u1edaI NH\u1ea4T<br \/>\nPH\u1ee4 TR\u00c1CH KINH DOANH\u00a0????\u00a0098 2283 444<br \/>\nHotline\u00a0\u260e\ufe0f\u00a00816 022 999<br \/>\n????\u00a0GI\u00c1 XE TOYOTA TH\u00c1NG 08\/2019\u00a0????<br \/>\n=================================<\/p>\n<p style=\"text-align: left;\">++++++????????????++++++<br \/>\n????\u00a0Wigo 1.2E MT : 345.000.000 VND<br \/>\n????\u00a0Wigo 1.2G AT : 405.000.000 VND<\/p>\n<p style=\"text-align: left;\">++++++????????????++++++<br \/>\n????\u00a0Rush 1.5 AT : 668.000.000 VND<\/p>\n<p>&nbsp;<\/p>\n<p>++++++????????????++++++<br \/>\n????\u00a0Avanza 1.3 MT : 537.000.000 VND<br \/>\n????\u00a0Avanza 1.5 AT : 593.000.000 VND<\/p>\n<p>++++++????????????++++++<br \/>\n????\u00a0Innova 2.0 E MT: 771.000.000 VND<br \/>\n????\u00a0Innova 2.0 G AT: 847.000.000 VND<br \/>\n????\u00a0Innova 2.0 GVS: 878.000.000 VND<br \/>\n????\u00a0Innova 2.0 V AT: 971.000.000 VND<br \/>\n\u2705\u00a0C\u00e1c b\u1ea3n s\u1ed1 t\u1ef1 \u0111\u1ed9ng c\u00f3 th\u00eam M\u00e0u tr\u1eafng ng\u1ecdc trai (070) gi\u00e1 c\u1ed9ng th\u00eam 8.000.000 VN\u0110 so v\u1edbi b\u1ea3n ti\u00eau chu\u1ea9n\u00a0????<\/p>\n<p>&nbsp;<\/p>\n<p>++++++????????????++++++<br \/>\n????\u00a0Atlis 1.8 E MT: 697.000.000 VND<br \/>\n????\u00a0Atlis 1.8 E CVT: 733.000.000 VND<br \/>\n????\u00a0Altis 1.8 G CVT: 791.000.000 VND<br \/>\n????\u00a0Altis 2.0 V Luxury: 889.000.000 VND<br \/>\n????\u00a0Altis 2.0 V Sport: 932.000.000 VND<br \/>\n\u2705\u00a0C\u00e1c b\u1ea3n s\u1ed1 t\u1ef1 \u0111\u1ed9ng c\u00f3 th\u00eam M\u00e0u tr\u1eafng ng\u1ecdc trai (070) gi\u00e1 c\u1ed9ng th\u00eam 8.000.000 VN\u0110 so v\u1edbi b\u1ea3n ti\u00eau chu\u1ea9n\u00a0????<\/p>\n<p>*****************************<\/p>\n<p>????\u00a0Vios 1.5 E MT: 490.000.000 VND<\/p>\n<p>????\u00a0Vios 1.5 E CVT: 540.000.000 VND<br \/>\n????\u00a0Vios 1.5 G CVT: 570.000.000 VND<\/p>\n<p>&#8212;&#8212;&#8212;&#8212;&#8212;<br \/>\n\u27a1\u00a0Fortuner 2.4 G 4&#215;2 MT: 1.026.000.000 VND<br \/>\n\u27a1\u00a0Fortuner 2.4 G 4&#215;2 AT: 1.094.000.000 VND<br \/>\n\u27a1\u00a0Fortuner 2.7 V 4&#215;2 AT: 1.150.000.000 VND<br \/>\n\u27a1\u00a0Fortuner 2.8 V 4&#215;4 AT:1.354.000.000 VND<br \/>\n&#8212;&#8212;&#8212;&#8212;&#8212;-<br \/>\n????\u00a0Hilux 2.4 E 4&#215;2 AT: 695.000.000 VND<br \/>\n????\u00a0Hilux 2.4 G 4&#215;4 MT: 793.000.000 VND<br \/>\n????\u00a0Hilux 2.8 Q 4&#215;4 AT: 878.000.000 VND<br \/>\n&#8212;&#8212;&#8212;&#8212;&#8212;&#8211;<br \/>\n\u27a1\u00a0Hiace 16 ch\u1ed7, d\u1ea7u: 999.000.000 VND<br \/>\n&#8212;&#8212;&#8212;&#8212;&#8212;&#8211;<br \/>\n????Land Cruiser Prado VX: 2.340.000.000 VND<br \/>\n================<br \/>\n\u2705<\/p>\n<p><strong>H\u00c3Y LI\u00caN H\u1ec6 NGAY V\u1edaI CH\u00daNG T\u00d4I \u0110\u1ec2 \u0110\u01af\u1ee2C:<\/strong><\/p>\n<ul>\n<li><strong><em>\u0110\u1eb7t xe s\u1edbm nh\u1ea5t, nh\u1eadn nhi\u1ec1u \u01b0u \u0111\u00e3i khuy\u1ebfn m\u1ea1i t\u1eeb Toyota<\/em><\/strong><\/li>\n<li><strong><em>T\u01b0 v\u1ea5n l\u1ef1a ch\u1ecdn d\u00f2ng xe ph\u00f9 h\u1ee3p v\u1edbi nhu c\u1ea7u s\u1eed d\u1ee5ng c\u1ee7a b\u1ea1n; m\u00e0u s\u1eafc h\u1ee3p tu\u1ed5i, h\u1ee3p m\u1ec7nh<\/em><\/strong><\/li>\n<li><strong><em>T\u01b0 v\u1ea5n v\u1ec1 th\u1ee7 t\u1ee5c n\u1ed9p thu\u1ebf, \u0111\u0103ng k\u00fd xe, \u0111\u0103ng ki\u1ec3m tr\u00ean to\u00e0n qu\u1ed1c trong th\u1eddi gian ng\u1eafn nh\u1ea5t<\/em><\/strong><\/li>\n<li><strong><em>T\u01b0 v\u1ea5n v\u1ec1 th\u1ee7 t\u1ee5c mua xe TR\u1ea2 G\u00d3P \u0111\u1ed1i v\u1edbi c\u00e1 nh\u00e2n v\u00e0 c\u00f4ng ty v\u1edbi th\u1ee7 t\u1ee5c v\u00f4 c\u00f9ng \u0111\u01a1n gi\u1ea3n (\u00e1p d\u1ee5ng v\u1edbi c\u1ea3 qu\u00fd kh\u00e1ch h\u00e0ng kh\u00f3 ch\u1ee9ng minh t\u00e0i ch\u00ednh)<\/em><\/strong><\/li>\n<li><strong><em>Ph\u1ee5c v\u1ee5 tr\u00ean c\u1ea3 s\u1ef1 mong \u0111\u1ee3i, s\u1ef1 ch\u00e2n th\u00e0nh, s\u1ef1 t\u00f4n tr\u1ecdng, kh\u00f4ng \u0111\u00f2i h\u1ecfi l\u00e0 ph\u01b0\u01a1ng ch\u00e2m l\u00e0m vi\u1ec7c c\u1ee7a Toyota<\/em><\/strong><\/li>\n<\/ul>\n","protected":false},"excerpt":{"rendered":"<p>C\u00e1c b\u1ea1n \u0111ang c\u00f3 m\u1ed9t kho\u1ea3n ti\u1ec1n, c\u00e1c b\u1ea1n mu\u1ed1n c\u00f3 xe h\u01a1i, c\u00e1c b\u1ea1n mu\u1ed1n c\u00f3 m\u1ed9t ph\u01b0\u01a1ng ti\u1ec7n \u0111i l\u1ea1i ph\u00f9 h\u1ee3p v\u1edbi c\u00e1 nh\u00e2n v\u00e0 gia \u0111\u00ecnh. B\u1ec1n b\u1ec9, ti\u1ebft ki\u1ec7m, an to\u00e0n, sang tr\u1ecdng, \u0111\u1eb3ng c\u1ea5p, ki\u1ec3u d\u00e1ng tr\u1ebb trung, th\u1ec3 thao, b\u1eaft m\u1eaft&#8230; H\u00e3y \u0111\u1ebfn v\u1edbi\u00a0Toyota &#8211;\u00a0 th\u01b0\u01a1ng hi\u1ec7u \u00f4&#8230;<\/p>\n","protected":false},"featured_media":955,"comment_status":"open","ping_status":"closed","template":"","meta":[],"_links":{"self":[{"href":"https:\/\/hosting.conasi.vn\/w\/toyota22011\/wp-json\/wp\/v2\/product\/851"}],"collection":[{"href":"https:\/\/hosting.conasi.vn\/w\/toyota22011\/wp-json\/wp\/v2\/product"}],"about":[{"href":"https:\/\/hosting.conasi.vn\/w\/toyota22011\/wp-json\/wp\/v2\/types\/product"}],"replies":[{"embeddable":true,"href":"https:\/\/hosting.conasi.vn\/w\/toyota22011\/wp-json\/wp\/v2\/comments?post=851"}],"wp:featuredmedia":[{"embeddable":true,"href":"https:\/\/hosting.conasi.vn\/w\/toyota22011\/wp-json\/wp\/v2\/media\/955"}],"wp:attachment":[{"href":"https:\/\/hosting.conasi.vn\/w\/toyota22011\/wp-json\/wp\/v2\/media?parent=851"}],"curies":[{"name":"wp","href":"https:\/\/api.w.org\/{rel}","templated":true}]}}