{"id":153,"date":"2018-06-16T00:08:09","date_gmt":"2018-06-15T17:08:09","guid":{"rendered":"http:\/\/toyota3.w2steam.com\/?post_type=product&#038;p=153"},"modified":"2019-09-18T00:47:24","modified_gmt":"2019-09-17T17:47:24","slug":"corolla-altis-1-8-e-cvt","status":"publish","type":"product","link":"https:\/\/hosting.conasi.vn\/w\/toyota22011\/san-pham\/corolla-altis-1-8-e-cvt\/","title":{"rendered":"Corolla Altis 1.8 E CVT"},"content":{"rendered":"<p><img loading=\"lazy\" class=\"alignnone size-medium wp-image-791\" src=\"http:\/\/giaxetoyotaphutho.com.vn\/wp-content\/uploads\/2018\/06\/altis-33-300x188.jpg\" alt=\"\" width=\"300\" height=\"188\" srcset=\"https:\/\/hosting.conasi.vn\/w\/toyota22011\/wp-content\/uploads\/2018\/06\/altis-33-300x188.jpg 300w, https:\/\/hosting.conasi.vn\/w\/toyota22011\/wp-content\/uploads\/2018\/06\/altis-33.jpg 656w\" sizes=\"(max-width: 300px) 100vw, 300px\" \/><\/p>\n<div class=\"title-section\">\n<h3 class=\"title-tab-detail\"><span style=\"color: #ff0000;\"><strong>T\u1ed4NG QUAN<\/strong><\/span><\/h3>\n<\/div>\n<div class=\"et-content\">\n<h3><a href=\"http:\/\/giaxetoyotaphutho.com.vn\/\"><span style=\"color: #0000ff;\"><strong>\u0110\u1ea0I L\u00dd TOYOTA PH\u00da TH\u1ecc<\/strong><\/span><\/a> \u2013 <span style=\"color: #ff0000;\"><strong>UY T\u00cdN \u2013 CH\u1ea4T L\u01af\u1ee2NG \u2013 GI\u00c1 T\u1ed0T NH\u1ea4T<\/strong><\/span><\/h3>\n<p><strong>\u2013 H\u1ed7 tr\u1ee3 <a href=\"http:\/\/giaxetoyotaphutho.com.vn\/khuyen-mai\/\"><span style=\"color: #0000ff;\">th\u1ee7 t\u1ee5c vay tr\u1ea3 g\u00f3p<\/span><\/a> t\u1ed1i \u0111a \u0111\u1ebfn 90%, th\u1eddi gian 01 \u2013 07\u00a0n\u0103m.<\/strong><\/p>\n<p><strong>\u2013 H\u1ed7 tr\u1ee3 n\u1ed9p thu\u1ebf tr\u01b0\u1edbc b\u1ea1, \u0111\u0103ng k\u00fd, \u0111\u0103ng ki\u1ec3m, mua b\u1ea3o hi\u1ec3m, l\u1eafp th\u00eam \u0111\u1ed3 ch\u01a1i cho xe\u2026<\/strong><\/p>\n<p><strong>\u2013 Th\u1ee7 t\u1ee5c \u0111\u01a1n gi\u1ea3n, nhanh g\u1ecdn, ti\u1ebft ki\u1ec7m th\u1eddi gian cho Qu\u00fd kh\u00e1ch<\/strong><\/p>\n<p><strong>\u2013 H\u1ed7 tr\u1ee3 giao xe t\u1eadn n\u01a1i cho kh\u00e1ch h\u00e0ng!<\/strong><\/p>\n<h3><span style=\"color: #ff6600;\"><em><strong>\u2665 NGO\u00c0I RA TRONG TH\u00c1NG N\u00c0Y, NH\u1eb0M TRI \u00c2N KH\u00c1CH H\u00c0NG TOYOTA PH\u00da TH\u1ecc C\u00d3 CH\u01af\u01a0NG TR\u00ccNH \u01afU \u0110\u00c3I C\u1ef0C K\u1ef2 \u0110\u1eb6C BI\u1ec6T \u0110\u1ebeN T\u1ea4T C\u1ea2 KH\u00c1CH H\u00c0NG.<\/strong><\/em><\/span><\/h3>\n<p style=\"text-align: center;\"><iframe src=\"https:\/\/www.youtube.com\/embed\/4oCygIxd9KE\" width=\"560\" height=\"315\" frameborder=\"0\" allowfullscreen=\"allowfullscreen\"><\/iframe><\/p>\n<ul>\n<li><button id=\"myBtn_1\" class=\"button-baogia\">NH\u1eacN B\u00c1O GI\u00c1 \u2013 \u0110\u0102NG K\u00dd NH\u1eacN B\u00c1O GI\u00c1 XE L\u0102N B\u00c1NH + T\u00cdNH TR\u1ea2 G\u00d3P \u2013 HOTLINE 0816022999\u00a0<\/button><a class=\"button-call\" href=\"tel:0816022999\">B\u1ea5m g\u1ecdi Hotline Mi\u1ec1n B\u1eafc \u0111\u1ec3 c\u00f3 gi\u00e1 xe t\u1ed1t nh\u1ea5t<\/a><\/li>\n<\/ul>\n<div class=\"caption\">\n<h2><strong>GI\u00c1\u00a0<\/strong><strong>TOYOTA\u00a0COROLLA ALTIS<\/strong><\/h2>\n<table id=\"datatable\" class=\"table table-bordered\" border=\"1\" width=\"100%\">\n<thead>\n<tr>\n<th>T\u00ean xe<\/th>\n<th>M\u00f4 t\u1ea3<\/th>\n<th>Gi\u00e1 ni\u00eam y\u1ebft<\/th>\n<th>Gi\u00e1 b\u00e1n<\/th>\n<\/tr>\n<\/thead>\n<tbody>\n<tr>\n<td><a href=\"http:\/\/giaxetoyotaphutho.com.vn\/cua-hang\/corolla-altis-2-0v-sport\/\"><span style=\"color: #0000ff;\">Toyota Corolla Altis 2.0V Sport<\/span><\/a><\/td>\n<td>Altis 2.0V Sport<\/td>\n<td><strong>932<\/strong>(tri\u1ec7u)<\/td>\n<td>Li\u00ean h\u1ec7<\/td>\n<\/tr>\n<tr>\n<td><a href=\"http:\/\/giaxetoyotaphutho.com.vn\/cua-hang\/corolla-altis-2-0v-luxury\/\"><span style=\"color: #0000ff;\">Toyota Corolla Altis 2.0V<\/span><\/a><\/td>\n<td>Altis 2.0V<\/td>\n<td><strong>889<\/strong>(tri\u1ec7u)<\/td>\n<td>Li\u00ean h\u1ec7<\/td>\n<\/tr>\n<tr>\n<td><a href=\"http:\/\/giaxetoyotaphutho.com.vn\/cua-hang\/corolla-altis-1-8-g-cvt\/\"><span style=\"color: #0000ff;\">Toyota Corolla Altis 1.8G CVT<\/span><\/a><\/td>\n<td>Altis 1.8G CVT<\/td>\n<td><strong>791<\/strong>(tri\u1ec7u)<\/td>\n<td>Li\u00ean h\u1ec7<\/td>\n<\/tr>\n<tr>\n<td><a href=\"http:\/\/giaxetoyotaphutho.com.vn\/cua-hang\/corolla-altis-1-8-e-cvt\/\"><span style=\"color: #0000ff;\">Toyota Corolla Altis 1.8E CVT<\/span><\/a><\/td>\n<td>Altis 1.8E CVT<\/td>\n<td><strong>733<\/strong>(tri\u1ec7u)<\/td>\n<td>Li\u00ean h\u1ec7<\/td>\n<\/tr>\n<tr>\n<td><a href=\"http:\/\/giaxetoyotaphutho.com.vn\/cua-hang\/corolla-altis-1-8-e-mt\/\"><span style=\"color: #0000ff;\">Toyota Corolla Altis 1.8E MT<\/span><\/a><\/td>\n<td>Altis 1.8E MT<\/td>\n<td><strong>697<\/strong>(tri\u1ec7u)<\/td>\n<td>Li\u00ean h\u1ec7<\/td>\n<\/tr>\n<\/tbody>\n<\/table>\n<blockquote><p><em>Gi\u00e1 tr\u00ean \u0111\u00e3 bao g\u1ed3m thu\u1ebf\u00a0<strong>VAT 10%.\u00a0<\/strong>Nh\u01b0ng\u00a0ch\u01b0a bao g\u1ed3m (thu\u1ebf tr\u01b0\u1edbc b\u1ea1, bi\u1ec3n s\u1ed1 v\u00e0 chi ph\u00ed \u0111\u0103ng ki\u1ec3m).<\/em><\/p>\n<p><em>Vui l\u00f2ng li\u00ean h\u1ec7 Hotline \u0111\u1ec3 bi\u1ebft th\u00eam chi ti\u1ebft v\u1ec1 gi\u00e1 b\u00e1n ch\u01b0\u01a1ng tr\u00ecnh khuy\u1ebfn m\u00e3i t\u1ed1t nh\u1ea5t<\/em><\/p>\n<ul>\n<li><button id=\"myBtn_1\" class=\"button-baogia\">NH\u1eacN B\u00c1O GI\u00c1 \u2013 \u0110\u0102NG K\u00dd NH\u1eacN B\u00c1O GI\u00c1 XE L\u0102N B\u00c1NH + T\u00cdNH TR\u1ea2 G\u00d3P \u2013 HOTLINE 0816022999\u00a0<\/button><\/li>\n<li><a class=\"button-call\" href=\"tel:0816022999\">B\u1ea5m g\u1ecdi Hotline Mi\u1ec1n B\u1eafc \u0111\u1ec3 c\u00f3 gi\u00e1 xe t\u1ed1t nh\u1ea5t<\/a><\/li>\n<\/ul>\n<\/blockquote>\n<p><img src=\"https:\/\/driver.gianhangvn.com\/image\/toyota-corolla-altis-tong-quan-387676j20389.jpg\" alt=\"\" \/><\/p>\n<p>&nbsp;<\/p>\n<p>T\u1ea1i th\u1ecb tr\u01b0\u1eddng Vi\u1ec7t Nam, TMV gi\u1edbi thi\u1ec7u Corolla Altis th\u1ebf h\u1ec7 \u0111\u1ed9t ph\u00e1 2017 v\u1edbi 3 phi\u00ean b\u1ea3n: phi\u00ean b\u1ea3n 2.0V h\u1ed9p s\u1ed1 t\u1ef1 \u0111\u1ed9ng v\u00f4 c\u1ea5p CVT, phi\u00ean b\u1ea3n 1.8G h\u1ed9p s\u1ed1 t\u1ef1 \u0111\u1ed9ng v\u00f4 c\u1ea5p CVT v\u00e0 phi\u00ean b\u1ea3n 1.8G (s\u1ed1 s\u00e0n) c\u00f9ng 4 m\u00e0u ngo\u1ea1i th\u1ea5t cho t\u1ea5t c\u1ea3 c\u00e1c phi\u00ean b\u1ea3n g\u1ed3m: N\u00e2u \u00e1nh \u0111\u1ed3ng, Ghi \u00e1nh xanh, \u0110en v\u00e0 B\u1ea1c. V\u1ec1 n\u1ed9i th\u1ea5t, phi\u00ean b\u1ea3n 2.0V CVT \u0111\u01b0\u1ee3c trang b\u1ecb n\u1ed9i th\u1ea5t da m\u00e0u \u0110en th\u1ec3 hi\u1ec7n s\u1ef1 sang tr\u1ecdng v\u00e0 \u0111\u1eb3ng c\u1ea5p; phi\u00ean b\u1ea3n 1.8G CVT s\u1ed1 t\u1ef1 \u0111\u1ed9ng c\u00f3 n\u1ed9i th\u1ea5t da v\u1edbi 2 m\u00e0u: m\u00e0u Be v\u00e0 m\u00e0u \u0110en, trong khi \u0111\u00f3 phi\u00ean b\u1ea3n 1.8G s\u1ed1 s\u00e0n c\u00f3 n\u1ed9i th\u1ea5t n\u1ec9 m\u00e0u Be.<\/p>\n<p>Toyota Ph\u00fa Th\u1ecd &#8211; Corolla Altis th\u1ebf h\u1ec7 \u0111\u1ed9t ph\u00e1 2017\u00a0s\u1ebd l\u00e0 s\u1ef1 l\u1ef1a ch\u1ecdn t\u1ed1t nh\u1ea5t cho c\u00e1c kh\u00e1ch h\u00e0ng y\u00eau th\u00edch l\u1ed1i s\u1ed1ng hi\u1ec7n \u0111\u1ea1i v\u00e0 t\u1eadn h\u01b0\u1edfng cu\u1ed9c s\u1ed1ng tr\u1ebb trung v\u00e0 n\u0103ng \u0111\u1ed9ng. V\u1edbi nh\u1eefng c\u1ea3i ti\u1ebfn v\u01b0\u1ee3t b\u1eadc, Corolla Altis 2017 h\u01b0\u1edbng t\u1edbi nh\u1eefng kh\u00e1ch h\u00e0ng c\u00e1 nh\u00e2n &amp; c\u00f4ng ty, \u0111\u1ed3ng th\u1eddi ph\u00f9 h\u1ee3p h\u01a1n n\u1eefa v\u1edbi c\u00e1c kh\u00e1ch h\u00e0ng c\u00e1 nh\u00e2n tr\u1ebb tu\u1ed5i.<\/p>\n<p><strong>\u00bb\u00a0Ngo\u1ea1i th\u1ea5t c\u1ee7a Corolla Altis<\/strong><\/p>\n<p><img src=\"https:\/\/driver.gianhangvn.com\/image\/toyota-corolla-altis-ngoai-that-1-387678j20389.jpg\" alt=\"\" \/><\/p>\n<p>&nbsp;<\/p>\n<p><img src=\"https:\/\/driver.gianhangvn.com\/image\/toyota-corolla-altis-ngoai-that-2-387685j20389.jpg\" alt=\"\" \/><\/p>\n<p>&nbsp;<\/p>\n<p><img src=\"https:\/\/driver.gianhangvn.com\/image\/toyota-corolla-altis-ngoai-that-3-387682j20389.jpg\" alt=\"\" \/><\/p>\n<p>&nbsp;<\/p>\n<p><img src=\"https:\/\/driver.gianhangvn.com\/image\/toyota-corolla-altis-ngoai-that-4-387683j20389.jpg\" alt=\"\" \/><\/p>\n<p>&nbsp;<\/p>\n<p><img src=\"https:\/\/driver.gianhangvn.com\/image\/toyota-corolla-altis-ngoai-that-5-387681j20389.jpg\" alt=\"\" \/><\/p>\n<p>&nbsp;<\/p>\n<p><img src=\"https:\/\/driver.gianhangvn.com\/image\/toyota-corolla-altis-ngoai-that-6-387684j20389.jpg\" alt=\"\" \/><\/p>\n<p>&nbsp;<\/p>\n<p><img src=\"https:\/\/driver.gianhangvn.com\/image\/toyota-corolla-altis-ngoai-that-7-387679j20389.jpg\" alt=\"\" \/><\/p>\n<p>&nbsp;<\/p>\n<p><img src=\"https:\/\/driver.gianhangvn.com\/image\/toyota-corolla-altis-ngoai-that-8-387680j20389.jpg\" alt=\"\" \/><\/p>\n<p>&nbsp;<\/p>\n<p><strong>\u00bb\u00a0N\u1ed9i th\u1ea5t c\u1ee7a Corolla Altis<\/strong><\/p>\n<p>&nbsp;<\/p>\n<p><img src=\"https:\/\/driver.gianhangvn.com\/image\/toyota-corolla-altis-noi-that-1-387696j20389.jpg\" alt=\"\" \/><\/p>\n<p>&nbsp;<\/p>\n<p><img src=\"https:\/\/driver.gianhangvn.com\/image\/toyota-corolla-altis-noi-that-2-387701j20389.jpg\" alt=\"\" \/><\/p>\n<p>&nbsp;<\/p>\n<p><img src=\"https:\/\/driver.gianhangvn.com\/image\/toyota-corolla-altis-noi-that-3-387703j20389.jpg\" alt=\"\" \/><\/p>\n<p>&nbsp;<\/p>\n<p><img src=\"https:\/\/driver.gianhangvn.com\/image\/toyota-corolla-altis-noi-that-4-387700j20389.jpg\" alt=\"\" \/><\/p>\n<p>&nbsp;<\/p>\n<p><img src=\"https:\/\/driver.gianhangvn.com\/image\/toyota-corolla-altis-noi-that-5-387702j20389.jpg\" alt=\"\" \/><\/p>\n<p>&nbsp;<\/p>\n<p><img src=\"https:\/\/driver.gianhangvn.com\/image\/toyota-corolla-altis-noi-that-6-387704j20389.jpg\" alt=\"\" \/><\/p>\n<p>&nbsp;<\/p>\n<p><img src=\"https:\/\/driver.gianhangvn.com\/image\/toyota-corolla-altis-noi-that-7-387697j20389.jpg\" alt=\"\" \/><\/p>\n<p>&nbsp;<\/p>\n<p><img src=\"https:\/\/driver.gianhangvn.com\/image\/toyota-corolla-altis-noi-that-8-387698j20389.jpg\" alt=\"\" \/><\/p>\n<p>&nbsp;<\/p>\n<p><img src=\"https:\/\/driver.gianhangvn.com\/image\/toyota-corolla-altis-noi-that-9-387699j20389.jpg\" alt=\"\" \/><\/p>\n<p>&nbsp;<\/p>\n<p><strong>\u00bb\u00a0Kh\u1ea3 n\u0103ng v\u1eadn h\u00e0nh c\u1ee7a Toyota Corolla Altis<\/strong><\/p>\n<p>&nbsp;<\/p>\n<p><img src=\"https:\/\/driver.gianhangvn.com\/image\/toyota-corolla-altis-van-hanh-1-387706j20389.jpg\" alt=\"\" \/><\/p>\n<p>&nbsp;<\/p>\n<p><img src=\"https:\/\/driver.gianhangvn.com\/image\/toyota-corolla-altis-van-hanh-2-387709j20389.jpg\" alt=\"\" \/><\/p>\n<p>&nbsp;<\/p>\n<p><img src=\"https:\/\/driver.gianhangvn.com\/image\/toyota-corolla-altis-van-hanh-3-387708j20389.jpg\" alt=\"\" \/><\/p>\n<p>&nbsp;<\/p>\n<p><img src=\"https:\/\/driver.gianhangvn.com\/image\/toyota-corolla-altis-van-hanh-4-387707j20389.jpg\" alt=\"\" \/><\/p>\n<p>&nbsp;<\/p>\n<p><img src=\"https:\/\/driver.gianhangvn.com\/image\/toyota-corolla-altis-van-hanh-5-387711j20389.jpg\" alt=\"\" \/><\/p>\n<p>&nbsp;<\/p>\n<p><img src=\"https:\/\/driver.gianhangvn.com\/image\/toyota-corolla-altis-van-hanh-6-387710j20389.jpg\" alt=\"\" \/><\/p>\n<p>&nbsp;<\/p>\n<p><strong>\u00bb\u00a0Kh\u1ea3 n\u0103ng an to\u00e0n c\u1ee7a Toyota Corolla Altis<\/strong><\/p>\n<p>&nbsp;<\/p>\n<p><img src=\"https:\/\/driver.gianhangvn.com\/image\/toyota-corolla-altis-an-toan-1-387712j20389.jpg\" alt=\"\" \/><\/p>\n<p>&nbsp;<\/p>\n<p><img src=\"https:\/\/driver.gianhangvn.com\/image\/toyota-corolla-altis-an-toan-2-387713j20389.jpg\" alt=\"\" \/><\/p>\n<p>&nbsp;<\/p>\n<p><img src=\"https:\/\/driver.gianhangvn.com\/image\/toyota-corolla-altis-an-toan-3-387714j20389.jpg\" alt=\"\" \/><\/p>\n<p>&nbsp;<\/p>\n<p><img src=\"https:\/\/driver.gianhangvn.com\/image\/toyota-corolla-altis-an-toan-4-387715j20389.jpg\" alt=\"\" \/><\/p>\n<p>&nbsp;<\/p>\n<p><img src=\"https:\/\/driver.gianhangvn.com\/image\/toyota-corolla-altis-an-toan-5-387717j20389.jpg\" alt=\"\" \/><\/p>\n<p>&nbsp;<\/p>\n<p><img src=\"https:\/\/driver.gianhangvn.com\/image\/toyota-corolla-altis-an-toan-6-387716j20389.jpg\" alt=\"\" \/><\/p>\n<\/div>\n<div class=\"caption\"><\/div>\n<div class=\"caption\">\n<h2><\/h2>\n<\/div>\n<p><a href=\"http:\/\/giaxetoyotaphutho.com.vn\/\"><span style=\"color: #0000ff;\"><b>TOYOTA PH\u00da TH\u1ecc<\/b><\/span><\/a><br \/>\nHOTLINE <span style=\"color: #ed1c24;\">0816 022 999<\/span><\/p>\n<ul>\n<li><button id=\"myBtn_1\" class=\"button-baogia\">NH\u1eacN B\u00c1O GI\u00c1 \u2013 \u0110\u0102NG K\u00dd NH\u1eacN B\u00c1O GI\u00c1 XE L\u0102N B\u00c1NH + T\u00cdNH TR\u1ea2 G\u00d3P \u2013 HOTLINE 0816022999\u00a0<\/button><\/li>\n<li><a class=\"button-call\" href=\"tel:0816022999\">B\u1ea5m g\u1ecdi Hotline Mi\u1ec1n B\u1eafc \u0111\u1ec3 c\u00f3 gi\u00e1 xe t\u1ed1t nh\u1ea5t<\/a><\/li>\n<\/ul>\n<\/div>\n","protected":false},"excerpt":{"rendered":"<p>T\u1ed4NG QUAN \u0110\u1ea0I L\u00dd TOYOTA PH\u00da TH\u1ecc \u2013 UY T\u00cdN \u2013 CH\u1ea4T L\u01af\u1ee2NG \u2013 GI\u00c1 T\u1ed0T NH\u1ea4T \u2013 H\u1ed7 tr\u1ee3 th\u1ee7 t\u1ee5c vay tr\u1ea3 g\u00f3p t\u1ed1i \u0111a \u0111\u1ebfn 90%, th\u1eddi gian 01 \u2013 07\u00a0n\u0103m. \u2013 H\u1ed7 tr\u1ee3 n\u1ed9p thu\u1ebf tr\u01b0\u1edbc b\u1ea1, \u0111\u0103ng k\u00fd, \u0111\u0103ng ki\u1ec3m, mua b\u1ea3o hi\u1ec3m, l\u1eafp th\u00eam \u0111\u1ed3 ch\u01a1i cho xe\u2026 \u2013&#8230;<\/p>\n","protected":false},"featured_media":969,"comment_status":"open","ping_status":"closed","template":"","meta":[],"_links":{"self":[{"href":"https:\/\/hosting.conasi.vn\/w\/toyota22011\/wp-json\/wp\/v2\/product\/153"}],"collection":[{"href":"https:\/\/hosting.conasi.vn\/w\/toyota22011\/wp-json\/wp\/v2\/product"}],"about":[{"href":"https:\/\/hosting.conasi.vn\/w\/toyota22011\/wp-json\/wp\/v2\/types\/product"}],"replies":[{"embeddable":true,"href":"https:\/\/hosting.conasi.vn\/w\/toyota22011\/wp-json\/wp\/v2\/comments?post=153"}],"wp:featuredmedia":[{"embeddable":true,"href":"https:\/\/hosting.conasi.vn\/w\/toyota22011\/wp-json\/wp\/v2\/media\/969"}],"wp:attachment":[{"href":"https:\/\/hosting.conasi.vn\/w\/toyota22011\/wp-json\/wp\/v2\/media?parent=153"}],"curies":[{"name":"wp","href":"https:\/\/api.w.org\/{rel}","templated":true}]}}