{"id":150,"date":"2018-06-16T00:05:32","date_gmt":"2018-06-15T17:05:32","guid":{"rendered":"http:\/\/toyota3.w2steam.com\/?post_type=product&#038;p=150"},"modified":"2019-09-18T00:47:49","modified_gmt":"2019-09-17T17:47:49","slug":"corolla-altis-1-8-e-mt","status":"publish","type":"product","link":"https:\/\/hosting.conasi.vn\/w\/toyota22011\/san-pham\/corolla-altis-1-8-e-mt\/","title":{"rendered":"Corolla Altis 1.8 E MT"},"content":{"rendered":"<p><img loading=\"lazy\" class=\"alignnone size-medium wp-image-660\" src=\"http:\/\/giaxetoyotaphutho.com.vn\/wp-content\/uploads\/2018\/06\/download-1-300x168.jpg\" alt=\"\" width=\"300\" height=\"168\" \/><\/p>\n<div class=\"title-section\">\n<h3 class=\"title-tab-detail\"><span style=\"color: #ff0000;\"><strong>T\u1ed4NG QUAN<\/strong><\/span><\/h3>\n<\/div>\n<div class=\"et-content\">\n<h3><a href=\"http:\/\/giaxetoyotaphutho.com.vn\/\"><span style=\"color: #0000ff;\"><strong>\u0110\u1ea0I L\u00dd TOYOTA PH\u00da TH\u1ecc<\/strong><\/span><\/a> \u2013 <span style=\"color: #ff0000;\"><strong>UY T\u00cdN \u2013 CH\u1ea4T L\u01af\u1ee2NG \u2013 GI\u00c1 T\u1ed0T NH\u1ea4T<\/strong><\/span><\/h3>\n<p><strong>\u2013 H\u1ed7 tr\u1ee3 <a href=\"http:\/\/giaxetoyotaphutho.com.vn\/khuyen-mai\/\"><span style=\"color: #0000ff;\">th\u1ee7 t\u1ee5c vay tr\u1ea3 g\u00f3p<\/span><\/a> t\u1ed1i \u0111a \u0111\u1ebfn 90%, th\u1eddi gian 01 \u2013 07\u00a0n\u0103m.<\/strong><\/p>\n<p><strong>\u2013 H\u1ed7 tr\u1ee3 n\u1ed9p thu\u1ebf tr\u01b0\u1edbc b\u1ea1, \u0111\u0103ng k\u00fd, \u0111\u0103ng ki\u1ec3m, mua b\u1ea3o hi\u1ec3m, l\u1eafp th\u00eam \u0111\u1ed3 ch\u01a1i cho xe\u2026<\/strong><\/p>\n<p><strong>\u2013 Th\u1ee7 t\u1ee5c \u0111\u01a1n gi\u1ea3n, nhanh g\u1ecdn, ti\u1ebft ki\u1ec7m th\u1eddi gian cho Qu\u00fd kh\u00e1ch<\/strong><\/p>\n<p><strong>\u2013 H\u1ed7 tr\u1ee3 giao xe t\u1eadn n\u01a1i cho kh\u00e1ch h\u00e0ng!<\/strong><\/p>\n<h3><span style=\"color: #ff6600;\"><em><strong>\u2665 NGO\u00c0I RA TRONG TH\u00c1NG N\u00c0Y, NH\u1eb0M TRI \u00c2N KH\u00c1CH H\u00c0NG TOYOTA PH\u00da TH\u1ecc C\u00d3 CH\u01af\u01a0NG TR\u00ccNH \u01afU \u0110\u00c3I C\u1ef0C K\u1ef2 \u0110\u1eb6C BI\u1ec6T \u0110\u1ebeN T\u1ea4T C\u1ea2 KH\u00c1CH H\u00c0NG.<\/strong><\/em><\/span><\/h3>\n<ul>\n<li><button id=\"myBtn_1\" class=\"button-baogia\">NH\u1eacN B\u00c1O GI\u00c1 &#8211; \u0110\u0103ng k\u00fd nh\u1eadn B\u00e1o gi\u00e1 xe l\u0103n b\u00e1nh + t\u00ednh tr\u1ea3 g\u00f3p &#8211; Hotline 0816022999\u00a0<\/button><\/li>\n<li><a class=\"button-call\" href=\"tel:0816022999\">B\u1ea5m g\u1ecdi Hotline Mi\u1ec1n B\u1eafc \u0111\u1ec3 c\u00f3 gi\u00e1 xe t\u1ed1t nh\u1ea5t<\/a><\/li>\n<\/ul>\n<div class=\"caption\">\n<h2 style=\"text-align: center;\"><iframe src=\"https:\/\/www.youtube.com\/embed\/4oCygIxd9KE\" width=\"560\" height=\"315\" frameborder=\"0\" allowfullscreen=\"allowfullscreen\"><\/iframe><\/h2>\n<h2><strong>GI\u00c1\u00a0<\/strong><strong>TOYOTA\u00a0COROLLA ALTIS<\/strong><\/h2>\n<table id=\"datatable\" class=\"table table-bordered\" border=\"1\" width=\"100%\">\n<thead>\n<tr>\n<th>T\u00ean xe<\/th>\n<th>M\u00f4 t\u1ea3<\/th>\n<th>Gi\u00e1 ni\u00eam y\u1ebft<\/th>\n<th>Gi\u00e1 b\u00e1n<\/th>\n<\/tr>\n<\/thead>\n<tbody>\n<tr>\n<td><a href=\"http:\/\/giaxetoyotaphutho.com.vn\/cua-hang\/corolla-altis-2-0v-sport\/\"><span style=\"color: #0000ff;\">Toyota Corolla Altis 2.0V Sport<\/span><\/a><\/td>\n<td>Altis 2.0V Sport<\/td>\n<td><strong>932<\/strong>(tri\u1ec7u)<\/td>\n<td>Li\u00ean h\u1ec7 hotline 0816 022 999<\/td>\n<\/tr>\n<tr>\n<td><a href=\"http:\/\/giaxetoyotaphutho.com.vn\/cua-hang\/corolla-altis-2-0v-luxury\/\"><span style=\"color: #0000ff;\">Toyota Corolla Altis 2.0V<\/span><\/a><\/td>\n<td>Altis 2.0V<\/td>\n<td><strong>889<\/strong>(tri\u1ec7u)<\/td>\n<td>Li\u00ean h\u1ec7 hotline 0816 022 999<\/td>\n<\/tr>\n<tr>\n<td><a href=\"http:\/\/giaxetoyotaphutho.com.vn\/cua-hang\/corolla-altis-1-8-g-cvt\/\"><span style=\"color: #0000ff;\">Toyota Corolla Altis 1.8G CVT<\/span><\/a><\/td>\n<td>Altis 1.8G CVT<\/td>\n<td><strong>791<\/strong>(tri\u1ec7u)<\/td>\n<td>Li\u00ean h\u1ec7 hotline 0816 022 999<\/td>\n<\/tr>\n<tr>\n<td><a href=\"http:\/\/giaxetoyotaphutho.com.vn\/cua-hang\/corolla-altis-1-8-e-cvt\/\"><span style=\"color: #0000ff;\">Toyota Corolla Altis 1.8E CVT<\/span><\/a><\/td>\n<td>Altis 1.8E CVT<\/td>\n<td><strong>733<\/strong>(tri\u1ec7u)<\/td>\n<td>Li\u00ean h\u1ec7 hotline 0816 022 999<\/td>\n<\/tr>\n<tr>\n<td><a href=\"http:\/\/giaxetoyotaphutho.com.vn\/cua-hang\/corolla-altis-1-8-e-mt\/\"><span style=\"color: #0000ff;\">Toyota Corolla Altis 1.8E MT<\/span><\/a><\/td>\n<td>Altis 1.8E MT<\/td>\n<td><strong>697<\/strong>(tri\u1ec7u)<\/td>\n<td>Li\u00ean h\u1ec7 hotline 0816 022 999<\/td>\n<\/tr>\n<\/tbody>\n<\/table>\n<h3><em>GI\u00c1 TR\u00caN \u0110\u00c3 BAO G\u1ed2M THU\u1ebe\u00a0<strong>VAT 10%.\u00a0<\/strong>NH\u01afNG\u00a0CH\u01afA BAO G\u1ed2M (THU\u1ebe TR\u01af\u1edaC B\u1ea0, BI\u1ec2N S\u1ed0 V\u00c0 CHI PH\u00cd \u0110\u0102NG KI\u1ec2M).<\/em><\/h3>\n<blockquote><p><em>Vui l\u00f2ng li\u00ean h\u1ec7 Hotline \u0111\u1ec3 bi\u1ebft th\u00eam chi ti\u1ebft v\u1ec1 gi\u00e1 b\u00e1n ch\u01b0\u01a1ng tr\u00ecnh khuy\u1ebfn m\u00e3i t\u1ed1t nh\u1ea5t<\/em><\/p>\n<p><strong>Li\u00ean h\u1ec7 ngay Hotline Toyota Ph\u00fa Th\u1ecd: 0816 022 999 \u0111\u1ec3 bi\u1ebft th\u00eam chi ti\u1ebft<\/strong><\/p>\n<p><img src=\"https:\/\/driver.gianhangvn.com\/image\/toyota-corolla-altis-tong-quan-387676j20389.jpg\" alt=\"\" \/><\/p>\n<p>&nbsp;<\/p>\n<p>Ng\u00e0y 23 th\u00e1ng 01, c\u00f4ng ty \u00f4 t\u00f4 Toyota Vi\u1ec7t Nam (TMV) \u0111\u00e3 ch\u00ednh th\u1ee9c ra m\u1eaft m\u1eabu xe Corolla Altis th\u1ebf h\u1ec7 \u0111\u1ed9t ph\u00e1 2017. V\u1edbi th\u00f4ng \u0111i\u1ec7p \u201cM\u00ea ho\u1eb7c \u0111\u1ebfn t\u1eebng \u0111\u01b0\u1eddng n\u00e9t\u201d, Corolla Altis th\u1ebf h\u1ec7 \u0111\u1ed9t ph\u00e1 2017 l\u00e0 s\u1ef1 b\u1ee9t ph\u00e1 m\u1ea1nh m\u1ebd t\u1eeb ng\u00f4n ng\u1eef thi\u1ebft k\u1ebf hi\u1ec7n \u0111\u1ea1i, ti\u1ec7n nghi cao c\u1ea5p \u0111\u1ebfn c\u00f4ng ngh\u1ec7 ti\u00ean ti\u1ebfn cho kh\u1ea3 n\u0103ng v\u1eadn h\u00e0nh v\u01b0\u1ee3t tr\u1ed9i. Corolla Altis th\u1ebf h\u1ec7 \u0111\u1ed9t ph\u00e1 2017 s\u1ebd ch\u00ednh th\u1ee9c c\u00f3 m\u1eb7t t\u1ea1i h\u1ec7 th\u1ed1ng t\u1ea5t c\u1ea3 c\u00e1c \u0111\u1ea1i l\u00fd c\u1ee7a TMV tr\u00ean to\u00e0n qu\u1ed1c k\u1ec3 t\u1eeb ng\u00e0y 23\/01\/2017 v\u00e0 c\u1ea3 t\u1ea1i Toyota Vi\u1ec7t Tr\u00ec &#8211; Ph\u00fa Th\u1ecd.<\/p>\n<p>&nbsp;<\/p>\n<p>\u0110\u1ec3 t\u1ea1o \u0111i\u1ec1u ki\u1ec7n cho c\u00e1c kh\u00e1ch h\u00e0ng c\u00f3 nhu c\u1ea7u t\u00ecm hi\u1ec3u v\u1ec1 m\u1eabu xe n\u00e0y, L\u1ec5 h\u1ed9i tr\u01b0ng b\u00e0y gi\u1edbi thi\u1ec7u s\u1ea3n ph\u1ea9m m\u1edbi s\u1ebd \u0111\u01b0\u1ee3c t\u1ed5 ch\u1ee9c t\u1ea1i t\u1ea5t c\u1ea3 c\u00e1c \u0111\u1ea1i l\u00fd c\u1ee7a TMV k\u1ec3 t\u1eeb ng\u00e0y 23\/01\/2017. B\u00ean c\u1ea1nh \u0111\u00f3, Toyota Ph\u00fa Th\u1ecd c\u0169ng b\u1eaft \u0111\u1ea7u t\u1eeb 23\/1, Ch\u01b0\u01a1ng tr\u00ecnh l\u00e1i th\u1eed xe d\u00e0nh cho kh\u00e1ch h\u00e0ng s\u1ebd \u0111\u01b0\u1ee3c th\u1ef1c hi\u1ec7n t\u1ea1i t\u1ea5t c\u1ea3 c\u00e1c \u0111\u1ea1i l\u00fd c\u1ee7a TMV nh\u1eb1m mang \u0111\u1ebfn cho kh\u00e1ch h\u00e0ng nh\u1eefng tr\u1ea3i nghi\u1ec7m v\u00e0 c\u1ea3m nh\u1eadn trung th\u1ef1c nh\u1ea5t v\u1ec1 nh\u1eefng c\u1ea3i ti\u1ebfn v\u01b0\u1ee3t b\u1eadc c\u1ee7a Corolla Altis th\u1ebf h\u1ebf \u0111\u1ed9t ph\u00e1. Kh\u00e1ch h\u00e0ng c\u00f3 th\u1ec3 \u0111\u0103ng k\u00fd online tr\u00ean trang \u0111i\u1ec7n t\u1eed v\u1ec1 s\u1ea3n ph\u1ea9m c\u1ee7a TMV v\u00e0\u00a0li\u00ean h\u1ec7 v\u1edbi \u0111\u1ea1i l\u00fd g\u1ea7n nh\u1ea5t \u0111\u1ec3 \u0111\u0103ng k\u00fd l\u00e1i th\u1eed.<\/p>\n<p>&nbsp;<\/p>\n<p>L\u00fd gi\u1ea3i cho vi\u1ec7c ra m\u1eaft Corolla Altis th\u1ebf h\u1ec7 \u0111\u1ed9t ph\u00e1 2017\u00a0t\u1ea1i th\u1ecb tr\u01b0\u1eddng Vi\u1ec7t Nam, \u00f4ng Yoshihisa Maruta, T\u1ed5ng gi\u00e1m \u0111\u1ed1c TMV n\u00f3i t\u1ea1i bu\u1ed5i h\u1ecdp b\u00e1o:\u00a0\u201c<em><strong>Sau 6 n\u0103m k\u1ec3 t\u1eeb\u00a0t\u1eeb th\u1ebf h\u1ec7 th\u1ee9 10 \u0111\u01b0\u1ee3c ra m\u1eaft, xu h\u01b0\u1edbng th\u1ecb tr\u01b0\u1eddng Vi\u1ec7t Nam \u0111\u00e3 c\u00f3 s\u1ef1 ph\u00e1t tri\u1ec3n kh\u00f4ng ng\u1eebng. Ng\u00e0y nay, s\u1ef1 k\u00ec v\u1ecdng c\u1ee7a kh\u00e1ch h\u00e0ng v\u1ec1 m\u1ed9t chi\u1ebfc xe h\u01a1i c\u00f9ng s\u1ef1 tr\u1ea3i nghi\u1ec7m khi c\u1ea7m l\u00e1i ng\u00e0y m\u1ed9t cao. \u00d4 t\u00f4 kh\u00f4ng \u0111\u01a1n gi\u1ea3n ch\u1ec9 l\u00e0 ph\u01b0\u01a1ng ti\u1ec7n \u0111i l\u1ea1i m\u00e0 c\u00f2n c\u1ea7n th\u1ec3 hi\u1ec7n \u0111\u01b0\u1ee3c phong c\u00e1ch v\u00e0 c\u00e1 t\u00ednh c\u1ee7a ch\u1ee7 s\u1edf h\u1eefu. Chi\u1ebfc xe g\u1ea7n nh\u01b0 tr\u1edf th\u00e0nh m\u1ed9t ng\u01b0\u1eddi b\u1ea1n \u0111\u1ed3ng h\u00e0nh \u0111em l\u1ea1i \u201cni\u1ec1m vui sau v\u00f4-l\u0103ng\u201d cho ng\u01b0\u1eddi l\u00e1i. V\u00ec v\u1eady, Toyota Ph\u00fa Th\u1ecd ch\u00fang t\u00f4i gi\u1edbi thi\u1ec7u Corolla Altis 2017 ho\u00e0n h\u1ea3o h\u01a1n, \u0111\u00e1p \u1ee9ng \u0111\u01b0\u1ee3c s\u1ef1 k\u1ef3 v\u1ecdng c\u1ee7a c\u1ee7a kh\u00e1ch h\u00e0ng h\u01a1n<\/strong><\/em>\u201d.<\/p>\n<p>&nbsp;<\/p>\n<p>T\u1ea1i th\u1ecb tr\u01b0\u1eddng Vi\u1ec7t Nam, TMV gi\u1edbi thi\u1ec7u Corolla Altis th\u1ebf h\u1ec7 \u0111\u1ed9t ph\u00e1 2017 v\u1edbi 3 phi\u00ean b\u1ea3n: phi\u00ean b\u1ea3n 2.0V h\u1ed9p s\u1ed1 t\u1ef1 \u0111\u1ed9ng v\u00f4 c\u1ea5p CVT, phi\u00ean b\u1ea3n 1.8G h\u1ed9p s\u1ed1 t\u1ef1 \u0111\u1ed9ng v\u00f4 c\u1ea5p CVT v\u00e0 phi\u00ean b\u1ea3n 1.8G (s\u1ed1 s\u00e0n) c\u00f9ng 4 m\u00e0u ngo\u1ea1i th\u1ea5t cho t\u1ea5t c\u1ea3 c\u00e1c phi\u00ean b\u1ea3n g\u1ed3m: N\u00e2u \u00e1nh \u0111\u1ed3ng, Ghi \u00e1nh xanh, \u0110en v\u00e0 B\u1ea1c. V\u1ec1 n\u1ed9i th\u1ea5t, phi\u00ean b\u1ea3n 2.0V CVT \u0111\u01b0\u1ee3c trang b\u1ecb n\u1ed9i th\u1ea5t da m\u00e0u \u0110en th\u1ec3 hi\u1ec7n s\u1ef1 sang tr\u1ecdng v\u00e0 \u0111\u1eb3ng c\u1ea5p; phi\u00ean b\u1ea3n 1.8G CVT s\u1ed1 t\u1ef1 \u0111\u1ed9ng c\u00f3 n\u1ed9i th\u1ea5t da v\u1edbi 2 m\u00e0u: m\u00e0u Be v\u00e0 m\u00e0u \u0110en, trong khi \u0111\u00f3 phi\u00ean b\u1ea3n 1.8G s\u1ed1 s\u00e0n c\u00f3 n\u1ed9i th\u1ea5t n\u1ec9 m\u00e0u Be.<\/p>\n<p>&nbsp;<\/p>\n<p>Corolla Altis &#8211; Toyota Ph\u00fa Th\u1ecd th\u1ebf h\u1ec7 \u0111\u1ed9t ph\u00e1 2017\u00a0s\u1ebd l\u00e0 s\u1ef1 l\u1ef1a ch\u1ecdn t\u1ed1t nh\u1ea5t cho c\u00e1c kh\u00e1ch h\u00e0ng y\u00eau th\u00edch l\u1ed1i s\u1ed1ng hi\u1ec7n \u0111\u1ea1i v\u00e0 t\u1eadn h\u01b0\u1edfng cu\u1ed9c s\u1ed1ng tr\u1ebb trung v\u00e0 n\u0103ng \u0111\u1ed9ng. V\u1edbi nh\u1eefng c\u1ea3i ti\u1ebfn v\u01b0\u1ee3t b\u1eadc, Corolla Altis 2018\u00a0h\u01b0\u1edbng t\u1edbi nh\u1eefng kh\u00e1ch h\u00e0ng c\u00e1 nh\u00e2n &amp; c\u00f4ng ty, \u0111\u1ed3ng th\u1eddi ph\u00f9 h\u1ee3p h\u01a1n n\u1eefa v\u1edbi c\u00e1c kh\u00e1ch h\u00e0ng c\u00e1 nh\u00e2n tr\u1ebb tu\u1ed5i.<\/p>\n<p>&nbsp;<\/p>\n<p><strong>\u00bb\u00a0Ngo\u1ea1i th\u1ea5t c\u1ee7a Corolla Altis 2019<\/strong><\/p>\n<p>&nbsp;<\/p>\n<p><img src=\"https:\/\/driver.gianhangvn.com\/image\/toyota-corolla-altis-ngoai-that-1-387678j20389.jpg\" alt=\"\" \/><\/p>\n<p>&nbsp;<\/p>\n<p><img src=\"https:\/\/driver.gianhangvn.com\/image\/toyota-corolla-altis-ngoai-that-2-387685j20389.jpg\" alt=\"\" \/><\/p>\n<p>&nbsp;<\/p>\n<p><img src=\"https:\/\/driver.gianhangvn.com\/image\/toyota-corolla-altis-ngoai-that-3-387682j20389.jpg\" alt=\"\" \/><\/p>\n<p>&nbsp;<\/p>\n<p><img src=\"https:\/\/driver.gianhangvn.com\/image\/toyota-corolla-altis-ngoai-that-4-387683j20389.jpg\" alt=\"\" \/><\/p>\n<p>&nbsp;<\/p>\n<p><img src=\"https:\/\/driver.gianhangvn.com\/image\/toyota-corolla-altis-ngoai-that-5-387681j20389.jpg\" alt=\"\" \/><\/p>\n<p>&nbsp;<\/p>\n<p><img src=\"https:\/\/driver.gianhangvn.com\/image\/toyota-corolla-altis-ngoai-that-6-387684j20389.jpg\" alt=\"\" \/><\/p>\n<p>&nbsp;<\/p>\n<p><img src=\"https:\/\/driver.gianhangvn.com\/image\/toyota-corolla-altis-ngoai-that-7-387679j20389.jpg\" alt=\"\" \/><\/p>\n<p>&nbsp;<\/p>\n<p><img src=\"https:\/\/driver.gianhangvn.com\/image\/toyota-corolla-altis-ngoai-that-8-387680j20389.jpg\" alt=\"\" \/><\/p>\n<p>&nbsp;<\/p>\n<p><strong>\u00bb\u00a0N\u1ed9i th\u1ea5t c\u1ee7a Corolla Altis<\/strong><\/p>\n<p>&nbsp;<\/p>\n<p><img src=\"https:\/\/driver.gianhangvn.com\/image\/toyota-corolla-altis-noi-that-1-387696j20389.jpg\" alt=\"\" \/><\/p>\n<p>&nbsp;<\/p>\n<p><img src=\"https:\/\/driver.gianhangvn.com\/image\/toyota-corolla-altis-noi-that-2-387701j20389.jpg\" alt=\"\" \/><\/p>\n<p>&nbsp;<\/p>\n<p><img src=\"https:\/\/driver.gianhangvn.com\/image\/toyota-corolla-altis-noi-that-3-387703j20389.jpg\" alt=\"\" \/><\/p>\n<p>&nbsp;<\/p>\n<p><img src=\"https:\/\/driver.gianhangvn.com\/image\/toyota-corolla-altis-noi-that-4-387700j20389.jpg\" alt=\"\" \/><\/p>\n<p>&nbsp;<\/p>\n<p><img src=\"https:\/\/driver.gianhangvn.com\/image\/toyota-corolla-altis-noi-that-5-387702j20389.jpg\" alt=\"\" \/><\/p>\n<p>&nbsp;<\/p>\n<p><img src=\"https:\/\/driver.gianhangvn.com\/image\/toyota-corolla-altis-noi-that-6-387704j20389.jpg\" alt=\"\" \/><\/p>\n<p>&nbsp;<\/p>\n<p><img src=\"https:\/\/driver.gianhangvn.com\/image\/toyota-corolla-altis-noi-that-7-387697j20389.jpg\" alt=\"\" \/><\/p>\n<p>&nbsp;<\/p>\n<p><img src=\"https:\/\/driver.gianhangvn.com\/image\/toyota-corolla-altis-noi-that-8-387698j20389.jpg\" alt=\"\" \/><\/p>\n<p>&nbsp;<\/p>\n<p><img src=\"https:\/\/driver.gianhangvn.com\/image\/toyota-corolla-altis-noi-that-9-387699j20389.jpg\" alt=\"\" \/><\/p>\n<ul>\n<li><button id=\"myBtn_1\" class=\"button-baogia\">NH\u1eacN B\u00c1O GI\u00c1 &#8211; \u0110\u0103ng k\u00fd nh\u1eadn B\u00e1o gi\u00e1 xe l\u0103n b\u00e1nh + t\u00ednh tr\u1ea3 g\u00f3p &#8211; Hotline 0816022999\u00a0<\/button><a class=\"button-call\" href=\"tel:0816022999\">B\u1ea5m g\u1ecdi Hotline Mi\u1ec1n B\u1eafc \u0111\u1ec3 c\u00f3 gi\u00e1 xe t\u1ed1t nh\u1ea5t<\/a><\/li>\n<\/ul>\n<p><strong>\u00bb\u00a0Kh\u1ea3 n\u0103ng v\u1eadn h\u00e0nh c\u1ee7a Toyota Corolla Altis<\/strong><\/p>\n<p>&nbsp;<\/p>\n<p><img src=\"https:\/\/driver.gianhangvn.com\/image\/toyota-corolla-altis-van-hanh-1-387706j20389.jpg\" alt=\"\" \/><\/p>\n<p>&nbsp;<\/p>\n<p><img src=\"https:\/\/driver.gianhangvn.com\/image\/toyota-corolla-altis-van-hanh-2-387709j20389.jpg\" alt=\"\" \/><\/p>\n<p>&nbsp;<\/p>\n<p><img src=\"https:\/\/driver.gianhangvn.com\/image\/toyota-corolla-altis-van-hanh-3-387708j20389.jpg\" alt=\"\" \/><\/p>\n<p>&nbsp;<\/p>\n<p><img src=\"https:\/\/driver.gianhangvn.com\/image\/toyota-corolla-altis-van-hanh-4-387707j20389.jpg\" alt=\"\" \/><\/p>\n<p>&nbsp;<\/p>\n<p><img src=\"https:\/\/driver.gianhangvn.com\/image\/toyota-corolla-altis-van-hanh-5-387711j20389.jpg\" alt=\"\" \/><\/p>\n<p>&nbsp;<\/p>\n<p><img src=\"https:\/\/driver.gianhangvn.com\/image\/toyota-corolla-altis-van-hanh-6-387710j20389.jpg\" alt=\"\" \/><\/p>\n<p>&nbsp;<\/p>\n<p><strong>\u00bb\u00a0Kh\u1ea3 n\u0103ng an to\u00e0n c\u1ee7a Toyota Corolla Altis<\/strong><\/p>\n<p>&nbsp;<\/p>\n<p><img src=\"https:\/\/driver.gianhangvn.com\/image\/toyota-corolla-altis-an-toan-1-387712j20389.jpg\" alt=\"\" \/><\/p>\n<p>&nbsp;<\/p>\n<p><img src=\"https:\/\/driver.gianhangvn.com\/image\/toyota-corolla-altis-an-toan-2-387713j20389.jpg\" alt=\"\" \/><\/p>\n<p>&nbsp;<\/p>\n<p><img src=\"https:\/\/driver.gianhangvn.com\/image\/toyota-corolla-altis-an-toan-3-387714j20389.jpg\" alt=\"\" \/><\/p>\n<p>&nbsp;<\/p>\n<p><img src=\"https:\/\/driver.gianhangvn.com\/image\/toyota-corolla-altis-an-toan-4-387715j20389.jpg\" alt=\"\" \/><\/p>\n<p>&nbsp;<\/p>\n<p><img src=\"https:\/\/driver.gianhangvn.com\/image\/toyota-corolla-altis-an-toan-5-387717j20389.jpg\" alt=\"\" \/><\/p>\n<p>&nbsp;<\/p>\n<p><img src=\"https:\/\/driver.gianhangvn.com\/image\/toyota-corolla-altis-an-toan-6-387716j20389.jpg\" alt=\"\" \/><\/p><\/blockquote>\n<\/div>\n<div class=\"caption\">\n<h2><\/h2>\n<\/div>\n<p><a href=\"http:\/\/giaxetoyotaphutho.com.vn\/\"><b>TOYOTA PH\u00da TH\u1ecc<\/b><\/a><br \/>\n\u0110\u1ecba ch\u1ec9 Showroom: 286 NGUY\u1ec4N T\u1ea4T TH\u00c0NH &#8211; THANH MI\u1ebeU &#8211; VI\u1ec6T TR\u00cc &#8211; PH\u00da TH\u1ecc<\/p>\n<p>Hotline <span style=\"color: #ed1c24;\">0816 022 999<\/span><\/p>\n<ul>\n<li><button id=\"myBtn_1\" class=\"button-baogia\">NH\u1eacN B\u00c1O GI\u00c1 &#8211; \u0110\u0103ng k\u00fd nh\u1eadn B\u00e1o gi\u00e1 xe l\u0103n b\u00e1nh + t\u00ednh tr\u1ea3 g\u00f3p &#8211; Hotline 0816022999\u00a0<\/button><\/li>\n<li><a class=\"button-call\" href=\"tel:0816022999\">B\u1ea5m g\u1ecdi Hotline Mi\u1ec1n B\u1eafc \u0111\u1ec3 c\u00f3 gi\u00e1 xe t\u1ed1t nh\u1ea5t<\/a><\/li>\n<\/ul>\n<\/div>\n","protected":false},"excerpt":{"rendered":"<table class=\"table table-bordered\" data-v-6030c966=\"\">\n<thead data-v-6030c966=\"\">\n<tr data-v-6030c966=\"\">\n<th class=\"text-center\" data-v-6030c966=\"\"><img class=\"img-grade\" src=\"https:\/\/node1-cdn.carbro.com\/image\/x120\/toyota\/product\/corolla-altis\/grade\/2017\/18E-MT\/1_8E-Black218-03.png?1506110141\" height=\"120\" data-v-6030c966=\"\" \/>Corolla Altis 1.8 E MT<\/th>\n<\/tr>\n<\/thead>\n<tbody data-v-6030c966=\"\">\n<tr data-v-6030c966=\"\">\n<td class=\"title-spec-group\" data-v-6030c966=\"\">K\u00edch th\u01b0\u1edbc<\/td>\n<td colspan=\"1\" data-v-6030c966=\"\"><\/td>\n<\/tr>\n<tr data-v-6030c966=\"\">\n<td class=\"spec-title\" data-v-6030c966=\"\">D x R x C\u00a0<span data-v-6030c966=\"\"><br data-v-6030c966=\"\" \/>( mm )<\/span><\/td>\n<td data-v-6030c966=\"\"><span data-v-6030c966=\"\">4620 x 1775 x 1460<\/span><\/td>\n<\/tr>\n<tr data-v-6030c966=\"\">\n<td class=\"spec-title\" data-v-6030c966=\"\">Chi\u1ec1u d\u00e0i c\u01a1 s\u1edf\u00a0<span data-v-6030c966=\"\"><br data-v-6030c966=\"\" \/>( mm )<\/span><\/td>\n<td data-v-6030c966=\"\"><span data-v-6030c966=\"\">2700<\/span><\/td>\n<\/tr>\n<tr data-v-6030c966=\"\">\n<td class=\"spec-title\" data-v-6030c966=\"\">Kho\u1ea3ng s\u00e1ng g\u1ea7m xe\u00a0<span data-v-6030c966=\"\"><br data-v-6030c966=\"\" \/>( mm )<\/span><\/td>\n<td data-v-6030c966=\"\"><span data-v-6030c966=\"\">130<\/span><\/td>\n<\/tr>\n<tr data-v-6030c966=\"\">\n<td class=\"spec-title\" data-v-6030c966=\"\">B\u00e1n k\u00ednh v\u00f2ng quay t\u1ed1i thi\u1ec3u\u00a0<span data-v-6030c966=\"\"><br data-v-6030c966=\"\" \/>( m )<\/span><\/td>\n<td data-v-6030c966=\"\"><span data-v-6030c966=\"\">5.4<\/span><\/td>\n<\/tr>\n<tr data-v-6030c966=\"\">\n<td class=\"spec-title\" data-v-6030c966=\"\">Tr\u1ecdng l\u01b0\u1ee3ng kh\u00f4ng t\u1ea3i\u00a0<span data-v-6030c966=\"\"><br data-v-6030c966=\"\" \/>( kg )<\/span><\/td>\n<td data-v-6030c966=\"\"><span data-v-6030c966=\"\">1225<\/span><\/td>\n<\/tr>\n<tr data-v-6030c966=\"\">\n<td class=\"spec-title\" data-v-6030c966=\"\">Tr\u1ecdng l\u01b0\u1ee3ng to\u00e0n t\u1ea3i\u00a0<span data-v-6030c966=\"\"><br data-v-6030c966=\"\" \/>( kg )<\/span><\/td>\n<td data-v-6030c966=\"\"><span data-v-6030c966=\"\">1630<\/span><\/td>\n<\/tr>\n<tr data-v-6030c966=\"\">\n<td class=\"spec-title\" data-v-6030c966=\"\">Chi\u1ec1u r\u1ed9ng c\u01a1 s\u1edf (Tr\u01b0\u1edbc\/ sau)\u00a0<span data-v-6030c966=\"\"><br data-v-6030c966=\"\" \/>( mm )<\/span><\/td>\n<td data-v-6030c966=\"\"><span data-v-6030c966=\"\">1520 x 1520<\/span><\/td>\n<\/tr>\n<tr data-v-6030c966=\"\">\n<td class=\"spec-title\" data-v-6030c966=\"\">K\u00edch th\u01b0\u1edbc n\u1ed9i th\u1ea5t\u00a0<span data-v-6030c966=\"\"><br data-v-6030c966=\"\" \/>( mm x mm x mm )<\/span><\/td>\n<td data-v-6030c966=\"\"><span data-v-6030c966=\"\">1930 x 1485 x 1205<\/span><\/td>\n<\/tr>\n<tr data-v-6030c966=\"\">\n<td class=\"title-spec-group\" data-v-6030c966=\"\">\u0110\u1ed9ng c\u01a1<\/td>\n<td colspan=\"1\" data-v-6030c966=\"\"><\/td>\n<\/tr>\n<tr data-v-6030c966=\"\">\n<td class=\"spec-title\" data-v-6030c966=\"\">Lo\u1ea1i \u0111\u1ed9ng c\u01a1<\/td>\n<td data-v-6030c966=\"\"><span data-v-6030c966=\"\">4 xy lanh th\u1eb3ng h\u00e0ng, 16 van DOHC, VVT -I k\u00e9p, ACIS<\/span><\/td>\n<\/tr>\n<tr data-v-6030c966=\"\">\n<td class=\"spec-title\" data-v-6030c966=\"\">Dung t\u00edch c\u00f4ng t\u00e1c\u00a0<span data-v-6030c966=\"\"><br data-v-6030c966=\"\" \/>( cc )<\/span><\/td>\n<td data-v-6030c966=\"\"><span data-v-6030c966=\"\">1798<\/span><\/td>\n<\/tr>\n<tr data-v-6030c966=\"\">\n<td class=\"spec-title\" data-v-6030c966=\"\">C\u00f4ng su\u1ea5t t\u1ed1i \u0111a\u00a0<span data-v-6030c966=\"\"><br data-v-6030c966=\"\" \/>( kW (M\u00e3 l\u1ef1c) @ v\u00f2ng\/ph\u00fat )<\/span><\/td>\n<td data-v-6030c966=\"\"><span data-v-6030c966=\"\">138\/6400<\/span><\/td>\n<\/tr>\n<tr data-v-6030c966=\"\">\n<td class=\"spec-title\" data-v-6030c966=\"\">M\u00f4 men xo\u1eafn t\u1ed1i \u0111a\u00a0<span data-v-6030c966=\"\"><br data-v-6030c966=\"\" \/>( Nm @ v\u00f2ng\/ph\u00fat )<\/span><\/td>\n<td data-v-6030c966=\"\"><span data-v-6030c966=\"\">173\/4000<\/span><\/td>\n<\/tr>\n<tr data-v-6030c966=\"\">\n<td class=\"spec-title\" data-v-6030c966=\"\">Dung t\u00edch b\u00ecnh nhi\u00ean li\u1ec7u\u00a0<span data-v-6030c966=\"\"><br data-v-6030c966=\"\" \/>( L )<\/span><\/td>\n<td data-v-6030c966=\"\"><span data-v-6030c966=\"\">55<\/span><\/td>\n<\/tr>\n<tr data-v-6030c966=\"\">\n<td class=\"title-spec-group\" data-v-6030c966=\"\">H\u1ed9p s\u1ed1<\/td>\n<td colspan=\"1\" data-v-6030c966=\"\"><\/td>\n<\/tr>\n<tr data-v-6030c966=\"\">\n<td class=\"spec-title\" data-v-6030c966=\"\"><\/td>\n<td data-v-6030c966=\"\"><span data-v-6030c966=\"\">S\u1ed1 s\u00e0n 6 c\u1ea5p<\/span><\/td>\n<\/tr>\n<tr data-v-6030c966=\"\">\n<td class=\"title-spec-group\" data-v-6030c966=\"\">H\u1ec7 th\u1ed1ng treo<\/td>\n<td colspan=\"1\" data-v-6030c966=\"\"><\/td>\n<\/tr>\n<tr data-v-6030c966=\"\">\n<td class=\"spec-title\" data-v-6030c966=\"\">Tr\u01b0\u1edbc<\/td>\n<td data-v-6030c966=\"\"><span data-v-6030c966=\"\">Mc Pherson v\u1edbi thanh c\u00e2n b\u1eb1ng<\/span><\/td>\n<\/tr>\n<tr data-v-6030c966=\"\">\n<td class=\"spec-title\" data-v-6030c966=\"\">Sau<\/td>\n<td data-v-6030c966=\"\"><span data-v-6030c966=\"\">B\u00e1n ph\u1ee5 thu\u1ed9c, d\u1ea1ng thanh xo\u1eafn v\u1edbi thanh c\u00e2n b\u1eb1ng<\/span><\/td>\n<\/tr>\n<tr data-v-6030c966=\"\">\n<td class=\"title-spec-group\" data-v-6030c966=\"\">Phanh<\/td>\n<td colspan=\"1\" data-v-6030c966=\"\"><\/td>\n<\/tr>\n<tr data-v-6030c966=\"\">\n<td class=\"spec-title\" data-v-6030c966=\"\">Tr\u01b0\u1edbc<\/td>\n<td data-v-6030c966=\"\"><span data-v-6030c966=\"\">\u0110\u0129a t\u1ea3n nhi\u1ec7t<\/span><\/td>\n<\/tr>\n<tr data-v-6030c966=\"\">\n<td class=\"spec-title\" data-v-6030c966=\"\">Sau<\/td>\n<td data-v-6030c966=\"\"><span data-v-6030c966=\"\">Tang tr\u1ed1ng<\/span><\/td>\n<\/tr>\n<tr data-v-6030c966=\"\">\n<td class=\"title-spec-group\" data-v-6030c966=\"\">Ti\u00eau chu\u1ea9n kh\u00ed th\u1ea3i<\/td>\n<td colspan=\"1\" data-v-6030c966=\"\"><\/td>\n<\/tr>\n<tr data-v-6030c966=\"\">\n<td class=\"spec-title\" data-v-6030c966=\"\"><\/td>\n<td data-v-6030c966=\"\"><span data-v-6030c966=\"\">Euro 4<\/span><\/td>\n<\/tr>\n<tr data-v-6030c966=\"\">\n<td class=\"title-spec-group\" data-v-6030c966=\"\">M\u1ee9c ti\u00eau th\u1ee5 nhi\u00ean li\u1ec7u<\/td>\n<td colspan=\"1\" data-v-6030c966=\"\"><\/td>\n<\/tr>\n<tr data-v-6030c966=\"\">\n<td class=\"spec-title\" data-v-6030c966=\"\">Trong \u0111\u00f4 th\u1ecb\u00a0<span data-v-6030c966=\"\"><br data-v-6030c966=\"\" \/>( l\u00edt \/ 100km )<\/span><\/td>\n<td data-v-6030c966=\"\"><span data-v-6030c966=\"\">10.1<\/span><\/td>\n<\/tr>\n<tr data-v-6030c966=\"\">\n<td class=\"spec-title\" data-v-6030c966=\"\">Ngo\u00e0i \u0111\u00f4 th\u1ecb\u00a0<span data-v-6030c966=\"\"><br data-v-6030c966=\"\" \/>( l\u00edt \/ 100km )<\/span><\/td>\n<td data-v-6030c966=\"\"><span data-v-6030c966=\"\">5.8<\/span><\/td>\n<\/tr>\n<tr data-v-6030c966=\"\">\n<td class=\"spec-title\" data-v-6030c966=\"\">K\u1ebft h\u1ee3p\u00a0<span data-v-6030c966=\"\"><br data-v-6030c966=\"\" \/>( l\u00edt \/ 100km )<\/span><\/td>\n<td data-v-6030c966=\"\"><span data-v-6030c966=\"\">7.3<\/span><\/td>\n<\/tr>\n<tr data-v-6030c966=\"\">\n<td class=\"title-spec-group\" data-v-6030c966=\"\">Ch\u1ebf \u0111\u1ed9 l\u00e1i ECO \/ POWER<\/td>\n<td colspan=\"1\" data-v-6030c966=\"\"><\/td>\n<\/tr>\n<tr data-v-6030c966=\"\">\n<td class=\"spec-title\" data-v-6030c966=\"\"><\/td>\n<td data-v-6030c966=\"\"><span data-v-6030c966=\"\">&#8211;<\/span><\/td>\n<\/tr>\n<tr data-v-6030c966=\"\">\n<td class=\"title-spec-group\" data-v-6030c966=\"\">M\u00e3 \u0111\u1ed9ng c\u01a1<\/td>\n<td colspan=\"1\" data-v-6030c966=\"\"><\/td>\n<\/tr>\n<tr data-v-6030c966=\"\">\n<td class=\"spec-title\" data-v-6030c966=\"\"><\/td>\n<td data-v-6030c966=\"\"><span data-v-6030c966=\"\">2ZR-FE<\/span><\/td>\n<\/tr>\n<tr data-v-6030c966=\"\">\n<td class=\"title-spec-group\" data-v-6030c966=\"\">L\u1ed1p xe<\/td>\n<td colspan=\"1\" data-v-6030c966=\"\"><\/td>\n<\/tr>\n<tr data-v-6030c966=\"\">\n<td class=\"spec-title\" data-v-6030c966=\"\"><\/td>\n<td data-v-6030c966=\"\"><span data-v-6030c966=\"\">195\/65R15<\/span><\/td>\n<\/tr>\n<tr data-v-6030c966=\"\">\n<td class=\"title-spec-group\" data-v-6030c966=\"\">M\u00e2n xe<\/td>\n<td colspan=\"1\" data-v-6030c966=\"\"><\/td>\n<\/tr>\n<tr data-v-6030c966=\"\">\n<td class=\"spec-title\" data-v-6030c966=\"\"><\/td>\n<td data-v-6030c966=\"\"><span data-v-6030c966=\"\">M\u00e2m \u0111\u00fac<\/span><\/td>\n<\/tr>\n<\/tbody>\n<\/table>\n","protected":false},"featured_media":970,"comment_status":"open","ping_status":"closed","template":"","meta":[],"_links":{"self":[{"href":"https:\/\/hosting.conasi.vn\/w\/toyota22011\/wp-json\/wp\/v2\/product\/150"}],"collection":[{"href":"https:\/\/hosting.conasi.vn\/w\/toyota22011\/wp-json\/wp\/v2\/product"}],"about":[{"href":"https:\/\/hosting.conasi.vn\/w\/toyota22011\/wp-json\/wp\/v2\/types\/product"}],"replies":[{"embeddable":true,"href":"https:\/\/hosting.conasi.vn\/w\/toyota22011\/wp-json\/wp\/v2\/comments?post=150"}],"wp:featuredmedia":[{"embeddable":true,"href":"https:\/\/hosting.conasi.vn\/w\/toyota22011\/wp-json\/wp\/v2\/media\/970"}],"wp:attachment":[{"href":"https:\/\/hosting.conasi.vn\/w\/toyota22011\/wp-json\/wp\/v2\/media?parent=150"}],"curies":[{"name":"wp","href":"https:\/\/api.w.org\/{rel}","templated":true}]}}