{"id":19,"date":"2018-06-15T22:05:05","date_gmt":"2018-06-15T15:05:05","guid":{"rendered":"http:\/\/toyota3.w2steam.com\/?page_id=19"},"modified":"2019-07-09T11:19:12","modified_gmt":"2019-07-09T04:19:12","slug":"khuyen-mai","status":"publish","type":"page","link":"https:\/\/hosting.conasi.vn\/w\/toyota22011\/khuyen-mai\/","title":{"rendered":"Khuy\u1ebfn m\u00e3i"},"content":{"rendered":"<div class=\"row row-small\"  id=\"row-520908548\">\n\n\t<div id=\"col-415642529\" class=\"col medium-6 small-12 large-6\"  >\n\t\t<div class=\"col-inner\"  >\n\t\t\t\n\t\t\t\n<p>&nbsp;<\/p>\n<p><img loading=\"lazy\" class=\"size-full wp-image-2561 aligncenter\" src=\"http:\/\/toyotamydinh86.com.vn\/wp-content\/uploads\/2016\/12\/01.jpg\" sizes=\"(max-width: 428px) 100vw, 428px\" srcset=\"http:\/\/thuytoyotamydinh.com\/file\/2016\/12\/01.jpg 428w, http:\/\/thuytoyotamydinh.com\/file\/2016\/12\/01-300x116.jpg 300w, http:\/\/thuytoyotamydinh.com\/file\/2016\/12\/01-259x100.jpg 259w\" alt=\"01\" width=\"428\" height=\"165\" \/><\/p>\n<p><span style=\"color: #0000ff;\">B\u1eb1ng vi\u1ec7c li\u00ean k\u1ebft v\u1edbi nhi\u1ec1u ng\u00e2n h\u00e0ng l\u1edbn, Toyota Ph\u00fa Th\u1ecd lu\u00f4n s\u1eb5n s\u00e0ng h\u1ed7 tr\u1ee3 kh\u00e1ch h\u00e0ng v\u1ec1 v\u1ed1n khi mua xe th\u00f4ng qua h\u00ecnh th\u1ee9c tr\u1ea3 g\u00f3p<\/span>.<\/p>\n<h1 class=\"entry-title\"><span style=\"color: #ed1c24;\">MUA XE TR\u1ea2 G\u00d3P<\/span><\/h1>\n<div class=\"entry-content\">\n<p>Mua \u00f4 t\u00f4 tr\u1ea3 g\u00f3p ng\u00e0y nay \u0111\u00e3 r\u1ea5t ph\u1ed5 bi\u1ebfn v\u00e0 chi\u1ebfm t\u1ef7 l\u1ec7 l\u1edbn trong c\u00e1c giao d\u1ecbch mua b\u00e1n \u00f4 t\u00f4. N\u1ed9i dung b\u00e0i vi\u1ebft n\u00e0y ch\u00fang t\u00f4i xin gi\u1edbi thi\u1ec7u t\u1edbi Qu\u00fd kh\u00e1ch nh\u1eefng \u01b0u \u0111i\u1ec3m n\u1ed5i tr\u1ed9i trong h\u00ecnh th\u1ee9c tr\u1ea3 g\u00f3p khi mua xe .<\/p>\n<p><strong>MUA XE TR\u1ea2 G\u00d3P L\u00c0 G\u00cc ?<\/strong><\/p>\n<p>L\u00e0 tr\u1ea3 tr\u01b0\u1edbc m\u1ed9t ph\u1ea7n ti\u1ec1n mua xe, ph\u1ea7n c\u00f2n thi\u1ebfu s\u1ebd vay ng\u00e2n h\u00e0ng r\u1ed3i h\u00e0ng th\u00e1ng tr\u1ea3 d\u1ea7n cho ng\u00e2n h\u00e0ng c\u1ea3 g\u1ed1c v\u00e0 l\u00e3i theo phu\u01a1ng th\u1ee9c tr\u1eeb l\u00f9i trong su\u1ed1t th\u1eddi gian tr\u1ea3 g\u00f3p.<\/p>\n<p><strong>V\u00ed d\u1ee5:\u00a0<\/strong>Kh\u00e1ch h\u00e0ng A mua tr\u1ea3 g\u00f3p xe CAMRY 2.5 Q tr\u1ecb gi\u00e1 572 tri\u1ec7u theo ph\u01b0\u01a1ng th\u1ee9c: TR\u1ea2 TR\u01af\u1edaC 25% = 143 tri\u1ec7u, ph\u1ea7n c\u00f2n l\u1ea1i l\u00e0 429 tri\u1ec7u s\u1ebd vay ng\u00e2n h\u00e0ng v\u1edbi l\u00e3i su\u1ea5t 5,99%\/n\u0103m kh\u00f4ng \u0111\u1ed5i trong 6 th\u00e1ng \u0111\u1ea7u th\u00e1ng \u0111\u1ea7u, sau 6 th\u00e1ng l\u00e3i su\u1ea5t l\u00e0 (9.1%\/ 1 n\u0103m) v\u00e0 tr\u1ea3 g\u00f3p trong 5 n\u0103m (C\u1ee5 th\u1ec3: sau khi t\u00ednh to\u00e1n, m\u1ed7i th\u00e1ng kh\u00e1ch h\u00e0ng A ph\u1ea3i tr\u1ea3 2.141.425 VN\u0110 (ti\u1ec1n l\u00e3i cho th\u00e1ng \u0111\u1ea7u ti\u00ean) v\u00e0 bi\u00ean \u0111\u1ed9 gi\u1ea3m d\u1ea7n \u0111\u1ebfn th\u00e1ng cu\u1ed1i c\u00f9ng l\u00e0 theo quy t\u1eafc tr\u1eeb l\u00f9i 54.757 VN\u0110 (ti\u1ec5n l\u00e3i th\u00e1ng cu\u1ed1i c\u00f9ng). Nh\u01b0 v\u1eady trong 5 n\u0103m t\u1ed5ng s\u1ed1 ti\u1ec1n l\u00e3i kh\u00e1ch h\u00e0ng ph\u1ea3i ch\u1ecbu l\u00e0 93.627.463 VN\u0110.<\/p>\n<p><strong>T\u1ed5ng \u0111\u00e0i h\u1ed7 tr\u1ee3 t\u01b0 v\u1ea5n mua xe tr\u1ea3 g\u00f3p, l\u00e3i xu\u1ea5t \u01b0u \u0111\u00e3i Qu\u00fd kh\u00e1ch vui l\u00f2ng g\u1ecdi: 0816022999<\/strong><\/p>\n<p>Ngay khi kh\u00e1ch h\u00e0ng c\u00f3 \u0111i\u1ec1u ki\u1ec7n tr\u1ea3 h\u1ebft ph\u1ea7n ti\u1ec1n c\u00f2n thi\u1ebfu cho ng\u00e2n h\u00e0ng.<\/p>\n<p><strong>V\u00ed d\u1ee5:\u00a0<\/strong>Trong tr\u01b0\u1eddng h\u1ee3p n\u00eau tr\u00ean: Sau khi tr\u1ea3 g\u00f3p \u0111\u01b0\u1ee3c 1 n\u0103m, kh\u00e1ch h\u00e0ng A c\u00f3 1 kho\u1ea3n ti\u1ec1n l\u1edbn do ng\u01b0\u1eddi th\u00e2n \u1edf n\u01b0\u1edbc ngo\u00e0i g\u1eedi v\u1ec1. L\u00fac n\u00e0y (n\u1ebfu mu\u1ed1n), kh\u00e1ch h\u00e0ng A c\u00f3 th\u1ec3 tr\u1ea3 h\u1ebft ph\u1ea7n ti\u1ec1n c\u00f2n n\u1ee3 cho ng\u00e2n h\u00e0ng, k\u1ebft th\u00fac s\u1edbm vi\u1ec7c mua xe tr\u1ea3 g\u00f3p (nh\u01b0ng s\u1ebd b\u1ecb ph\u1ea1t kho\u1ea3ng 2% s\u1ed1 ti\u1ec1n \u0111ang c\u00f2n c\u00f2n n\u1ee3).<\/p>\n<p><strong>Nh\u1eefng \u0111\u1ed1i t\u01b0\u1ee3ng th\u00edch h\u1ee3p nh\u1ea5t v\u1edbi h\u00ecnh th\u1ee9c mua xe tr\u1ea3 g\u00f3p:<\/strong><\/p>\n<p>Doanh nh\u00e2n, doanh nghi\u1ec7p: nh\u1eefng ng\u01b0\u1eddi c\u00f3 kh\u1ea3 n\u0103ng s\u1eed d\u1ee5ng ti\u1ec1n \u0111\u1ec3 kinh doanh sinh l\u1eddi nhi\u1ec1u h\u01a1n l\u00e0 t\u1ef7 l\u1ec7 l\u00e3i su\u1ea5t ti\u1ec1n cho vay c\u1ee7a ng\u00e2n h\u00e0ng.<br \/>\nNh\u1eefng ng\u01b0\u1eddi r\u1ea5t c\u1ea7n s\u1eed d\u1ee5ng xe, s\u1ebd c\u00f3 \u0111\u1ee7 ti\u1ec1n mua xe trong m\u1ed9t t\u01b0\u01a1ng lai g\u1ea7n nh\u01b0ng hi\u1ec7n t\u1ea1i ch\u01b0a t\u1eadp trung \u0111\u1ee7 ti\u1ec1n \u0111\u1ec3 mua xe tr\u1ea3 th\u1eb3ng.<\/p>\n<p><img loading=\"lazy\" class=\"wp-image-416 aligncenter\" src=\"https:\/\/dailyxetoyotavn.com\/wp-content\/uploads\/2019\/02\/vay-mua-xe-toyota-ca-db62.png\" sizes=\"(max-width: 782px) 100vw, 782px\" srcset=\"https:\/\/toyotaphutho.com\/wp-content\/uploads\/2019\/02\/vay-mua-xe-toyota-ca-db62.png 986w, https:\/\/toyotaphutho.com\/wp-content\/uploads\/2019\/02\/vay-mua-xe-toyota-ca-db62-300x125.png 300w, https:\/\/toyotaphutho.com\/wp-content\/uploads\/2019\/02\/vay-mua-xe-toyota-ca-db62-768x319.png 768w\" alt=\"\" width=\"782\" height=\"325\" \/><\/p>\n<p><strong>C\u00c1C B\u01af\u1edaC CH\u00cdNH KHI MUA XE TR\u1ea2 G\u00d3P<\/strong><\/p>\n<ul>\n<li>B\u01b0\u1edbc 1: Kh\u00e1ch h\u00e0ng k\u00fd h\u1ee3p \u0111\u1ed3ng mua xe v\u00e0 tr\u1ea3 tr\u01b0\u1edbc m\u1ed9t ph\u1ea7n ti\u1ec1n cho c\u00f4ng ty b\u00e1n xe.<\/li>\n<li>B\u01b0\u1edbc 2: Nh\u00e2n vi\u00ean b\u00e1n xe s\u1ebd gi\u1edbi thi\u1ec7u m\u1ed9t s\u1ed1 ng\u00e2n h\u00e0ng chuy\u00ean l\u00e0m tr\u1ea3 g\u00f3p (ho\u1eb7c kh\u00e1ch h\u00e0ng c\u00f3 th\u1ec3 t\u1ef1 t\u00ecm ng\u00e2n h\u00e0ng cho m\u00ecnh, n\u1ebfu mu\u1ed1n). \u0110\u1ea1i di\u1ec7n ng\u00e2n h\u00e0ng s\u1ebd g\u1eb7p kh\u00e1ch h\u00e0ng \u0111\u1ec3 th\u1ea9m \u0111\u1ecbnh d\u1ef1 \u00e1n cho vay v\u1ed1n v\u00e0 ho\u00e0n t\u1ea5t c\u00e1c th\u1ee7 t\u1ee5c mua xe tr\u1ea3 g\u00f3p.<\/li>\n<li>B\u01b0\u1edbc 3: Ngay khi nh\u1eadn \u0111\u01b0\u1ee3c gi\u1ea5y b\u1ea3o l\u00e3nh c\u1ee7a ng\u00e2n h\u00e0ng, c\u00f4ng ty b\u00e1n xe s\u1ebd c\u00f9ng kh\u00e1ch h\u00e0ng \u0111em xe \u0111i \u0111\u0103ng k\u00fd.<\/li>\n<\/ul>\n<p><strong>C\u00c1C H\u00ccNH TH\u1ee8C MUA XE TR\u1ea2 G\u00d3P<\/strong><\/p>\n<p>C\u00f3 2 h\u00ecnh th\u1ee9c: Mua tr\u1ea3 g\u00f3p v\u00e0 Thu\u00ea mua t\u00e0i ch\u00ednh<\/p>\n<p><strong>I. MUA TR\u1ea2 G\u00d3P<\/strong><\/p>\n<ul>\n<li>\u0110\u1ed1i t\u01b0\u1ee3ng \u0111\u01b0\u1ee3c mua tr\u1ea3 g\u00f3p: C\u00f4ng ty c\u1ed5 ph\u1ea7n, c\u00f4ng ty TNHH, doanh nghi\u1ec7p t\u01b0 nh\u00e2n, c\u00e1 nh\u00e2n.<\/li>\n<li>Th\u1eddi h\u1ea1n tr\u1ea3 g\u00f3p : t\u1ed1i \u0111a 7 n\u0103m.<\/li>\n<li>Vay t\u1ed1i \u0111a 80% gi\u00e1 tr\u1ecb xe v\u00e0 mua b\u1ea3o hi\u1ec3m to\u00e0n b\u1ed9 xe trong th\u1eddi gian tr\u1ea3 g\u00f3p.<\/li>\n<li>T\u00e0i s\u1ea3n b\u1ea3o \u0111\u1ea3m: ch\u00ednh l\u00e0 chi\u1ebfc xe \u00f4 t\u00f4 m\u1edbi \u0111\u1ecbnh mua. N\u1ebfu b\u1ea3o \u0111\u1ea3m b\u1eb1ng b\u1ea5t \u0111\u1ed9ng s\u1ea3n ho\u1eb7c gi\u1ea5y t\u1edd c\u00f3 gi\u00e1 tr\u1ecb th\u00ec m\u1ee9c tr\u1ea3 tr\u01b0\u1edbc t\u1ed1i thi\u1ec3u c\u00f3 th\u1ec3 th\u1ea5p h\u01a1n m\u1ee9c 40%.<\/li>\n<li>H\u00e0ng th\u00e1ng kh\u00e1ch h\u00e0ng tr\u1ea3 m\u1ed9t m\u1ee9c ti\u1ec1n c\u1ed1 \u0111\u1ecbnh (g\u1ed3m ti\u1ec1n g\u1ed1c + l\u00e3i) theo quy t\u1eafc tr\u1eeb l\u00f9i.<\/li>\n<li>\u0110\u0103ng k\u00fd xe mang t\u00ean kh\u00e1ch h\u00e0ng.<\/li>\n<li>Tr\u01b0\u1eddng h\u1ee3p t\u00e0i s\u1ea3n b\u1ea3o \u0111\u1ea3m ch\u00ednh l\u00e0 chi\u1ebfc xe m\u1edbi \u0111\u1ecbnh mua th\u00ec trong su\u1ed1t th\u1eddi gian mua tr\u1ea3 g\u00f3p: kh\u00e1ch h\u00e0ng c\u00f2n ph\u1ea3i mua b\u1ea3o hi\u1ec3m th\u00e2n v\u1ecf xe v\u00e0 ng\u00e2n h\u00e0ng s\u1ebd gi\u1eef Gi\u1ea5y \u0111\u0103ng k\u00fd xe. (Kh\u00e1ch h\u00e0ng \u0111\u01b0\u1ee3c c\u1ea5p gi\u1ea5y ch\u1ee9ng nh\u1eadn h\u1ee3p ph\u00e1p \u0111\u1ec3 l\u01b0u h\u00e0nh xe b\u00ecnh th\u01b0\u1eddng)<\/li>\n<\/ul>\n<p><strong>II. THU\u00ca MUA T\u00c0I CH\u00cdNH<\/strong><\/p>\n<ul>\n<li>\u0110\u1ed1i t\u01b0\u1ee3ng \u0111\u01b0\u1ee3c thu\u00ea mua: C\u00f4ng ty c\u1ed5 ph\u1ea7n, c\u00f4ng ty TNHH, doanh nghi\u1ec7p t\u01b0 nh\u00e2n.<\/li>\n<li>Th\u1eddi h\u1ea1n thu\u00ea mua t\u1ed1i \u0111a: 5 n\u0103m<\/li>\n<li>Tr\u1ea3 tr\u01b0\u1edbc t\u1ed1i thi\u1ec3u: 20%<\/li>\n<li>\u0110\u0103ng k\u00fd xe mang t\u00ean c\u00f4ng ty cho thu\u00ea t\u00e0i ch\u00ednh v\u00e0 \u0111\u01b0\u1ee3c chuy\u1ec3n \u0111\u1ed5i th\u00e0nh t\u00ean kh\u00e1ch h\u00e0ng sau khi k\u1ebft th\u00fac h\u1ee3p \u0111\u1ed3ng thu\u00ea mua.<\/li>\n<li>C\u00e1c \u0111i\u1ec1u ki\u1ec7n kh\u00e1c gi\u1ed1ng nh\u01b0 h\u00ecnh th\u1ee9c tr\u1ea3 g\u00f3p.<\/li>\n<\/ul>\n<p><strong>C\u00c1C GI\u1ea4Y T\u1edc C\u1ea6N C\u00d3 KHI MUA XE TR\u1ea2 G\u00d3P<\/strong><\/p>\n<p><strong>I. C\u00c1 NH\u00c2N mua tr\u1ea3 g\u00f3p c\u1ea7n chu\u1ea9n b\u1ecb:<\/strong><\/p>\n<ul>\n<li>Sao y h\u1ed9 kh\u1ea9u<\/li>\n<li>Sao y CMND (c\u1ea3 hai v\u1ee3 ch\u1ed3ng n\u1ebfu \u0111\u00e3 k\u1ebft h\u00f4n).<\/li>\n<li>Gi\u1ea5y ch\u1ee9ng nh\u1eadn \u0111\u1ed9c th\u00e2n ho\u1eb7c gi\u1ea5y \u0111\u0103ng k\u00fd k\u1ebft h\u00f4n.<\/li>\n<li>H\u1ee3p \u0111\u1ed3ng mua xe<\/li>\n<li>Ch\u1ee9ng minh ngu\u1ed3n thu nh\u1eadp t\u1eeb:<\/li>\n<li>L\u01b0\u01a1ng ti\u1ec1n m\u1eb7t c\u00f3 BHXH ho\u1eb7c c\u00f3 tr\u00edch n\u1ed9p TNCN<\/li>\n<li>L\u01b0\u01a1ng tr\u1ea3 qua t\u00e0i kho\u1ea3n Ng\u00e2n h\u00e0ng<\/li>\n<li>\u0110\u00edch danh g\u00f3p v\u1ed1n v\u00e0o C\u00f4ng ty (c\u00f3 t\u00ean tr\u00ean \u0110KKD)<\/li>\n<li>H\u1ed9 kinh doanh c\u00e1 th\u1ec3 (C\u00f3 \u0111\u00f3ng thu\u1ebf m\u00f4n b\u00e0i, thu\u1ebf kho\u00e1n)<\/li>\n<li>Ngu\u1ed3n thu kh\u00e1c nh\u01b0: C\u00f3 nh\u00e0 cho thu\u00ea, c\u00f3 m\u00e1y m\u00f3c cho thu\u00ea\u2026<\/li>\n<li>\u0110\u01a1n vay (theo m\u1eabu c\u1ee7a Ng\u00e2n h\u00e0ng)<\/li>\n<li>Ngo\u00e0i ra tu\u1ef3 tr\u01b0\u1eddng h\u1ee3p c\u1ee5 th\u1ec3, kh\u00e1ch h\u00e0ng c\u00f3 th\u1ec3 c\u1ea7n chu\u1ea9n b\u1ecb th\u00eam m\u1ed9t s\u1ed1 gi\u1ea5y t\u1edd kh\u00e1c li\u00ean quan.<\/li>\n<\/ul>\n<p><strong>II \u2013 DOANH NGHI\u1ec6P mua tr\u1ea3 g\u00f3p ho\u1eb7c thu\u00ea mua t\u00e0i ch\u00ednh c\u1ea7n chu\u1ea9n b\u1ecb:<\/strong><\/p>\n<ul>\n<li>Gi\u1ea5y ph\u00e9p th\u00e0nh l\u1eadp<\/li>\n<li>\u0110\u0103ng k\u00fd kinh doanh<\/li>\n<li>Ngo\u00e0i ra tu\u1ef3 tr\u01b0\u1eddng h\u1ee3p c\u1ee5 th\u1ec3, kh\u00e1ch h\u00e0ng c\u00f3 th\u1ec3 c\u1ea7n chu\u1ea9n b\u1ecb th\u00eam m\u1ed9t s\u1ed1 gi\u1ea5y t\u1edd kh\u00e1c li\u00ean quan (V\u00ed d\u1ee5: b\u00e1o c\u00e1o thu\u1ebf 2 n\u0103m g\u1ea7n nh\u1ea5t, quy\u1ebft \u0111\u1ecbnh b\u1ed5 nhi\u1ec7m gi\u00e1m \u0111\u1ed1c v\u00e0 k\u1ebf to\u00e1n tr\u01b0\u1edfng\u2026)<\/li>\n<\/ul>\n<p><strong>NH\u1eeeNG V\u1ea4N \u0110\u1ec0 L\u01afU \u00dd KHI MUA XE TR\u1ea2 G\u00d3P<\/strong><\/p>\n<p>Vi\u1ec7c mua xe tr\u1ea3 g\u00f3p g\u1ed3m 2 ph\u1ea7n c\u00f4ng vi\u1ec7c ch\u00ednh \u0111\u1ed9c l\u1eadp l\u00e0:<\/p>\n<ul>\n<li>T\u00ecm mua chi\u1ebfc xe m\u1edbi \u01b0ng \u00fd v\u1edbi gi\u00e1 c\u1ea3 h\u1ee3p l\u00fd<\/li>\n<li>Vay v\u1ed1n ng\u00e2n h\u00e0ng \u0111\u1ec3 mua xe tr\u1ea3 g\u00f3p<\/li>\n<li>Tr\u01b0\u1eddng h\u1ee3p b\u1ea1n kh\u00f4ng c\u00f4ng t\u00e1c trong ng\u00e0nh ng\u00e2n h\u00e0ng: Vi\u1ec7c vay v\u1ed1n \u0111\u1ec3 mua xe tr\u1ea3 g\u00f3p l\u00e0 m\u1ed9t c\u00f4ng \u0111o\u1ea1n r\u1ea5t ph\u1ee9c t\u1ea1p, c\u1ea7n c\u00f3 m\u1ed9t ng\u01b0\u1eddi chuy\u00ean l\u00e0m tr\u1ea3 g\u00f3p h\u01b0\u1edbng d\u1eabn, h\u1ed7 tr\u1ee3.<\/li>\n<li>Th\u00f4ng th\u01b0\u1eddng, khi mua xe tr\u1ea3 g\u00f3p, nh\u00e2n vi\u00ean b\u00e1n xe s\u1ebd ki\u00eam lu\u00f4n vi\u1ec7c h\u01b0\u1edbng d\u1eabn kh\u00e1ch h\u00e0ng l\u00e0m th\u1ee7 t\u1ee5c vay v\u1ed1n. N\u1ebfu nh\u00e2n vi\u00ean b\u00e1n xe l\u00e0m tr\u1ea3 g\u00f3p kh\u00f4ng chuy\u00ean ho\u1eb7c m\u1ed1i quan h\u1ec7 v\u1edbi c\u00e1c ng\u00e2n h\u00e0ng kh\u00f4ng r\u1ed9ng, kh\u00e1ch h\u00e0ng c\u00f3 th\u1ec3 g\u1eb7p nh\u1eefng v\u1ea5n \u0111\u1ec1 sau:<\/li>\n<li>L\u00e3i su\u1ea5t vay cao + ph\u1ea3i tr\u1ea3 tr\u01b0\u1edbc cao.<\/li>\n<li>Th\u1ee7 t\u1ee5c th\u1ea9m \u0111\u1ecbnh k\u00e9o d\u00e0i, m\u1ea5t th\u1eddi gian, l\u00e2u \u0111\u01b0\u1ee3c nh\u1eadn xe.<\/li>\n<li>Kh\u00f4ng \u0111\u01b0\u1ee3c vay v\u1ed1n do m\u1ed9t s\u1ed1 \u0111i\u1ec1u ki\u1ec7n c\u1ee7a kh\u00e1ch h\u00e0ng kh\u00f4ng \u0111\u00e1p \u1ee9ng \u0111\u01b0\u1ee3c y\u00eau c\u1ea7u th\u1ea9m \u0111\u1ecbnh c\u1ee7a ng\u00e2n h\u00e0ng.<\/li>\n<li>L\u01b0\u1ee3ng ti\u1ec1n mua b\u1ea3o hi\u1ec3m th\u00e2n v\u1ecf xe l\u1edbn.<\/li>\n<li>Ph\u00e1t sinh nhi\u1ec1u v\u1ea5n \u0111\u1ec1 kh\u00e1c\u2026<\/li>\n<\/ul>\n<p><strong>M\u1eccI TH\u00d4NG TIN, T\u01af V\u1ea4N V\u1ec0 MUA XE TR\u1ea2 G\u00d3P QU\u00dd KH\u00c1CH VUI L\u00d2NG LI\u00caN H\u1ec6<\/strong><\/p>\n<p><strong>C\u00f4ng ty Toyota Vi\u1ec7t Tr\u00ec \u2013 Ph\u00fa Th\u1ecd<\/strong><\/p>\n<p><strong>Tr\u1ee5 s\u1edf ch\u00ednh : SN 286 , \u0111\u01b0\u1eddng Nguy\u1ec5n T\u1ea5t Th\u00e0nh , Ph\u01b0\u1eddng Thanh Mi\u1ebfu , TP.Vi\u1ec7t Tr\u00ec , T\u1ec9nh Ph\u00fa Th\u1ecd<\/strong><\/p>\n<p><strong>Hotline: <span style=\"color: #ed1c24;\">0816022999<\/span><\/strong><\/p>\n<\/div>\n<p><strong>\u0110\u1ec3 bi\u1ebft th\u00eam th\u00f4ng tin v\u00e0 \u0111\u01b0\u1ee3c t\u01b0 v\u1ea5n, gi\u1ea3i \u0111\u00e1p m\u1ecdi th\u1eafc m\u1eafc c\u1ee7a Qu\u00fd kh\u00e1ch h\u00e0ng v\u1ec1 gi\u00e1 c\u1ea3, ch\u1ea5t l\u01b0\u1ee3ng s\u1ea3n ph\u1ea9m, ch\u01b0\u01a1ng tr\u00ecnh khuy\u1ebfn m\u00e3i,<\/strong><br \/>\n<strong>Qu\u00fd kh\u00e1ch vui l\u00f2ng li\u00ean h\u1ec7:<\/strong><strong>\u00a0<a class=\"tooltip tooltipstered\" href=\"tel:0816 022 999\">0816 022 999<\/a><\/strong><\/p>\n\t\t<\/div>\n\t\t\t<\/div>\n\n\t\n\n\t<div id=\"col-645951610\" class=\"col medium-6 small-12 large-6\"  >\n\t\t<div class=\"col-inner\"  >\n\t\t\t\n\t\t\t\n<div role=\"form\" class=\"wpcf7\" id=\"wpcf7-f471-o1\" lang=\"vi\" dir=\"ltr\">\n<div class=\"screen-reader-response\"><p role=\"status\" aria-live=\"polite\" aria-atomic=\"true\"><\/p> <ul><\/ul><\/div>\n<form action=\"\/w\/toyota22011\/wp-json\/wp\/v2\/pages\/19#wpcf7-f471-o1\" method=\"post\" class=\"wpcf7-form init\" novalidate=\"novalidate\" data-status=\"init\">\n<div style=\"display: none;\">\n<input type=\"hidden\" name=\"_wpcf7\" value=\"471\" \/>\n<input type=\"hidden\" name=\"_wpcf7_version\" value=\"5.3\" \/>\n<input type=\"hidden\" name=\"_wpcf7_locale\" value=\"vi\" \/>\n<input type=\"hidden\" name=\"_wpcf7_unit_tag\" value=\"wpcf7-f471-o1\" \/>\n<input type=\"hidden\" name=\"_wpcf7_container_post\" value=\"0\" \/>\n<input type=\"hidden\" name=\"_wpcf7_posted_data_hash\" value=\"\" \/>\n<\/div>\n<div class=\"form-lien-he\">\n<h3>\u0110\u0103ng k\u00fd t\u01b0 v\u1ea5n<\/h3>\n<p><span class=\"wpcf7-form-control-wrap text-314\"><input type=\"text\" name=\"text-314\" value=\"\" size=\"40\" class=\"wpcf7-form-control wpcf7-text wpcf7-validates-as-required\" aria-required=\"true\" aria-invalid=\"false\" placeholder=\"T\u00ean c\u1ee7a b\u1ea1n...\" \/><\/span><br \/>\n<span class=\"wpcf7-form-control-wrap text-316\"><input type=\"text\" name=\"text-316\" value=\"\" size=\"40\" class=\"wpcf7-form-control wpcf7-text\" aria-invalid=\"false\" placeholder=\"\u0110\u1ecba ch\u1ec9 c\u1ee7a b\u1ea1n\" \/><\/span><br \/>\n<span class=\"wpcf7-form-control-wrap tel-142\"><input type=\"tel\" name=\"tel-142\" value=\"\" size=\"40\" class=\"wpcf7-form-control wpcf7-text wpcf7-tel wpcf7-validates-as-required wpcf7-validates-as-tel\" aria-required=\"true\" aria-invalid=\"false\" placeholder=\"S\u1ed1 \u0111i\u1ec7n tho\u1ea1i c\u1ee7a b\u1ea1n...\" \/><\/span><br \/>\n<span class=\"wpcf7-form-control-wrap menu-217\"><select name=\"menu-217\" class=\"wpcf7-form-control wpcf7-select wpcf7-validates-as-required\" aria-required=\"true\" aria-invalid=\"false\"><option value=\"B\u1ea1n c\u1ea7n g\u00ec?\">B\u1ea1n c\u1ea7n g\u00ec?<\/option><option value=\"\u0110\u0103ng k\u00fd l\u00e1i th\u1eed\">\u0110\u0103ng k\u00fd l\u00e1i th\u1eed<\/option><option value=\"T\u01b0 v\u1ea5n mua xe tr\u1ea3 g\u00f3p\">T\u01b0 v\u1ea5n mua xe tr\u1ea3 g\u00f3p<\/option><option value=\"T\u01b0 v\u1ea5n c\u00e1c d\u00f2ng xe\">T\u01b0 v\u1ea5n c\u00e1c d\u00f2ng xe<\/option><\/select><\/span><br \/>\n<span class=\"wpcf7-form-control-wrap textarea-673\"><textarea name=\"textarea-673\" cols=\"40\" rows=\"10\" class=\"wpcf7-form-control wpcf7-textarea\" aria-invalid=\"false\" placeholder=\"Ghi ch\u00fa th\u00eam...\"><\/textarea><\/span><br \/>\n<input type=\"submit\" value=\"G\u1eedi li\u00ean h\u1ec7\" class=\"wpcf7-form-control wpcf7-submit\" \/>\n<\/p><\/div>\n<div class=\"wpcf7-response-output\" aria-hidden=\"true\"><\/div><\/form><\/div>\n\t\t<\/div>\n\t\t\t<\/div>\n\n\t\n<\/div>\n","protected":false},"excerpt":{"rendered":"","protected":false},"author":1,"featured_media":0,"parent":0,"menu_order":0,"comment_status":"closed","ping_status":"closed","template":"page-left-sidebar.php","meta":[],"_links":{"self":[{"href":"https:\/\/hosting.conasi.vn\/w\/toyota22011\/wp-json\/wp\/v2\/pages\/19"}],"collection":[{"href":"https:\/\/hosting.conasi.vn\/w\/toyota22011\/wp-json\/wp\/v2\/pages"}],"about":[{"href":"https:\/\/hosting.conasi.vn\/w\/toyota22011\/wp-json\/wp\/v2\/types\/page"}],"author":[{"embeddable":true,"href":"https:\/\/hosting.conasi.vn\/w\/toyota22011\/wp-json\/wp\/v2\/users\/1"}],"replies":[{"embeddable":true,"href":"https:\/\/hosting.conasi.vn\/w\/toyota22011\/wp-json\/wp\/v2\/comments?post=19"}],"version-history":[{"count":0,"href":"https:\/\/hosting.conasi.vn\/w\/toyota22011\/wp-json\/wp\/v2\/pages\/19\/revisions"}],"wp:attachment":[{"href":"https:\/\/hosting.conasi.vn\/w\/toyota22011\/wp-json\/wp\/v2\/media?parent=19"}],"curies":[{"name":"wp","href":"https:\/\/api.w.org\/{rel}","templated":true}]}}