{"id":17,"date":"2018-06-15T22:04:54","date_gmt":"2018-06-15T15:04:54","guid":{"rendered":"http:\/\/toyota3.w2steam.com\/?page_id=17"},"modified":"2020-05-09T13:45:16","modified_gmt":"2020-05-09T06:45:16","slug":"lien-he","status":"publish","type":"page","link":"https:\/\/hosting.conasi.vn\/w\/toyota22011\/lien-he\/","title":{"rendered":"Li\u00ean h\u1ec7"},"content":{"rendered":"<div class=\"row row-small\"  id=\"row-143956339\">\n\n\t<div id=\"col-50330096\" class=\"col medium-6 small-12 large-6\"  >\n\t\t<div class=\"col-inner\"  >\n\t\t\t\n\t\t\t\n<p>Ch\u00fang t\u00f4i v\u1edbi ph\u01b0\u01a1ng ch\u00e2m kh\u00e1ch h\u00e0ng l\u00e0 th\u01b0\u1ee3ng \u0111\u1ebf, s\u1ebd mang \u0111\u1ebfn cho b\u1ea1n m\u1ed9t s\u1ef1 l\u1ef1a ch\u1ecdn ho\u00e0n h\u1ea3o nh\u1ea5t. H\u00e3y li\u00ean h\u1ec7 v\u1edbi ch\u00fang t\u00f4i theo m\u1eabu b\u00ean c\u1ea1nh. Xin c\u1ea3m \u01a1n<\/p>\n<div class=\"elementor-element elementor-element-dc630f4 elementor-widget elementor-widget-heading\" data-id=\"dc630f4\" data-element_type=\"heading.default\">\n<div class=\"elementor-widget-container\">\n<h3 class=\"elementor-heading-title elementor-size-small\"><span style=\"color: #ed1c24;\">Toyota Ninh B\u00ecnh<\/span><\/h3>\n<\/div>\n<\/div>\n<ul>\n<li><span style=\"font-size: 95%; color: #999999;\">\u0110\u1ecba ch\u1ec9: 490A, \u0110i\u1ec7n Bi\u00ean Ph\u1ee7, P.21, Q.B\u00ecnh Th\u1ea1nh<\/span><\/li>\n<li><span style=\"font-size: 95%; color: #999999;\">\u0110i\u1ec7n tho\u1ea1i: 0999000000<\/span><\/li>\n<li><span style=\"font-size: 95%; color: #999999;\">Email: email@gmail.com<\/span><\/li>\n<li><span style=\"font-size: 95%; color: #999999;\">Website: <a href=\"#\">www.tenweb.vn\u00a0<\/a><\/span><\/li>\n<\/ul>\n<\/div>\n<\/div>\n<div class=\"social-icons follow-icons\" ><a href=\"#\" target=\"_blank\" data-label=\"Facebook\"  rel=\"noopener noreferrer nofollow\" class=\"icon primary button circle facebook tooltip\" title=\"Follow on Facebook\"><i class=\"icon-facebook\" ><\/i><\/a><a href=\"mailto:#\" data-label=\"E-mail\"  rel=\"nofollow\" class=\"icon primary button circle  email tooltip\" title=\"Send us an email\"><i class=\"icon-envelop\" ><\/i><\/a><a href=\"tel:#\" target=\"_blank\"  data-label=\"Phone\"  rel=\"noopener noreferrer nofollow\" class=\"icon primary button circle  phone tooltip\" title=\"Call us\"><i class=\"icon-phone\" ><\/i><\/a><\/div>\n\t\t<\/div>\n\t\t\t<\/div>\n\n\t\n\n\t<div id=\"col-997602895\" class=\"col medium-6 small-12 large-6\"  >\n\t\t<div class=\"col-inner\"  >\n\t\t\t\n\t\t\t\n<div role=\"form\" class=\"wpcf7\" id=\"wpcf7-f471-o1\" lang=\"vi\" dir=\"ltr\">\n<div class=\"screen-reader-response\"><p role=\"status\" aria-live=\"polite\" aria-atomic=\"true\"><\/p> <ul><\/ul><\/div>\n<form action=\"\/w\/toyota22011\/wp-json\/wp\/v2\/pages\/17#wpcf7-f471-o1\" method=\"post\" class=\"wpcf7-form init\" novalidate=\"novalidate\" data-status=\"init\">\n<div style=\"display: none;\">\n<input type=\"hidden\" name=\"_wpcf7\" value=\"471\" \/>\n<input type=\"hidden\" name=\"_wpcf7_version\" value=\"5.3\" \/>\n<input type=\"hidden\" name=\"_wpcf7_locale\" value=\"vi\" \/>\n<input type=\"hidden\" name=\"_wpcf7_unit_tag\" value=\"wpcf7-f471-o1\" \/>\n<input type=\"hidden\" name=\"_wpcf7_container_post\" value=\"0\" \/>\n<input type=\"hidden\" name=\"_wpcf7_posted_data_hash\" value=\"\" \/>\n<\/div>\n<div class=\"form-lien-he\">\n<h3>\u0110\u0103ng k\u00fd t\u01b0 v\u1ea5n<\/h3>\n<p><span class=\"wpcf7-form-control-wrap text-314\"><input type=\"text\" name=\"text-314\" value=\"\" size=\"40\" class=\"wpcf7-form-control wpcf7-text wpcf7-validates-as-required\" aria-required=\"true\" aria-invalid=\"false\" placeholder=\"T\u00ean c\u1ee7a b\u1ea1n...\" \/><\/span><br \/>\n<span class=\"wpcf7-form-control-wrap text-316\"><input type=\"text\" name=\"text-316\" value=\"\" size=\"40\" class=\"wpcf7-form-control wpcf7-text\" aria-invalid=\"false\" placeholder=\"\u0110\u1ecba ch\u1ec9 c\u1ee7a b\u1ea1n\" \/><\/span><br \/>\n<span class=\"wpcf7-form-control-wrap tel-142\"><input type=\"tel\" name=\"tel-142\" value=\"\" size=\"40\" class=\"wpcf7-form-control wpcf7-text wpcf7-tel wpcf7-validates-as-required wpcf7-validates-as-tel\" aria-required=\"true\" aria-invalid=\"false\" placeholder=\"S\u1ed1 \u0111i\u1ec7n tho\u1ea1i c\u1ee7a b\u1ea1n...\" \/><\/span><br \/>\n<span class=\"wpcf7-form-control-wrap menu-217\"><select name=\"menu-217\" class=\"wpcf7-form-control wpcf7-select wpcf7-validates-as-required\" aria-required=\"true\" aria-invalid=\"false\"><option value=\"B\u1ea1n c\u1ea7n g\u00ec?\">B\u1ea1n c\u1ea7n g\u00ec?<\/option><option value=\"\u0110\u0103ng k\u00fd l\u00e1i th\u1eed\">\u0110\u0103ng k\u00fd l\u00e1i th\u1eed<\/option><option value=\"T\u01b0 v\u1ea5n mua xe tr\u1ea3 g\u00f3p\">T\u01b0 v\u1ea5n mua xe tr\u1ea3 g\u00f3p<\/option><option value=\"T\u01b0 v\u1ea5n c\u00e1c d\u00f2ng xe\">T\u01b0 v\u1ea5n c\u00e1c d\u00f2ng xe<\/option><\/select><\/span><br \/>\n<span class=\"wpcf7-form-control-wrap textarea-673\"><textarea name=\"textarea-673\" cols=\"40\" rows=\"10\" class=\"wpcf7-form-control wpcf7-textarea\" aria-invalid=\"false\" placeholder=\"Ghi ch\u00fa th\u00eam...\"><\/textarea><\/span><br \/>\n<input type=\"submit\" value=\"G\u1eedi li\u00ean h\u1ec7\" class=\"wpcf7-form-control wpcf7-submit\" \/>\n<\/p><\/div>\n<div class=\"wpcf7-response-output\" aria-hidden=\"true\"><\/div><\/form><\/div>\n\t\t<\/div>\n\t\t\t<\/div>\n\n\t\n<\/div>\n","protected":false},"excerpt":{"rendered":"","protected":false},"author":1,"featured_media":0,"parent":0,"menu_order":0,"comment_status":"closed","ping_status":"closed","template":"page-left-sidebar.php","meta":[],"_links":{"self":[{"href":"https:\/\/hosting.conasi.vn\/w\/toyota22011\/wp-json\/wp\/v2\/pages\/17"}],"collection":[{"href":"https:\/\/hosting.conasi.vn\/w\/toyota22011\/wp-json\/wp\/v2\/pages"}],"about":[{"href":"https:\/\/hosting.conasi.vn\/w\/toyota22011\/wp-json\/wp\/v2\/types\/page"}],"author":[{"embeddable":true,"href":"https:\/\/hosting.conasi.vn\/w\/toyota22011\/wp-json\/wp\/v2\/users\/1"}],"replies":[{"embeddable":true,"href":"https:\/\/hosting.conasi.vn\/w\/toyota22011\/wp-json\/wp\/v2\/comments?post=17"}],"version-history":[{"count":3,"href":"https:\/\/hosting.conasi.vn\/w\/toyota22011\/wp-json\/wp\/v2\/pages\/17\/revisions"}],"predecessor-version":[{"id":996,"href":"https:\/\/hosting.conasi.vn\/w\/toyota22011\/wp-json\/wp\/v2\/pages\/17\/revisions\/996"}],"wp:attachment":[{"href":"https:\/\/hosting.conasi.vn\/w\/toyota22011\/wp-json\/wp\/v2\/media?parent=17"}],"curies":[{"name":"wp","href":"https:\/\/api.w.org\/{rel}","templated":true}]}}