{"id":15,"date":"2018-06-15T22:04:24","date_gmt":"2018-06-15T15:04:24","guid":{"rendered":"http:\/\/toyota3.w2steam.com\/?page_id=15"},"modified":"2019-07-09T11:26:58","modified_gmt":"2019-07-09T04:26:58","slug":"gioi-thieu","status":"publish","type":"page","link":"https:\/\/hosting.conasi.vn\/w\/toyota22011\/gioi-thieu\/","title":{"rendered":"Gi\u1edbi thi\u1ec7u"},"content":{"rendered":"<p data-v-6f015a38=\"\">C\u00f4ng ty TNHH <a href=\"http:\/\/toyota3.w2steam.com\">Toyota Ph\u00fa Th\u1ecd<\/a> l\u00e0 \u0110\u1ea1i l\u00fd ch\u00ednh th\u1ee9c c\u1ee7a C\u00f4ng ty \u00d4t\u00f4 Toyota Vi\u1ec7t Nam trong l\u0129nh v\u1ef1c:<\/p>\n<ul data-v-6f015a38=\"\">\n<li data-v-6f015a38=\"\">B\u00e1n xe \u00f4t\u00f4\u00a0TOYOTA<\/li>\n<li data-v-6f015a38=\"\">D\u1ecbch v\u1ee5 s\u1eeda ch\u1eefa, b\u1ea3o d\u01b0\u1ee1ng, b\u1ea3o h\u00e0nh xe\u00a0TOYOTA<\/li>\n<li data-v-6f015a38=\"\">D\u1ecbch v\u1ee5 cung c\u1ea5p ph\u1ee5 t\u00f9ng ch\u00ednh h\u00e3ng\u00a0TOYOTA<\/li>\n<\/ul>\n<p data-v-6f015a38=\"\">C\u00f4ng ty TNHH <a href=\"http:\/\/toyota3.w2steam.com\">Toyota Ph\u00fa Th\u1ecd<\/a> \u0111\u01b0\u1ee3c UBND T\u1ec9nh Ph\u00fa Th\u1ecd c\u1ea5p gi\u1ea5y ph\u00e9p \u0110\u1ea7u t\u01b0 ng\u00e0y 18 th\u00e1ng 12 n\u0103m 2018, \u0111ang tri\u1ec3n khai vi\u1ec7c x\u00e2y d\u1ef1ng v\u00e0 ho\u00e0n thi\u1ec7n c\u1edf s\u1edf h\u1ea1 t\u1ea7ng d\u1ef1 ki\u1ebfn th\u00e1ng 10 n\u0103m 2019 s\u1ebd ch\u00ednh th\u1ee9c \u0111i v\u00e0o ho\u1ea1t \u0111\u1ed9ng.<\/p>\n<p data-v-6f015a38=\"\">L\u00e0 th\u00e0nh vi\u00ean tr\u1ebb trong gia \u0111\u00ecnh Toyota Vi\u1ec7t Nam, tuy nhi\u00ean Toyota Ph\u00fa Th\u1ecd c\u00f3 th\u1ec3 kh\u1eb3ng \u0111\u1ecbnh v\u00e0 t\u1ef1 h\u00e0o \u0111\u00e3 x\u00e2y d\u1ef1ng v\u00e0 ho\u00e0n thi\u1ec7n \u0111\u01b0\u1ee3c \u0111\u1ed9i ng\u0169 nh\u00e2n vi\u00ean, k\u1ef9 thu\u1eadt vi\u00ean c\u00f3 ki\u1ebfn th\u1ee9c,c\u00f3 tr\u00ecnh \u0111\u1ed9, \u0111\u1ea7y nhi\u1ec7t huy\u1ebft v\u00e0 l\u00f2ng nhi\u1ec7t t\u00ecnh.\u00a0V\u1edbi ph\u01b0\u01a1ng ch\u00e2m ho\u1ea1t \u0111\u1ed9ng\u00a0<b data-v-6f015a38=\"\">\u201cCon ng\u01b0\u1eddi ch\u00ednh l\u00e0 ngu\u1ed3n l\u1ef1c quan tr\u1ecdng v\u00e0 qu\u00fd gi\u00e1 nh\u1ea5t\u201d<\/b>\u00a0Toyota Ph\u00fa Th\u1ecd s\u1ebd kh\u00f4ng ng\u1eebng \u0111\u1ea7u t\u01b0 v\u00e0 ph\u00e1t tri\u1ec3n\u00a0<b data-v-6f015a38=\"\">\u201cNgu\u1ed3n l\u1ef1c Con ng\u01b0\u1eddi\u201d<\/b>\u00a0v\u1edbi hy v\u1ecdng \u0111\u00f3 s\u1ebd l\u00e0 ngu\u1ed3n l\u1ef1c m\u1ea1nh m\u1ebd v\u00e0 ti\u00ean quy\u1ebft \u0111\u1ec3 x\u00e2y d\u1ef1ng C\u00f4ng ty ng\u00e0y t\u1eebng b\u01b0\u1edbc ho\u00e0n thi\u1ec7n v\u00e0 ph\u00e1t tri\u1ec3n l\u1edbn m\u1ea1nh.<\/p>\n<p data-v-6f015a38=\"\"><b data-v-6f015a38=\"\">C\u00f9ng v\u1edbi \u0111\u1ecbnh h\u01b0\u1edbng c\u1ee7a Ban l\u00e3nh \u0111\u1ea1o C\u00f4ng ty:<\/b><\/p>\n<ul data-v-6f015a38=\"\">\n<li data-v-6f015a38=\"\">X\u00e2y d\u1ef1ng v\u00e0 ph\u00e1t tri\u1ec3n C\u00f4ng ty theo \u0111\u1ecbnh h\u01b0\u1edbng b\u1ec1n v\u1eefng.<\/li>\n<li data-v-6f015a38=\"\">Ph\u00e1t tri\u1ec3n \u0111\u1ed9i ng\u0169 nh\u00e2n vi\u00ean chuy\u00ean nghi\u1ec7p, n\u0103ng \u0111\u1ed9ng, s\u00e1ng t\u1ea1o, uy t\u00edn v\u00e0 lu\u00f4n t\u1ef1 ho\u00e0n thi\u1ec7n. C\u00e1c th\u00e0nh vi\u00ean trong C\u00f4ng ty \u0111\u01b0\u1ee3c l\u00e0m vi\u1ec7c, s\u00e1ng t\u1ea1o v\u00e0 c\u1ed1ng hi\u1ebfn h\u1ebft m\u00ecnh.<\/li>\n<li data-v-6f015a38=\"\">Cung c\u1ea5p c\u00e1c s\u1ea3n ph\u1ea9m v\u00e0 d\u1ecbch v\u1ee5 t\u1ed1t nh\u1ea5t cho kh\u00e1ch h\u00e0ng trong kh\u1ea3 n\u0103ng \u0111\u00e1p \u1ee9ng c\u1ee7a C\u00f4ng ty.<\/li>\n<\/ul>\n<p data-v-6f015a38=\"\">C\u00f4ng ty TNHH Toyota Ph\u00fa Th\u1ecd\u00a0kh\u1eb3ng \u0111\u1ecbnh\u00a0s\u1ebd mang l\u1ea1i cho Qu\u00ed kh\u00e1ch h\u00e0ng ch\u1ea5t l\u01b0\u1ee3ng d\u1ecbch v\u1ee5 t\u1ed1t nh\u1ea5t v\u1edbi m\u1ee5c \u0111\u00edch \u0111\u1ea1t s\u1ef1 h\u00e0i l\u00f2ng cao nh\u1ea5t c\u1ee7a Kh\u00e1ch h\u00e0ng v\u1ec1 c\u00e1c d\u1ecbch v\u1ee5\u00a0<b data-v-6f015a38=\"\">3S<\/b>\u00a0\u0111\u1ea1t ti\u00eau chu\u1ea9n\u00a0TOYOTA.<\/p>\n<p data-v-6f015a38=\"\">T\u1ea5t c\u1ea3 t\u1ea1o th\u00e0nh m\u1ed9t h\u1ec7 th\u1ed1ng \u0111\u1ed3ng b\u1ed9 \u0111\u1ea3m b\u1ea3o kh\u00e1ch h\u00e0ng c\u00f3 th\u1ec3 ho\u00e0n to\u00e0n \u0111\u1eb7t l\u00f2ng tin v\u00e0 y\u00ean t\u00e2m khi s\u1eed d\u1ee5ng d\u1ecbch v\u1ee5 t\u1ea1i\u00a0<a href=\"http:\/\/toyota3.w2steam.com\"><b data-v-6f015a38=\"\">TOYOTA PH\u00da TH\u1ecc\u00a0<\/b><\/a>.<\/p>\n<p data-v-6f015a38=\"\"><span style=\"color: #ed1c24;\"><strong>M\u1ecdi th\u00f4ng chi ti\u1ebft v\u1ec1 d\u00f2ng xe Toyota xin qu\u00fd kh\u00e1ch vui l\u00f2ng li\u00ean h\u1ec7:<\/strong><\/span><br \/>\n<span style=\"color: #ed1c24;\"><strong>C\u00f4ng ty Toyota Vi\u1ec7t Tr\u00ec \u2013 Ph\u00fa Th\u1ecd<\/strong><\/span><br \/>\n<span style=\"color: #ed1c24;\"><strong>Tr\u1ee5 s\u1edf ch\u00ednh : SN286 , \u0111\u01b0\u1eddng Nguy\u1ebft T\u1ea5t Th\u00e0nh , Ph\u01b0\u1eddng Thanh Mi\u1ebfu , TP.Vi\u1ec7t Tr\u00ec , T\u1ec9nh Ph\u00fa Th\u1ecd<\/strong><\/span><br \/>\n<span style=\"color: #ed1c24;\"><strong>Hotline: 0816 022 999<\/strong><\/span><\/p>\n","protected":false},"excerpt":{"rendered":"<p>C\u00f4ng ty TNHH Toyota Ph\u00fa Th\u1ecd l\u00e0 \u0110\u1ea1i l\u00fd ch\u00ednh th\u1ee9c c\u1ee7a C\u00f4ng ty \u00d4t\u00f4 Toyota Vi\u1ec7t Nam trong l\u0129nh v\u1ef1c: B\u00e1n xe \u00f4t\u00f4\u00a0TOYOTA D\u1ecbch v\u1ee5 s\u1eeda ch\u1eefa, b\u1ea3o d\u01b0\u1ee1ng, b\u1ea3o h\u00e0nh xe\u00a0TOYOTA D\u1ecbch v\u1ee5 cung c\u1ea5p ph\u1ee5 t\u00f9ng ch\u00ednh h\u00e3ng\u00a0TOYOTA C\u00f4ng ty TNHH Toyota Ph\u00fa Th\u1ecd \u0111\u01b0\u1ee3c UBND T\u1ec9nh Ph\u00fa Th\u1ecd c\u1ea5p gi\u1ea5y ph\u00e9p&#8230;<\/p>\n","protected":false},"author":1,"featured_media":0,"parent":0,"menu_order":0,"comment_status":"closed","ping_status":"closed","template":"page-left-sidebar.php","meta":[],"_links":{"self":[{"href":"https:\/\/hosting.conasi.vn\/w\/toyota22011\/wp-json\/wp\/v2\/pages\/15"}],"collection":[{"href":"https:\/\/hosting.conasi.vn\/w\/toyota22011\/wp-json\/wp\/v2\/pages"}],"about":[{"href":"https:\/\/hosting.conasi.vn\/w\/toyota22011\/wp-json\/wp\/v2\/types\/page"}],"author":[{"embeddable":true,"href":"https:\/\/hosting.conasi.vn\/w\/toyota22011\/wp-json\/wp\/v2\/users\/1"}],"replies":[{"embeddable":true,"href":"https:\/\/hosting.conasi.vn\/w\/toyota22011\/wp-json\/wp\/v2\/comments?post=15"}],"version-history":[{"count":0,"href":"https:\/\/hosting.conasi.vn\/w\/toyota22011\/wp-json\/wp\/v2\/pages\/15\/revisions"}],"wp:attachment":[{"href":"https:\/\/hosting.conasi.vn\/w\/toyota22011\/wp-json\/wp\/v2\/media?parent=15"}],"curies":[{"name":"wp","href":"https:\/\/api.w.org\/{rel}","templated":true}]}}