{"id":140,"date":"2017-09-11T07:15:58","date_gmt":"2017-09-11T07:15:58","guid":{"rendered":"http:\/\/toyota.khowebseotop.vn\/?page_id=140"},"modified":"2019-09-21T19:12:43","modified_gmt":"2019-09-21T12:12:43","slug":"gioi-thieu","status":"publish","type":"page","link":"https:\/\/hosting.conasi.vn\/w\/toyota2011\/gioi-thieu\/","title":{"rendered":"Gi\u1edbi thi\u1ec7u"},"content":{"rendered":"\n<h1 class=\"txt_tt\">\u0110\u1ea1i l\u00fd Toyota<\/h1>\n<div class=\"content_page clearfix\">\n\n<strong>Gi\u1edbi thi\u1ec7u v\u1ec1 \u0111\u1ea1i l\u00fd:<\/strong>\n\nX\u00ed nghi\u1ec7p Toyota H\u1ed3 Ch\u00ed Minh l\u00e0 doanh nghi\u1ec7p nh\u00e0 n\u01b0\u1edbc tr\u1ef1c thu\u1ed9c T\u1ed5ng C\u00f4ng ty V\u1eadn t\u1ea3i H\u1ed3 Ch\u00ed Minh \u0111\u01b0\u1ee3c th\u00e0nh l\u1eadp ng\u00e0y 10\/5\/1997.\n\nX\u00ed nghi\u1ec7p c\u00f3 tr\u1ee5 s\u1edf t\u1ea1i s\u1ed1 490A, \u0110i\u1ec7n Bi\u00ean Ph\u1ee7, P.21, Q. T\u00e2n B\u00ecnh, Tp. HCM.\n\n<img loading=\"lazy\" class=\"aligncenter\" src=\"\/wp-content\/uploads\/2017\/09\/gioi-thieu-140-4.jpg\" alt=\"\" width=\"800\" height=\"600\">\n\n<strong>Ng\u00e0nh ngh\u1ec1 kinh doanh, s\u1ea3n ph\u1ea9m d\u1ecbch v\u1ee5:<\/strong>\n\nL\u00e0 \u0111\u1ea1i l\u00fd ch\u00ednh h\u00e3ng c\u1ee7a C\u00f4ng ty ToyotaVi\u1ec7t Nam- Chuy\u00ean kinh doanh xe Toyota, cung c\u1ea5p d\u1ecbch v\u1ee5 sau b\u00e1n h\u00e0ng v\u00e0 ph\u1ee5 t\u00f9ng ch\u00ednh h\u00e3ng.\n\nTrong nh\u1eefng n\u0103m kinh doanh, b\u01b0\u1edbc \u0111\u1ea7u X\u00ed nghi\u1ec7p c\u0169ng \u0111\u00e3 \u0111\u1ea1t \u0111\u01b0\u1ee3c m\u1ed9t s\u1ed1 th\u00e0nh t\u1ef1u:\n&#8211; 8 n\u0103m li\u00ean t\u1ee5c (1998 \u2013 2005), n\u0103m 2007, 2010 l\u00e0 \u0111\u1ea1i l\u00fd xu\u1ea5t s\u1eafc nh\u1ea5t Toyota Vi\u1ec7tNam v\u1ec1 c\u00e1c m\u1eb7t b\u00e1n h\u00e0ng, d\u1ecbch v\u1ee5, l\u00e0m h\u00e0i l\u00f2ng kh\u00e1ch h\u00e0ng.\n&#8211; L\u00e0 \u0111\u1ea1i l\u00fd \u0111\u1ea7u ti\u00ean \u0111\u1ea1t doanh s\u1ed1 b\u00e1n 1000 xe\/n\u0103m v\u00e0o n\u0103m 2002\n&#8211; L\u00e0 \u0111\u1ea1i l\u00fd \u0111\u1ea7u ti\u00ean \u0111\u1ea1t doanh s\u1ed1 b\u00e1n 2000 xe\/n\u0103m v\u00e0o n\u0103m 2003\n&#8211; L\u00e0 \u0111\u1ea1i l\u00fd \u0111\u1ea7u ti\u00ean \u0111\u1ea1t doanh s\u1ed1 xe b\u00e1n l\u0169y ti\u1ebfn 5000 xe v\u00e0o th\u00e1ng 06\/2003\n&#8211; L\u00e0 \u0111\u1ea1i l\u00fd \u0111\u1ea7u ti\u00ean \u0111\u1ea1t doanh s\u1ed1 xe b\u00e1n l\u0169y ti\u1ebfn 10.000 xe v\u00e0o gi\u1eefa n\u0103m 2006.\n\nV\u1edbi 2.500m2 bao g\u1ed3m nh\u00e0 x\u01b0\u1edfng, b\u00e3i \u0111\u1ed7 xe, ph\u00f2ng tr\u01b0ng b\u00e0y \u00f4 t\u00f4, ph\u00f2ng ch\u1edd cho kh\u00e1ch h\u00e0ng, ph\u00f2ng c\u1ed1 v\u1ea5n d\u1ecbch v\u1ee5, ph\u00f2ng ph\u1ee5 t\u00f9ng&#8230; v\u1edbi \u0111\u1ea7y \u0111\u1ee7 trang thi\u1ebft b\u1ecb hi\u1ec7n \u0111\u1ea1i ch\u1eafc ch\u1eafn s\u1ebd mang l\u1ea1i cho kh\u00e1ch h\u00e0ng s\u1ef1 h\u00e0i l\u00f2ng v\u00e0 tho\u1ea3i m\u00e1i khi \u0111\u1ebfn v\u1edbi ch\u00fang t\u00f4i.\n\n<strong>M\u1ecdi chi ti\u1ebft ch\u01b0\u01a1ng tr\u00ecnh khuy\u1ebfn m\u1ea1i xin li\u00ean h\u1ec7 Mr. Nam: 094.999.9295<\/strong>\n\n<\/div>\n","protected":false},"excerpt":{"rendered":"<p>\u0110\u1ea1i l\u00fd Toyota Gi\u1edbi thi\u1ec7u v\u1ec1 \u0111\u1ea1i l\u00fd: X\u00ed nghi\u1ec7p Toyota H\u1ed3 Ch\u00ed Minh l\u00e0 doanh nghi\u1ec7p nh\u00e0 n\u01b0\u1edbc tr\u1ef1c thu\u1ed9c T\u1ed5ng C\u00f4ng ty V\u1eadn t\u1ea3i H\u1ed3 Ch\u00ed Minh \u0111\u01b0\u1ee3c th\u00e0nh l\u1eadp ng\u00e0y 10\/5\/1997. X\u00ed nghi\u1ec7p c\u00f3 tr\u1ee5 s\u1edf t\u1ea1i s\u1ed1 490A, \u0110i\u1ec7n Bi\u00ean Ph\u1ee7, P.21, Q. T\u00e2n B\u00ecnh, Tp. HCM. Ng\u00e0nh ngh\u1ec1 kinh doanh, &#8230;<\/p>\n","protected":false},"author":1,"featured_media":0,"parent":0,"menu_order":0,"comment_status":"closed","ping_status":"closed","template":"","meta":[],"_links":{"self":[{"href":"https:\/\/hosting.conasi.vn\/w\/toyota2011\/wp-json\/wp\/v2\/pages\/140"}],"collection":[{"href":"https:\/\/hosting.conasi.vn\/w\/toyota2011\/wp-json\/wp\/v2\/pages"}],"about":[{"href":"https:\/\/hosting.conasi.vn\/w\/toyota2011\/wp-json\/wp\/v2\/types\/page"}],"author":[{"embeddable":true,"href":"https:\/\/hosting.conasi.vn\/w\/toyota2011\/wp-json\/wp\/v2\/users\/1"}],"replies":[{"embeddable":true,"href":"https:\/\/hosting.conasi.vn\/w\/toyota2011\/wp-json\/wp\/v2\/comments?post=140"}],"version-history":[{"count":4,"href":"https:\/\/hosting.conasi.vn\/w\/toyota2011\/wp-json\/wp\/v2\/pages\/140\/revisions"}],"predecessor-version":[{"id":646,"href":"https:\/\/hosting.conasi.vn\/w\/toyota2011\/wp-json\/wp\/v2\/pages\/140\/revisions\/646"}],"wp:attachment":[{"href":"https:\/\/hosting.conasi.vn\/w\/toyota2011\/wp-json\/wp\/v2\/media?parent=140"}],"curies":[{"name":"wp","href":"https:\/\/api.w.org\/{rel}","templated":true}]}}