{"id":127,"date":"2017-09-11T07:15:20","date_gmt":"2017-09-11T07:15:20","guid":{"rendered":"http:\/\/toyota.khowebseotop.vn\/?page_id=127"},"modified":"2019-09-21T19:19:39","modified_gmt":"2019-09-21T12:19:39","slug":"gia-xe-moi","status":"publish","type":"page","link":"https:\/\/hosting.conasi.vn\/w\/toyota2011\/gia-xe-moi\/","title":{"rendered":"B\u1ea3ng gi\u00e1"},"content":{"rendered":"\n<h3><\/h3>\n<h3><strong>Gi\u00e1 xe \u00f4 t\u00f4 Toyota<\/strong>\n01\/08\/2017<\/h3>\n<h3>V\u1edbi th\u1eddi gian hi\u1ec7n t\u1ea1i r\u1ea5t nhi\u1ec1u c\u00e1c h\u00e3ng xe gi\u1ea3m gi\u00e1 r\u1ea5t t\u1ed1t v\u00e0 Toyota c\u0169ng kh\u00f4ng ph\u1ea3i l\u00e0 ngo\u1ea1i l\u1ec7.Trong th\u00e1ng 9\/2017 xe Toyota hi\u1ec7n t\u1ea1i \u0111ang gi\u1ea3m gi\u00e1 r\u1ea5t s\u00e2u. Theo \u00fd ki\u1ebfn c\u1ee7a c\u00e1c chuy\u00ean gia \u0111\u1ea7u ngh\u00e0nh th\u00ec gi\u00e1 xe \u00f4 t\u00f4 \u0111\u00e3 v\u1ec1 v\u1edbi gi\u00e1 tr\u1ecb th\u1ef1c c\u1ee7a xe.Nh\u1eefng ng\u01b0\u1eddi d\u00e2n v\u1eabn v\u00e0 \u0111ang \u0111\u1ee3i gi\u1ea3m thu\u1ebf th\u00ec c\u0169ng n\u00ean c\u00e2n nh\u1eafc v\u1ec1 th\u1eddi gian l\u1ea5y xe c\u1ee7a m\u00ecnh.<\/h3>\n<h3>B\u1ea2NG GI\u00c1 XE \u00d4 T\u00d4 TOYOTA TH\u00c1NG 09\/2017<\/h3>\n<strong>TOYOTA VIOS 2017<\/strong>\n\u0110\u00e2y l\u00e0 m\u1eabu xe h\u1ea1ng nh\u1ecf d\u00e0nh cho c\u00e1 nh\u00e2n v\u00e0 gia \u0111\u00ecnh c\u1ee7a Toyota. N\u1ed5i ti\u1ebfng v\u1edbi gi\u00e1 c\u1ea3 r\u1ebb nh\u1ea5t, k\u00edch th\u01b0\u1edbc g\u1ecdn g\u00e0ng, gi\u00fap di chuy\u1ec3n linh ho\u1ea1t ngay c\u1ea3 trong ph\u1ed1 \u0111\u00f4ng, kh\u1ea3 n\u0103ng ti\u00eau hao nhi\u00ean li\u1ec7u \u0111\u00e1ng m\u01a1 \u01b0\u1edbc (ch\u1ec9 5,5 l\u00edt cho 100km). Th\u00e1ng 03\/2014, phi\u00ean b\u1ea3n m\u1edbi c\u1ee7a m\u1eabu xe gia \u0111\u00ecnh h\u1ea1ng B n\u1ed5i ti\u1ebfng c\u1ee7a Toyota ch\u00ednh th\u1ee9c ra m\u1eaft t\u1ea1i Vi\u1ec7t nam. V\u1edbi thi\u1ebft k\u1ebf ho\u00e0n to\u00e0n m\u1edbi, tr\u1ebb trung hi\u1ec7n \u0111\u1ea1i, k\u00edch th\u01b0\u1edbc nh\u1ec9nh h\u01a1n phi\u00ean b\u1ea3n hi\u1ec7n t\u1ea1i m\u1ed9t ch\u00fat. Th\u00e1ng 9\/2016, m\u1eabu xe n\u00e0y ti\u1ebfp t\u1ee5c ra m\u1eaft b\u1ea3n n\u00e2ng c\u1ea5p v\u1edbi \u0111\u1ed9ng c\u01a1 th\u1ebf h\u1ec7 m\u1edbi th\u00f4ng minh h\u01a1n (Dual VVt-i), h\u1ed9p s\u1ed1 v\u00f4 c\u1ea5p CVT v\u00e0 \u0111\u1eb7c bi\u1ec7t c\u00f3 th\u00eam b\u1ea3n s\u1ed1 t\u1ef1 \u0111\u1ed9ng gi\u00e1 r\u1ebb\nXe Toyota Vios 2016 \u2013 2017 ra m\u1eaft ng\u00e0y 16\/9\/2016 v\u1edbi \u0111\u1ed9ng c\u01a1 th\u1ebf h\u1ec7 m\u1edbi\n<strong>B\u1ea3n Vios 1.5G AT(s\u1ed1 t\u1ef1 \u0111\u1ed9ng):622.000.000 VN\u0110<\/strong>\n<strong>B\u1ea3n Vios 1.5 E AT(s\u1ed1 t\u1ef1 \u0111\u1ed9ng): 588.000.000 VN\u0110<\/strong>\n<strong>B\u1ea3n Vios 1.5 E MT(s\u1ed1 s\u00e0n): 564.000.000 VN\u0110<\/strong>\n\n<img class=\"size-full wp-image-531 aligncenter\" src=\"\/wp-content\/uploads\/2017\/09\/bang-gia-127.jpg\" alt=\"\">\n\n<strong>TOYOTA ALTIS 2017<\/strong>\nToyota Corolla Altis l\u00e0 m\u1eabu xe sedan \u0111\u01b0\u1ee3c \u01b0a chu\u1ed9ng nh\u1ea5t c\u1ee7a Toyota tr\u00ean th\u1ebf gi\u1edbi c\u0169ng nh\u01b0 \u1edf Vi\u1ec7t nam. \u0110\u00e2y l\u00e0 m\u1eabu xe c\u1ee1 nh\u1ecf h\u1ea1ng trung v\u1edbi gi\u00e1 c\u1ea3 h\u1ee3p l\u00fd nh\u01b0ng l\u1ea1i \u0111\u00e1p \u1ee9ng \u0111\u01b0\u1ee3c nhu c\u1ea7u c\u1ee7a s\u1ed1 \u0111\u00f4ng kh\u00e1ch h\u00e0ng, b\u1ea5t k\u1ec3 h\u1ecd l\u00e0 ai, l\u00e0m g\u00ec, kh\u1ea3 n\u0103ng t\u00e0i ch\u00ednh ra sao. Model 2015 \u0111\u00e3 \u0111\u01b0\u1ee3c ra m\u1eaft trong th\u00e1ng 9\/2014 v\u1edbi nh\u1eefng phi\u00ean b\u1ea3n 1.8 v\u00e0 2.0 c\u00f9ng phong c\u00e1ch thi\u1ebft k\u1ebf m\u1edbi v\u00f4 c\u00f9ng \u1ea5n t\u01b0\u1ee3ng v\u00e0 tr\u1ebb trung. Gi\u00e1 xe altis th\u1ebf h\u1ec7 m\u1edbi c\u0169ng ch\u1ec9 t\u0103ng ch\u00fat \u00edt t\u1ea1i 02 phi\u00ean b\u1ea3n 1.8, trong khi \u0111\u00f3 phi\u00ean b\u1ea3n 2.0 th\u1ef1c s\u1ef1 l\u00e0m h\u00e0i l\u00f2ng nh\u1eefng kh\u00e1ch h\u00e0ng tr\u1ebb trung th\u00e0nh \u0111\u1ea1t v\u00e0 c\u00f3 ni\u1ec1m \u0111am m\u00ea c\u00f4ng ngh\u1ec7. M\u1eabu xe n\u00e0y trang b\u1ecb nh\u1eefng ti\u1ec7n nghi \u0111\u1eb3ng c\u1ea5p nh\u01b0 Smart key, VSC, TRC, h\u1ed7 tr\u1ee3 kh\u1edfi h\u00e0nh ngang d\u1ed1c, \u0111\u1ea7u DVD nguy\u00ean b\u1ea3n, camera tr\u00ean g\u01b0\u01a1ng, \u0111\u00e8n projector b\u00f3ng chi\u1ebfu LED, lazang v\u00e0 b\u1ed9 qu\u00e2y th\u1ec3 thao\n\n<strong>Xe c\u00f3 4 m\u00e0u: \u0110en, B\u1ea1c, N\u00e2u \u0110\u1ed3ng, X\u00e1m<\/strong>\n<strong>TOYOTA ALTIS 2.0 AT :933.000.000 VN\u0110<\/strong>\n<strong>TOYOTA ALTIS 1.8 G AT (t\u1ef1 \u0111\u1ed9ng) : 797.000.000 VN\u0110<\/strong>\n<strong>TOYOTA ALTIS 1.8 G MT (s\u1ed1 s\u00e0n) : 747.000.000 VN\u0110<\/strong>\n\n<img class=\"size-full wp-image-532 aligncenter\" src=\"\/wp-content\/uploads\/2017\/09\/bang-gia-127-1.jpg\" alt=\"\">\n\n<strong>TOYOTA CAMRY 2017<\/strong>\nCamry l\u00e0 m\u1eabu sedan th\u1ed1ng tr\u1ecb h\u1ea1ng trung cao c\u1ea5p t\u1ea1i th\u1ecb tr\u01b0\u1eddng Vi\u1ec7t nam. V\u1edbi nh\u1eefng \u0111\u1ed1i th\u1ee7 m\u1ea1nh nh\u01b0 Honad Accord, Ford Mondeo, Hyundai Sonata trong ph\u00e2n kh\u00fac n\u00e0y th\u00ec c\u00f3 l\u00fac th\u1ecb ph\u1ea7n c\u1ee7a Camry l\u00ean t\u1edbi 98%. Th\u1ebf h\u1ec7 m\u1edbi c\u1ee7a Camry \u0111\u01b0\u1ee3c cung c\u1ea5p 3 phi\u00ean b\u1ea3n l\u00e0 2.0 e, 2.5 G v\u00e0 2.5 Q. C\u1ea3 3 phi\u00ean b\u1ea3n \u0111\u1ec1u c\u00f3 ngo\u1ea1i th\u1ea5t g\u1ea7n nh\u01b0 gi\u1ed1ng nhau: Thi\u1ebft k\u1ebf theo phong c\u00e1ch Lexus, \u0111\u00e8n HID, c\u1eeda kh\u00f4ng c\u00f3 n\u1eb9p. N\u1ed9i th\u1ea5t th\u00ec b\u1ea3n 2.5 Q n\u1ed5i b\u1eadt v\u1edbi t\u00f4ng m\u00e0u \u0111en, m\u00e0n h\u00ecnh DVD 7\u2033, \u0111i\u1ec1u h\u00f2a 3 v\u00f9ng t\u1ef1 \u0111\u1ed9ng. 2 phi\u00ean b\u1ea3n c\u00f2n l\u1ea1i v\u1edbi gh\u1ebf da m\u00e0u ghi, \u0111\u1ea7u CD, \u0111i\u1ec1u h\u00f2a 2 v\u00f9ng, v\u00e0 \u0111\u1eb7c bi\u1ec7t th\u1ebf h\u1ec7 m\u1edbi 2017 c\u1ea3 3 phi\u00ean b\u1ea3n \u0111\u1ec1u trang b\u1ecb smartkey, lazang 17\u2033, t\u0103ng \u0111\u1ed9 an to\u00e0n v\u1edbi full 7 t\u00fai kh\u00ed.\nCamry 2017 tr\u00ecnh l\u00e0ng trong th\u00e1ng 12\/2016 v\u1edbi nhi\u1ec1u thay \u0111\u1ed5i\n<strong>TOYOTA CAMRY 2.5 Q:1.383.000.000 VN\u0110<\/strong>\n<strong>TOYOTA CAMRY 2017 G:1.236.000.000 VN\u0110<\/strong>\n<strong>TOYOTA CAMRY 2.0 E :1.098.000.000 VN\u0110<\/strong>\n<img class=\"size-full wp-image-533 aligncenter\" src=\"\/wp-content\/uploads\/2017\/09\/bang-gia-127-2.jpg\" alt=\"\">\n\n<strong>TOYOTA YARIS 2017<\/strong>\nModel 2017 ra m\u1eaft t\u1ea1i Vi\u1ec7t nam v\u00e0o th\u00e1ng 10\/2016. M\u1eabu xe m\u1edbi s\u1eed d\u1ee5ng \u0111\u1ed9ng c\u01a1 m\u1edbi 1.5 l\u00edt c\u00f4ng ngh\u1ec7 Dual VVT-i, c\u00f4ng su\u1ea5t 107 m\u00e3 l\u1ef1c. D\u00f2ng xe n\u00e0y r\u1ea5t \u0111\u01b0\u1ee3c \u01b0a chu\u1ed9ng tr\u00ean th\u1ebf gi\u1edbi v\u00e0 \u0111\u01b0\u1ee3c Toyota Vi\u1ec7t nam nh\u1eadp kh\u1ea9u nguy\u00ean chi\u1ebfc t\u1eeb Th\u00e1i Lan. V\u1edbi h\u1ed9p s\u1ed1 t\u1ef1 \u0111\u1ed9ng v\u00f4 c\u1ea5p m\u1edbi gi\u00fap l\u00e1i xe \u00eam \u00e1i h\u01a1n, tay l\u00e1i tr\u1ee3 l\u1ef1c \u0111i\u1ec7n v\u00e0 kh\u1ea3 n\u0103ng ti\u1ebft ki\u1ec7m x\u0103ng khi\u1ebfn cho d\u00f2ng xe n\u00e0y r\u1ea5t \u0111\u01b0\u1ee3c c\u00e1c ch\u1ecb em ph\u1ee5 n\u1eef \u01b0a chu\u1ed9ng. \u0110\u1ed1i th\u1ee7 ch\u00ednh c\u1ee7a Yaris l\u00e0 Mazda2 hatchback\nM\u00e0u : \u0110\u1ecf, B\u1ea1c, X\u00e1m, Xanh, Tr\u1eafng\nXe Yaris m\u1edbi d\u00e0i h\u01a1n xe Toyota Yaris c\u0169 33cm v\u1edbi phong c\u00e1ch thi\u1ebft k\u1ebf \u201cg\u00e2n gu\u1ed1c\u201d h\u01a1n.\n<strong>XE OTO TOYOTA YARIS 1.3E: 592.000.000 VN\u0110<\/strong>\n<strong>TOYOTA YARIS 1.3G (b\u1ea3n n\u00e2ng c\u1ea5p):642.000.000 VN\u0110<\/strong>\n\n<img class=\"size-full wp-image-534 aligncenter\" src=\"\/wp-content\/uploads\/2017\/09\/bang-gia-127-3.jpg\" alt=\"\">\n\n<strong>TOYOTA INNOVA 2017<\/strong>\nL\u00e0 d\u00f2ng xe th\u1ed1ng tr\u1ecb ph\u00e2n kh\u00fac \u0111a d\u1ee5ng nhi\u1ec1u n\u0103m li\u1ec1n, Innova l\u00e0 \u201cqu\u1ea3 bom t\u1ea5n\u201d c\u1ee7a Toyota. T\u00ednh \u0111\u1ebfn th\u1eddi \u0111i\u1ec3m cu\u1ed1i n\u0103m 2012, Innova \u0111\u00e3 ti\u00eau th\u1ee5 \u0111\u01b0\u1ee3c kho\u1ea3ng 80.000 xe t\u1ea1i th\u1ecb tr\u01b0\u1eddng Vi\u1ec7t nam. Phi\u00ean b\u1ea3n m\u1edbi \u0111\u01b0\u1ee3c ra m\u1eaft th\u00e1ng 03\/2014 v\u1edbi nhi\u1ec1u c\u1ea3i ti\u1ebfn v\u1ec1 trang thi\u1ebft b\u1ecb v\u00e0 ki\u1ec3u d\u00e1ng. C\u1ea3 4 phi\u00ean b\u1ea3n Innova \u0111\u1ec1u c\u00f3 c\u00f9ng k\u00edch th\u01b0\u1edbc 4585x1760x1750mm, chi\u1ec1u d\u00e0i c\u01a1 s\u1edf 2720mm cho khoang h\u00e0nh kh\u00e1ch kh\u00e1 r\u1ed9ng r\u00e3i v\u00e0 tho\u1ea3i m\u00e1i. Innova c\u0169ng l\u00e0 m\u1eabu xe n\u1ed5i ti\u1ebfng kinh t\u1ebf: \u0111\u1ed9 b\u1ec1n, an to\u00e0n, ti\u1ebft ki\u1ec7m nhi\u00ean li\u1ec7u v\u00e0 gi\u00e1 tr\u1ecb b\u00e1n l\u1ea1i cao.\n<strong>M\u00e0u : \u0110en, B\u1ea1c, N\u00e2u v\u00e0ng,<\/strong>\n<strong>TOYOTA INNOVA 2.0V cao c\u1ea5p (07 ch\u1ed7):995.000.000 VN\u0110<\/strong>\n<strong>TOYOTA INNOVA G AT(08 ch\u1ed7):859.000.000 VN\u0110<\/strong>\n<strong>TOYOTA INNOVA E :793.000.000 VN\u0110<\/strong>\n\n<img class=\"size-full wp-image-535 aligncenter\" src=\"\/wp-content\/uploads\/2017\/09\/bang-gia-127-4.jpg\" alt=\"\">\n<h4>TOYOTA FORTUNER 2017\nM\u1eabu xe SUV \u0111\u1ecba h\u00ecnh vi\u1ec7t d\u00e3 c\u1ee7a Toyota \u0111\u01b0\u1ee3c ra m\u1eaft l\u1ea7n \u0111\u1ea7u n\u0103m 2009. Ban \u0111\u1ea7u xe \u0111\u01b0\u1ee3c l\u1eafp r\u00e1p t\u1ea1i Vi\u1ec7t nam v\u00e0 ngay l\u1eadp t\u1ee9c l\u1ecdt v\u00e0o danh s\u00e1ch 5 xe b\u00e1n ch\u1ea1y nh\u1ea5t Vi\u1ec7t nam v\u00e0 lu\u00f4n d\u1eabn \u0111\u1ea7u ph\u00e2n kh\u00fac SUV. Cho \u0111\u1ebfn th\u00e1ng 1\/2017, m\u1eabu xe n\u00e0y ch\u00ednh th\u1ee9c \u0111\u01b0\u1ee3c nh\u1eadp kh\u1ea9u nguy\u00ean chi\u1ebfc t\u1eeb Asean v\u1ec1 ph\u00e2n ph\u1ed1i t\u1ea1i Vi\u1ec7t nam, \u0111\u00e1nh d\u1ea5u s\u1ef1 thay \u0111\u1ed5i trong ch\u00ednh s\u00e1ch c\u1ee7a t\u1eadp \u0111o\u00e0n Toyota t\u1ea1i th\u1ecb tr\u01b0\u1eddng Vi\u1ec7t nam\nM\u00e0u : \u0110en, B\u1ea1c, X\u00e1m \u0111\u00e1, Tr\u1eafng, N\u00e2u \u0111\u1eadm\n<strong>Gi\u00e1 Toyota Fortuner V 4\u00d74 m\u00e1y x\u0103ng s\u1ed1 t\u1ef1 \u0111\u1ed9ng: 1.308.000.000 VN\u0110<\/strong>\n<strong>Gi\u00e1 Toyota Fortuner V 4\u00d72 m\u00e1y x\u0103ng s\u1ed1 t\u1ef1 \u0111\u1ed9ng:1.149.000.000 VN\u0110<\/strong>\n<strong>Gi\u00e1 Toyota Fortuner G 4\u00d72 m\u00e1y d\u1ea7u s\u1ed1 s\u00e0n:981.000.000 VN\u0110<\/strong><\/h4>\n<img class=\"size-full wp-image-536 aligncenter\" src=\"\/wp-content\/uploads\/2017\/09\/bang-gia-127-5.jpg\" alt=\"\">\n\n<strong>TOYOTA LANDCRUISER PRADO 2017<\/strong>\nM\u1eabu xe nh\u1eadp kh\u1ea9u nguy\u00ean chi\u1ebfc t\u1eeb Nh\u1eadt B\u1ea3n v\u1edbi 07 ch\u1ed7, \u0111\u1ed9ng c\u01a1 2.7 Dual VVT-i, m\u00e1y x\u0103ng, 2 c\u1ea7u 4 b\u00e1nh ch\u1ee7 \u0111\u1ed9ng to\u00e0n th\u1eddi gian. Tuy s\u1eed d\u1ee5ng kh\u1ed1i \u0111\u1ed9ng c\u01a1 c\u00f3 dung t\u00edch b\u1eb1ng m\u1eabu xe Fortuner nh\u01b0ng c\u00f4ng su\u1ea5t v\u00e0 momen xo\u1eafn c\u1ee7a Prado l\u1edbn h\u01a1n. Phi\u00ean b\u1ea3n 2016 s\u1eed d\u1ee5ng h\u1ed9p s\u1ed1 t\u1ef1 \u0111\u1ed9ng 6 c\u1ea5p, n\u1ed9i th\u1ea5t sang tr\u1ecdng v\u1edbi t\u00f4ng m\u00e0u \u0111en, h\u00e0ng gh\u1ebf tr\u01b0\u1edbc ch\u1ec9nh \u0111i\u1ec7n, gi\u00e0n \u00e2m thanh 9 loa, \u0111\u1ea7u DVD, m\u00e0n h\u00ecnh \u0111a th\u00f4ng tin; an to\u00e0n v\u1edbi 7 t\u00fai kh\u00ed (c\u00f3 th\u00eam 2 t\u00fai kh\u00ed r\u00e8m, 2 t\u00fai kh\u00ed h\u00f4ng v\u00e0 t\u00fai kh\u00ed \u0111\u1ea7u g\u1ed1i t\u1eeb th\u00e1ng 12\/2013), phanh ABS, EBD, BA, h\u1ec7 th\u1ed1ng ki\u1ec3m so\u00e1t \u1ed5n \u0111\u1ecbnh xe VSC, h\u1ec7 th\u1ed1ng ki\u1ec3m so\u00e1t l\u1ef1c k\u00e9o TRC, c\u1ea3m bi\u1ebfn l\u00f9i v\u00e0 c\u1ea3m bi\u1ebfn g\u00f3c. \u0110\u1eb7c bi\u1ec7t nay prado \u0111\u00e3 c\u00f3 th\u00eam h\u1ed9p \u0111\u1ec3 l\u00e0m l\u1ea1nh \u0111\u1ed3 u\u1ed1ng\u2026\n<strong>GI\u00c1 XE \u00d4 T\u00d4 TOYOTA LAND CRUISER PRADO 2017: 2.167.000.000 VN\u0110<\/strong>\n\n<img class=\"size-full wp-image-537 aligncenter\" src=\"\/wp-content\/uploads\/2017\/09\/bang-gia-127-6.jpg\" alt=\"\">\n\n<strong>TOYOTA LAND CRUISER 2017<\/strong>\nToyota Land Cruiser l\u00e0 m\u1eabu xe \u0111\u1ecba h\u00ecnh vi\u1ec7t d\u00e3 cao c\u1ea5p nh\u1ea5t c\u1ee7a Toyota t\u1ea1i th\u1ecb tr\u01b0\u1eddng Ch\u00e2u \u00e1 c\u0169ng nh\u01b0 Vi\u1ec7t nam. \u0110\u01b0\u1ee3c nh\u1eadp kh\u1ea9u nguy\u00ean chi\u1ebfc t\u1eeb Nh\u1eadt b\u1ea3n, v\u1edbi 2 phi\u00ean b\u1ea3n full v\u00e0 base, Land cruiser 2017 c\u00f9ng v\u1edbi Prado \u0111ang th\u1ed1ng l\u0129nh ph\u00e2n kh\u00fac SUV vi\u1ec7t d\u00e3 cao c\u1ea5p t\u1ea1i th\u1ecb tr\u01b0\u1eddng Vi\u1ec7t nam. Th\u1ebf h\u1ec7 m\u1edbi n\u1ed5i b\u1eadt v\u1edbi \u0111\u1ed9ng c\u01a1 dung t\u00edch 4,6 l\u00edt, V8, c\u00f4ng ngh\u1ec7 Dual VVt-i, cam k\u00e9p v\u1edbi c\u00e1c t\u00ednh n\u0103ng v\u01b0\u1ee3t \u0111\u1ecba h\u00ecnh cao c\u1ea5p s\u1ebd \u0111\u00e1p \u1ee9ng t\u1ea5t c\u1ea3 nh\u1eefng nhu c\u1ea7u kh\u1eaft khe nh\u1ea5t c\u1ee7a kh\u00e1ch h\u00e0ng.\nLand Cruiser 2017 ra m\u1eaft th\u00e1ng 12\/2016 c\u00f3 c\u1ea3i ti\u1ebfn \u0111\u00e1ng l\u01b0u \u00fd so v\u1edbi b\u1ea3n 2016 c\u0169 \u1edf m\u1ea7u n\u1ed9i th\u1ea5t chuy\u1ec3n t\u1eeb v\u00e0ng sang \u0111en, ti\u00eau chu\u1ea9n kh\u00ed th\u00e0i \u0111\u01b0\u1ee3c n\u00e2ng l\u00ean Euro 4.\n<strong>LAND CRUISER 2017 B\u1ea2N FULL:3.650.000.000 VN\u0110<\/strong>\n\n<img class=\"size-full wp-image-538 aligncenter\" src=\"\/wp-content\/uploads\/2017\/09\/bang-gia-127-7.jpg\" alt=\"\">\n\n<strong>TOYOTA HILUX PICKUP 2017<\/strong>\nToyota Hilux 2017 \u2013 d\u00f2ng xe b\u00e1n t\u1ea3i m\u1edbi nh\u1ea5t c\u1ee7a Toyota ra m\u1eaft v\u00e0o th\u00e1ng 11\/2016. L\u1ea7n ra m\u1eaft n\u00e0y Toyota Hilux d\u00f9ng 2 phi\u00ean b\u1ea3n \u0111\u1ed9ng c\u01a1 c\u1ea3i ti\u1ebfn dung t\u00edch nh\u1ecf h\u01a1n (2.8l v\u00e0 2.4l) nh\u01b0ng c\u00f4ng su\u1ea5t v\u00e0 m\u00f4 men xo\u1eafn l\u1ea1i l\u1edbn h\u01a1n phi\u00ean b\u1ea3n c\u0169. Ti\u00eau chu\u1ea9n kh\u00ed th\u1ea3i c\u1ee7a xe l\u00e0 euro 4. Ngo\u00e0i ra h\u1ed1c h\u00fat gi\u00f3 tr\u00ean n\u1eafp capo \u0111\u00e3 \u0111\u01b0\u1ee3c b\u1ecf \u0111i cho xe \u0111\u1eb9p v\u00e0 g\u1ecdn h\u01a1n. M\u00e0u xe c\u0169ng phong ph\u00fa h\u01a1n v\u1edbi 6 m\u00e0u \u0111\u1ec3 kh\u00e1ch h\u00e0ng c\u00f3 th\u1ec3 tho\u1ea3i m\u00e1i l\u1ef1a ch\u1ecdn\n\n<strong>M\u1ea7u xe: \u0110\u1ecf, tr\u1eafng, \u0111en, b\u1ea1c, x\u00e1m, cam. Gi\u00e1 xe c\u0169ng c\u00f3 ch\u00fat thay \u0111\u1ed5i.<\/strong>\n<strong>Toyota Hilux 2016 \u2013 2017 ra m\u1eaft trong th\u00e1ng 11\/2016<\/strong>\n<strong>TOYOTA HILUX Q 2.8 2017 (2 c\u1ea7u-s\u1ed1 t\u1ef1 \u0111\u1ed9ng) :870.000.000 VN\u0110<\/strong>\n<strong>TOYOTA HILUX G 2.8 2017 (2 c\u1ea7u-s\u1ed1 s\u00e0n) :797.000.000 VN\u0110<\/strong>\n<strong>TOYOTA HILUX E 2.4 2017 (1 c\u1ea7u) :697.000.000 VN\u0110<\/strong>\n\n<img class=\"size-full wp-image-539 aligncenter\" src=\"\/wp-content\/uploads\/2017\/09\/bang-gia-127-8.jpg\" alt=\"\">\n<h3>M\u1ecdi th\u00f4ng tin chi ti\u1ebft xin vui l\u00f2ng li\u00ean h\u1ec7:<\/h3>\n<h3><strong>Hotline: Mr Nam 0999000000<\/strong>\n<strong>Email:hotro@webdemo.com<\/strong><\/h3>\n","protected":false},"excerpt":{"rendered":"<p>Gi\u00e1 xe \u00f4 t\u00f4 Toyota 01\/08\/2017 V\u1edbi th\u1eddi gian hi\u1ec7n t\u1ea1i r\u1ea5t nhi\u1ec1u c\u00e1c h\u00e3ng xe gi\u1ea3m gi\u00e1 r\u1ea5t t\u1ed1t v\u00e0 Toyota c\u0169ng kh\u00f4ng ph\u1ea3i l\u00e0 ngo\u1ea1i l\u1ec7.Trong th\u00e1ng 9\/2017 xe Toyota hi\u1ec7n t\u1ea1i \u0111ang gi\u1ea3m gi\u00e1 r\u1ea5t s\u00e2u. Theo \u00fd ki\u1ebfn c\u1ee7a c\u00e1c chuy\u00ean gia \u0111\u1ea7u ngh\u00e0nh th\u00ec gi\u00e1 xe \u00f4 t\u00f4 \u0111\u00e3 v\u1ec1 &#8230;<\/p>\n","protected":false},"author":1,"featured_media":0,"parent":0,"menu_order":0,"comment_status":"closed","ping_status":"closed","template":"","meta":[],"_links":{"self":[{"href":"https:\/\/hosting.conasi.vn\/w\/toyota2011\/wp-json\/wp\/v2\/pages\/127"}],"collection":[{"href":"https:\/\/hosting.conasi.vn\/w\/toyota2011\/wp-json\/wp\/v2\/pages"}],"about":[{"href":"https:\/\/hosting.conasi.vn\/w\/toyota2011\/wp-json\/wp\/v2\/types\/page"}],"author":[{"embeddable":true,"href":"https:\/\/hosting.conasi.vn\/w\/toyota2011\/wp-json\/wp\/v2\/users\/1"}],"replies":[{"embeddable":true,"href":"https:\/\/hosting.conasi.vn\/w\/toyota2011\/wp-json\/wp\/v2\/comments?post=127"}],"version-history":[{"count":5,"href":"https:\/\/hosting.conasi.vn\/w\/toyota2011\/wp-json\/wp\/v2\/pages\/127\/revisions"}],"predecessor-version":[{"id":649,"href":"https:\/\/hosting.conasi.vn\/w\/toyota2011\/wp-json\/wp\/v2\/pages\/127\/revisions\/649"}],"wp:attachment":[{"href":"https:\/\/hosting.conasi.vn\/w\/toyota2011\/wp-json\/wp\/v2\/media?parent=127"}],"curies":[{"name":"wp","href":"https:\/\/api.w.org\/{rel}","templated":true}]}}