{"id":125,"date":"2017-09-11T07:14:14","date_gmt":"2017-09-11T07:14:14","guid":{"rendered":"http:\/\/toyota.khowebseotop.vn\/?page_id=125"},"modified":"2019-09-21T19:16:10","modified_gmt":"2019-09-21T12:16:10","slug":"mua-xe-tra-gop","status":"publish","type":"page","link":"https:\/\/hosting.conasi.vn\/w\/toyota2011\/mua-xe-tra-gop\/","title":{"rendered":"Mua xe tr\u1ea3 g\u00f3p"},"content":{"rendered":"\n<div id=\"wrapper\">\n<div class=\"container\">\n<div id=\"main-body\">\n<div class=\"heading\">\n<h1 class=\"entry-title\">MUA XE TR\u1ea2 G\u00d3P<\/h1>\n<\/div>\n<div id=\"content\" class=\"post-65 page type-page status-publish hentry\">\n<div class=\"entry entry-content\">\n\nChuy\u00ean m\u1ee5c t\u01b0 v\u1ea5n d\u00e0nh ri\u00eang cho c\u00e1c Kh\u00e1ch h\u00e0ng c\u00f3 nhu c\u1ea7u mua xe Toyota tr\u1ea3 g\u00f3p. Li\u00ean h\u1ec7 ngay v\u1edbi Chuy\u00ean gia t\u01b0 v\u1ea5n b\u00e1n h\u00e0ng s\u1ed1 \u0111i\u1ec7n tho\u1ea1i Hotline: Mr Nam 0999000000\n\nD\u00e0nh cho Kh\u00e1ch h\u00e0ng l\u00e0 C\u00e1 nh\u00e2n\n\nSao y h\u1ed9 kh\u1ea9u t\u1ea1i TP H\u1ed3 Ch\u00ed Minh.\nSao y CMND.\nGi\u1ea5y ch\u1ee9ng nh\u1eadn \u0111\u1ed9c th\u00e2n ho\u1eb7c gi\u1ea5y k\u1ebft h\u00f4n.\nCh\u1ee9ng minh thu nh\u1eadp b\u1eb1ng: h\u1ee3p \u0111\u1ed3ng lao \u0111\u1ed9ng, b\u1ea3ng l\u01b0\u01a1ng, s\u1ed5 ti\u1ebft ki\u1ec7m, t\u00e0i kho\u1ea3n c\u00e1 nh\u00e2n.\nC\u00e1 nh\u00e2n s\u1edf h\u1eefu t\u00e0i s\u1ea3n c\u00f3 gi\u00e1 tr\u1ecb: nh\u00e0 c\u1eeda, \u0111\u1ea5t \u0111ai, c\u00e1c lo\u1ea1i \u00f4 t\u00f4 , m\u00e1y m\u00f3c, d\u00e2y chuy\u1ec1n nh\u00e0 m\u00e1y, nh\u00e0 x\u01b0\u1edfng,..\nH\u1ee3p \u0111\u1ed3ng cho thu\u00ea xe, thu\u00ea nh\u00e0, cho thu\u00ea x\u01b0\u1edfng, gi\u1ea5y g\u00f3p v\u1ed1n, c\u1ed5 ph\u1ea7n, c\u1ed5 phi\u1ebfu, tr\u00e1i phi\u1ebfu.\nN\u1ebfu c\u00e1 nh\u00e2n c\u00f3 c\u00f4ng ty ri\u00eang m\u00e0 thu nh\u1eadp ch\u1ee7 y\u1ebfu t\u1eeb c\u00f4ng ty th\u00ec th\u00eam: b\u00e1o c\u00e1o thu\u1ebf, b\u00e1o c\u00e1o t\u00e0i ch\u00ednh, b\u1ea3ng l\u01b0\u01a1ng, b\u1ea3ng chia l\u1ee3i nhu\u1eadn t\u1eeb c\u00f4ng ty. Gi\u1ea5y ph\u00e9p \u0111\u0103ng k\u00fd kinh doanh\nHo\u00e1 \u0111\u01a1n chi ph\u00ed c\u00e1 nh\u00e2n c\u00e1c th\u00e1ng g\u1ea7n nh\u1ea5t: \u0111i\u1ec7n tho\u1ea1i, chi ph\u00ed giao d\u1ecbch l\u00e0m \u0103n.\nTrong tr\u01b0\u1eddng h\u1ee3p c\u00e1 nh\u00e2n mua kh\u00f4ng \u0111\u1ee7 \u0111i\u1ec1u ki\u1ec7n, c\u00f3 th\u1ec3 nh\u1edd ng\u01b0\u1eddi th\u00e2n c\u00f3 kh\u1ea3 n\u0103ng thu nh\u1eadp t\u1ed1t l\u00e0m gi\u1ea5y b\u1ea3o l\u00e3nh cho Ng\u00e2n h\u00e0ng th\u1ea9m \u0111\u1ecbnh.\n\u0110\u01a1n xin vay v\u1ed1n Ng\u00e2n h\u00e0ng v\u00e0 ph\u01b0\u01a1ng \u00e1n tr\u1ea3 l\u00e3i ( theo m\u1eabu c\u1ee7a Ng\u00e2n h\u00e0ng ).\nD\u00e0nh cho Kh\u00e1ch h\u00e0ng l\u00e0 C\u00f4ng ty ho\u1eb7c Doanh nghi\u1ec7p mua xe\n\nGi\u1ea5y ph\u00e9p kinh doanh.\nGi\u1ea5y b\u1ed5 nhi\u1ec7m Gi\u00e1m \u0111\u1ed1c, b\u1ed5 nhi\u1ec7m k\u1ebf to\u00e1n tr\u01b0\u1edfng.\nGi\u1ea5y \u0111\u0103ng k\u00fd s\u1eed d\u1ee5ng m\u1eabu d\u1ea5u (b\u1ea3n copy)\nM\u00e3 s\u1ed1 thu\u1ebf\nB\u00e1o c\u00e1o thu\u1ebf 01 n\u0103m g\u1ea7n nh\u1ea5t.\nB\u00e1o c\u00e1o ho\u00e1 \u0111\u01a1n VAT 01 n\u0103m g\u1ea7n nh\u1ea5t.\nB\u00e1o c\u00e1o t\u00e0i ch\u00ednh 01 n\u0103m g\u1ea7n nh\u1ea5t.\n\u0110i\u1ec1u l\u1ec7 c\u00f4ng ty.\nBi\u00ean b\u1ea3n h\u1ecdp c\u1ee7a h\u1ed9i \u0111\u1ed3ng qu\u1ea3n tr\u1ecb.\nH\u1ee3p \u0111\u1ed3ng kinh t\u1ebf \u0111\u1ea7u ra, \u0111\u1ea7u v\u00e0o.\nGi\u1ea5y s\u1edf h\u1eefu c\u01a1 s\u1edf v\u1eadt ch\u1ea5t: nh\u00e0 m\u00e1y, d\u00e2y chuy\u1ec1n, m\u00e1y m\u00f3c, thi\u1ebft b\u1ecb, nh\u00e0 x\u01b0\u1edfng, \u00f4t\u00f4 kh\u00e1c\n\u0110\u01a1n xin vay v\u1ed1n ng\u00e2n h\u00e0ng v\u00e0 ph\u01b0\u01a1ng \u00e1n tr\u1ea3 l\u00e3i ( theo m\u1eabu c\u1ee7a Ng\u00e2n h\u00e0ng ).\nNG\u00c2N H\u00c0NG HO\u1eb6C C\u00d4NG TY CHO THU\u00ca T\u00c0I CH\u00cdNH S\u1ebc T\u00c0I TR\u1ee2\n\nNg\u00e2n h\u00e0ng\n\nM\u1ee9c t\u00e0i tr\u1ee3 th\u00f4ng th\u01b0\u1eddng 75% tr\u00ean t\u00e0i s\u1ea3n th\u1ebf ch\u1ea5p.\nTh\u1eddi gian t\u1ed1i \u0111a 5 n\u0103m.\nL\u00e3i su\u1ea5t th\u00f4ng th\u01b0\u1eddng c\u1ee7a NHTMCP : 1,2%\/th\u00e1ng.\nTh\u1eddi gian th\u1ea9m \u0111\u1ecbnh h\u1ed3 s\u01a1 sau khi nh\u1eadn \u0111\u1ea7y \u0111\u1ee7 24 gi\u1edd.\nChi ph\u00ed : ph\u00ed th\u1ee7 t\u1ee5c h\u00e0nh ch\u00e1nh .\nTh\u1ee7 t\u1ee5c h\u00e0nh ch\u00e1nh t\u1ea1i ng\u00e2n h\u00e0ng g\u1ed3m: ph\u00ed \u0111\u1ea3m b\u1ea3o t\u00e0i s\u1ea3n, ph\u00ed m\u1edf t\u00e0i kho\u1ea3n, ph\u00ed c\u00f4ng ch\u1ee9ng sao y, c\u00e0 v\u1eb9t xe, mua b\u1ea3o hi\u1ec3m th\u00e2n xe 1,6% tr\u1ecb gi\u00e1 xe trong th\u1eddi gian vay.\nC\u00f4ng ty cho thu\u00ea t\u00e0i ch\u00ednh\n\nM\u1ee9c t\u00e0i tr\u1ee3 t\u1ed1i \u0111a 75% tr\u00ean t\u00e0i s\u1ea3n th\u1ebf ch\u1ea5p.\nTh\u1eddi gian t\u1ed1i \u0111a 05 n\u0103m.\nL\u00e3i su\u1ea5t \u01b0u \u0111\u00e3i : 1% \u2013 1,1% th\u00e1ng.\nTh\u1eddi gian th\u1ea9m \u0111\u1ecbnh h\u1ed3 s\u01a1 sau khi nh\u1eadn \u0111\u1ea7y \u0111\u1ee7: 05 ng\u00e0y.\nC\u00f4ng ty cho thu\u00ea t\u00e0i ch\u00ednh \u0111\u1ee9ng t\u00ean ch\u1ee7 xe, sau khi kh\u00e1ch tr\u1ea3 h\u1ebft n\u1ee3, c\u00f4ng ty s\u1ebd sang t\u00ean l\u1ea1i cho kh\u00e1ch.\nChi ph\u00ed : ph\u00ed th\u1ee7 t\u1ee5c h\u00e0nh ch\u00ednh\nTh\u1ee7 t\u1ee5c h\u00e0nh ch\u00ednh t\u1ea1i Ng\u00e2n h\u00e0ng g\u1ed3m: ph\u00ed \u0111\u1ea3m b\u1ea3o t\u00e0i s\u1ea3n, ph\u00ed m\u1edf t\u00e0i kh\u1ecfan, ph\u00ed c\u00f4ng ch\u1ee9ng sao y, c\u00e0 v\u1eb9t xe, mua b\u1ea3o hi\u1ec3m th\u00e2n xe trong th\u1eddi gian vay.\n\u0110\u01a1n xin vay v\u1ed1n ng\u00e2n h\u00e0ng v\u00e0 ph\u01b0\u01a1ng \u00e1n tr\u1ea3 l\u00e3i (theo m\u1eabu c\u1ee7a c\u00f4ng ty cho thu\u00ea t\u00e0i ch\u00ednh)\nQUY TR\u00ccNH MUA XE TR\u1ea2 G\u00d3P\n\nKh\u00e1ch h\u00e0ng chu\u1ea9n b\u1ecb \u0111\u1ea7y \u0111\u1ee7 h\u1ed3 s\u01a1 theo h\u01b0\u1edbng d\u1eabn c\u1ee7a nh\u00e2n vi\u00ean t\u00edn d\u1ee5ng.\nNh\u00e2n vi\u00ean th\u1ea9m \u0111\u1ecbnh \u0111\u1ebfn t\u1eadn nh\u00e0 \u0111\u1ec3 th\u1ea9m \u0111\u1ecbnh v\u00e0 l\u1ea5y h\u1ed3 s\u01a1.\nSau khi c\u00f3 gi\u1ea5y t\u00e0i tr\u1ee3 t\u00edn d\u1ee5ng v\u00e0 h\u1ed3 s\u01a1 xe.\nKh\u00e1ch h\u00e0ng ph\u1ea3i ti\u1ebfn h\u00e0nh \u0111\u00f3ng ti\u1ec1n xe v\u00e0 chi ph\u00ed l\u00e0m th\u1ee7 t\u1ee5c \u0111\u0103ng k\u00fd xe.\nKhi c\u00f3 bi\u1ec3n s\u1ed1 xe v\u00e0 c\u00f3 gi\u1ea5y h\u1eb9n, kh\u00e1ch h\u00e0ng l\u00ean ng\u00e2n h\u00e0ng k\u00fd h\u1ee3p \u0111\u1ed3ng t\u00edn d\u1ee5ng, \u0111\u00f3ng ph\u00ed h\u00e0nh ch\u00ednh v\u00e0 gi\u1ea5y nh\u1eadn n\u1ee3 c\u1ee7a ng\u00e2n h\u00e0ng.\nKhi ti\u1ec1n chuy\u1ec3n kho\u1ea3n c\u1ee7a ng\u00e2n h\u00e0ng v\u00e0o t\u00e0i kho\u1ea3n c\u1ee7a \u0110\u1ea1i l\u00fd Nissan, th\u00ec kh\u00e1ch h\u00e0ng mang theo CMND v\u00e0 gi\u1ea5y gi\u1edbi thi\u1ec7u l\u00ean nh\u1eadn xe, k\u00fd bi\u00ean b\u1ea3n b\u00e0n giao xe v\u1edbi gi\u1ea5y t\u1edd xe h\u1ee3p l\u1ec7 theo ph\u00e1p lu\u1eadt.\nKhi c\u00f3 gi\u1ea5y \u0111\u0103ng k\u00fd xe, Ng\u00e2n h\u00e0ng s\u1ebd \u0111i \u0111\u0103ng k\u00fd v\u00e0 sao y cho kh\u00e1ch h\u00e0ng m\u1ed9t b\u1ea3n \u0111\u1ec3 s\u1eed d\u1ee5ng.\nTr\u01b0\u1eddng h\u1ee3p kh\u00e1ch mua qua C\u00f4ng ty cho thu\u00ea t\u00e0i ch\u00ednh th\u00ec kh\u00e1ch h\u00e0ng \u0111\u00f3ng ti\u1ec1n xe t\u1ea1i C\u00f4ng ty cho thu\u00ea t\u00e0i ch\u00ednh. Chi ph\u00ed \u0111\u0103ng k\u00fd xe kh\u00e1ch h\u00e0ng ph\u1ea3i ch\u1ecbu, Bi\u00ean b\u1ea3n b\u00e0n giao xe 03 b\u00ean c\u00f9ng k\u00fd \u0111\u1ec3 c\u00f4ng ty cho thu\u00ea t\u00e0i ch\u00ednh gi\u1ea3i ng\u00e2n cho h\u00e3ng xe\nTr\u01b0\u1eddng h\u1ee3p kh\u00e1ch h\u00e0ng \u1edf t\u1ec9nh mua xe tr\u1ea3 g\u00f3p th\u00ec chi ph\u00ed D\u1ecbch v\u1ee5 \u0111i \u0111\u0103ng k\u00fd xe do kh\u00e1ch h\u00e0ng ch\u1ecbu, t\u00f9y theo t\u1ec9nh xa hay g\u1ea7n m\u00e0 th\u1ecfa thu\u1eadn.\n\n<\/div>\n<\/div>\n<\/div>\n<\/div>\n<\/div>\n<div id=\"botsl\"><\/div>\n","protected":false},"excerpt":{"rendered":"<p>MUA XE TR\u1ea2 G\u00d3P Chuy\u00ean m\u1ee5c t\u01b0 v\u1ea5n d\u00e0nh ri\u00eang cho c\u00e1c Kh\u00e1ch h\u00e0ng c\u00f3 nhu c\u1ea7u mua xe Toyota tr\u1ea3 g\u00f3p. Li\u00ean h\u1ec7 ngay v\u1edbi Chuy\u00ean gia t\u01b0 v\u1ea5n b\u00e1n h\u00e0ng s\u1ed1 \u0111i\u1ec7n tho\u1ea1i Hotline: Mr Nam 0999000000 D\u00e0nh cho Kh\u00e1ch h\u00e0ng l\u00e0 C\u00e1 nh\u00e2n Sao y h\u1ed9 kh\u1ea9u t\u1ea1i TP H\u1ed3 Ch\u00ed Minh. &#8230;<\/p>\n","protected":false},"author":1,"featured_media":0,"parent":0,"menu_order":0,"comment_status":"closed","ping_status":"closed","template":"","meta":[],"_links":{"self":[{"href":"https:\/\/hosting.conasi.vn\/w\/toyota2011\/wp-json\/wp\/v2\/pages\/125"}],"collection":[{"href":"https:\/\/hosting.conasi.vn\/w\/toyota2011\/wp-json\/wp\/v2\/pages"}],"about":[{"href":"https:\/\/hosting.conasi.vn\/w\/toyota2011\/wp-json\/wp\/v2\/types\/page"}],"author":[{"embeddable":true,"href":"https:\/\/hosting.conasi.vn\/w\/toyota2011\/wp-json\/wp\/v2\/users\/1"}],"replies":[{"embeddable":true,"href":"https:\/\/hosting.conasi.vn\/w\/toyota2011\/wp-json\/wp\/v2\/comments?post=125"}],"version-history":[{"count":3,"href":"https:\/\/hosting.conasi.vn\/w\/toyota2011\/wp-json\/wp\/v2\/pages\/125\/revisions"}],"predecessor-version":[{"id":647,"href":"https:\/\/hosting.conasi.vn\/w\/toyota2011\/wp-json\/wp\/v2\/pages\/125\/revisions\/647"}],"wp:attachment":[{"href":"https:\/\/hosting.conasi.vn\/w\/toyota2011\/wp-json\/wp\/v2\/media?parent=125"}],"curies":[{"name":"wp","href":"https:\/\/api.w.org\/{rel}","templated":true}]}}