{"id":52747,"date":"2019-10-10T11:00:35","date_gmt":"2019-10-10T04:00:35","guid":{"rendered":"http:\/\/thuexe1.muathemewordpress.net\/?post_type=product&#038;p=52747"},"modified":"2020-03-04T15:47:39","modified_gmt":"2020-03-04T08:47:39","slug":"xe-7-cho-don-tien-ga-tau-da-nang","status":"publish","type":"product","link":"https:\/\/hosting.conasi.vn\/w\/thuexe22011\/san-pham\/xe-7-cho-don-tien-ga-tau-da-nang\/","title":{"rendered":"Xe Kia 7 ch\u1ed7 \u0111\u1eddi m\u1edbi"},"content":{"rendered":"<p><strong>\u0110I\u1ec2M N\u1ed4I B\u1eacT<\/strong><\/p>\n<ul>\n<li>Di chuy\u1ec3n ti\u1ec7n l\u1ee3i v\u00e0 nhanh ch\u00f3ng t\u1eeb ga t\u00e0u \u0111\u1ebfn kh\u00e1ch s\u1ea1n hay \u0111\u1ecba \u0111i\u1ec3m qu\u00fd kh\u00e1ch y\u00eau c\u1ea7u.<\/li>\n<li>Qu\u00fd kh\u00e1ch s\u1ebd t\u00ean t\u00e2m v\u1edbi t\u00e0i \u0111\u1ed9i ng\u0169 t\u00e0i x\u1ebf gi\u00e0u kinh nghi\u1ec7m v\u00e0 c\u00e1c d\u00f2ng xe \u0111\u1eddi m\u1edbi \u0111\u1ea3m b\u1ea3o ch\u1ea5t l\u01b0\u1ee3ng.<\/li>\n<li>T\u00e0i x\u1ebf s\u1ebd \u0111\u1ebfn \u0111\u00f3n tr\u01b0\u1edbc 10p theo th\u00f4ng tin chuy\u1ebfn t\u00e0u<\/li>\n<\/ul>\n<p><strong>TH\u00d4NG TIN D\u1ecaCH V\u1ee4<\/strong><\/p>\n<ul>\n<li>Xe \u00f4 t\u00f4 7 ch\u1ed7 \u0111\u1eddi m\u1edbi v\u00e0 t\u00e0i x\u1ebf gi\u00e0u kinh nghi\u1ec7m<\/li>\n<li>Th\u1ef1c hi\u1ec7n \u0111\u00f3n &#8211; ti\u1ec5n kh\u00e1ch t\u1eeb nh\u00e0 ga \u0111\u1ebfn c\u00e1c \u0111\u1ecba \u0111i\u1ec3m t\u00f9y ch\u1ecdn trong v\u00f2ng b\u00e1n k\u00ednh 10km.<\/li>\n<\/ul>\n<p><strong>\u0110I\u1ec0U KI\u1ec6N &amp; \u0110I\u1ec0U KHO\u1ea2N<\/strong><\/p>\n<ul>\n<li>Qu\u00fd kh\u00e1ch ph\u1ea3i \u0111\u1eb7t d\u1ecbch v\u1ee5 tr\u01b0\u1edbc \u00edt nh\u1ea5t 1 ng\u00e0y tr\u01b0\u1edbc ng\u00e0y s\u1eed d\u1ee5ng ho\u1eb7c li\u00ean h\u1ec7 hotline n\u1ebfu \u0111\u1eb7t d\u1ecbch v\u1ee5 g\u1ea5p.<\/li>\n<li>Kh\u00e1ch h\u00e0ng ph\u1ea3i cung c\u1ea5p \u0111\u1ea7y \u0111\u1ee7 th\u1eddi gian \u0111\u00f3n v\u00e0 \u0111i\u1ec3m mong mu\u1ed1n v\u1edbi nh\u00e2n vi\u00ean t\u01b0 v\u1ea5n.<\/li>\n<li>S\u1ebd c\u00f3 ph\u00e1t sinh ph\u1ee5 ph\u00ed n\u1ebfu l\u1ed9 tr\u00ecnh \u0111i c\u1ee7a kh\u00e1ch v\u01b0\u1ee3t qu\u00e1 gi\u1edbi h\u1ea1n c\u1ee7a l\u1ed9 tr\u00ecnh m\u1eabu trong s\u1ea3n ph\u1ea9m.<\/li>\n<li>N\u1ebfu qu\u00fd kh\u00e1ch kh\u00f4ng \u0111\u1ed3ng \u00fd v\u1edbi ph\u1ee5 ph\u00ed \u0111\u00f3n m\u00e0 nh\u00e0 cung c\u1ea5p d\u1ecbch v\u1ee5 \u0111\u01b0a ra, qu\u00fd kh\u00e1ch s\u1ebd \u0111\u01b0\u1ee3c ho\u00e0n ti\u1ec1n 100%.<\/li>\n<li>T\u00e0i x\u1ebf s\u1ebd \u0111\u1ee3i qu\u00fd kh\u00e1ch t\u1ed1i \u0111a 15 ph\u00fat t\u00ednh t\u1eeb th\u1eddi \u0111i\u1ec3m \u0111\u00f3n.<\/li>\n<li>Vui l\u00f2ng th\u00f4ng b\u00e1o cho nh\u00e0 cung c\u1ea5p d\u1ecbch v\u1ee5 n\u1ebfu c\u00f3 b\u1ea5t k\u00ec s\u1ef1 ch\u1eadm tr\u1ec5 n\u00e0o trong chuy\u1ebfn t\u00e0u c\u1ee7a qu\u00fd kh\u00e1ch<\/li>\n<\/ul>\n<p><strong>CH\u00cdNH S\u00c1CH H\u1ee6Y<\/strong><\/p>\n<ul>\n<li>Mi\u1ec5n ph\u00ed h\u1ee7y tr\u01b0\u1edbc \u00edt nh\u1ea5t 1 ng\u00e0y so v\u1edbi ng\u00e0y s\u1eed d\u1ee5ng<\/li>\n<li>T\u1ea5t c\u1ea3 c\u00e1c ph\u00e1t sinh h\u1ee7y sau th\u1eddi gian tr\u00ean s\u1ebd b\u1ecb t\u00ednh ph\u00ed<\/li>\n<\/ul>\n","protected":false},"excerpt":{"rendered":"<ul>\n<li>Di chuy\u1ec3n ti\u1ec7n l\u1ee3i v\u00e0 nhanh ch\u00f3ng t\u1eeb ga t\u00e0u \u0111\u1ebfn kh\u00e1ch s\u1ea1n hay \u0111\u1ecba \u0111i\u1ec3m qu\u00fd kh\u00e1ch y\u00eau c\u1ea7u.<\/li>\n<li>Qu\u00fd kh\u00e1ch s\u1ebd t\u00ean t\u00e2m v\u1edbi t\u00e0i \u0111\u1ed9i ng\u0169 t\u00e0i x\u1ebf gi\u00e0u kinh nghi\u1ec7m v\u00e0 c\u00e1c d\u00f2ng xe \u0111\u1eddi m\u1edbi \u0111\u1ea3m b\u1ea3o ch\u1ea5t l\u01b0\u1ee3ng.<\/li>\n<li>T\u00e0i x\u1ebf s\u1ebd \u0111\u1ebfn \u0111\u00f3n tr\u01b0\u1edbc 10p theo th\u00f4ng tin chuy\u1ebfn t\u00e0u<\/li>\n<\/ul>\n","protected":false},"featured_media":87437,"comment_status":"open","ping_status":"closed","template":"","meta":[],"_links":{"self":[{"href":"https:\/\/hosting.conasi.vn\/w\/thuexe22011\/wp-json\/wp\/v2\/product\/52747"}],"collection":[{"href":"https:\/\/hosting.conasi.vn\/w\/thuexe22011\/wp-json\/wp\/v2\/product"}],"about":[{"href":"https:\/\/hosting.conasi.vn\/w\/thuexe22011\/wp-json\/wp\/v2\/types\/product"}],"replies":[{"embeddable":true,"href":"https:\/\/hosting.conasi.vn\/w\/thuexe22011\/wp-json\/wp\/v2\/comments?post=52747"}],"wp:featuredmedia":[{"embeddable":true,"href":"https:\/\/hosting.conasi.vn\/w\/thuexe22011\/wp-json\/wp\/v2\/media\/87437"}],"wp:attachment":[{"href":"https:\/\/hosting.conasi.vn\/w\/thuexe22011\/wp-json\/wp\/v2\/media?parent=52747"}],"curies":[{"name":"wp","href":"https:\/\/api.w.org\/{rel}","templated":true}]}}