{"id":187,"date":"2019-05-07T09:55:02","date_gmt":"2019-05-07T02:55:02","guid":{"rendered":"https:\/\/thucphamchucnang1.khowebseotop.vn\/?post_type=product&#038;p=187"},"modified":"2019-09-17T23:10:19","modified_gmt":"2019-09-17T16:10:19","slug":"phan-hoy-tri%cc%a3-hoi-nach-hoi-chan","status":"publish","type":"product","link":"https:\/\/hosting.conasi.vn\/w\/thucpham82011\/san-pham\/phan-hoy-tri%cc%a3-hoi-nach-hoi-chan\/","title":{"rendered":"Ph\u00e2\u0301n HOY tri\u0323 h\u00f4i na\u0301ch h\u00f4i ch\u00e2n"},"content":{"rendered":"<p>Ph\u1ea5n HOY \u0111\u1eb7c tr\u1ecb h\u00f4i n\u00e1ch, h\u00f4i ch\u00e2n l\u00e0 m\u1ed9t s\u1ea3n ph\u1ea9m HOT \u0111\u01b0\u1ee3c <a href=\"https:\/\/cuonganhauthentic.com\/\">C\u01b0\u1eddng Anh Authentic<\/a> tung ra th\u1ecb tr\u01b0\u1eddng v\u00e0o th\u00e1ng 4 n\u0103m 2019. M\u0103\u0323c du\u0300 la\u0300 sa\u0309n ph\u00e2\u0309m \u201c<em>sinh sau \u0111e\u0309 mu\u00f4\u0323n<\/em>\u201d so v\u01a1\u0301i nh\u01b0\u0303ng \u0111a\u0300n anh \u0111i tr\u01b0\u01a1\u0301c nh\u01b0ng la\u0323i \u0111\u01b0\u01a1\u0323c \u0111\u00f4ng \u0111a\u0309o kha\u0301ch ha\u0300ng y\u00eau thi\u0301ch s\u01b0\u0309 du\u0323ng. Kh\u00f4ng chi\u0309 h\u00e2\u0301p d\u00e2\u0303n b\u01a1\u0309i nh\u01b0\u0303ng tha\u0300nh ph\u00e2\u0300n t\u01b0\u0300 100% tha\u0309o d\u01b0\u01a1\u0323c t\u01b0\u0323 nhi\u00ean ma\u0300 co\u0300n b\u01a1\u0309i ti\u0301nh hi\u00ea\u0323u qua\u0309 cu\u0309a sa\u0309n ph\u00e2\u0309m.<\/p>\n<p>Ph\u00e2\u0301n HOY tri\u0323 h\u00f4i na\u0301ch, h\u00f4i ch\u00e2n cu\u0309a C\u01b0\u01a1\u0300ng Anh Authentic hi\u00ea\u0323u qua\u0309 ngay sau l\u00e2\u0300n s\u01b0\u0309 du\u0323ng \u0111\u00e2\u0300u ti\u00ean. \u0110\u0103\u0323c bi\u00ea\u0323t v\u01a1\u0301i nh\u01b0\u0303ng ba\u0323n na\u0300o bi\u0323 ti\u0300nh tra\u0323ng h\u00f4i na\u0301ch, h\u00f4i ch\u00e2n la\u0300m a\u0309nh h\u01b0\u01a1\u0309ng t\u01a1\u0301i sinh hoa\u0323t ha\u0300ng nga\u0300y thi\u0300 n\u00ean s\u01b0\u0309 du\u0323ng ngay sa\u0309n ph\u00e2\u0309m na\u0300y.<\/p>\n<div id=\"attachment_1817\" class=\"wp-caption aligncenter\">\n<p><img loading=\"lazy\" class=\"size-full wp-image-1817 lazyloaded\" src=\"https:\/\/cuonganhauthentic.com\/wp-content\/uploads\/2019\/04\/thuoc-dac-tri-hoi-nach-HOY-cuong-anh.jpg\" sizes=\"(max-width: 750px) 100vw, 750px\" srcset=\"https:\/\/cuonganhauthentic.com\/wp-content\/uploads\/2019\/04\/thuoc-dac-tri-hoi-nach-HOY-cuong-anh.jpg 750w, https:\/\/cuonganhauthentic.com\/wp-content\/uploads\/2019\/04\/thuoc-dac-tri-hoi-nach-HOY-cuong-anh-300x220.jpg 300w, https:\/\/cuonganhauthentic.com\/wp-content\/uploads\/2019\/04\/thuoc-dac-tri-hoi-nach-HOY-cuong-anh-600x441.jpg 600w\" alt=\"Thu\u00f4\u0301c \u0111i\u00ea\u0300u tri\u0323 h\u00f4i na\u0301ch h\u00f4i ch\u00e2n - Ph\u00e2\u0301n HOY C\u01b0\u01a1\u0300ng Anh\" width=\"750\" height=\"551\" aria-describedby=\"caption-attachment-1817\" data-lazy-src=\"https:\/\/cuonganhauthentic.com\/wp-content\/uploads\/2019\/04\/thuoc-dac-tri-hoi-nach-HOY-cuong-anh.jpg\" data-lazy-srcset=\"https:\/\/cuonganhauthentic.com\/wp-content\/uploads\/2019\/04\/thuoc-dac-tri-hoi-nach-HOY-cuong-anh.jpg 750w, https:\/\/cuonganhauthentic.com\/wp-content\/uploads\/2019\/04\/thuoc-dac-tri-hoi-nach-HOY-cuong-anh-300x220.jpg 300w, https:\/\/cuonganhauthentic.com\/wp-content\/uploads\/2019\/04\/thuoc-dac-tri-hoi-nach-HOY-cuong-anh-600x441.jpg 600w\" data-was-processed=\"true\" \/><\/p>\n<p id=\"caption-attachment-1817\" class=\"wp-caption-text\">Thu\u00f4\u0301c \u0111i\u00ea\u0300u tri\u0323 h\u00f4i na\u0301ch h\u00f4i ch\u00e2n \u2013 Ph\u00e2\u0301n HOY C\u01b0\u01a1\u0300ng Anh<\/p>\n<\/div>\n<h2><strong>Vi\u0300 sao chu\u0301ng ta la\u0323i bi\u0323 h\u00f4i na\u0301ch, h\u00f4i ch\u00e2n?<\/strong><\/h2>\n<p>C\u0103n b\u1ec7nh h\u00f4i n\u00e1ch, h\u00f4i ch\u00e2n tuy kh\u00f4ng nguy hi\u1ec3m \u0111\u1ebfn t\u00ednh m\u1ea1ng nh\u01b0ng n\u00f3 l\u1ea1i l\u00e0 n\u1ed7i kh\u1ed5 t\u00e2m c\u1ee7a nhi\u1ec1u ng\u01b0\u1eddi. M\u00f9i h\u00f4i kh\u00f4ng ch\u1ec9 khi\u1ebfn nh\u1eefng ng\u01b0\u1eddi xung quanh kh\u00f3 ch\u1ecbu v\u00e0 tr\u00e1nh xa b\u1ea1n m\u00e0 c\u00f2n khi\u1ebfn b\u1ea1n m\u1ea5t t\u1ef1 tin, l\u00e0m gi\u1ea3m ch\u1ea5t l\u01b0\u1ee3ng cu\u1ed9c s\u1ed1ng. \u0110\u00f4i khi ch\u00fang c\u00f2n khi\u1ebfn b\u1ea1n m\u1ea5t \u0111i nh\u1eefng c\u01a1 h\u1ed9i t\u1ed1t trong kinh doanh, quan h\u1ec7 b\u1ea1n b\u00e8, hay trong c\u1ea3 t\u00ecnh y\u00eau,..<\/p>\n<p>H\u00f4i n\u00e1ch, h\u00f4i ch\u00e2n hay nh\u1eefng m\u00f9i h\u00f4i t\u1eeb c\u01a1 th\u1ec3 kh\u00f4ng ch\u1ec9 khi\u1ebfn b\u1ea3n th\u00e2n m\u00e0 c\u1ea3 nh\u1eefng ng\u01b0\u1eddi xung quanh c\u0169ng b\u1ecb \u00e1m \u1ea3nh. Ch\u1eafc h\u1eb3n b\u1ea1n v\u1eabn c\u00f2n nh\u1edb nh\u1eefng clip h\u00e0i tr\u00ean m\u1ea1ng x\u00e3 h\u1ed9i nh\u01b0: m\u00f9i h\u00f4i n\u00e1ch tr\u00ean xa bu\u00fdt, c\u00f4 g\u00e1i b\u1ecb h\u00f4i n\u00e1ch ch\u1ed1n c\u00f4ng s\u1edf, hay c\u00e2u chuy\u1ec7n anh ch\u00e0ng ch\u1ec9 v\u00ec h\u00f4i n\u00e1ch m\u00e0 ng\u01b0\u1eddi y\u00eau ru\u1ed3ng b\u1ecf,..<\/p>\n<p>N\u00f3 kh\u00f4ng ch\u1ec9 l\u00e0 gi\u1ea3i tr\u00ed m\u00e0 c\u00f2n mang t\u00ednh ch\u00e2m bi\u1ebfm nh\u1eefng ng\u01b0\u1eddi b\u1ecb h\u00f4i. Tuy ch\u1eb3ng ph\u1ea3i l\u00e0 c\u0103n b\u1ec7nh nguy hi\u1ec3m g\u00ec nh\u1eefng ng\u01b0\u1eddi ta coi n\u00f3 nh\u01b0 1 c\u1eb7n b\u1ec7nh c\u1ea7n tr\u00e1nh xa.<\/p>\n<p>M\u00f9i h\u00f4i c\u01a1 th\u1ec3 ch\u1ee7 y\u1ebfu xu\u1ea5t ph\u00e1t t\u1eeb n\u00e1ch, ch\u00e2n, b\u1eb9n, l\u00f4ng mu, c\u01a1 quan sinh d\u1ee5c. Ch\u1ee7 y\u1ebfu ch\u00fang ta th\u01b0\u1eddng th\u1ea5y m\u00f9i h\u00f4i t\u1eeb n\u00e1ch v\u00e0 b\u00e0n ch\u00e2n l\u00e0 kh\u00f3 ch\u1ecbu nh\u1ea5t.<\/p>\n<div id=\"attachment_1818\" class=\"wp-caption aligncenter\">\n<p><img loading=\"lazy\" class=\"size-full wp-image-1818 lazyloaded\" src=\"https:\/\/cuonganhauthentic.com\/wp-content\/uploads\/2019\/04\/dieu-tri-dut-diem-hoi-nach-HOY-cuong-anh.jpg\" sizes=\"(max-width: 750px) 100vw, 750px\" srcset=\"https:\/\/cuonganhauthentic.com\/wp-content\/uploads\/2019\/04\/dieu-tri-dut-diem-hoi-nach-HOY-cuong-anh.jpg 750w, https:\/\/cuonganhauthentic.com\/wp-content\/uploads\/2019\/04\/dieu-tri-dut-diem-hoi-nach-HOY-cuong-anh-300x134.jpg 300w, https:\/\/cuonganhauthentic.com\/wp-content\/uploads\/2019\/04\/dieu-tri-dut-diem-hoi-nach-HOY-cuong-anh-600x268.jpg 600w\" alt=\"HOY C\u01b0\u01a1\u0300ng Anh - \u0110i\u00ea\u0300u tri\u0323 d\u01b0\u0301t \u0111i\u00ea\u0309m h\u00f4i na\u0301ch, h\u00f4i ch\u00e2n\" width=\"750\" height=\"335\" aria-describedby=\"caption-attachment-1818\" data-lazy-src=\"https:\/\/cuonganhauthentic.com\/wp-content\/uploads\/2019\/04\/dieu-tri-dut-diem-hoi-nach-HOY-cuong-anh.jpg\" data-lazy-srcset=\"https:\/\/cuonganhauthentic.com\/wp-content\/uploads\/2019\/04\/dieu-tri-dut-diem-hoi-nach-HOY-cuong-anh.jpg 750w, https:\/\/cuonganhauthentic.com\/wp-content\/uploads\/2019\/04\/dieu-tri-dut-diem-hoi-nach-HOY-cuong-anh-300x134.jpg 300w, https:\/\/cuonganhauthentic.com\/wp-content\/uploads\/2019\/04\/dieu-tri-dut-diem-hoi-nach-HOY-cuong-anh-600x268.jpg 600w\" data-was-processed=\"true\" \/><\/p>\n<p id=\"caption-attachment-1818\" class=\"wp-caption-text\">HOY C\u01b0\u01a1\u0300ng Anh \u2013 \u0110i\u00ea\u0300u tri\u0323 d\u01b0\u0301t \u0111i\u00ea\u0309m h\u00f4i na\u0301ch, h\u00f4i ch\u00e2n<\/p>\n<\/div>\n<p>Th\u1ef1c ch\u1ea5t th\u00ec b\u1ea3n th\u00e2n m\u1ed3 h\u00f4i kh\u00f4ng c\u00f3 m\u00f9i g\u00ec c\u1ea3, sau khi ra ngo\u00e0i m\u00f4i tr\u01b0\u1eddng, ti\u1ebfp x\u00fac v\u1edbi c\u00e1c vi khu\u1ea9n tr\u00ean da n\u00ean bi\u1ebfn \u0111\u1ed5i th\u00e0nh ch\u1ea5t g\u00e2y m\u00f9i h\u00f4i kh\u00f3 ch\u1ecbu (bromhidrosis).<\/p>\n<p>Tr\u00ean da ng\u01b0\u1eddi lu\u00f4n t\u1ed3n t\u1ea1i 2 lo\u1ea1i vi khu\u1ea9n Propionibacterium acnes v\u00e0 Staphylococcus epidermidis. Ch\u00fang th\u01b0\u1eddng ti\u00eau h\u00f3a m\u1ed3 h\u00f4i v\u00e0 s\u1ea3n sinh ra acid propionic, propanoic v\u00e0 axit isovaleric. Nh\u1eefng ch\u1ea5t n\u00e0y c\u00f3 m\u00f9i chua nh\u01b0 gi\u1ea5m v\u00e0 t\u1ecfa ra nh\u1eefng m\u00f9i h\u00f4i kh\u00f3 ch\u1ecbu. Nh\u1eefng ng\u01b0\u1eddi \u1edf tu\u1ed5i d\u1eady th\u00ec, \u0103n gia v\u1ecb c\u00f3 m\u00f9i, m\u1eafc b\u1ec7nh ho\u1eb7c u\u1ed1ng m\u1ed9t s\u1ed1 lo\u1ea1i thu\u1ed1c c\u00f3 th\u1ec3 b\u1ecb h\u00f4i n\u00e1ch n\u1eb7ng v\u00e0 nhi\u1ec1u h\u01a1n.<\/p>\n<p>M\u1ed3 h\u00f4i l\u00e0 ch\u1ea5t l\u1ecfng \u0111\u01b0\u1ee3c t\u1ea1o ra b\u1edfi tuy\u1ebfn m\u1ed3 h\u00f4i v\u00e0 tho\u00e1t ra ngo\u00e0i b\u1edfi l\u1ed7 ch\u00e2n l\u00f4ng. M\u1ed3 h\u00f4i c\u00f3 t\u00e1c d\u1ee5ng ch\u00ednh trong vi\u1ec7c l\u00e0m m\u00e1t da, \u1ed5n \u0111\u1ecbnh th\u00e2n nhi\u1ec7t. V\u00ec th\u1ebf m\u00e0 v\u00e0o m\u00f9a h\u00e8, khi nhi\u1ec7t \u0111\u1ed9 m\u00f4i tr\u01b0\u1eddng n\u00f3ng l\u00ean, th\u00ec m\u00f9i h\u00f4i c\u1ee7a c\u01a1 th\u1ec3, \u0111\u1eb7c bi\u1ec7t l\u00e0 h\u00f4i n\u00e1ch v\u00e0 h\u00f4i ch\u00e2n c\u00e0ng tr\u1edf th\u00e0nh n\u1ed7i lo c\u1ee7a nhi\u1ec1u ng\u01b0\u1eddi.<\/p>\n<p>Nh\u01b0ng b\u1ea1n c\u0169ng \u0111\u1eebng lo l\u1eafng qu\u00e1, b\u1edfi gi\u1edd \u0111\u00e2y \u0111\u00e3 c\u00f3 ph\u1ea5n HOY \u0111\u1eb7c tr\u1ecb h\u00f4i n\u00e1ch t\u1eeb th\u1ea3o d\u01b0\u1ee3c r\u1ea5t an to\u00e0n v\u00e0 hi\u1ec7u qu\u1ea3. Kh\u00f4ng ch\u1ec9 gi\u00fap b\u1ea1n kh\u1eed m\u00f9i h\u00f4i n\u00e1ch, h\u00f4i ch\u00e2n ngay l\u1eadp t\u1ee9c trong 24h m\u00e0 c\u00f2n gi\u00fap b\u1ea1n tr\u1ecb kh\u1ecfi t\u1eadn g\u1ed1c c\u0103n b\u1ec7nh h\u00f4i n\u00e1ch h\u00f4i ch\u00e2n kh\u00f3 ch\u1ecbu n\u00e0y.<\/p>\n<h2><strong>Ph\u1ea5n HOY C\u01b0\u1eddng Anh \u2013 Thu\u1ed1c \u0111\u1eb7c tr\u1ecb h\u00f4i n\u00e1ch, h\u00f4i ch\u00e2n d\u1ea1ng b\u1ed9t<\/strong><\/h2>\n<p>L\u1eafng nghe \u0111\u01b0\u1ee3c nh\u1eefng b\u0103n kho\u0103n, lo l\u1eafng c\u1ee7a kh\u00e1ch h\u00e0ng v\u1ec1 m\u00f9i h\u00f4i n\u00e1ch, h\u00f4i ch\u00e2n. C\u01b0\u1eddng Anh Authentic \u0111\u00e3 cho ra \u0111\u1eddi d\u00f2ng s\u1ea3n ph\u1ea9m thu\u1ed1c tr\u1ecb h\u00f4i n\u00e1ch d\u1ea1ng b\u1ed9t c\u00f3 t\u00ean l\u00e0\u00a0<strong><a href=\"https:\/\/cuonganhauthentic.com\/san-pham\/phan-hoy-tri-hoi-nach-hoi-chan\/\">Ph\u1ea5n HOY<\/a><\/strong>. S\u1ea3n ph\u1ea9m gi\u00fap c\u01a1 th\u1ec3 lu\u00f4n kh\u00f4 r\u00e1o, tho\u00e1ng m\u00e1t, m\u1ed3 h\u00f4i bay h\u01a1i d\u1ec5 d\u00e0ng, gi\u00fap kh\u1eed m\u00f9i, di\u1ec7t khu\u1ea9n, xua tan n\u1ed7i lo \u201c<strong><em>m\u00f9i c\u01a1 th\u1ec3<\/em><\/strong>\u201c.<\/p>\n<p><strong>V\u1edbi c\u00e1c th\u00e0nh ph\u1ea7n 100% t\u1eeb th\u1ea3o d\u01b0\u1ee3c r\u1ea5t h\u1eefu hi\u1ec7u trong vi\u1ec7c \u0111i\u1ec1u tr\u1ecb h\u00f4i n\u00e1ch, ph\u1ea5n HOY C\u01b0\u1eddng Anh s\u1ebd gi\u00fap b\u1ea1n:<\/strong><\/p>\n<ul>\n<li>S\u1ebd kh\u00edt l\u1ed7 ch\u00e2n l\u00f4ng<\/li>\n<li>L\u00e0m d\u1ecbu v\u00e0 kh\u1eed m\u00f9i h\u00f4i tri\u1ec7t \u0111\u1ec3 c\u00e1c v\u00f9ng n\u00e1ch, tay, ch\u00e2n.<\/li>\n<li>Hi\u1ec7u qu\u1ea3 ngay sau khi s\u1eed d\u1ee5ng, gi\u00fap ng\u0103n m\u00f9i trong su\u1ed1t 24h<\/li>\n<li>Tr\u1ecb d\u1ee9t \u0111i\u1ec3m t\u00ecnh tr\u1ea1ng h\u00f4i n\u00e1ch, h\u00f4i ch\u00e2n sau 1-2 li\u1ec7u tr\u00ecnh s\u1eed d\u1ee5ng.<\/li>\n<\/ul>\n<p>\u0110\u1eb7c bi\u1ec7t, do \u0111\u01b0\u1ee3c tri\u1ebft xu\u1ea5t v\u00e0 b\u00e0o ch\u1ebf d\u1ea1ng b\u1ed9t n\u00ean kh\u00f4ng g\u00e2y t\u00ecnh tr\u1ea1ng b\u1ebft d\u00ednh, b\u00ed b\u00e1ch, kh\u00f3 ch\u1ecbu nh\u01b0 nh\u1eefng ph\u01b0\u01a1ng ph\u00e1p kh\u00e1c. \u0110\u1eb7c bi\u1ec7t l\u00e0 kh\u00f4ng g\u00e2y \u1ed1 v\u00e0ng tr\u00ean \u00e1o, m\u00f9i h\u00f4i d\u1ecbu nh\u1eb9, quy\u1ebfn r\u0169, t\u1ef1 nhi\u00ean.<\/p>\n<p><img loading=\"lazy\" class=\"aligncenter size-full wp-image-1819 lazyloaded\" src=\"https:\/\/cuonganhauthentic.com\/wp-content\/uploads\/2019\/04\/thuoc-dac-tri-hoi-nach-HOY-cuong-anh-3.jpg\" sizes=\"(max-width: 750px) 100vw, 750px\" srcset=\"https:\/\/cuonganhauthentic.com\/wp-content\/uploads\/2019\/04\/thuoc-dac-tri-hoi-nach-HOY-cuong-anh-3.jpg 750w, https:\/\/cuonganhauthentic.com\/wp-content\/uploads\/2019\/04\/thuoc-dac-tri-hoi-nach-HOY-cuong-anh-3-300x280.jpg 300w, https:\/\/cuonganhauthentic.com\/wp-content\/uploads\/2019\/04\/thuoc-dac-tri-hoi-nach-HOY-cuong-anh-3-600x559.jpg 600w\" alt=\"Thu\u00f4\u0301c \u0111\u0103\u0323c tri\u0323 h\u00f4i na\u0301ch h\u00f4i ch\u00e2n vi\u0303nh vi\u00ea\u0303n\" width=\"750\" height=\"699\" data-lazy-src=\"https:\/\/cuonganhauthentic.com\/wp-content\/uploads\/2019\/04\/thuoc-dac-tri-hoi-nach-HOY-cuong-anh-3.jpg\" data-lazy-srcset=\"https:\/\/cuonganhauthentic.com\/wp-content\/uploads\/2019\/04\/thuoc-dac-tri-hoi-nach-HOY-cuong-anh-3.jpg 750w, https:\/\/cuonganhauthentic.com\/wp-content\/uploads\/2019\/04\/thuoc-dac-tri-hoi-nach-HOY-cuong-anh-3-300x280.jpg 300w, https:\/\/cuonganhauthentic.com\/wp-content\/uploads\/2019\/04\/thuoc-dac-tri-hoi-nach-HOY-cuong-anh-3-600x559.jpg 600w\" data-was-processed=\"true\" \/><\/p>\n<h3>C\u00e1c th\u00e0nh ph\u1ea7n th\u1ea3o d\u01b0\u1ee3c trong ph\u1ea5n HOY C\u01b0\u1eddng Anh:<\/h3>\n<p><strong>\u2013 Qu\u00ea nguy\u00ean ch\u00e2\u0301t:<\/strong>\u00a0Qu\u00ea\u0301 la\u0300 loa\u0323i tha\u0309o d\u01b0\u01a1\u0323c n\u00f4\u0309i ti\u00ea\u0301ng trong vi\u00ea\u0323c kh\u01b0\u0309 mu\u0300i h\u00f4i. Trong vo\u0309 qu\u00ea\u0301 co\u0301 ch\u01b0\u0301a nhi\u00ea\u0300u canxi, s\u1eaft, ch\u1ea5t x\u01a1, tinh d\u1ea7u th\u01a1m giu\u0301p \u0111i\u00ea\u0300u tri\u0323 h\u00f4i na\u0301ch r\u00e2\u0301t t\u00f4\u0301t. Ngoa\u0300i ra, qu\u00ea\u0301 co\u0300n co\u0301 ch\u01b0\u0301a ch\u00e2\u0301t ch\u00f4\u0301ng oxi ho\u0301a r\u00e2\u0301t t\u00f4\u0301t giu\u0301p sa\u0301t khu\u00e2\u0309n va\u0300 kh\u01b0\u0309 mu\u0300i h\u00f4i tr\u00ean da c\u01b0\u0323c ky\u0300 hi\u00ea\u0323u qua\u0309. Tinh d\u00e2\u0300u qu\u00ea\u0301 cu\u0303ng la\u0300 m\u00f4\u0323t trong s\u00f4\u0301 nh\u01b0\u0303ng ba\u0300i thu\u00f4\u0301c \u0111\u0103\u0323c tri\u0323 h\u00f4i na\u0301ch, h\u00f4i ch\u00e2n trong \u0111\u00f4ng y.<\/p>\n<p><strong>\u2013 G\u01b0\u0300ng da\u0323i:<\/strong>\u00a0g\u01b0\u0300ng la\u0300 m\u00f4\u0323t loa\u0323i gia vi\u0323 th\u01b0\u01a1\u0300ng \u0111\u01b0\u01a1\u0323c s\u01b0\u0309 du\u0323ng trong mo\u0301n \u0103n va\u0300 co\u0301 ti\u0301nh no\u0301ng. Nh\u01b0ng i\u0301t ai bi\u00ea\u0301t r\u0103\u0300ng g\u01b0\u0300ng co\u0300n co\u0301 ta\u0301c du\u0323ng th\u00e2\u0300n ky\u0300 trong \u0111i\u00ea\u0300u tri\u0323 b\u00ea\u0323nh h\u00f4i na\u0301ch, h\u00f4i ch\u00e2n. Trong g\u01b0\u0300ng co\u0301 ch\u01b0\u0301a nhi\u00ea\u0300u tinh d\u00e2\u0300u va\u0300 ch\u00e2\u0301t cay g\u00e2y \u01b0\u0301c ch\u00ea\u0301 s\u01b0\u0323 pha\u0301t tri\u00ea\u0309n cu\u0309a vi khu\u00e2\u0309n tr\u00ean da. Do \u0111o\u0301, giu\u0301p loa\u0323i bo\u0309 hoa\u0300n toa\u0300n vi khu\u00e2\u0309n g\u00e2y mu\u0300i h\u00f4i cho c\u01a1 th\u00ea\u0309.<\/p>\n<p><strong>\u2013 Phe\u0300n chua:<\/strong>\u00a0phe\u0300n chua trong \u0111\u00f4ng y co\u0300n \u0111\u01b0\u01a1\u0323c go\u0323i la\u0300 ba\u0323ch pha\u0300n, tha\u0300nh ph\u00e2\u0300n chi\u0301nh co\u0301 trong phe\u0300n la\u0300 nh\u00f4m sunfat. Phe\u0300n chua co\u0301 c\u00f4ng du\u0323ng tr\u01b0\u0300 n\u00e2\u0301m, gia\u0309i \u0111\u00f4\u0323c va\u0300 kha\u0301ng khu\u00e2\u0309n r\u00e2\u0301t t\u00f4\u0301t. Do v\u00e2\u0323y, phe\u0300n chua t\u01b0\u0300 r\u00e2\u0301t l\u00e2u \u0111a\u0303 \u0111\u01b0\u01a1\u0323c ng\u01b0\u01a1\u0300i x\u01b0a s\u01b0\u0309 du\u0323ng la\u0300m thu\u00f4\u0301c tri\u0323 h\u00f4i na\u0301ch.<\/p>\n<p><strong>\u2013 Ngu\u0309 b\u00f4\u0323t t\u01b0\u0309:<\/strong>\u00a0Ngu\u0309 b\u00f4\u0323t t\u01b0\u0309 co\u0301 ta\u0301c\u00a0 du\u0323ng chi\u0301nh trong vi\u00ea\u0323c kha\u0301ng khu\u00e2\u0309n va\u0300 ti\u00eau di\u00ea\u0323t ca\u0301c vi khu\u00e2\u0309n tr\u00ean da. Giu\u0301p la\u0300m se khi\u0301t l\u00f4\u0303 ch\u00e2n l\u00f4ng, khi\u00ea\u0301n la\u0300n da tr\u01a1\u0309 n\u00ean sa\u0301ng mi\u0323n va\u0300 gia\u0309m ti\u00ea\u0301t m\u00f4\u0300 h\u00f4i.<\/p>\n<p>Ngoa\u0300i ra co\u0300n 1 s\u00f4\u0301 vi\u0323 thu\u00f4\u0301c gia truy\u00ea\u0300n quy\u0301 hi\u00ea\u0301m kha\u0301c \u0111\u01b0\u01a1\u0323c pha tr\u00f4\u0323n v\u01a1\u0301i 1 l\u01b0\u01a1\u0323ng v\u01b0\u0300a \u0111u\u0309 \u0111\u00ea\u0309 \u0111i\u00ea\u0300u tri\u0323 h\u00f4i na\u0301ch, h\u00f4i ch\u00e2\u0323n t\u00e2\u0323n g\u00f4\u0301c. 100% tha\u0300nh ph\u00e2\u0300n la\u0300 tha\u0309o d\u01b0\u01a1\u0323c \u0111\u00f4ng y n\u00ean r\u00e2\u0301t an toa\u0300n va\u0300 phu\u0300 h\u01a1\u0323p v\u01a1\u0301i mo\u0323i l\u01b0\u0301a tu\u00f4\u0309i.<\/p>\n<h2><strong>H\u01b0\u1edbng d\u1eabn s\u1eed d\u1ee5ng ph\u1ea5n HOY C\u01b0\u1eddng Anh<\/strong><\/h2>\n<p>Trong 1 h\u00f4\u0323p ph\u00e2\u0301n HOY co\u0301 ch\u01b0\u0301a 20 go\u0301i nho\u0309. M\u00f4\u0303i go\u0301i nho\u0309 na\u0300y \u0111u\u0309 cho s\u01b0\u0309 du\u0323ng 1 l\u00e2\u0300n. M\u00f4\u0303i nga\u0300y sau khi t\u0103\u0301m xong ba\u0323n lau kh\u00f4 vu\u0300ng c\u00e2\u0300n tri\u0323 h\u00f4i. Sau \u0111o\u0301 l\u00e2\u0301y 1 l\u01b0\u01a1\u0323ng b\u00f4\u0323t v\u01b0\u0300a pha\u0309i va\u0300 thoa \u0111\u00ea\u0300u l\u00ean vu\u0300ng da c\u00e2\u0300n \u0111i\u00ea\u0300u tri\u0323.<\/p>\n<p><img loading=\"lazy\" class=\"aligncenter size-full wp-image-1820 lazyloaded\" src=\"https:\/\/cuonganhauthentic.com\/wp-content\/uploads\/2019\/04\/thuoc-dac-tri-hoi-nach-HOY-cuong-anh-1.jpg\" sizes=\"(max-width: 750px) 100vw, 750px\" srcset=\"https:\/\/cuonganhauthentic.com\/wp-content\/uploads\/2019\/04\/thuoc-dac-tri-hoi-nach-HOY-cuong-anh-1.jpg 750w, https:\/\/cuonganhauthentic.com\/wp-content\/uploads\/2019\/04\/thuoc-dac-tri-hoi-nach-HOY-cuong-anh-1-300x220.jpg 300w, https:\/\/cuonganhauthentic.com\/wp-content\/uploads\/2019\/04\/thuoc-dac-tri-hoi-nach-HOY-cuong-anh-1-600x441.jpg 600w\" alt=\"Th\u00f4ng tin h\u01b0\u01a1\u0301ng d\u00e2\u0303n s\u01b0\u0309 du\u0323ng ph\u00e2\u0301n HOY C\u01b0\u01a1\u0300ng Anh\" width=\"750\" height=\"551\" data-lazy-src=\"https:\/\/cuonganhauthentic.com\/wp-content\/uploads\/2019\/04\/thuoc-dac-tri-hoi-nach-HOY-cuong-anh-1.jpg\" data-lazy-srcset=\"https:\/\/cuonganhauthentic.com\/wp-content\/uploads\/2019\/04\/thuoc-dac-tri-hoi-nach-HOY-cuong-anh-1.jpg 750w, https:\/\/cuonganhauthentic.com\/wp-content\/uploads\/2019\/04\/thuoc-dac-tri-hoi-nach-HOY-cuong-anh-1-300x220.jpg 300w, https:\/\/cuonganhauthentic.com\/wp-content\/uploads\/2019\/04\/thuoc-dac-tri-hoi-nach-HOY-cuong-anh-1-600x441.jpg 600w\" data-was-processed=\"true\" \/><\/p>\n<p>Ph\u00e2\u0301n HOY co\u0301 ta\u0301c du\u0323ng ng\u0103n ng\u01b0\u0300a mu\u0300i h\u00f4i ngay sau khi s\u01b0\u0309 du\u0323ng va\u0300 \u0111i\u00ea\u0300u tri\u0323 t\u00e2\u0323n g\u00f4\u0301c h\u00f4i na\u0301ch, h\u00f4i ch\u00e2n. Ba\u0323n n\u00ean s\u01b0\u0309 du\u0323ng theo \u0111u\u0301ng li\u00ea\u0323u tri\u0300nh ma\u0300 t\u01b0 v\u00e2\u0301n vi\u00ean h\u01b0\u01a1\u0301ng d\u00e2\u0303n va\u0300 chi\u0309 \u0111i\u0323nh.<\/p>\n<p><em>(*) L\u01b0u y\u0301: Ba\u0323n n\u00ean s\u01b0\u0309 du\u0323ng li\u00ean tu\u0323c ha\u0300ng nga\u0300y va\u0300 th\u01b0\u01a1\u0300ng xuy\u00ean v\u00ea\u0323 sinh th\u00e2n th\u00ea\u0309 \u0111\u00ea\u0309 sa\u0309n ph\u00e2\u0309m \u0111a\u0323t hi\u00ea\u0323u qua\u0309 cao nh\u00e2\u0301t.<\/em><\/p>\n<h2><strong>Kha\u0301ch ha\u0300ng no\u0301i gi\u0300 sau khi s\u01b0\u0309 du\u0323ng ph\u00e2\u0301n HOY C\u01b0\u01a1\u0300ng Anh?<\/strong><\/h2>\n<p>Sau khi s\u01b0\u0309 du\u0323ng ph\u00e2\u0301n HOY C\u01b0\u01a1\u0300ng Anh thi\u0300 h\u00e2\u0300u h\u00ea\u0301t ca\u0301c kha\u0301ch ha\u0300ng \u0111\u00ea\u0300u ha\u0300i long v\u00ea\u0300 hi\u00ea\u0323u qua\u0309 cu\u0309a sa\u0309n ph\u00e2\u0309m. Ha\u0303y cu\u0300ng nghe 1 va\u0300i pha\u0300n h\u00f4\u0300i cu\u0309a nh\u01b0\u0303ng kha\u0301ch ha\u0300ng \u0111a\u0303 s\u01b0\u0309 du\u0323ng sa\u0309n ph\u00e2\u0309m thu\u00f4\u0301c tri\u0323 h\u00f4i na\u0301ch, h\u00f4i ch\u00e2n HOY.<\/p>\n<div id=\"attachment_1821\" class=\"wp-caption aligncenter\">\n<p><img loading=\"lazy\" class=\"size-full wp-image-1821 lazyloaded\" src=\"https:\/\/cuonganhauthentic.com\/wp-content\/uploads\/2019\/04\/khach-hang-su-dung-phan-HOY-cuong-anh-3.jpg\" sizes=\"(max-width: 750px) 100vw, 750px\" srcset=\"https:\/\/cuonganhauthentic.com\/wp-content\/uploads\/2019\/04\/khach-hang-su-dung-phan-HOY-cuong-anh-3.jpg 750w, https:\/\/cuonganhauthentic.com\/wp-content\/uploads\/2019\/04\/khach-hang-su-dung-phan-HOY-cuong-anh-3-300x220.jpg 300w, https:\/\/cuonganhauthentic.com\/wp-content\/uploads\/2019\/04\/khach-hang-su-dung-phan-HOY-cuong-anh-3-600x441.jpg 600w\" alt=\"kha\u0301ch ha\u0300ng pha\u0300n h\u00f4\u0300i sau khi s\u01b0\u0309 du\u0323ng ph\u00e2\u0301n HOY C\u01b0\u01a1\u0300ng Anh\" width=\"750\" height=\"551\" aria-describedby=\"caption-attachment-1821\" data-lazy-src=\"https:\/\/cuonganhauthentic.com\/wp-content\/uploads\/2019\/04\/khach-hang-su-dung-phan-HOY-cuong-anh-3.jpg\" data-lazy-srcset=\"https:\/\/cuonganhauthentic.com\/wp-content\/uploads\/2019\/04\/khach-hang-su-dung-phan-HOY-cuong-anh-3.jpg 750w, https:\/\/cuonganhauthentic.com\/wp-content\/uploads\/2019\/04\/khach-hang-su-dung-phan-HOY-cuong-anh-3-300x220.jpg 300w, https:\/\/cuonganhauthentic.com\/wp-content\/uploads\/2019\/04\/khach-hang-su-dung-phan-HOY-cuong-anh-3-600x441.jpg 600w\" data-was-processed=\"true\" \/><\/p>\n<p id=\"caption-attachment-1821\" class=\"wp-caption-text\">kha\u0301ch ha\u0300ng pha\u0300n h\u00f4\u0300i sau khi s\u01b0\u0309 du\u0323ng ph\u00e2\u0301n HOY C\u01b0\u01a1\u0300ng Anh<\/p>\n<\/div>\n<p><strong>Anh Linh \u2013 Ha\u0300 N\u00f4\u0323i:<\/strong>\u00a0<em>Tr\u01b0\u01a1\u0301c \u0111\u00e2y, t\u00f4i th\u01b0\u01a1\u0300ng bi\u0323 ra m\u00f4\u0300 h\u00f4i r\u00e2\u0301t nhi\u00ea\u0300u. Nh\u00e2\u0301t la\u0300 nh\u01b0\u0303ng lu\u0301c \u0111i la\u0300m v\u00ea\u0300 c\u01a1\u0309i bo\u0309 qu\u00e2\u0300n a\u0301o hay tha\u0301o \u0111\u00f4i gia\u0300y \u0111a\u0303 \u0111i ca\u0309 nga\u0300y ra thi\u0300 mu\u0300i h\u00f4i r\u00e2\u0301t kho\u0301 chi\u0323u. Nhi\u00ea\u0300u lu\u0301c tan la\u0300m xong he\u0323n v\u01a1\u0301i ba\u0323n be\u0300 \u0111i ch\u01a1i ma\u0300 \u0111\u00ea\u0301n nh\u01b0\u0303ng nha\u0300 ha\u0300ng pha\u0309i c\u01a1\u0309i gia\u0300y ra \u0111\u00ea\u0309 ng\u00f4\u0300i thi\u0300 th\u01b0\u0323c s\u01b0\u0323 r\u00e2\u0301t nga\u0323i va\u0300 kho\u0301 chi\u0323u. Nh\u01b0ng sau khi s\u01b0\u0309 du\u0323ng ph\u00e2\u0301n HOY cu\u0309a C\u01b0\u01a1\u0300ng Anh mi\u0300nh \u0111a\u0303 gia\u0309m h\u0103\u0309n m\u00f4\u0300 h\u00f4i va\u0300 gia\u0300y lu\u0301c na\u0300o cu\u0303ng th\u01a1m. \u0110\u00e2y la\u0300 m\u00f4\u0323t sa\u0309n ph\u00e2\u0309m tuy\u00ea\u0323t v\u01a1\u0300i, ch\u0103\u0301c ch\u0103\u0301n mi\u0300nh se\u0303 gi\u01a1\u0301i thi\u00ea\u0323u cho ba\u0323n be\u0300 mi\u0300nh cu\u0303ng s\u01b0\u0309 du\u0323ng.<\/em><\/p>\n<p><strong>Ba\u0323n Nga Nguy\u00ea\u0303n \u2013 TP.HCM:<\/strong>\u00a0<em>Ba\u0309n th\u00e2n mi\u0300nh n\u0103m nay 20 tu\u00f4\u0309i va\u0300 mu\u0300i h\u00f4i c\u01a1 th\u00ea\u0309 nhi\u00ea\u0300u lu\u0301c khi\u00ea\u0301n mi\u0300nh r\u00e2\u0301t x\u00e2\u0301u h\u00f4\u0309 v\u01a1\u0301i ba\u0323n be\u0300. Mi\u0300nh \u0111a\u0303 th\u01b0\u0309 ti\u0300m nhi\u00ea\u0300u ca\u0301ch kha\u0301c nhau nh\u01b0ng \u0111\u00ea\u0300u chi\u0309 \u0111\u01b0\u01a1\u0323c m\u00f4\u0323t th\u01a1\u0300i gian la\u0323i ta\u0301i pha\u0301t. Qua m\u00f4\u0323t ng\u01b0\u01a1\u0300i ba\u0323n mi\u0300nh co\u0301 bi\u00ea\u0301t t\u01a1\u0301i\u00a0<strong><a href=\"https:\/\/www.facebook.com\/PhanHoyCuongAnh\">ph\u00e2\u0301n HOY C\u01b0\u01a1\u0300ng Anh<\/a><\/strong>va\u0300 mi\u0300nh th\u01b0\u0309 s\u01b0\u0309 du\u0323ng thi\u0300 th\u00e2\u0301y r\u00e2\u0301t hi\u00ea\u0323u qua\u0309. Ngay t\u01b0\u0300 nga\u0300y \u0111\u00e2\u0300u ti\u00ean s\u01b0\u0309 du\u0323ng mi\u0300nh \u0111a\u0303 th\u00e2\u0301y h\u00ea\u0301t h\u0103\u0309n mu\u0300i h\u00f4i, cho \u0111\u00ea\u0301n nga\u0300y th\u01b0\u0301 10 thi\u0300 mi\u0300nh i\u0301t bi\u0323 ra m\u00f4\u0300 h\u00f4i. S\u01b0\u0309 du\u0323ng h\u00ea\u0301t 1 li\u00ea\u0323u tri\u0300nh thi\u0300 mi\u0300nh \u0111a\u0303 h\u00ea\u0301t h\u0103\u0309n n\u00f4\u0303i lo v\u00ea\u0300 mu\u0300i h\u00f4i c\u01a1 th\u00ea\u0309.<\/em><\/p>\n<p>Va\u0300 co\u0300n ha\u0300ng nghi\u0300n ca\u0301c kha\u0301ch ha\u0300ng \u0111a\u0303 s\u01b0\u0309 du\u0323ng va\u0300 t\u01b0\u0323 tin h\u01a1n nh\u01a1\u0300 ph\u00e2\u0301n HOY. Co\u0300n ba\u0323n thi\u0300 sao? Ba\u0323n cu\u0303ng mu\u00f4\u0301n gi\u00f4\u0301ng nh\u01b0 ho\u0323, \u0111\u01b0\u01a1\u0323c thoa\u0309i ma\u0301i v\u00e2\u0323n \u0111\u00f4\u0323ng, thoa\u0309i ma\u0301i giao l\u01b0u ma\u0300 kh\u00f4ng s\u01a1\u0323 mu\u0300i h\u00f4i c\u01a1 th\u00ea\u0309 ch\u01b0\u0301? Ha\u0303y li\u00ean h\u00ea\u0323 v\u01a1\u0301i chu\u0301ng t\u00f4i \u0111\u00ea\u0309 \u0111\u01b0\u01a1\u0323c t\u01b0 v\u00e2\u0301n va\u0300 \u0111\u0103\u0323t ha\u0300ng ngay h\u00f4m nay! S\u01b0\u0323 t\u01b0\u0323 tin, mu\u0300i th\u01a1m, ha\u0323nh phu\u0301c, may m\u0103\u0301n, t\u00e2\u0301t ca\u0309 \u0111ang ch\u01a1\u0300 \u0111o\u0301n ba\u0323n!<\/p>\n","protected":false},"excerpt":{"rendered":"<p>Ph\u00e2\u0301n HOY C\u01b0\u01a1\u0300ng Anh la\u0300 thu\u00f4\u0301c \u0111\u0103\u0323c tri\u0323 h\u00f4i na\u0301ch h\u00f4i ch\u00e2n hi\u00ea\u0323u qua\u0309 va\u0300 t\u00f4\u0301t nh\u00e2\u0301t hi\u00ea\u0323n nay. Sa\u0309n ph\u00e2\u0309m co\u0301 ta\u0301c du\u0323ng chi\u0301nh trong vi\u00ea\u0323c se\u0303 khi\u0301t l\u00f4\u0303 ch\u00e2n l\u00f4ng, di\u00ea\u0323t khu\u00e2\u0309n, x\u01b0\u0309 ly\u0301 tri\u00ea\u0323t \u0111\u00ea\u0309 mu\u0300i h\u00f4i c\u01a1 th\u00ea\u0309 kho\u0301 chi\u0323u. V\u01a1\u0301i 100% ca\u0301c tha\u0300nh ph\u00e2\u0300n tha\u0309o d\u01b0\u01a1\u0323c t\u01b0\u0323 nhi\u00ean \u0111\u01b0\u01a1\u0323c ba\u0300o ch\u00ea\u0301 da\u0323ng b\u00f4\u0323t n\u00ean r\u00e2\u0301t an toa\u0300n, kh\u00f4ng g\u00e2y di\u0323 \u01b0\u0301ng, ta\u0301c du\u0323ng phu\u0323, kh\u00f4ng g\u00e2y b\u00ea\u0301t dinh va\u0300 la\u0300m a\u0301o \u00f4\u0301 va\u0300ng nh\u01b0 nh\u01b0\u0303ng sa\u0309n ph\u00e2\u0309m th\u00f4ng th\u01b0\u01a1\u0300ng tr\u00ean thi\u0323 tr\u01b0\u01a1\u0300ng.<\/p>\n<p>\u2013 Mi\u1ec5n ph\u00ed Ship (COD) to\u00e0n qu\u1ed1c v\u01a1\u0301i \u0111\u01a1n ha\u0300ng t\u01b0\u0300 2 h\u00f4\u0323p tr\u01a1\u0309 l\u00ean<\/p>\n<p>\u2013 Khuy\u1ebfn m\u1ea1i gi\u1ea3m gi\u00e1 15% khi mua t\u01b0\u0300 5 s\u1ea3n ph\u1ea9m tr\u1edf l\u00ean<\/p>\n","protected":false},"featured_media":195,"comment_status":"open","ping_status":"closed","template":"","meta":[],"_links":{"self":[{"href":"https:\/\/hosting.conasi.vn\/w\/thucpham82011\/wp-json\/wp\/v2\/product\/187"}],"collection":[{"href":"https:\/\/hosting.conasi.vn\/w\/thucpham82011\/wp-json\/wp\/v2\/product"}],"about":[{"href":"https:\/\/hosting.conasi.vn\/w\/thucpham82011\/wp-json\/wp\/v2\/types\/product"}],"replies":[{"embeddable":true,"href":"https:\/\/hosting.conasi.vn\/w\/thucpham82011\/wp-json\/wp\/v2\/comments?post=187"}],"wp:featuredmedia":[{"embeddable":true,"href":"https:\/\/hosting.conasi.vn\/w\/thucpham82011\/wp-json\/wp\/v2\/media\/195"}],"wp:attachment":[{"href":"https:\/\/hosting.conasi.vn\/w\/thucpham82011\/wp-json\/wp\/v2\/media?parent=187"}],"curies":[{"name":"wp","href":"https:\/\/api.w.org\/{rel}","templated":true}]}}