{"id":179,"date":"2019-05-07T09:51:06","date_gmt":"2019-05-07T02:51:06","guid":{"rendered":"https:\/\/thucphamchucnang1.khowebseotop.vn\/?post_type=product&#038;p=179"},"modified":"2019-09-17T23:10:19","modified_gmt":"2019-09-17T16:10:19","slug":"corine-eva-se-khit-am-dao","status":"publish","type":"product","link":"https:\/\/hosting.conasi.vn\/w\/thucpham82011\/san-pham\/corine-eva-se-khit-am-dao\/","title":{"rendered":"Corine Eva \u2013 Se kh\u00edt \u00e2m \u0111\u1ea1o"},"content":{"rendered":"<p>Theo nhi\u1ec1u s\u1ed1 li\u1ec7u th\u1ed1ng k\u00ea th\u00ec c\u00f3 \u0111\u1ebfn\u00a0<strong>90%<\/strong>\u00a0ch\u1ecb em ph\u1ee5 n\u1eef\u00a0<strong>tr\u00ean 30 tu\u1ed5i<\/strong>\u00a0\u0111\u1ec1u c\u00f3 v\u1ea5n \u0111\u1ec1 v\u1edbi em\u00a0<strong>L\u1ed8N<\/strong>:<\/p>\n<p>\u2013\u00a0<strong>\u00c2m \u0111\u1ea1o v\u1eeba r\u1ed9ng v\u1eeba kh\u00f4 h\u1ea1n<\/strong>, khi quan h\u1ec7 ch\u1ed3ng s\u1ebd kh\u00f4ng c\u00f2n c\u1ea3m gi\u00e1c \u0111\u01b0\u1ee3c xi\u1ebft ch\u1eb7t, h\u01b0ng ph\u1ea5n gi\u1ea3m s\u00fat r\u1ea5t nhi\u1ec1u, c\u00f2n ch\u1ecb em s\u1ebd c\u1ea3m th\u1ea5y \u0111au r\u00e1t v\u00ec kh\u00f4ng c\u00f3 ch\u1ea5t nh\u1eddn gi\u00fap b\u00f4i tr\u01a1n. Chuy\u1ec7n ph\u00f2ng the kh\u00f4ng \u0111\u01b0\u1ee3c th\u1ecfa m\u00e3n th\u00ec s\u1ebd c\u00f3 r\u1ea5t nhi\u1ec1u b\u1ea5t h\u00f2a x\u1ea3y ra.<\/p>\n<p><img loading=\"lazy\" class=\"aligncenter size-full wp-image-1118 lazyloaded\" src=\"https:\/\/cuonganhauthentic.com\/wp-content\/uploads\/2018\/08\/corine-eva-vien-uong-se-khit-am-dao-cuong-anh-1.jpg\" sizes=\"(max-width: 750px) 100vw, 750px\" srcset=\"https:\/\/cuonganhauthentic.com\/wp-content\/uploads\/2018\/08\/corine-eva-vien-uong-se-khit-am-dao-cuong-anh-1.jpg 750w, https:\/\/cuonganhauthentic.com\/wp-content\/uploads\/2018\/08\/corine-eva-vien-uong-se-khit-am-dao-cuong-anh-1-300x200.jpg 300w, https:\/\/cuonganhauthentic.com\/wp-content\/uploads\/2018\/08\/corine-eva-vien-uong-se-khit-am-dao-cuong-anh-1-600x400.jpg 600w\" alt=\"Corine Eva vi\u00ean u\u1ed1ng se kh\u00edt \u00e2m \u0111\u1ea1o\" width=\"750\" height=\"500\" data-lazy-src=\"https:\/\/cuonganhauthentic.com\/wp-content\/uploads\/2018\/08\/corine-eva-vien-uong-se-khit-am-dao-cuong-anh-1.jpg\" data-lazy-srcset=\"https:\/\/cuonganhauthentic.com\/wp-content\/uploads\/2018\/08\/corine-eva-vien-uong-se-khit-am-dao-cuong-anh-1.jpg 750w, https:\/\/cuonganhauthentic.com\/wp-content\/uploads\/2018\/08\/corine-eva-vien-uong-se-khit-am-dao-cuong-anh-1-300x200.jpg 300w, https:\/\/cuonganhauthentic.com\/wp-content\/uploads\/2018\/08\/corine-eva-vien-uong-se-khit-am-dao-cuong-anh-1-600x400.jpg 600w\" data-was-processed=\"true\" \/><\/p>\n<p>\u2013 \u00c2m \u0111\u1ea1o qu\u00e1 r\u1ed9ng c\u00f3 qu\u00e1 nhi\u1ec1u c\u00e1c n\u1ebfp g\u1ea5p ti\u1ec1m \u1ea9n, trong c\u00e1c n\u1ebfp g\u1ea5p \u1ea9n ch\u1ee9a m\u1ed9t l\u01b0\u1ee3ng vi khu\u1ea9n, c\u00e1c ch\u1ea5t \u0111\u1ed9c, c\u00e1c t\u1ebf b\u00e0o da ch\u1ebft v\u00e0 m\u00e1u kinh c\u00f2n ch\u01b0a ra h\u1ebft, l\u00e0m cho \u00e2m \u0111\u1ea1o ng\u1ee9a, kh\u00ed h\u01b0 ra nhi\u1ec1u, c\u00f3 m\u00f9i kh\u00e1c th\u01b0\u1eddng, b\u1ec7nh vi\u00eam \u00e2m \u0111\u1ea1o th\u01b0\u1eddng xuy\u00ean ph\u00e1t t\u00e1c, c\u00e1c b\u1ec7nh vi\u00eam c\u1ed5 t\u1eed cung, vi\u00eam lo\u00e9t c\u1ed5 t\u1eed cung r\u1ea5t kh\u00f3 b\u00ecnh ph\u1ee5.<\/p>\n<p>\u2013 \u00c2m \u0111\u1ea1o r\u1ed9ng, \u1ea3nh h\u01b0\u1edfng \u0111\u1ebfn to\u00e0n b\u1ed9 c\u00e1c m\u00f4 v\u00f9ng \u0111\u00e1y ch\u1eadu, c\u00f3 th\u1ec3 d\u1eabn \u0111\u1ebfn sa t\u1eed cung, m\u1eb7t tr\u01b0\u1edbc v\u00e0 sau \u00e2m \u0111\u1ea1o b\u1ecb ph\u1ed3ng l\u00ean. N\u1ebfu b\u1ec7nh \u0111\u00e3 ph\u00e1t tri\u1ec3n \u0111\u1ebfn m\u1ee9c \u0111\u1ed9 n\u00e0y, th\u00ec \u0111\u00e2y kh\u00f4ng ch\u1ec9 l\u00e0\u00a0<strong>kh\u00f3 kh\u0103n trong cu\u1ed9c s\u1ed1ng c\u1ee7a hai v\u1ee3 ch\u1ed3ng<\/strong>\u00a0m\u00e0 nh\u1eefng \u1ea3nh h\u01b0\u1edfng t\u1edbi\u00a0<strong>cu\u1ed9c s\u1ed1ng c\u00e1 nh\u00e2n\u00a0<\/strong>c\u0169ng h\u1ebft s\u1ee9c r\u00f5 r\u00e0ng, kh\u00f3 c\u00f3 th\u1ec3 t\u1ef1 gi\u1ea3i quy\u1ebft.<\/p>\n<p><strong><img loading=\"lazy\" class=\"aligncenter size-full wp-image-1091 lazyloaded\" src=\"https:\/\/cuonganhauthentic.com\/wp-content\/uploads\/2018\/08\/corine-eva-tim-lai-cam-giac-ban-dau-1.jpg\" sizes=\"(max-width: 750px) 100vw, 750px\" srcset=\"https:\/\/cuonganhauthentic.com\/wp-content\/uploads\/2018\/08\/corine-eva-tim-lai-cam-giac-ban-dau-1.jpg 750w, https:\/\/cuonganhauthentic.com\/wp-content\/uploads\/2018\/08\/corine-eva-tim-lai-cam-giac-ban-dau-1-300x200.jpg 300w, https:\/\/cuonganhauthentic.com\/wp-content\/uploads\/2018\/08\/corine-eva-tim-lai-cam-giac-ban-dau-1-600x399.jpg 600w\" alt=\"Corine Eva c\u1ee7a C\u01b0\u1eddng Anh Authentic\" width=\"750\" height=\"499\" data-lazy-src=\"https:\/\/cuonganhauthentic.com\/wp-content\/uploads\/2018\/08\/corine-eva-tim-lai-cam-giac-ban-dau-1.jpg\" data-lazy-srcset=\"https:\/\/cuonganhauthentic.com\/wp-content\/uploads\/2018\/08\/corine-eva-tim-lai-cam-giac-ban-dau-1.jpg 750w, https:\/\/cuonganhauthentic.com\/wp-content\/uploads\/2018\/08\/corine-eva-tim-lai-cam-giac-ban-dau-1-300x200.jpg 300w, https:\/\/cuonganhauthentic.com\/wp-content\/uploads\/2018\/08\/corine-eva-tim-lai-cam-giac-ban-dau-1-600x399.jpg 600w\" data-was-processed=\"true\" \/><\/strong><\/p>\n<p><strong>Dao k\u00e9o thu nh\u1ecf em L\u1ed8N<\/strong>\u00a0l\u00e0 m\u1ed9t trong nh\u1eefng ph\u01b0\u01a1ng ph\u00e1p \u0111\u01b0\u1ee3c s\u1eed d\u1ee5ng nhi\u1ec1u. Tuy nhi\u00ean, n\u00f3 v\u1eabn c\u00f2n nhi\u1ec1u r\u00e0o c\u1ea3n nh\u01b0 \u0111au \u0111\u1edbn, ph\u1ea3i ki\u00eang quan h\u1ec7 4-6 tu\u1ea7n sau ph\u1eabu thu\u1eadt, kh\u00f4ng d\u00f9ng cho ng\u01b0\u1eddi b\u1ecb vi\u00eam nhi\u1ec5m ph\u1ee5 khoa ho\u1eb7c m\u1eafc 1 s\u1ed1 b\u1ec7nh m\u1ea1n t\u00ednh, ch\u0103m s\u00f3c sau khi ph\u1eabu thu\u1eadt\u2026 v\u00e0 h\u00e0ng t\u00e1 th\u1ee9 b\u1ea1n ph\u1ea3i l\u01b0u t\u00e2m khi quy\u1ebft \u0111\u1ecbnh l\u1ef1a ch\u1ecdn c\u00e1ch n\u00e0y.<\/p>\n<p>&nbsp;<\/p>\n<p><img loading=\"lazy\" class=\"aligncenter size-full wp-image-1115 lazyloaded\" src=\"https:\/\/cuonganhauthentic.com\/wp-content\/uploads\/2018\/08\/corine-eva-vien-uong-se-khit-am-dao-cuong-anh.jpg\" sizes=\"(max-width: 750px) 100vw, 750px\" srcset=\"https:\/\/cuonganhauthentic.com\/wp-content\/uploads\/2018\/08\/corine-eva-vien-uong-se-khit-am-dao-cuong-anh.jpg 750w, https:\/\/cuonganhauthentic.com\/wp-content\/uploads\/2018\/08\/corine-eva-vien-uong-se-khit-am-dao-cuong-anh-300x200.jpg 300w, https:\/\/cuonganhauthentic.com\/wp-content\/uploads\/2018\/08\/corine-eva-vien-uong-se-khit-am-dao-cuong-anh-600x400.jpg 600w\" alt=\"Corine Eva vi\u00ean u\u1ed1ng se kh\u00edt \u00e2m \u0111\u1ea1o\" width=\"750\" height=\"500\" data-lazy-src=\"https:\/\/cuonganhauthentic.com\/wp-content\/uploads\/2018\/08\/corine-eva-vien-uong-se-khit-am-dao-cuong-anh.jpg\" data-lazy-srcset=\"https:\/\/cuonganhauthentic.com\/wp-content\/uploads\/2018\/08\/corine-eva-vien-uong-se-khit-am-dao-cuong-anh.jpg 750w, https:\/\/cuonganhauthentic.com\/wp-content\/uploads\/2018\/08\/corine-eva-vien-uong-se-khit-am-dao-cuong-anh-300x200.jpg 300w, https:\/\/cuonganhauthentic.com\/wp-content\/uploads\/2018\/08\/corine-eva-vien-uong-se-khit-am-dao-cuong-anh-600x400.jpg 600w\" data-was-processed=\"true\" \/><\/p>\n<p><strong>Corine Eva<\/strong>\u00a0l\u00e0 s\u1ea3n ph\u1ea9m \u0111\u01b0\u1ee3c tri\u1ebft xu\u1ea5t t\u1eeb th\u1ea3o d\u01b0\u1ee3c 100% ho\u00e0n to\u00e0n t\u1ef1 nhi\u00ean v\u00e0 kh\u00f4ng c\u00f3 t\u00e1c d\u1ee5ng ph\u1ee5. \u0110\u00e2y l\u00e0 gi\u1ea3i ph\u00e1p an to\u00e0n v\u00e0 ph\u00f9 h\u1ee3p t\u00fai ti\u1ec1n cho c\u00e1c ch\u1ecb em.<\/p>\n<p>Corine Eva vi\u00ean n\u00e9n th\u1ea3o d\u01b0\u1ee3c d\u1ea1ng u\u1ed1ng, gi\u00fap se kh\u00edt em L\u1ed8N, b\u1eaft em \u1ea5y ph\u1ea3i ngoan ngo\u00e3n THU H\u1eb8P l\u1ea1i nh\u01b0 x\u01b0a. Kh\u00f4ng g\u00e2y \u0111au \u0111\u1edbn, kh\u00f4ng g\u00e2y t\u00e1c d\u1ee5ng ph\u1ee5, quan h\u1ec7 \u0111\u1ec1u \u0111\u1ec1u trong khi s\u1eed d\u1ee5ng thu\u1ed1c v\u00e0 ph\u00ea th\u1eadt ph\u00ea sau 30 ng\u00e0y s\u1eed d\u1ee5ng.<\/p>\n<p><em>(*) L\u01b0u \u00fd: s\u1ea3n ph\u1ea9m n\u00e0y kh\u00f4ng ph\u1ea3i l\u00e0 thu\u1ed1c v\u00e0 kh\u00f4ng c\u00f3 t\u00e1c d\u1ee5ng thay th\u1ebf thu\u1ed1c ch\u1eefa b\u1ec7nh.<\/em><\/p>\n","protected":false},"excerpt":{"rendered":"<p>Corine Eva vi\u00ean n\u00e9n th\u1ea3o d\u01b0\u1ee3c d\u1ea1ng u\u1ed1ng \u0111\u01b0\u1ee3c cung c\u1ea5p v\u00e0 ph\u00e2n ph\u1ed1i b\u1edfi C\u01b0\u1eddng Anh Authentic. S\u1ea3n ph\u1ea9m gi\u00fap se kh\u00edt \u00e2m \u0111\u1ea1o, thu h\u1eb9p \u00e2m \u0111\u1ea1o nh\u01b0 th\u1ee7a ban \u0111\u1ea7u. Kh\u00f4ng g\u00e2y \u0111au \u0111\u1edbn, kh\u00f4ng g\u00e2y t\u00e1c d\u1ee5ng ph\u1ee5, quan h\u1ec7 \u0111\u1ec1u \u0111\u1ec1u trong khi s\u1eed d\u1ee5ng thu\u1ed1c v\u00e0 ph\u00ea th\u1eadt ph\u00ea sau 30 ng\u00e0y s\u1eed d\u1ee5ng.<\/p>\n<p>\u2013 Mi\u1ec5n ph\u00ed Ship (COD) to\u00e0n qu\u1ed1c<\/p>\n<p>\u2013 Khuy\u1ebfn m\u1ea1i gi\u1ea3m gi\u00e1 khi mua 2 s\u1ea3n ph\u1ea9m tr\u1edf l\u00ean<\/p>\n","protected":false},"featured_media":198,"comment_status":"open","ping_status":"closed","template":"","meta":[],"_links":{"self":[{"href":"https:\/\/hosting.conasi.vn\/w\/thucpham82011\/wp-json\/wp\/v2\/product\/179"}],"collection":[{"href":"https:\/\/hosting.conasi.vn\/w\/thucpham82011\/wp-json\/wp\/v2\/product"}],"about":[{"href":"https:\/\/hosting.conasi.vn\/w\/thucpham82011\/wp-json\/wp\/v2\/types\/product"}],"replies":[{"embeddable":true,"href":"https:\/\/hosting.conasi.vn\/w\/thucpham82011\/wp-json\/wp\/v2\/comments?post=179"}],"wp:featuredmedia":[{"embeddable":true,"href":"https:\/\/hosting.conasi.vn\/w\/thucpham82011\/wp-json\/wp\/v2\/media\/198"}],"wp:attachment":[{"href":"https:\/\/hosting.conasi.vn\/w\/thucpham82011\/wp-json\/wp\/v2\/media?parent=179"}],"curies":[{"name":"wp","href":"https:\/\/api.w.org\/{rel}","templated":true}]}}