{"id":23,"date":"2019-05-06T20:47:27","date_gmt":"2019-05-06T13:47:27","guid":{"rendered":"https:\/\/thucphamchucnang1.khowebseotop.vn\/?page_id=23"},"modified":"2020-05-09T11:04:41","modified_gmt":"2020-05-09T04:04:41","slug":"lien-he","status":"publish","type":"page","link":"https:\/\/hosting.conasi.vn\/w\/thucpham82011\/lien-he\/","title":{"rendered":"Li\u00ean h\u1ec7"},"content":{"rendered":"\t<section class=\"section mua-hang\" id=\"section_432641451\">\n\t\t<div class=\"bg section-bg fill bg-fill  bg-loaded\" >\n\n\t\t\t\n\t\t\t<div class=\"section-bg-overlay absolute fill\"><\/div>\n\t\t\t\n\n\t\t<\/div>\n\n\t\t<div class=\"section-content relative\">\n\t\t\t\n<div class=\"row row-large\"  id=\"row-2001535152\">\n\n\t<div id=\"col-297828989\" class=\"col medium-6 small-12 large-6\"  >\n\t\t<div class=\"col-inner\"  >\n\t\t\t\n\t\t\t\n<div class=\"container section-title-container\" ><h2 class=\"section-title section-title-center\"><b><\/b><span class=\"section-title-main\" >V\u0103n h\u00f3a C\u01b0\u1eddng Anh Authentic<\/span><b><\/b><\/h2><\/div>\n<p style=\"text-align: center;\"><span style=\"color: #61a63c; font-size: 120%;\"><em>&#8220;C\u01b0\u1eddng Anh Authentic lu\u00f4n n\u1ed7 l\u1ef1c mang \u0111\u1ebfn cho kh\u00e1ch h\u00e0ng nh\u1eefng s\u1ea3n ph\u1ea9m ch\u1ea5t l\u01b0\u1ee3ng v\u00e0 d\u1ecbch v\u1ee5 ch\u0103m s\u00f3c kh\u00e1ch h\u00e0ng t\u1eadn t\u00e2m nh\u1ea5t!&#8221;<\/em><\/span><\/p>\n<h3><span style=\"color: #50b848;\">C\u00f4ng ty TNHH SX TM DV C\u01b0\u1eddng Anh Authentic<\/span><\/h3>\n<ul>\n<li><span style=\"font-size: 95%;\"><strong>Tr\u1ee5 s\u1edf ch\u00ednh:<\/strong> T\u1ea7ng 4, s\u1ed1 696, ph\u1ed1 Quang Trung, Ph\u01b0\u1eddng La Kh\u00ea, Qu\u1eadn H\u00e0 \u0110\u00f4ng, Th\u00e0nh ph\u1ed1 H\u00e0 N\u1ed9i<\/span><\/li>\n<li><span style=\"font-size: 95%;\"><strong>V\u0103n ph\u00f2ng l\u00e0m vi\u1ec7c:<\/strong> Bi\u1ec7t th\u1ef1 li\u1ec1n k\u1ec1 s\u1ed1 223 \u2013 HTT3, La Casta V\u0103n Ph\u00fa, H\u00e0 \u0110\u00f4ng, H\u00e0 N\u1ed9i<\/span><\/li>\n<li><span style=\"font-size: 95%;\"><strong>Website:<\/strong>\u00a0<a href=\"#\">www.tenweb.com<\/a><\/span><\/li>\n<li><span style=\"font-size: 95%;\"><strong>Hotline:<\/strong>\u00a00999.999.999 \u2013 0999.999.999<\/span><\/li>\n<\/ul>\n\t\t<\/div>\n\t\t\t<\/div>\n\n\t\n\n\t<div id=\"col-1197005422\" class=\"col medium-6 small-12 large-6\"  >\n\t\t<div class=\"col-inner\"  >\n\t\t\t\n\t\t\t\n<div class=\"container section-title-container\" ><h2 class=\"section-title section-title-center\"><b><\/b><span class=\"section-title-main\" >Li\u00ean h\u1ec7 mua h\u00e0ng ngay h\u00f4m nay!<\/span><b><\/b><\/h2><\/div>\n<div role=\"form\" class=\"wpcf7\" id=\"wpcf7-f432-o1\" lang=\"vi\" dir=\"ltr\">\n<div class=\"screen-reader-response\"><p role=\"status\" aria-live=\"polite\" aria-atomic=\"true\"><\/p> <ul><\/ul><\/div>\n<form action=\"\/w\/thucpham82011\/wp-json\/wp\/v2\/pages\/23#wpcf7-f432-o1\" method=\"post\" class=\"wpcf7-form init\" novalidate=\"novalidate\" data-status=\"init\">\n<div style=\"display: none;\">\n<input type=\"hidden\" name=\"_wpcf7\" value=\"432\" \/>\n<input type=\"hidden\" name=\"_wpcf7_version\" value=\"5.3\" \/>\n<input type=\"hidden\" name=\"_wpcf7_locale\" value=\"vi\" \/>\n<input type=\"hidden\" name=\"_wpcf7_unit_tag\" value=\"wpcf7-f432-o1\" \/>\n<input type=\"hidden\" name=\"_wpcf7_container_post\" value=\"0\" \/>\n<input type=\"hidden\" name=\"_wpcf7_posted_data_hash\" value=\"\" \/>\n<\/div>\n<div class=\"form-lien-he\">\n<span class=\"wpcf7-form-control-wrap text-427\"><input type=\"text\" name=\"text-427\" value=\"\" size=\"40\" class=\"wpcf7-form-control wpcf7-text wpcf7-validates-as-required\" aria-required=\"true\" aria-invalid=\"false\" placeholder=\"H\u1ecd t\u00ean c\u1ee7a b\u1ea1n...\" \/><\/span><br \/>\n<span class=\"wpcf7-form-control-wrap tel-925\"><input type=\"tel\" name=\"tel-925\" value=\"\" size=\"40\" class=\"wpcf7-form-control wpcf7-text wpcf7-tel wpcf7-validates-as-required wpcf7-validates-as-tel\" aria-required=\"true\" aria-invalid=\"false\" placeholder=\"S\u1ed1 \u0111i\u1ec7n tho\u1ea1i c\u1ee7a b\u1ea1n...\" \/><\/span><br \/>\n<span class=\"wpcf7-form-control-wrap text-433\"><input type=\"text\" name=\"text-433\" value=\"\" size=\"40\" class=\"wpcf7-form-control wpcf7-text\" aria-invalid=\"false\" placeholder=\"\u0110\u1ecba ch\u1ec9 nh\u1eadn h\u00e0ng...\" \/><\/span><br \/>\n<span class=\"wpcf7-form-control-wrap menu-372\"><select name=\"menu-372\" class=\"wpcf7-form-control wpcf7-select wpcf7-validates-as-required\" aria-required=\"true\" aria-invalid=\"false\"><option value=\"S\u1ea3n ph\u1ea9m c\u1ea7n mua\">S\u1ea3n ph\u1ea9m c\u1ea7n mua<\/option><option value=\"Tr\u00e0 t\u0103ng c\u00e2n C\u01b0\u1eddng Anh\">Tr\u00e0 t\u0103ng c\u00e2n C\u01b0\u1eddng Anh<\/option><option value=\"Tr\u00e0 gi\u1ea3m c\u00e2n C\u01b0\u1eddng Anh\">Tr\u00e0 gi\u1ea3m c\u00e2n C\u01b0\u1eddng Anh<\/option><option value=\"Corine Eva\">Corine Eva<\/option><option value=\"Aim\u00e9 Rose\">Aim\u00e9 Rose<\/option><option value=\"Amstrong\">Amstrong<\/option><\/select><\/span><br \/>\n<label>S\u1ed1 l\u01b0\u1ee3ng<\/label><br \/>\n<span class=\"wpcf7-form-control-wrap number-629\"><input type=\"number\" name=\"number-629\" value=\"\" class=\"wpcf7-form-control wpcf7-number wpcf7-validates-as-required wpcf7-validates-as-number\" min=\"1\" max=\"1000\" aria-required=\"true\" aria-invalid=\"false\" placeholder=\"1\" \/><\/span><br \/>\n<input type=\"submit\" value=\"\u0110\u1eb7t mua ngay\" class=\"wpcf7-form-control wpcf7-submit\" \/>\n<\/div>\n<div class=\"wpcf7-response-output\" aria-hidden=\"true\"><\/div><\/form><\/div>\n\t\t<\/div>\n\t\t\t<\/div>\n\n\t\n\n\t<div id=\"col-385094014\" class=\"col small-12 large-12\"  >\n\t\t<div class=\"col-inner\"  >\n\t\t\t\n\t\t\t\n<p class=\"ban-do\"><iframe style=\"border: 0;\" src=\"https:\/\/www.google.com\/maps\/embed?pb=!1m18!1m12!1m3!1d3725.8841907897245!2d105.75562081533145!3d20.957165395593577!2m3!1f0!2f0!3f0!3m2!1i1024!2i768!4f13.1!3m3!1m2!1s0x3135ab7a33eeecfd%3A0xa13181b610ebc725!2zQ8aw4budbmcgQW5oIEF1dGhlbnRpYyAtIFRyw6AgdMSDbmcgY8OibiwgZ2nhuqNtIGPDom4gQ8aw4budbmcgQW5oIDEwMCUgdOG7qyB0aOG6o28gZMaw4bujYw!5e0!3m2!1sen!2s!4v1557220298151!5m2!1sen!2s\" width=\"100%\" height=\"200\" frameborder=\"0\" allowfullscreen=\"allowfullscreen\" data-mce-fragment=\"1\"><\/iframe><\/p>\n\t\t<\/div>\n\t\t\t<\/div>\n\n\t\n<\/div>\n\t\t<\/div>\n\n\t\t\n<style>\n#section_432641451 {\n  padding-top: 46px;\n  padding-bottom: 46px;\n}\n#section_432641451 .section-bg-overlay {\n  background-color: rgba(255, 255, 255, 0.57);\n}\n<\/style>\n\t<\/section>\n\t\n","protected":false},"excerpt":{"rendered":"","protected":false},"author":2,"featured_media":0,"parent":0,"menu_order":0,"comment_status":"closed","ping_status":"closed","template":"page-blank.php","meta":[],"_links":{"self":[{"href":"https:\/\/hosting.conasi.vn\/w\/thucpham82011\/wp-json\/wp\/v2\/pages\/23"}],"collection":[{"href":"https:\/\/hosting.conasi.vn\/w\/thucpham82011\/wp-json\/wp\/v2\/pages"}],"about":[{"href":"https:\/\/hosting.conasi.vn\/w\/thucpham82011\/wp-json\/wp\/v2\/types\/page"}],"author":[{"embeddable":true,"href":"https:\/\/hosting.conasi.vn\/w\/thucpham82011\/wp-json\/wp\/v2\/users\/2"}],"replies":[{"embeddable":true,"href":"https:\/\/hosting.conasi.vn\/w\/thucpham82011\/wp-json\/wp\/v2\/comments?post=23"}],"version-history":[{"count":1,"href":"https:\/\/hosting.conasi.vn\/w\/thucpham82011\/wp-json\/wp\/v2\/pages\/23\/revisions"}],"predecessor-version":[{"id":889,"href":"https:\/\/hosting.conasi.vn\/w\/thucpham82011\/wp-json\/wp\/v2\/pages\/23\/revisions\/889"}],"wp:attachment":[{"href":"https:\/\/hosting.conasi.vn\/w\/thucpham82011\/wp-json\/wp\/v2\/media?parent=23"}],"curies":[{"name":"wp","href":"https:\/\/api.w.org\/{rel}","templated":true}]}}