{"id":286,"date":"2018-03-09T16:03:02","date_gmt":"2018-03-09T16:03:02","guid":{"rendered":"http:\/\/thucpham2.khowebseotop.vn\/?post_type=product&#038;p=286"},"modified":"2018-03-09T16:03:39","modified_gmt":"2018-03-09T16:03:39","slug":"cao-hong-sam-linh-chi","status":"publish","type":"product","link":"https:\/\/hosting.conasi.vn\/w\/thucpham22011\/san-pham\/cao-hong-sam-linh-chi\/","title":{"rendered":"Cao H\u1ed3ng S\u00e2m linh chi"},"content":{"rendered":"<h2>Cao h\u1ed3ng s\u00e2m linh chi h\u1ed9p g\u1ed7 KGS 150g NS045<\/h2>\n<p><strong>Cao h\u1ed3ng s\u00e2m c\u00f3 t\u00e1c d\u1ee5ng g\u00ec v\u1edbi ng\u01b0\u1eddi suy gi\u1ea3m mi\u1ec5n d\u1ecbch?<\/strong><\/p>\n<p><strong>N\u00ean d\u00f9ng cao h\u1ed3ng s\u00e2m cho b\u1ec7nh nh\u00e2n ung th\u01b0 kh\u00f4ng?<\/strong><\/p>\n<p><strong>D\u00f9ng cao h\u1ed3ng s\u00e2m h\u1ed7 tr\u1ee3 cho ng\u01b0\u1eddi c\u0103ng th\u1eb3ng \u0111\u1ea7u \u00f3c nh\u01b0 th\u1ebf n\u00e0o?<\/strong><\/p>\n<p><strong>Ph\u1ee5 n\u1eef d\u00f9ng cao h\u1ed3ng s\u00e2m c\u00f3 t\u00e1c d\u1ee5ng g\u00ec?<\/strong><\/p>\n<p><strong>T\u00e1c d\u1ee5ng c\u1ee7a cao h\u1ed3ng s\u00e2m trong vi\u1ec7c h\u1ed3i ph\u1ee5c th\u1ec3 l\u1ef1c l\u00e0 g\u00ec?<\/strong><\/p>\n<p><strong>Cao h\u1ed3ng s\u00e2m linh chi h\u1ed9p g\u1ed7\u00a0KGS 150g\u00a0<\/strong>l\u00e0 s\u1ea3n ph\u1ea9m \u0111\u01b0\u1ee3c \u01b0a chu\u1ed9ng t\u1ea1i th\u1ecb tr\u01b0\u1eddng Vi\u1ec7t Nam v\u00e0 nhi\u1ec1u Qu\u1ed1c gia kh\u00e1c tr\u00ean th\u1ebf gi\u1edbi. \u0110\u01b0\u1ee3c s\u1ea3n xu\u1ea5t t\u1eeb nguy\u00ean li\u1ec7u c\u1ed1t l\u00f5i g\u1ed3m cao h\u1ed3ng s\u00e2m v\u00e0 linh chi H\u00e0n Qu\u1ed1c, Cao h\u1ed3ng s\u00e2m linh chi h\u1ed9p g\u1ed7 KGS 150g mang \u0111\u1ebfn cho ng\u01b0\u1eddi s\u1eed d\u1ee5ng m\u1ed9t s\u1ee9c kh\u1ecfe d\u1ed3i d\u00e0o, c\u00f3 \u1ea3nh h\u01b0\u1edfng t\u00edch c\u1ef1c \u0111\u1ebfn c\u00e1c h\u1ec7 c\u01a1 quan tr\u00ean c\u01a1 th\u1ec3. S\u1ea3n ph\u1ea9m n\u00e0y ph\u00f9 h\u1ee3p v\u1edbi nhi\u1ec1u \u0111\u1ed1i t\u01b0\u1ee3ng v\u00e0 \u0111\u1eb7c bi\u1ec7t th\u00edch h\u1ee3p cho ng\u01b0\u1eddi th\u01b0\u1eddng xuy\u00ean c\u0103ng th\u1eb3ng \u0111\u1ea7u \u00f3c, c\u01a1 th\u1ec3 suy nh\u01b0\u1ee3c,\u2026<\/p>\n<p><a href=\"http:\/\/thucpham2.khowebseotop.vn\/wp-content\/uploads\/2018\/03\/cao-hong-sam-linh-chi-286.jpg\"><img loading=\"lazy\" class=\"aligncenter size-full wp-image-25542\" src=\"http:\/\/thucpham2.khowebseotop.vn\/wp-content\/uploads\/2018\/03\/cao-hong-sam-linh-chi-286.jpg\" alt=\"Cao h\u1ed3ng s\u00e2m linh chi h\u1ed9p g\u1ed7 KGS 150g NS045 \" width=\"700\" height=\"700\" \/><\/a><\/p>\n<p>Hi\u1ec7n nay, cao h\u1ed3ng s\u00e2m l\u00e0 m\u1ed9t trong nh\u1eefng s\u1ea3n ph\u1ea9m ch\u1ebf bi\u1ebfn t\u1eeb h\u1ed3ng s\u00e2m \u0111\u01b0\u1ee3c \u01b0a chu\u1ed9ng v\u00e0 c\u00f3 v\u1ecb th\u1ebf tr\u00ean th\u1ecb tr\u01b0\u1eddng. \u01afu \u0111i\u1ec3m c\u1ee7a s\u1ea3n ph\u1ea9m kh\u00f4ng ch\u1ec9 d\u1eebng l\u1ea1i \u1edf th\u00e0nh ph\u1ea7n, c\u00f4ng d\u1ee5ng m\u00e0 c\u00f2n \u1edf s\u1ef1 ti\u1ec7n l\u1ee3i trong qu\u00e1 tr\u00ecnh s\u1eed d\u1ee5ng. Cao h\u1ed3ng s\u00e2m linh chi h\u1ed9p g\u1ed7 KGS 150g c\u0169ng nh\u01b0 c\u00e1c s\u1ea3n ph\u1ea9m cao h\u1ed3ng s\u00e2m kh\u00e1c, c\u00f3 th\u1ec3 mang theo ng\u01b0\u1eddi m\u1ed7i khi \u0111i xa, v\u00e0 ch\u1ec9 c\u1ea7n ch\u01b0a \u0111\u1ebfn 5 ph\u00fat b\u1ea1n \u0111\u00e3 c\u00f3 th\u1ec3 cung c\u1ea5p cho c\u01a1 th\u1ec3 l\u01b0\u1ee3ng d\u01b0\u1ee1ng ch\u1ea5t qu\u00fd gi\u00e1.<\/p>\n<p><strong><u>L\u01b0u y\u0301:<\/u><\/strong><\/p>\n<p>Do\u00a0<strong>Cao h\u1ed3ng s\u00e2m linh chi<\/strong>\u00a0h\u1ed9p g\u1ed7 KGS 150g c\u00f3 c\u00f4ng d\u1ee5ng t\u1ed1t, ph\u00f9 h\u1ee3p v\u1edbi nhi\u1ec1u \u0111\u1ed1i t\u01b0\u1ee3ng v\u00e0 t\u00ednh ti\u1ec7n l\u1ee3i cao n\u00ean hi\u1ec7n nay \u0111\u00e3 xu\u1ea5t hi\u1ec7n h\u00e0ng gi\u1ea3, h\u00e0ng nh\u00e1i, h\u00e0ng k\u00e9m ch\u1ea5t l\u01b0\u1ee3ng. C\u00e1c s\u1ea3n ph\u1ea9m n\u00e0y c\u00f3 bao b\u00ec t\u01b0\u01a1ng t\u1ef1 h\u00e0ng th\u1eadt n\u00ean ng\u01b0\u1eddi ti\u00eau d\u00f9ng r\u1ea5t d\u1ec5 nh\u1ea7m l\u1eabn. V\u00ec th\u1ebf khi mua h\u00e0ng, qu\u00fd kh\u00e1ch n\u00ean l\u01b0u \u00fd \u0111\u1ec3 tr\u00e1nh \u1ea3nh h\u01b0\u1edfng kh\u00f4ng t\u1ed1t \u0111\u1ebfn s\u1ee9c kh\u1ecfe. Theo \u0111\u00f3, Cao h\u1ed3ng s\u00e2m linh chi h\u1ed9p g\u1ed7 KGS 150g c\u00f3 bao b\u00ec \u0111\u1eb9p m\u1eaft, 5 l\u1ecd nh\u1ecf trong h\u1ed9p g\u1ed7 sang tr\u1ecdng, c\u00f3 th\u1ec3 tr\u1edf th\u00e0nh m\u00f3n qu\u00e0 bi\u1ebfu t\u1eb7ng \u0111\u1ea7y \u00fd ngh\u0129a cho ng\u01b0\u1eddi th\u00e2n, c\u1ea5p tr\u00ean hay b\u1ea1n b\u00e8.<\/p>\n<p><strong><u>Khuy\u00ea\u0301n ca\u0301o:\u00a0<\/u><\/strong>Hi\u1ec7n nay, Cao h\u1ed3ng s\u00e2m linh chi h\u1ed9p g\u1ed7 KGS 150g \u0111\u01b0\u1ee3c ph\u00e2n ph\u1ed1i t\u1ea1i th\u1ecb tr\u01b0\u1eddng Vi\u1ec7t Nam qua hai h\u00ecnh th\u1ee9c ch\u00ednh l\u00e0 h\u00e0ng nh\u1eadp kh\u1ea9u ch\u00ednh h\u00e3ng v\u00e0 h\u00e0ng x\u00e1ch tay. C\u00e1c s\u1ea3n ph\u1ea9m h\u00e0ng x\u00e1ch tay th\u01b0\u1eddng r\u1ea5t d\u1ec5 b\u1ecb l\u00e0m gi\u1ea3 v\u00e0 kh\u00f4ng \u0111\u1ea3m b\u1ea3o \u0111\u01b0\u1ee3c ch\u1ea5t l\u01b0\u1ee3ng, c\u00f3 th\u1ec3 g\u00e2y ra t\u00e1c \u0111\u1ed9ng x\u1ea5u \u0111\u1ebfn c\u01a1 th\u1ec3. H\u00e0ng nh\u1eadp kh\u1ea9u ch\u00ednh h\u00e3ng \u0111\u01b0\u1ee3c \u0111\u1ea3m b\u1ea3o do B\u1ed9 Y t\u1ebf ch\u1ee9ng nh\u1eadn.<\/p>\n<p><strong>CAM K\u1ebeT \u0110\u1ec0N B\u00d9 G\u1ea4P 10 L\u1ea6N N\u1ebeU KH\u00c1CH H\u00c0NG PH\u00c1T HI\u1ec6N H\u00c0NG GI\u1ea2<\/strong><\/p>\n","protected":false},"excerpt":{"rendered":"<p>Cao h\u1ed3ng s\u00e2m linh chi h\u1ed9p g\u1ed7 KGS 150g NS045 Cao h\u1ed3ng s\u00e2m c\u00f3 t\u00e1c d\u1ee5ng g\u00ec v\u1edbi ng\u01b0\u1eddi suy gi\u1ea3m mi\u1ec5n d\u1ecbch? N\u00ean d\u00f9ng cao h\u1ed3ng s\u00e2m cho b\u1ec7nh nh\u00e2n ung th\u01b0 kh\u00f4ng? D\u00f9ng cao h\u1ed3ng s\u00e2m h\u1ed7 tr\u1ee3 cho ng\u01b0\u1eddi c\u0103ng th\u1eb3ng \u0111\u1ea7u \u00f3c nh\u01b0 th\u1ebf n\u00e0o? Ph\u1ee5 n\u1eef d\u00f9ng cao h\u1ed3ng s\u00e2m [&#8230;]\n","protected":false},"featured_media":287,"comment_status":"open","ping_status":"closed","template":"","meta":[],"_links":{"self":[{"href":"https:\/\/hosting.conasi.vn\/w\/thucpham22011\/wp-json\/wp\/v2\/product\/286"}],"collection":[{"href":"https:\/\/hosting.conasi.vn\/w\/thucpham22011\/wp-json\/wp\/v2\/product"}],"about":[{"href":"https:\/\/hosting.conasi.vn\/w\/thucpham22011\/wp-json\/wp\/v2\/types\/product"}],"replies":[{"embeddable":true,"href":"https:\/\/hosting.conasi.vn\/w\/thucpham22011\/wp-json\/wp\/v2\/comments?post=286"}],"wp:featuredmedia":[{"embeddable":true,"href":"https:\/\/hosting.conasi.vn\/w\/thucpham22011\/wp-json\/wp\/v2\/media\/287"}],"wp:attachment":[{"href":"https:\/\/hosting.conasi.vn\/w\/thucpham22011\/wp-json\/wp\/v2\/media?parent=286"}],"curies":[{"name":"wp","href":"https:\/\/api.w.org\/{rel}","templated":true}]}}