{"id":211,"date":"2020-02-18T15:30:31","date_gmt":"2020-02-18T08:30:31","guid":{"rendered":"http:\/\/thucphamchucnang2.muathemewordpress.net\/?page_id=211"},"modified":"2020-02-19T00:24:34","modified_gmt":"2020-02-18T17:24:34","slug":"lien-he","status":"publish","type":"page","link":"https:\/\/hosting.conasi.vn\/w\/thucpham112011\/lien-he\/","title":{"rendered":"Li\u00ean h\u1ec7"},"content":{"rendered":"<div role=\"form\" class=\"wpcf7\" id=\"wpcf7-f788-o1\" lang=\"vi\" dir=\"ltr\">\n<div class=\"screen-reader-response\"><p role=\"status\" aria-live=\"polite\" aria-atomic=\"true\"><\/p> <ul><\/ul><\/div>\n<form action=\"\/w\/thucpham112011\/wp-json\/wp\/v2\/pages\/211#wpcf7-f788-o1\" method=\"post\" class=\"wpcf7-form init\" novalidate=\"novalidate\" data-status=\"init\">\n<div style=\"display: none;\">\n<input type=\"hidden\" name=\"_wpcf7\" value=\"788\" \/>\n<input type=\"hidden\" name=\"_wpcf7_version\" value=\"5.3\" \/>\n<input type=\"hidden\" name=\"_wpcf7_locale\" value=\"vi\" \/>\n<input type=\"hidden\" name=\"_wpcf7_unit_tag\" value=\"wpcf7-f788-o1\" \/>\n<input type=\"hidden\" name=\"_wpcf7_container_post\" value=\"0\" \/>\n<input type=\"hidden\" name=\"_wpcf7_posted_data_hash\" value=\"\" \/>\n<\/div>\n<div class=\"form-lien-he\">\n<p class=\"des\">M\u1ecdi \u00fd ki\u1ebfn \u0111\u00f3ng g\u00f3p, li\u00ean h\u1ec7, khi\u1ebfu n\u1ea1i kh\u00e1c vui l\u00f2ng \u0111i\u1ec1n \u0111\u1ea7y \u0111\u1ee7 th\u00f4ng tin v\u00e0 g\u1eedi \u0111\u1ebfn ch\u00fang t\u00f4i. B\u1ed9 ph\u1eadn h\u1ed7 tr\u1ee3 kh\u00e1ch h\u00e0ng s\u1ebd ph\u1ea3n h\u1ed3i s\u1edbm nh\u1ea5t khi nh\u1eadn \u0111\u01b0\u1ee3c th\u00f4ng tin.<\/p>\n<p><span class=\"wpcf7-form-control-wrap text-330\"><input type=\"text\" name=\"text-330\" value=\"\" size=\"40\" class=\"wpcf7-form-control wpcf7-text wpcf7-validates-as-required\" aria-required=\"true\" aria-invalid=\"false\" placeholder=\"H\u1ecd v\u00e0 t\u00ean...\" \/><\/span><br \/>\n<span class=\"wpcf7-form-control-wrap tel-7\"><input type=\"tel\" name=\"tel-7\" value=\"\" size=\"40\" class=\"wpcf7-form-control wpcf7-text wpcf7-tel wpcf7-validates-as-required wpcf7-validates-as-tel\" aria-required=\"true\" aria-invalid=\"false\" placeholder=\"S\u1ed1 \u0111i\u1ec7n tho\u1ea1i...\" \/><\/span><br \/>\n<span class=\"wpcf7-form-control-wrap email-459\"><input type=\"email\" name=\"email-459\" value=\"\" size=\"40\" class=\"wpcf7-form-control wpcf7-text wpcf7-email wpcf7-validates-as-email\" aria-invalid=\"false\" placeholder=\"\u0110\u1ecba ch\u1ec9 email...\" \/><\/span><br \/>\n<span class=\"wpcf7-form-control-wrap radio-71\"><span class=\"wpcf7-form-control wpcf7-radio\"><span class=\"wpcf7-list-item first\"><input type=\"radio\" name=\"radio-71\" value=\"Than phi\u1ec1n\" checked=\"checked\" \/><span class=\"wpcf7-list-item-label\">Than phi\u1ec1n<\/span><\/span><span class=\"wpcf7-list-item\"><input type=\"radio\" name=\"radio-71\" value=\"G\u00f3p \u00fd\" \/><span class=\"wpcf7-list-item-label\">G\u00f3p \u00fd<\/span><\/span><span class=\"wpcf7-list-item\"><input type=\"radio\" name=\"radio-71\" value=\"T\u01b0 v\u1ea5n\" \/><span class=\"wpcf7-list-item-label\">T\u01b0 v\u1ea5n<\/span><\/span><span class=\"wpcf7-list-item\"><input type=\"radio\" name=\"radio-71\" value=\"Mua h\u00e0ng\" \/><span class=\"wpcf7-list-item-label\">Mua h\u00e0ng<\/span><\/span><span class=\"wpcf7-list-item last\"><input type=\"radio\" name=\"radio-71\" value=\"Kh\u00e1c\" \/><span class=\"wpcf7-list-item-label\">Kh\u00e1c<\/span><\/span><\/span><\/span><br \/>\n<span class=\"wpcf7-form-control-wrap text-345\"><input type=\"text\" name=\"text-345\" value=\"\" size=\"40\" class=\"wpcf7-form-control wpcf7-text\" aria-invalid=\"false\" placeholder=\"Ti\u00eau \u0111\u1ec1...\" \/><\/span><br \/>\n<span class=\"wpcf7-form-control-wrap textarea-463\"><textarea name=\"textarea-463\" cols=\"40\" rows=\"10\" class=\"wpcf7-form-control wpcf7-textarea\" aria-invalid=\"false\" placeholder=\"N\u1ed9i dung...\"><\/textarea><\/span><br \/>\n<input type=\"submit\" value=\"G\u1eedi li\u00ean h\u1ec7\" class=\"wpcf7-form-control wpcf7-submit\" \/>\n<\/p><\/div>\n<div class=\"wpcf7-response-output\" aria-hidden=\"true\"><\/div><\/form><\/div>\n","protected":false},"excerpt":{"rendered":"","protected":false},"author":1,"featured_media":0,"parent":0,"menu_order":0,"comment_status":"closed","ping_status":"closed","template":"","meta":[],"_links":{"self":[{"href":"https:\/\/hosting.conasi.vn\/w\/thucpham112011\/wp-json\/wp\/v2\/pages\/211"}],"collection":[{"href":"https:\/\/hosting.conasi.vn\/w\/thucpham112011\/wp-json\/wp\/v2\/pages"}],"about":[{"href":"https:\/\/hosting.conasi.vn\/w\/thucpham112011\/wp-json\/wp\/v2\/types\/page"}],"author":[{"embeddable":true,"href":"https:\/\/hosting.conasi.vn\/w\/thucpham112011\/wp-json\/wp\/v2\/users\/1"}],"replies":[{"embeddable":true,"href":"https:\/\/hosting.conasi.vn\/w\/thucpham112011\/wp-json\/wp\/v2\/comments?post=211"}],"version-history":[{"count":0,"href":"https:\/\/hosting.conasi.vn\/w\/thucpham112011\/wp-json\/wp\/v2\/pages\/211\/revisions"}],"wp:attachment":[{"href":"https:\/\/hosting.conasi.vn\/w\/thucpham112011\/wp-json\/wp\/v2\/media?parent=211"}],"curies":[{"name":"wp","href":"https:\/\/api.w.org\/{rel}","templated":true}]}}