{"id":155,"date":"2019-12-30T12:09:52","date_gmt":"2019-12-30T05:09:52","guid":{"rendered":"http:\/\/fashion3.muathemewordpress.net\/?post_type=product&#038;p=155"},"modified":"2019-12-30T12:16:53","modified_gmt":"2019-12-30T05:16:53","slug":"ao-len-ghi-theu-vong-tron-trang-truoc-nguc","status":"publish","type":"product","link":"https:\/\/hosting.conasi.vn\/w\/thoitrang62011\/san-pham\/ao-len-ghi-theu-vong-tron-trang-truoc-nguc\/","title":{"rendered":"\u00c1O LEN GHI TH\u00caU V\u00d2NG TR\u00d2N TR\u1eaeNG TR\u01af\u1edaC NG\u1ef0C"},"content":{"rendered":"","protected":false},"excerpt":{"rendered":"<ul class=\"list-unstyled description\">\n<li class=\"p-brand\">Th\u01b0\u01a1ng hi\u1ec7u:\u00a0Liberty Wings<\/li>\n<li class=\"p-model\">M\u00e3 s\u1ea3n ph\u1ea9m:\u00a0<span class=\"p-model\">AL12845-G<\/span><\/li>\n<li class=\"p-stock\">T\u00ecnh tr\u1ea1ng:\u00a0<span class=\"journal-stock instock\">100<\/span><\/li>\n<\/ul>\n","protected":false},"featured_media":173,"comment_status":"open","ping_status":"closed","template":"","meta":[],"_links":{"self":[{"href":"https:\/\/hosting.conasi.vn\/w\/thoitrang62011\/wp-json\/wp\/v2\/product\/155"}],"collection":[{"href":"https:\/\/hosting.conasi.vn\/w\/thoitrang62011\/wp-json\/wp\/v2\/product"}],"about":[{"href":"https:\/\/hosting.conasi.vn\/w\/thoitrang62011\/wp-json\/wp\/v2\/types\/product"}],"replies":[{"embeddable":true,"href":"https:\/\/hosting.conasi.vn\/w\/thoitrang62011\/wp-json\/wp\/v2\/comments?post=155"}],"wp:featuredmedia":[{"embeddable":true,"href":"https:\/\/hosting.conasi.vn\/w\/thoitrang62011\/wp-json\/wp\/v2\/media\/173"}],"wp:attachment":[{"href":"https:\/\/hosting.conasi.vn\/w\/thoitrang62011\/wp-json\/wp\/v2\/media?parent=155"}],"curies":[{"name":"wp","href":"https:\/\/api.w.org\/{rel}","templated":true}]}}