{"id":152,"date":"2019-12-30T12:09:14","date_gmt":"2019-12-30T05:09:14","guid":{"rendered":"http:\/\/fashion3.muathemewordpress.net\/?post_type=product&#038;p=152"},"modified":"2019-12-30T12:16:37","modified_gmt":"2019-12-30T05:16:37","slug":"ao-khoac-phao-den-bong-co-3p-che-khoa","status":"publish","type":"product","link":"https:\/\/hosting.conasi.vn\/w\/thoitrang62011\/san-pham\/ao-khoac-phao-den-bong-co-3p-che-khoa\/","title":{"rendered":"\u00c1O KHO\u00c1C PHAO \u0110EN B\u00d3NG C\u1ed4 3P CHE KH\u00d3A"},"content":{"rendered":"","protected":false},"excerpt":{"rendered":"<ul class=\"list-unstyled description\">\n<li class=\"p-brand\">Th\u01b0\u01a1ng hi\u1ec7u:\u00a0Liberty Wings<\/li>\n<li class=\"p-model\">M\u00e3 s\u1ea3n ph\u1ea9m:\u00a0<span class=\"p-model\">AKP9981-BL<\/span><\/li>\n<li class=\"p-stock\">T\u00ecnh tr\u1ea1ng:\u00a0<span class=\"journal-stock instock\">100<\/span><\/li>\n<\/ul>\n","protected":false},"featured_media":172,"comment_status":"open","ping_status":"closed","template":"","meta":[],"_links":{"self":[{"href":"https:\/\/hosting.conasi.vn\/w\/thoitrang62011\/wp-json\/wp\/v2\/product\/152"}],"collection":[{"href":"https:\/\/hosting.conasi.vn\/w\/thoitrang62011\/wp-json\/wp\/v2\/product"}],"about":[{"href":"https:\/\/hosting.conasi.vn\/w\/thoitrang62011\/wp-json\/wp\/v2\/types\/product"}],"replies":[{"embeddable":true,"href":"https:\/\/hosting.conasi.vn\/w\/thoitrang62011\/wp-json\/wp\/v2\/comments?post=152"}],"wp:featuredmedia":[{"embeddable":true,"href":"https:\/\/hosting.conasi.vn\/w\/thoitrang62011\/wp-json\/wp\/v2\/media\/172"}],"wp:attachment":[{"href":"https:\/\/hosting.conasi.vn\/w\/thoitrang62011\/wp-json\/wp\/v2\/media?parent=152"}],"curies":[{"name":"wp","href":"https:\/\/api.w.org\/{rel}","templated":true}]}}