{"id":140,"date":"2019-12-30T10:37:51","date_gmt":"2019-12-30T03:37:51","guid":{"rendered":"http:\/\/fashion3.muathemewordpress.net\/?post_type=product&#038;p=140"},"modified":"2019-12-30T12:15:10","modified_gmt":"2019-12-30T05:15:10","slug":"ao-khoac-da-ghi-xam-2-tui-hop-in-chu-nguc-trai","status":"publish","type":"product","link":"https:\/\/hosting.conasi.vn\/w\/thoitrang62011\/san-pham\/ao-khoac-da-ghi-xam-2-tui-hop-in-chu-nguc-trai\/","title":{"rendered":"\u00c1O KHO\u00c1C DA GHI X\u00c1M 2 T\u00daI H\u1ed8P IN CH\u1eee NG\u1ef0C TR\u00c1I"},"content":{"rendered":"","protected":false},"excerpt":{"rendered":"<ul class=\"list-unstyled description\">\n<li class=\"p-brand\">Th\u01b0\u01a1ng hi\u1ec7u:\u00a0Liberty Wings<\/li>\n<li class=\"p-model\">M\u00e3 s\u1ea3n ph\u1ea9m:\u00a0<span class=\"p-model\">AD1912BSD-G<\/span><\/li>\n<li class=\"p-stock\">T\u00ecnh tr\u1ea1ng:\u00a0<span class=\"journal-stock instock\">50<\/span><\/li>\n<\/ul>\n","protected":false},"featured_media":167,"comment_status":"open","ping_status":"closed","template":"","meta":[],"_links":{"self":[{"href":"https:\/\/hosting.conasi.vn\/w\/thoitrang62011\/wp-json\/wp\/v2\/product\/140"}],"collection":[{"href":"https:\/\/hosting.conasi.vn\/w\/thoitrang62011\/wp-json\/wp\/v2\/product"}],"about":[{"href":"https:\/\/hosting.conasi.vn\/w\/thoitrang62011\/wp-json\/wp\/v2\/types\/product"}],"replies":[{"embeddable":true,"href":"https:\/\/hosting.conasi.vn\/w\/thoitrang62011\/wp-json\/wp\/v2\/comments?post=140"}],"wp:featuredmedia":[{"embeddable":true,"href":"https:\/\/hosting.conasi.vn\/w\/thoitrang62011\/wp-json\/wp\/v2\/media\/167"}],"wp:attachment":[{"href":"https:\/\/hosting.conasi.vn\/w\/thoitrang62011\/wp-json\/wp\/v2\/media?parent=140"}],"curies":[{"name":"wp","href":"https:\/\/api.w.org\/{rel}","templated":true}]}}