{"id":21,"date":"2019-12-30T09:00:33","date_gmt":"2019-12-30T02:00:33","guid":{"rendered":"http:\/\/fashion3.muathemewordpress.net\/?page_id=21"},"modified":"2019-12-30T22:20:10","modified_gmt":"2019-12-30T15:20:10","slug":"he-thong-cua-hang","status":"publish","type":"page","link":"https:\/\/hosting.conasi.vn\/w\/thoitrang62011\/he-thong-cua-hang\/","title":{"rendered":"H\u1ec7 th\u1ed1ng c\u1eeda h\u00e0ng"},"content":{"rendered":"<div class=\"row\"  id=\"row-1936947715\">\n\n\t<div id=\"col-1614713332\" class=\"col small-12 large-12\"  >\n\t\t<div class=\"col-inner\"  >\n\t\t\t\n\t\t\t\n<div class=\"container section-title-container\" ><h2 class=\"section-title section-title-center\"><b><\/b><span class=\"section-title-main\" >H\u1ec7 th\u1ed1ng c\u1eeda h\u00e0ng tr\u00ean to\u00e0n qu\u1ed1c<\/span><b><\/b><\/h2><\/div>\n\t\t<\/div>\n\t\t\t<\/div>\n\n\t\n\n\t<div id=\"col-1253959020\" class=\"col medium-6 small-12 large-6\"  >\n\t\t<div class=\"col-inner\"  >\n\t\t\t\n\t\t\t\n\t<div id=\"gap-692848673\" class=\"gap-element clearfix\" style=\"display:block; height:auto;\">\n\t\t\n<style>\n#gap-692848673 {\n  padding-top: 128px;\n}\n<\/style>\n\t<\/div>\n\t\n<h3><span style=\"font-size: 90%;\">C\u00d4NG TY C\u1ed4 PH\u1ea6N TH\u1edcI TRANG LIBERTY WINGS<\/span><\/h3>\n<ul>\n<li><span style=\"font-size: 90%;\">V\u0103n ph\u00f2ng: 258 Ph\u1ed1 Hu\u1ebf &#8211; Hai B\u00e0 Tr\u01b0ng &#8211; H\u00e0 N\u1ed9i<\/span><\/li>\n<li><span style=\"font-size: 90%;\">Hotline: (024) 66.828.666<\/span><\/li>\n<\/ul>\n<h3><span style=\"font-size: 90%;\">H\u00c0 N\u1ed8I<\/span><\/h3>\n<ul>\n<li><span style=\"font-size: 90%;\">307 \u0110\u00ea La Th\u00e0nh &#8211; \u0110\u1ed1ng \u0110a &#8211; H\u00e0 N\u1ed9i\u00a0\u00a00815.121.666<\/span><\/li>\n<li><span style=\"font-size: 90%;\">258 Ph\u1ed1 Hu\u1ebf &#8211; Hai B\u00e0 Tr\u01b0ng &#8211; H\u00e0 N\u1ed9i (024) 66.828.666<\/span><\/li>\n<li><span style=\"font-size: 90%;\">106 C\u1ea7u Gi\u1ea5y &#8211; Qu\u1eadn C\u1ea7u Gi\u1ea5y &#8211; H\u00e0 N\u1ed9i\u00a00856.121.666<\/span><\/li>\n<\/ul>\n<h3><span style=\"font-size: 90%;\">H\u1ed2 CH\u00cd MINH ( RE &#8211; OPENING )<\/span><\/h3>\n<ul>\n<li><span style=\"font-size: 90%;\">Qu\u1eadn 1 &#8211; Tp H\u1ed3 Ch\u00ed Minh<\/span><\/li>\n<\/ul>\n<h3><span style=\"font-size: 90%;\">L\u1ea0NG S\u01a0N<\/span><\/h3>\n<ul>\n<li><span style=\"font-size: 90%;\">270A B\u00e0 Tri\u1ec7u &#8211; Tp. L\u1ea1ng S\u01a1n<\/span><\/li>\n<\/ul>\n\t\t<\/div>\n\t\t\t<\/div>\n\n\t\n\n\t<div id=\"col-1050818422\" class=\"col medium-6 small-12 large-6\"  >\n\t\t<div class=\"col-inner\"  >\n\t\t\t\n\t\t\t\n\t<div class=\"img has-hover x md-x lg-x y md-y lg-y\" id=\"image_275608339\">\n\t\t\t\t\t\t\t\t<div class=\"img-inner dark\" >\n\t\t\t<img width=\"699\" height=\"887\" src=\"https:\/\/hosting.conasi.vn\/w\/thoitrang62011\/wp-content\/uploads\/2019\/12\/he-thong-showroom.jpg\" class=\"attachment-original size-original\" alt=\"\" loading=\"lazy\" srcset=\"https:\/\/hosting.conasi.vn\/w\/thoitrang62011\/wp-content\/uploads\/2019\/12\/he-thong-showroom.jpg 699w, https:\/\/hosting.conasi.vn\/w\/thoitrang62011\/wp-content\/uploads\/2019\/12\/he-thong-showroom-510x647.jpg 510w, https:\/\/hosting.conasi.vn\/w\/thoitrang62011\/wp-content\/uploads\/2019\/12\/he-thong-showroom-236x300.jpg 236w\" sizes=\"(max-width: 699px) 100vw, 699px\" \/>\t\t\t\t\t\t\n\t\t\t\t\t<\/div>\n\t\t\t\t\t\t\t\t\n<style>\n#image_275608339 {\n  width: 100%;\n}\n<\/style>\n\t<\/div>\n\t\n\t\t<\/div>\n\t\t\t<\/div>\n\n\t\n<\/div>\n","protected":false},"excerpt":{"rendered":"","protected":false},"author":1,"featured_media":0,"parent":0,"menu_order":0,"comment_status":"closed","ping_status":"closed","template":"page-blank-title-center.php","meta":[],"_links":{"self":[{"href":"https:\/\/hosting.conasi.vn\/w\/thoitrang62011\/wp-json\/wp\/v2\/pages\/21"}],"collection":[{"href":"https:\/\/hosting.conasi.vn\/w\/thoitrang62011\/wp-json\/wp\/v2\/pages"}],"about":[{"href":"https:\/\/hosting.conasi.vn\/w\/thoitrang62011\/wp-json\/wp\/v2\/types\/page"}],"author":[{"embeddable":true,"href":"https:\/\/hosting.conasi.vn\/w\/thoitrang62011\/wp-json\/wp\/v2\/users\/1"}],"replies":[{"embeddable":true,"href":"https:\/\/hosting.conasi.vn\/w\/thoitrang62011\/wp-json\/wp\/v2\/comments?post=21"}],"version-history":[{"count":0,"href":"https:\/\/hosting.conasi.vn\/w\/thoitrang62011\/wp-json\/wp\/v2\/pages\/21\/revisions"}],"wp:attachment":[{"href":"https:\/\/hosting.conasi.vn\/w\/thoitrang62011\/wp-json\/wp\/v2\/media?parent=21"}],"curies":[{"name":"wp","href":"https:\/\/api.w.org\/{rel}","templated":true}]}}