{"id":2000,"date":"2019-10-06T23:28:24","date_gmt":"2019-10-06T16:28:24","guid":{"rendered":"https:\/\/thietkeweb.onlead.vn\/?post_type=product&#038;p=2000"},"modified":"2019-10-06T23:40:04","modified_gmt":"2019-10-06T16:40:04","slug":"da-quy","status":"publish","type":"product","link":"https:\/\/hosting.conasi.vn\/w\/thietkeweb2011\/san-pham\/da-quy\/","title":{"rendered":"\u0110\u00e1 Qu\u00fd"},"content":{"rendered":"","protected":false},"excerpt":{"rendered":"","protected":false},"featured_media":2001,"comment_status":"closed","ping_status":"closed","template":"","meta":[],"_links":{"self":[{"href":"https:\/\/hosting.conasi.vn\/w\/thietkeweb2011\/wp-json\/wp\/v2\/product\/2000"}],"collection":[{"href":"https:\/\/hosting.conasi.vn\/w\/thietkeweb2011\/wp-json\/wp\/v2\/product"}],"about":[{"href":"https:\/\/hosting.conasi.vn\/w\/thietkeweb2011\/wp-json\/wp\/v2\/types\/product"}],"replies":[{"embeddable":true,"href":"https:\/\/hosting.conasi.vn\/w\/thietkeweb2011\/wp-json\/wp\/v2\/comments?post=2000"}],"wp:featuredmedia":[{"embeddable":true,"href":"https:\/\/hosting.conasi.vn\/w\/thietkeweb2011\/wp-json\/wp\/v2\/media\/2001"}],"wp:attachment":[{"href":"https:\/\/hosting.conasi.vn\/w\/thietkeweb2011\/wp-json\/wp\/v2\/media?parent=2000"}],"curies":[{"name":"wp","href":"https:\/\/api.w.org\/{rel}","templated":true}]}}