{"id":1931,"date":"2019-10-06T22:53:03","date_gmt":"2019-10-06T15:53:03","guid":{"rendered":"https:\/\/thietkeweb.onlead.vn\/?post_type=product&#038;p=1931"},"modified":"2019-10-06T23:45:21","modified_gmt":"2019-10-06T16:45:21","slug":"da-quy-01","status":"publish","type":"product","link":"https:\/\/hosting.conasi.vn\/w\/thietkeweb2011\/san-pham\/da-quy-01\/","title":{"rendered":"\u0110\u00e1 Qu\u00fd 01"},"content":{"rendered":"","protected":false},"excerpt":{"rendered":"","protected":false},"featured_media":1932,"comment_status":"closed","ping_status":"closed","template":"","meta":[],"_links":{"self":[{"href":"https:\/\/hosting.conasi.vn\/w\/thietkeweb2011\/wp-json\/wp\/v2\/product\/1931"}],"collection":[{"href":"https:\/\/hosting.conasi.vn\/w\/thietkeweb2011\/wp-json\/wp\/v2\/product"}],"about":[{"href":"https:\/\/hosting.conasi.vn\/w\/thietkeweb2011\/wp-json\/wp\/v2\/types\/product"}],"replies":[{"embeddable":true,"href":"https:\/\/hosting.conasi.vn\/w\/thietkeweb2011\/wp-json\/wp\/v2\/comments?post=1931"}],"wp:featuredmedia":[{"embeddable":true,"href":"https:\/\/hosting.conasi.vn\/w\/thietkeweb2011\/wp-json\/wp\/v2\/media\/1932"}],"wp:attachment":[{"href":"https:\/\/hosting.conasi.vn\/w\/thietkeweb2011\/wp-json\/wp\/v2\/media?parent=1931"}],"curies":[{"name":"wp","href":"https:\/\/api.w.org\/{rel}","templated":true}]}}