{"id":531,"date":"2018-02-28T20:56:53","date_gmt":"2018-02-28T13:56:53","guid":{"rendered":"https:\/\/onlead.vn\/?page_id=531"},"modified":"2019-10-18T13:08:02","modified_gmt":"2019-10-18T06:08:02","slug":"bang-gia","status":"publish","type":"page","link":"https:\/\/hosting.conasi.vn\/w\/thietkeweb2011\/bang-gia\/","title":{"rendered":"B\u1ea3ng gi\u00e1"},"content":{"rendered":"\n\n  <div class=\"banner has-hover\" id=\"banner-1290140250\">\n          <div class=\"banner-inner fill\">\n        <div class=\"banner-bg fill\" >\n            <div class=\"bg fill bg-fill \"><\/div>\n                                    \n                    <\/div>\n        <div class=\"banner-layers container\">\n            <div class=\"fill banner-link\"><\/div>            \n\n   <div id=\"text-box-1342368342\" class=\"text-box banner-layer x50 md-x50 lg-x50 y50 md-y50 lg-y50 res-text\">\n                     <div data-animate=\"bounceInUp\">           <div class=\"text dark\">\n              \n              <div class=\"text-inner text-center\">\n                  \n\n<h3 class=\"uppercase\">B\u1ea2NG GI\u00c1 THI\u1ebeT K\u1ebe WEBSITE<br \/>\n<\/h3>\n<h5 class=\"thin-font\">M\u1ed8T WEBSITE CHUY\u00caN NGHI\u1ec6P CHO C\u00d4NG VI\u1ec6C KINH DOANH C\u1ee6A B\u1ea0N TR\u1ede N\u00caN D\u1ec4 D\u00c0NG H\u01a0N !<br \/>\n<\/h5>\n\n              <\/div>\n           <\/div>\n       <\/div>                     \n<style>\n#text-box-1342368342 {\n  width: 97%;\n}\n#text-box-1342368342 .text {\n  font-size: 104%;\n}\n@media (min-width:550px) {\n  #text-box-1342368342 {\n    width: 90%;\n  }\n  #text-box-1342368342 .text {\n    font-size: 117%;\n  }\n}\n<\/style>\n    <\/div>\n \n\n        <\/div>\n      <\/div>\n\n            \n<style>\n#banner-1290140250 {\n  padding-top: 400px;\n}\n#banner-1290140250 .bg.bg-loaded {\n  background-image: url(https:\/\/hosting.conasi.vn\/w\/thietkeweb2011\/wp-content\/uploads\/2019\/09\/slider-tkw03.png);\n}\n<\/style>\n  <\/div>\n\n\n\t<section class=\"section\" id=\"section_1926030683\">\n\t\t<div class=\"bg section-bg fill bg-fill  bg-loaded\" >\n\n\t\t\t\n\t\t\t\n\t\t\t\n\n\t\t<\/div>\n\n\t\t<div class=\"section-content relative\">\n\t\t\t\n\n<div class=\"row\"  id=\"row-1628740371\">\n\n\n\t<div id=\"col-928944755\" class=\"col small-12 large-12\"  >\n\t\t<div class=\"col-inner\"  >\n\t\t\t\n\t\t\t\n\n<h3 class=\" title-home uppercase text-center color-primary-light\">B\u1ea2NG GI\u00c1 D\u1ecaCH V\u1ee4 THI\u1ebeT K\u1ebe WEB C\u1ee6A WEBSIEUDEP.VN<\/h3>\n<p style=\"text-align: center;\"><span style=\"font-size: 105%; color: #333333;\">Cam k\u1ebft gi\u00e1 &amp; ch\u1ea5t l\u01b0\u1ee3ng d\u1ecbch v\u1ee5 TR\u01af\u1edaC v\u00e0 SAU thi\u1ebft k\u1ebf website t\u1ed1t nh\u1ea5t th\u1ecb tr\u01b0\u1eddng.<br \/>\n<\/span><\/p>\n\n\t\t<\/div>\n\t\t\t<\/div>\n\n\t\n<div class=\"row row-collapse row-full-width r_price\"  id=\"row-1162840916\">\n\n\n\t<div id=\"col-1679774917\" class=\"col medium-4 small-12 large-4\"  >\n\t\t<div class=\"col-inner\"  >\n\t\t\t\n\t\t\t\n\n<div class=\"pricing-table-wrapper\">\n  <div class=\"pricing-table ux_price_table text-center box-shadow-3 box-shadow-3-hover\"style=\"border-radius:15px;\">\n    <div class=\"pricing-table-header\">\n      <div class=\"title uppercase strong\">PH\u1ed4 TH\u00d4NG<\/div>\n      <div class=\"price is-xxlarge\">2,890,000 \u0111<\/div>\n              <div class=\"description is-small\">\n          Tr\u1ecdn g\u00f3i        <\/div>\n          <\/div>\n    <div class=\"pricing-table-items items\">\n      \n\n<div class=\"bullet-item\" title=\"\"><span class=\"text\">Th\u1eddi gian ho\u00e0n th\u00e0nh 1 - 3 ng\u00e0y<\/span><\/div>\n\n<div class=\"bullet-item\" title=\"\"><span class=\"text\">Giao di\u1ec7n theo m\u1eabu<\/span><\/div>\n\n<div class=\"bullet-item\" title=\"\"><span class=\"text\">T\u1eb7ng t\u00ean mi\u1ec1n .com | .net<\/span><\/div>\n\n<div class=\"bullet-item\" title=\"\"><span class=\"text\">T\u1eb7ng Hosting 1000 MB<\/span><\/div>\n\n<div class=\"bullet-item\" title=\"\"><span class=\"text\">T\u1eb7ng b\u1ea3o m\u1eadt website SSL<\/span><\/div>\n\n<div class=\"bullet-item\" title=\"\"><span class=\"text\">B\u0103ng th\u00f4ng kh\u00f4ng gi\u1edbi h\u1ea1n<\/span><\/div>\n\n<div class=\"bullet-item\" title=\"\"><span class=\"text\">H\u1ed7 tr\u1ee3 nh\u1eadp li\u1ec7u 100% n\u1ed9i dung<\/span><\/div>\n\n<div class=\"bullet-item\" title=\"\"><span class=\"text\">Chu\u1ea9n SEO 100%<\/span><\/div>\n\n<div class=\"bullet-item\" title=\"\"><span class=\"text\">Ch\u1ee9c n\u0103ng web chuy\u00ean nghi\u1ec7p<\/span><\/div>\n\n<div class=\"bullet-item\" title=\"\"><span class=\"text\">B\u00e0n giao \u0111\u1ea7y \u0111\u1ee7 Source code<\/span><\/div>\n\n<div class=\"bullet-item\" title=\"\"><span class=\"text\">Cung c\u1ea5p t\u00e0i li\u1ec7u h\u01b0\u1edbng d\u1eabn<\/span><\/div>\n\n<div class=\"bullet-item\" title=\"\"><span class=\"text\">B\u1ea3o h\u00e0nh trong su\u1ed1t th\u1eddi gian s\u1eed d\u1ee5ng<\/span><\/div>\n\n<div class=\"bullet-item\" title=\"\"><span class=\"text\">H\u1ed7 tr\u1ee3 k\u1ef9 thu\u1eadt 24\/7\/365 Free<\/span><\/div>\n\n<a data-animate=\"fadeInDown\" href=\"#spu-2217\" target=\"_self\" class=\"button primary is-outline\"  >\n    <span>Ch\u1ecdn g\u00f3i n\u00e0y<\/span>\n  <\/a>\n\n\n\n    <\/div>\n      <\/div>\n<\/div>\n\n\n\n\t\t<\/div>\n\t\t\t<\/div>\n\n\t\n\n\t<div id=\"col-1743782768\" class=\"col medium-4 small-12 large-4\"  >\n\t\t<div class=\"col-inner\"  >\n\t\t\t\n\t\t\t\n\n<div class=\"pricing-table-wrapper\">\n  <div class=\"pricing-table ux_price_table text-center box-shadow-3 box-shadow-3-hover featured-table\"style=\"border-radius:15px;\">\n    <div class=\"pricing-table-header\">\n      <div class=\"title uppercase strong\">CHUY\u00caN NGHI\u1ec6P<\/div>\n      <div class=\"price is-xxlarge\">3,990,0000 \u0111<\/div>\n              <div class=\"description is-small\">\n          Tr\u1ecdn g\u00f3i        <\/div>\n          <\/div>\n    <div class=\"pricing-table-items items\">\n      \n\n<div class=\"bullet-item\" title=\"\"><span class=\"text\">Th\u1eddi gian ho\u00e0n th\u00e0nh 3 - 5 ng\u00e0y<\/span><\/div>\n\n<div class=\"bullet-item\" title=\"\"><span class=\"text\">Giao di\u1ec7n theo m\u1eabu &amp; ch\u1ec9nh s\u1eeda<\/span><\/div>\n\n<div class=\"bullet-item\" title=\"\"><span class=\"text\">T\u1eb7ng t\u00ean mi\u1ec1n .com | .net<\/span><\/div>\n\n<div class=\"bullet-item\" title=\"\"><span class=\"text\">T\u1eb7ng Hosting 1500 MB<\/span><\/div>\n\n<div class=\"bullet-item\" title=\"\"><span class=\"text\">T\u1eb7ng b\u1ea3o m\u1eadt website SSL<\/span><\/div>\n\n<div class=\"bullet-item\" title=\"\"><span class=\"text\">B\u0103ng th\u00f4ng kh\u00f4ng gi\u1edbi h\u1ea1n<\/span><\/div>\n\n<div class=\"bullet-item\" title=\"\"><span class=\"text\">H\u1ed7 tr\u1ee3 nh\u1eadp li\u1ec7u 100% n\u1ed9i dung<\/span><\/div>\n\n<div class=\"bullet-item\" title=\"\"><span class=\"text\">Chu\u1ea9n SEO 100%<\/span><\/div>\n\n<div class=\"bullet-item\" title=\"\"><span class=\"text\">Ch\u1ee9c n\u0103ng web chuy\u00ean nghi\u1ec7p<\/span><\/div>\n\n<div class=\"bullet-item\" title=\"\"><span class=\"text\">B\u00e0n giao \u0111\u1ea7y \u0111\u1ee7 Source code<\/span><\/div>\n\n<div class=\"bullet-item\" title=\"\"><span class=\"text\">Cung c\u1ea5p t\u00e0i li\u1ec7u h\u01b0\u1edbng d\u1eabn<\/span><\/div>\n\n<div class=\"bullet-item\" title=\"\"><span class=\"text\">B\u1ea3o h\u00e0nh trong su\u1ed1t th\u1eddi gian s\u1eed d\u1ee5ng<\/span><\/div>\n\n<div class=\"bullet-item\" title=\"\"><span class=\"text\">H\u1ed7 tr\u1ee3 k\u1ef9 thu\u1eadt 24\/7\/365 Free<\/span><\/div>\n\n<a data-animate=\"fadeInDown\" href=\"#spu-2217\" target=\"_self\" class=\"button primary is-outline\"  >\n    <span>Ch\u1ecdn g\u00f3i n\u00e0y<\/span>\n  <\/a>\n\n\n\n    <\/div>\n      <\/div>\n<\/div>\n\n\n\n\t\t<\/div>\n\t\t\t<\/div>\n\n\t\n\n\t<div id=\"col-1162323115\" class=\"col medium-4 small-12 large-4\"  >\n\t\t<div class=\"col-inner\"  >\n\t\t\t\n\t\t\t\n\n<div class=\"pricing-table-wrapper\">\n  <div class=\"pricing-table ux_price_table text-center box-shadow-3 box-shadow-3-hover\"style=\"border-radius:15px;\">\n    <div class=\"pricing-table-header\">\n      <div class=\"title uppercase strong\">CAO C\u1ea4P<\/div>\n      <div class=\"price is-xxlarge\">5,990,000 \u0111<\/div>\n              <div class=\"description is-small\">\n          Theo y\u00eau c\u1ea7u        <\/div>\n          <\/div>\n    <div class=\"pricing-table-items items\">\n      \n\n<div class=\"bullet-item\" title=\"\"><span class=\"text\">Th\u1eddi gian ho\u00e0n th\u00e0nh 7 - 15 ng\u00e0y<\/span><\/div>\n\n<div class=\"bullet-item\" title=\"\"><span class=\"text\">Giao di\u1ec7n thi\u1ebft k\u1ebf theo y\u00eau c\u1ea7u<\/span><\/div>\n\n<div class=\"bullet-item\" title=\"\"><span class=\"text\">T\u1eb7ng t\u00ean mi\u1ec1n .com | .net<\/span><\/div>\n\n<div class=\"bullet-item\" title=\"\"><span class=\"text\">T\u1eb7ng Hosting 2000 MB<\/span><\/div>\n\n<div class=\"bullet-item\" title=\"\"><span class=\"text\">T\u1eb7ng b\u1ea3o m\u1eadt website SSL<\/span><\/div>\n\n<div class=\"bullet-item\" title=\"\"><span class=\"text\">B\u0103ng th\u00f4ng kh\u00f4ng gi\u1edbi h\u1ea1n<\/span><\/div>\n\n<div class=\"bullet-item\" title=\"\"><span class=\"text\">H\u1ed7 tr\u1ee3 nh\u1eadp li\u1ec7u 100% n\u1ed9i dung<\/span><\/div>\n\n<div class=\"bullet-item\" title=\"\"><span class=\"text\">T\u00f4i \u01b0u SEO 100%<\/span><\/div>\n\n<div class=\"bullet-item\" title=\"\"><span class=\"text\">Ch\u1ee9c n\u0103ng web cao c\u1ea5p<\/span><\/div>\n\n<div class=\"bullet-item\" title=\"\"><span class=\"text\">B\u00e0n giao \u0111\u1ea7y \u0111\u1ee7 Source code<\/span><\/div>\n\n<div class=\"bullet-item\" title=\"\"><span class=\"text\">Cung c\u1ea5p t\u00e0i li\u1ec7u h\u01b0\u1edbng d\u1eabn<\/span><\/div>\n\n<div class=\"bullet-item\" title=\"\"><span class=\"text\">B\u1ea3o h\u00e0nh trong su\u1ed1t th\u1eddi gian s\u1eed d\u1ee5ng<\/span><\/div>\n\n<div class=\"bullet-item\" title=\"\"><span class=\"text\">H\u1ed7 tr\u1ee3 k\u1ef9 thu\u1eadt 24\/7\/365 Free<\/span><\/div>\n\n<a data-animate=\"fadeInDown\" href=\"#spu-2217\" target=\"_self\" class=\"button primary is-outline\"  >\n    <span>Ch\u1ecdn g\u00f3i n\u00e0y<\/span>\n  <\/a>\n\n\n\n    <\/div>\n      <\/div>\n<\/div>\n\n\n\n\t\t<\/div>\n\t\t\t<\/div>\n\n\t\n\n\t<div id=\"col-1376511846\" class=\"col medium-4 small-12 large-4\"  >\n\t\t<div class=\"col-inner\"  >\n\t\t\t\n\t\t\t\n\n\n\t\t<\/div>\n\t\t\t<\/div>\n\n\t\n\n<\/div>\n\n<\/div>\n\t<div id=\"gap-1856103955\" class=\"gap-element clearfix\" style=\"display:block; height:auto;\">\n\t\t\n<style>\n#gap-1856103955 {\n  padding-top: 30px;\n}\n<\/style>\n\t<\/div>\n\t\n\n<div class=\"row\"  id=\"row-746208149\">\n\n\n\t<div id=\"col-454144218\" class=\"col small-12 large-12\"  >\n\t\t<div class=\"col-inner\"  >\n\t\t\t\n\t\t\t\n\n<h4>Ghi ch\u00fa:<\/h4>\n<ul class=\"fa-ul\">\n<li><i class=\"fa-li fa fa fa-hand-o-right\n\"><\/i>Ch\u01b0\u01a1ng tr\u00ecnh gi\u1ea3m gi\u00e1 khi \u0111\u0103ng k\u00fd t\u1eeb 02 n\u0103m tr\u1edf l\u00ean kh\u00f4ng \u00e1p d\u1ee5ng cho c\u00e1c lo\u1ea1i ph\u00ed thi\u1ebft k\u1ebf giao di\u1ec7n m\u1edbi, c\u00e1c y\u00eau c\u1ea7u th\u00eam t\u00ednh n\u0103ng.<\/li>\n<li><i class=\"fa-li fa fa fa-hand-o-right\n\"><\/i>Ph\u1ea7n Footer Website &#8220;Thi\u1ebft k\u1ebf b\u1edfi onlead.vn&#8221; &#8211; Qu\u00fd Kh\u00e1ch h\u00e0ng mu\u1ed1n lo\u1ea1i b\u1ecf s\u1ebd ph\u1ee5 thu chi ph\u00ed 500K. Ch\u00fang t\u00f4i v\u1eabn h\u1ed7 tr\u1ee3 b\u1ea3o h\u00e0nh v\u00e0 b\u1ea3o tr\u00ec trong su\u1ed1t th\u1eddi gian s\u1eed d\u1ee5ng.<\/li>\n<li><i class=\"fa-li fa fa fa-hand-o-right\n\"><\/i>Tr\u01b0\u1eddng h\u1ee3p Qu\u00fd kh\u00e1ch h\u00e0ng \u0111\u00e3 c\u00f3 s\u1eb5n Hosting ri\u00eang kh\u00f4ng s\u1eed d\u1ee5ng Hosting ch\u00fang t\u00f4i cung c\u1ea5p, khi Qu\u00fd kh\u00e1ch h\u00e0ng c\u00f3 nhu c\u1ea7u c\u1ea7n upload source web l\u00ean hosting \u2013 Ch\u00fang t\u00f4i s\u1ebd h\u1ed7 tr\u1ee3 v\u1edbi chi ph\u00ed 250K\/1 l\u1ea7n th\u1ef1c hi\u1ec7n c\u00f4ng vi\u1ec7c.<\/li>\n<li><i class=\"fa-li fa fa fa-hand-o-right\n\"><\/i>C\u00e1c g\u00f3i thi\u1ebft k\u1ebf Web tr\u00ean kh\u00f4ng bao g\u1ed3m D\u1ecbch v\u1ee5 qu\u1ea3n tr\u1ecb website, n\u1ebfu Qu\u00fd Kh\u00e1ch c\u00f3 nhu c\u1ea7u qu\u1ea3n tr\u1ecb ch\u0103m s\u00f3c web, ph\u00e1t tri\u1ec3n n\u1ed9i dung s\u1ea3n ph\u1ea9m, b\u00e0i vi\u1ebft, h\u00ecnh \u1ea3nh th\u00eam cho web vui l\u00f2ng mua th\u00eam c\u00e1c g\u00f3i d\u1ecbch v\u1ee5 qu\u1ea3n tr\u1ecb, ph\u00e1t tri\u1ec3n n\u1ed9i dung web theo y\u00eau c\u1ea7u.<\/li>\n<li><i class=\"fa-li fa fa fa-hand-o-right\n\"><\/i>Tr\u01b0\u1eddng h\u1ee3p Qu\u00fd Kh\u00e1ch c\u00f3 nhu c\u1ea7u ch\u1ea1y Qu\u1ea3ng c\u00e1o Google Ads, Facebook Ads,&#8230;cho website vui l\u00f2ng li\u00ean h\u1ec7 \u0111\u1ec3 \u0111\u01b0\u1ee3c t\u01b0 v\u1ea5n chi ti\u1ebft.<\/li>\n<li><i class=\"fa-li fa fa fa-hand-o-right\n\"><\/i>Qu\u00fd kh\u00e1ch c\u00f3 nhu c\u1ea7u t\u00f9y bi\u1ebfn c\u00e1c g\u00f3i d\u1ecbch v\u1ee5 thi\u1ebft k\u1ebf Web tr\u00ean vui l\u00f2ng li\u00ean h\u1ec7 Hotline: 0911991997<\/li>\n<\/ul>\n\n\t\t<\/div>\n\t\t\t<\/div>\n\n\t\n\n<\/div>\n\n  <div class=\"banner has-hover\" id=\"banner-1726761017\">\n          <div class=\"banner-inner fill\">\n        <div class=\"banner-bg fill\" >\n            <div class=\"bg fill bg-fill \"><\/div>\n                        <div class=\"overlay\"><\/div>            \n                    <\/div>\n        <div class=\"banner-layers container\">\n            <div class=\"fill banner-link\"><\/div>            \n\n   <div id=\"text-box-2017038474\" class=\"text-box banner-layer x50 md-x50 lg-x50 y50 md-y50 lg-y50 res-text\">\n                                <div class=\"text dark\">\n              \n              <div class=\"text-inner text-center\">\n                  \n\n<h3 class=\"\">B\u1ea1n ch\u01b0a ch\u1ecdn \u0111\u01b0\u1ee3c g\u00f3i d\u1ecbch v\u1ee5 ph\u00f9 h\u1ee3p ?<\/h3>\n<p>H\u00e3y \u0111\u1ec3 ch\u00fang t\u00f4i t\u01b0 v\u1ea5n gi\u1ea3i ph\u00e1p ph\u00f9 h\u1ee3p nh\u1ea5t d\u00e0nh cho b\u1ea1n !<\/p>\n<a data-animate=\"bounceIn\" href=\"\/lien-he\/\" target=\"_self\" class=\"button secondary\"  style=\"border-radius:30px;\">\n  <i class=\"icon-user\" ><\/i>  <span>Y\u00eau c\u1ea7u t\u01b0 v\u1ea5n<\/span>\n  <\/a>\n\n\n\n              <\/div>\n           <\/div>\n                            \n<style>\n#text-box-2017038474 {\n  width: 95%;\n}\n#text-box-2017038474 .text {\n  font-size: 130%;\n}\n@media (min-width:550px) {\n  #text-box-2017038474 {\n    width: 60%;\n  }\n  #text-box-2017038474 .text {\n    font-size: 100%;\n  }\n}\n<\/style>\n    <\/div>\n \n\n        <\/div>\n      <\/div>\n\n            \n<style>\n#banner-1726761017 {\n  padding-top: 250px;\n}\n#banner-1726761017 .bg.bg-loaded {\n  background-image: url(https:\/\/hosting.conasi.vn\/w\/thietkeweb2011\/wp-content\/uploads\/2019\/09\/bg-advisorya-1024x161.jpg);\n}\n#banner-1726761017 .overlay {\n  background-color: rgba(0, 0, 0, 0.17);\n}\n<\/style>\n  <\/div>\n\n\n<div class=\"row\"  id=\"row-670202537\">\n\n\n\t<div id=\"col-2120412195\" class=\"col small-12 large-12\"  >\n\t\t<div class=\"col-inner\"  >\n\t\t\t\n\t\t\t\n\n<h3 class=\" title-home uppercase text-center color-primary-light\">Ch\u00ednh s\u00e1ch b\u00e0n giao Web v\u00e0 h\u1ed7 tr\u1ee3 sau chuy\u1ec3n giao<\/h3>\n<p style=\"text-align: center;\"><span style=\"font-size: 100%; color: #333333;\">onlead.vn cam k\u1ebft th\u1ef1c hi\u1ec7n \u0111\u00fang v\u00e0 \u0111\u1ea7y \u0111\u1ee7 c\u00e1c \u0111i\u1ec1u kho\u1ea3n d\u01b0\u1edbi \u0111\u00e2y<br \/>\n<\/span><\/p>\n\n\t\t<\/div>\n\t\t\t<\/div>\n\n\t\n\n\t<div id=\"col-1704391691\" class=\"col medium-3 small-12 large-3\"  >\n\t\t<div class=\"col-inner\"  >\n\t\t\t\n\t\t\t\n\n\t<div class=\"box has-hover   has-hover box-text-bottom\" >\n\n\t\t<div class=\"box-image\" style=\"width:67%;\">\n\t\t\t\t\t\t<div class=\"\" >\n\t\t\t\t<img width=\"197\" height=\"178\" src=\"https:\/\/hosting.conasi.vn\/w\/thietkeweb2011\/wp-content\/uploads\/2019\/09\/icon_bh_1_nam.png\" class=\"attachment- size-\" alt=\"\" loading=\"lazy\" \/>\t\t\t\t\t\t\t\t\t\t\t<\/div>\n\t\t\t\t\t<\/div>\n\n\t\t<div class=\"box-text text-center\" >\n\t\t\t<div class=\"box-text-inner\">\n\t\t\t\t\n\n<p style=\"font-size: 110%; text-align: justify;\n\">B\u1ea3o h\u00e0nh v\u00e0 h\u1ed7 tr\u1ee3 1 n\u0103m khi x\u1ea3y ra tr\u1ee5c tr\u1eb7c v\u1ec1 k\u1ef9 thu\u1eadt t\u1ea1i m\u1ecdi th\u1eddi \u0111i\u1ec3m (trong tr\u01b0\u1eddng h\u1ee3p b\u00e0n giao m\u00e3 ngu\u1ed3n s\u1eed d\u1ee5ng tr\u00ean hosting ri\u00eang c\u1ee7a qu\u00fd kh\u00e1ch).<\/p>\n\n\t\t\t<\/div>\n\t\t<\/div>\n\t<\/div>\n\t\n\n\t\t<\/div>\n\t\t\t<\/div>\n\n\t\n\n\t<div id=\"col-790166188\" class=\"col medium-3 small-12 large-3\"  >\n\t\t<div class=\"col-inner\"  >\n\t\t\t\n\t\t\t\n\n\t<div class=\"box has-hover   has-hover box-text-bottom\" >\n\n\t\t<div class=\"box-image\" style=\"width:67%;\">\n\t\t\t\t\t\t<div class=\"\" >\n\t\t\t\t<img width=\"197\" height=\"178\" src=\"https:\/\/hosting.conasi.vn\/w\/thietkeweb2011\/wp-content\/uploads\/2019\/09\/icon_bh_vv.png\" class=\"attachment- size-\" alt=\"\" loading=\"lazy\" \/>\t\t\t\t\t\t\t\t\t\t\t<\/div>\n\t\t\t\t\t<\/div>\n\n\t\t<div class=\"box-text text-center\" >\n\t\t\t<div class=\"box-text-inner\">\n\t\t\t\t\n\n<p style=\"font-size: 110%; text-align: justify;\n\">B\u1ea3o h\u00e0nh v\u0129nh vi\u1ec5n cho kh\u00e1ch h\u00e0ng khi s\u1eed d\u1ee5ng d\u1ecbch v\u1ee5 hosting c\u1ee7a ch\u00fang t\u00f4i. B\u00e0n giao th\u00f4ng tin qu\u1ea3n l\u00fd domain v\u00e0 t\u00e0i kho\u1ea3n qu\u1ea3n tr\u1ecb website full quy\u1ec1n.<\/p>\n\n\t\t\t<\/div>\n\t\t<\/div>\n\t<\/div>\n\t\n\n\t\t<\/div>\n\t\t\t<\/div>\n\n\t\n\n\t<div id=\"col-1106920446\" class=\"col medium-3 small-12 large-3\"  >\n\t\t<div class=\"col-inner\"  >\n\t\t\t\n\t\t\t\n\n\t<div class=\"box has-hover   has-hover box-text-bottom\" >\n\n\t\t<div class=\"box-image\" style=\"width:67%;\">\n\t\t\t\t\t\t<div class=\"\" >\n\t\t\t\t<img width=\"197\" height=\"178\" src=\"https:\/\/hosting.conasi.vn\/w\/thietkeweb2011\/wp-content\/uploads\/2019\/09\/icon_bh_tron_doi.png\" class=\"attachment- size-\" alt=\"\" loading=\"lazy\" \/>\t\t\t\t\t\t\t\t\t\t\t<\/div>\n\t\t\t\t\t<\/div>\n\n\t\t<div class=\"box-text text-center\" >\n\t\t\t<div class=\"box-text-inner\">\n\t\t\t\t\n\n<p style=\"font-size: 110%; text-align: justify;\n\">H\u1ed7 tr\u1ee3 tr\u1ecdn \u0111\u1eddi khi x\u1ea3y ra tr\u1ee5c tr\u1eb7c v\u1ec1 k\u1ef9 thu\u1eadt t\u1ea1i m\u1ecdi th\u1eddi \u0111i\u1ec3m (trong tr\u01b0\u1eddng h\u1ee3p s\u1eed d\u1ee5ng hosting c\u1ee7a ch\u00fang t\u00f4i). D\u1eef li\u1ec7u web backup th\u01b0\u1eddng xuy\u00ean, kh\u00f4ng lo m\u1ea5t d\u1eef li\u1ec7u.<\/p>\n\n\t\t\t<\/div>\n\t\t<\/div>\n\t<\/div>\n\t\n\n\t\t<\/div>\n\t\t\t<\/div>\n\n\t\n\n\t<div id=\"col-1582354437\" class=\"col medium-3 small-12 large-3\"  >\n\t\t<div class=\"col-inner\"  >\n\t\t\t\n\t\t\t\n\n\t<div class=\"box has-hover   has-hover box-text-bottom\" >\n\n\t\t<div class=\"box-image\" style=\"width:67%;\">\n\t\t\t\t\t\t<div class=\"\" >\n\t\t\t\t<img width=\"197\" height=\"178\" src=\"https:\/\/hosting.conasi.vn\/w\/thietkeweb2011\/wp-content\/uploads\/2019\/09\/icon_bh_hdsd.png\" class=\"attachment- size-\" alt=\"\" loading=\"lazy\" \/>\t\t\t\t\t\t\t\t\t\t\t<\/div>\n\t\t\t\t\t<\/div>\n\n\t\t<div class=\"box-text text-center\" >\n\t\t\t<div class=\"box-text-inner\">\n\t\t\t\t\n\n<p style=\"font-size: 110%; text-align: justify;\n\">Cam k\u1ebft h\u1ed7 tr\u1ee3, cung c\u1ea5p t\u00e0i li\u1ec7u h\u01b0\u1edbng d\u1eabn s\u1eed d\u1ee5ng v\u00e0 h\u01b0\u1edbng d\u1eabn qu\u00fd kh\u00e1ch qu\u1ea3n tr\u1ecb website (qua Zalo, Hotline, TeamViewer,&#8230;) k\u1ec3 c\u1ea3 b\u1ea1n kh\u00f4ng bi\u1ebft g\u00ec v\u1ec1 web.<\/p>\n\n\t\t\t<\/div>\n\t\t<\/div>\n\t<\/div>\n\t\n\n\t\t<\/div>\n\t\t\t<\/div>\n\n\t\n\n<\/div>\n\n\t\t<\/div>\n\n\t\t\n<style>\n#section_1926030683 {\n  padding-top: 30px;\n  padding-bottom: 30px;\n}\n<\/style>\n\t<\/section>\n\t\n\n","protected":false},"excerpt":{"rendered":"","protected":false},"author":2,"featured_media":0,"parent":0,"menu_order":0,"comment_status":"closed","ping_status":"closed","template":"page-blank.php","meta":[],"_links":{"self":[{"href":"https:\/\/hosting.conasi.vn\/w\/thietkeweb2011\/wp-json\/wp\/v2\/pages\/531"}],"collection":[{"href":"https:\/\/hosting.conasi.vn\/w\/thietkeweb2011\/wp-json\/wp\/v2\/pages"}],"about":[{"href":"https:\/\/hosting.conasi.vn\/w\/thietkeweb2011\/wp-json\/wp\/v2\/types\/page"}],"author":[{"embeddable":true,"href":"https:\/\/hosting.conasi.vn\/w\/thietkeweb2011\/wp-json\/wp\/v2\/users\/2"}],"replies":[{"embeddable":true,"href":"https:\/\/hosting.conasi.vn\/w\/thietkeweb2011\/wp-json\/wp\/v2\/comments?post=531"}],"version-history":[{"count":2,"href":"https:\/\/hosting.conasi.vn\/w\/thietkeweb2011\/wp-json\/wp\/v2\/pages\/531\/revisions"}],"predecessor-version":[{"id":2223,"href":"https:\/\/hosting.conasi.vn\/w\/thietkeweb2011\/wp-json\/wp\/v2\/pages\/531\/revisions\/2223"}],"wp:attachment":[{"href":"https:\/\/hosting.conasi.vn\/w\/thietkeweb2011\/wp-json\/wp\/v2\/media?parent=531"}],"curies":[{"name":"wp","href":"https:\/\/api.w.org\/{rel}","templated":true}]}}