{"id":457,"date":"2018-02-28T17:09:11","date_gmt":"2018-02-28T10:09:11","guid":{"rendered":"https:\/\/onlead.vn\/?page_id=457"},"modified":"2020-05-09T00:10:00","modified_gmt":"2020-05-08T17:10:00","slug":"lien-he","status":"publish","type":"page","link":"https:\/\/hosting.conasi.vn\/w\/thietkeweb2011\/lien-he\/","title":{"rendered":"Li\u00ean h\u1ec7"},"content":{"rendered":"\n\n  <div class=\"banner has-hover\" id=\"banner-1871615254\">\n          <div class=\"banner-inner fill\">\n        <div class=\"banner-bg fill\" >\n            <div class=\"bg fill bg-fill \"><\/div>\n                        <div class=\"overlay\"><\/div>            \n                    <\/div>\n        <div class=\"banner-layers container\">\n            <div class=\"fill banner-link\"><\/div>            \n\n   <div id=\"text-box-394824929\" class=\"text-box banner-layer x50 md-x50 lg-x50 y50 md-y50 lg-y50 res-text\">\n                     <div data-animate=\"bounceInUp\">           <div class=\"text dark\">\n              \n              <div class=\"text-inner text-center\">\n                  \n\n<h3 class=\"uppercase\">LI\u00caN H\u1ec6 V\u1edaI CH\u00daNG T\u00d4I<\/h3>\n<h5 class=\"thin-font\">Email: onleadvietnam@gmail.com<br \/>\n\u0110i\u1ec7n tho\u1ea1i: 0911991997 \u2013 0911991997<br \/>\n<\/h5>\n\n              <\/div>\n           <\/div>\n       <\/div>                     \n<style>\n#text-box-394824929 {\n  width: 97%;\n}\n#text-box-394824929 .text {\n  font-size: 123%;\n}\n@media (min-width:550px) {\n  #text-box-394824929 {\n    width: 90%;\n  }\n  #text-box-394824929 .text {\n    font-size: 117%;\n  }\n}\n<\/style>\n    <\/div>\n \n\n        <\/div>\n      <\/div>\n\n            \n<style>\n#banner-1871615254 {\n  padding-top: 350px;\n}\n#banner-1871615254 .bg.bg-loaded {\n  background-image: url(https:\/\/hosting.conasi.vn\/w\/thietkeweb2011\/wp-content\/uploads\/2019\/09\/banner-tintuc.jpg);\n}\n#banner-1871615254 .overlay {\n  background-color: rgba(0, 0, 0, 0.35);\n}\n@media (min-width:550px) {\n  #banner-1871615254 {\n    padding-top: 500px;\n  }\n}\n<\/style>\n  <\/div>\n\n\n\t<div id=\"gap-1742793504\" class=\"gap-element clearfix\" style=\"display:block; height:auto;\">\n\t\t\n<style>\n#gap-1742793504 {\n  padding-top: 30px;\n}\n<\/style>\n\t<\/div>\n\t\n\n\t<section class=\"section\" id=\"section_1780715153\">\n\t\t<div class=\"bg section-bg fill bg-fill  bg-loaded\" >\n\n\t\t\t\n\t\t\t\n\t\t\t\n\n\t\t<\/div>\n\n\t\t<div class=\"section-content relative\">\n\t\t\t\n\n<div class=\"row\"  id=\"row-1372396642\">\n\n\n\t<div id=\"col-1862967080\" class=\"col medium-2 small-12 large-2\"  >\n\t\t<div class=\"col-inner\"  >\n\t\t\t\n\t\t\t\n\n\n\t\t<\/div>\n\t\t\t<\/div>\n\n\t\n\n\t<div id=\"col-1144137408\" class=\"col medium-8 small-12 large-8\"  >\n\t\t<div class=\"col-inner text-center\"  >\n\t\t\t\n\t\t\t\n\n<h3>LI\u00caN H\u1ec6 TR\u1ef0C TUY\u1ebeN<\/h3>\n<p>Ch\u00e2n th\u00e0nh c\u1ea3m \u01a1n qu\u00fd kh\u00e1ch \u0111\u00e3 d\u00e0nh th\u1eddi gian cho onlead.vn, \u0111\u1ec3 thu\u1eadn ti\u1ec7n, qu\u00fd kh\u00e1ch c\u00f3 th\u1ec3 li\u00ean l\u1ea1c v\u1edbi ch\u00fang t\u00f4i b\u1eb1ng b\u1ea5t k\u00ec ph\u01b0\u01a1ng th\u1ee9c n\u00e0o d\u01b0\u1edbi \u0111\u00e2y m\u00e0 qu\u00fd kh\u00e1ch cho l\u00e0 d\u1ec5 d\u00e0ng nh\u1ea5t.<\/p>\n<p>C\u00e1c h\u1ed7 tr\u1ee3 vi\u00ean s\u1ebd \u0111\u01b0\u1ee3c th\u00f4ng b\u00e1o ngay khi qu\u00fd kh\u00e1ch g\u1eedi tin v\u00e0 h\u1ecd s\u1ebd ch\u1ee7 \u0111\u1ed9ng li\u00ean l\u1ea1c l\u1ea1i v\u1edbi qu\u00fd kh\u00e1ch trong 15 ph\u00fat.<\/p>\n<div role=\"form\" class=\"wpcf7\" id=\"wpcf7-f409-o1\" lang=\"vi\" dir=\"ltr\">\n<div class=\"screen-reader-response\"><p role=\"status\" aria-live=\"polite\" aria-atomic=\"true\"><\/p> <ul><\/ul><\/div>\n<form action=\"\/w\/thietkeweb2011\/wp-json\/wp\/v2\/pages\/457#wpcf7-f409-o1\" method=\"post\" class=\"wpcf7-form init\" novalidate=\"novalidate\" data-status=\"init\">\n<div style=\"display: none;\">\n<input type=\"hidden\" name=\"_wpcf7\" value=\"409\" \/>\n<input type=\"hidden\" name=\"_wpcf7_version\" value=\"5.3\" \/>\n<input type=\"hidden\" name=\"_wpcf7_locale\" value=\"vi\" \/>\n<input type=\"hidden\" name=\"_wpcf7_unit_tag\" value=\"wpcf7-f409-o1\" \/>\n<input type=\"hidden\" name=\"_wpcf7_container_post\" value=\"0\" \/>\n<input type=\"hidden\" name=\"_wpcf7_posted_data_hash\" value=\"\" \/>\n<\/div>\n<h3>Y\u00eau c\u1ea7u t\u01b0 v\u1ea5n<\/h3>\n<p><span class=\"wpcf7-form-control-wrap text-570\"><input type=\"text\" name=\"text-570\" value=\"\" size=\"40\" class=\"wpcf7-form-control wpcf7-text wpcf7-validates-as-required\" aria-required=\"true\" aria-invalid=\"false\" placeholder=\"T\u00ean c\u00e1 nh\u00e2n ho\u1eb7c c\u00f4ng ty\" \/><\/span><br \/>\n<span class=\"wpcf7-form-control-wrap tel-41\"><input type=\"tel\" name=\"tel-41\" value=\"\" size=\"40\" class=\"wpcf7-form-control wpcf7-text wpcf7-tel wpcf7-validates-as-required wpcf7-validates-as-tel\" aria-required=\"true\" aria-invalid=\"false\" placeholder=\"S\u1ed1 \u0111i\u1ec7n tho\u1ea1i\" \/><\/span><br \/>\n<span class=\"wpcf7-form-control-wrap email-493\"><input type=\"email\" name=\"email-493\" value=\"\" size=\"40\" class=\"wpcf7-form-control wpcf7-text wpcf7-email wpcf7-validates-as-required wpcf7-validates-as-email\" aria-required=\"true\" aria-invalid=\"false\" placeholder=\"\u0110\u1ecba ch\u1ec9 email\" \/><\/span><br \/>\n<span class=\"wpcf7-form-control-wrap textarea-96\"><textarea name=\"textarea-96\" cols=\"40\" rows=\"10\" class=\"wpcf7-form-control wpcf7-textarea\" aria-invalid=\"false\" placeholder=\"N\u1ed9i dung c\u1ea7n t\u01b0 v\u1ea5n\"><\/textarea><\/span><br \/>\n<input type=\"submit\" value=\"G\u1eedi y\u00eau c\u1ea7u\" class=\"wpcf7-form-control wpcf7-submit\" \/><\/p>\n<div class=\"wpcf7-response-output\" aria-hidden=\"true\"><\/div><\/form><\/div>\n\n\n\t\t<\/div>\n\t\t\t<\/div>\n\n\t\n\n\t<div id=\"col-2093023437\" class=\"col medium-2 small-12 large-2\"  >\n\t\t<div class=\"col-inner\"  >\n\t\t\t\n\t\t\t\n\n\n\t\t<\/div>\n\t\t\t<\/div>\n\n\t\n\n<\/div>\n\n  <div class=\"banner has-hover\" id=\"banner-1326833491\">\n          <div class=\"banner-inner fill\">\n        <div class=\"banner-bg fill\" >\n            <div class=\"bg fill bg-fill \"><\/div>\n                        <div class=\"overlay\"><\/div>            \n                    <\/div>\n        <div class=\"banner-layers container\">\n            <div class=\"fill banner-link\"><\/div>            \n\n   <div id=\"text-box-660534142\" class=\"text-box banner-layer x50 md-x50 lg-x50 y50 md-y50 lg-y50 res-text\">\n                                <div class=\"text dark\">\n              \n              <div class=\"text-inner text-center\">\n                  \n\n<h3 class=\"\">B\u1ea1n ch\u01b0a ch\u1ecdn \u0111\u01b0\u1ee3c g\u00f3i d\u1ecbch v\u1ee5 ph\u00f9 h\u1ee3p ?<\/h3>\n<p>H\u00e3y \u0111\u1ec3 ch\u00fang t\u00f4i t\u01b0 v\u1ea5n gi\u1ea3i ph\u00e1p ph\u00f9 h\u1ee3p nh\u1ea5t d\u00e0nh cho b\u1ea1n !<\/p>\n<a data-animate=\"bounceIn\" href=\"\/lien-he\/\" target=\"_self\" class=\"button secondary\"  style=\"border-radius:30px;\">\n  <i class=\"icon-user\" ><\/i>  <span>Y\u00eau c\u1ea7u t\u01b0 v\u1ea5n<\/span>\n  <\/a>\n\n\n\n              <\/div>\n           <\/div>\n                            \n<style>\n#text-box-660534142 {\n  width: 95%;\n}\n#text-box-660534142 .text {\n  font-size: 137%;\n}\n@media (min-width:550px) {\n  #text-box-660534142 {\n    width: 60%;\n  }\n  #text-box-660534142 .text {\n    font-size: 100%;\n  }\n}\n<\/style>\n    <\/div>\n \n\n        <\/div>\n      <\/div>\n\n            \n<style>\n#banner-1326833491 {\n  padding-top: 250px;\n}\n#banner-1326833491 .bg.bg-loaded {\n  background-image: url(https:\/\/hosting.conasi.vn\/w\/thietkeweb2011\/wp-content\/uploads\/2019\/09\/bg-advisorya-1024x161.jpg);\n}\n#banner-1326833491 .overlay {\n  background-color: rgba(0, 0, 0, 0.17);\n}\n<\/style>\n  <\/div>\n\n\n\n\t\t<\/div>\n\n\t\t\n<style>\n#section_1780715153 {\n  padding-top: 0px;\n  padding-bottom: 0px;\n}\n<\/style>\n\t<\/section>\n\t\n\n","protected":false},"excerpt":{"rendered":"","protected":false},"author":2,"featured_media":0,"parent":0,"menu_order":0,"comment_status":"closed","ping_status":"closed","template":"page-blank.php","meta":[],"_links":{"self":[{"href":"https:\/\/hosting.conasi.vn\/w\/thietkeweb2011\/wp-json\/wp\/v2\/pages\/457"}],"collection":[{"href":"https:\/\/hosting.conasi.vn\/w\/thietkeweb2011\/wp-json\/wp\/v2\/pages"}],"about":[{"href":"https:\/\/hosting.conasi.vn\/w\/thietkeweb2011\/wp-json\/wp\/v2\/types\/page"}],"author":[{"embeddable":true,"href":"https:\/\/hosting.conasi.vn\/w\/thietkeweb2011\/wp-json\/wp\/v2\/users\/2"}],"replies":[{"embeddable":true,"href":"https:\/\/hosting.conasi.vn\/w\/thietkeweb2011\/wp-json\/wp\/v2\/comments?post=457"}],"version-history":[{"count":1,"href":"https:\/\/hosting.conasi.vn\/w\/thietkeweb2011\/wp-json\/wp\/v2\/pages\/457\/revisions"}],"predecessor-version":[{"id":2349,"href":"https:\/\/hosting.conasi.vn\/w\/thietkeweb2011\/wp-json\/wp\/v2\/pages\/457\/revisions\/2349"}],"wp:attachment":[{"href":"https:\/\/hosting.conasi.vn\/w\/thietkeweb2011\/wp-json\/wp\/v2\/media?parent=457"}],"curies":[{"name":"wp","href":"https:\/\/api.w.org\/{rel}","templated":true}]}}