{"id":1514,"date":"2019-09-25T00:42:37","date_gmt":"2019-09-24T17:42:37","guid":{"rendered":"https:\/\/thietkeweb.onlead.vn\/?page_id=1514"},"modified":"2019-10-17T20:25:35","modified_gmt":"2019-10-17T13:25:35","slug":"thanh-toan","status":"publish","type":"page","link":"https:\/\/hosting.conasi.vn\/w\/thietkeweb2011\/thanh-toan\/","title":{"rendered":"Thanh to\u00e1n"},"content":{"rendered":"\n\n  <div class=\"banner has-hover\" id=\"banner-423246180\">\n          <div class=\"banner-inner fill\">\n        <div class=\"banner-bg fill\" >\n            <div class=\"bg fill bg-fill \"><\/div>\n                        <div class=\"overlay\"><\/div>            \n                    <\/div>\n        <div class=\"banner-layers container\">\n            <div class=\"fill banner-link\"><\/div>            \n\n   <div id=\"text-box-1507457816\" class=\"text-box banner-layer x50 md-x50 lg-x50 y50 md-y50 lg-y50 res-text\">\n                     <div data-animate=\"bounceInUp\">           <div class=\"text dark\">\n              \n              <div class=\"text-inner text-center\">\n                  \n\n<h3 class=\"uppercase\">H\u00ccNH TH\u1ee8C THANH TO\u00c1N<\/h3>\n\n              <\/div>\n           <\/div>\n       <\/div>                     \n<style>\n#text-box-1507457816 {\n  width: 97%;\n}\n#text-box-1507457816 .text {\n  font-size: 104%;\n}\n@media (min-width:550px) {\n  #text-box-1507457816 {\n    width: 90%;\n  }\n  #text-box-1507457816 .text {\n    font-size: 117%;\n  }\n}\n<\/style>\n    <\/div>\n \n\n        <\/div>\n      <\/div>\n\n            \n<style>\n#banner-423246180 {\n  padding-top: 300px;\n}\n#banner-423246180 .bg.bg-loaded {\n  background-image: url(https:\/\/hosting.conasi.vn\/w\/thietkeweb2011\/wp-content\/uploads\/2019\/09\/banner-2.png);\n}\n#banner-423246180 .overlay {\n  background-color: rgba(0, 0, 0, 0.35);\n}\n<\/style>\n  <\/div>\n\n\n\t<section class=\"section\" id=\"section_1571868858\">\n\t\t<div class=\"bg section-bg fill bg-fill  bg-loaded\" >\n\n\t\t\t\n\t\t\t\n\t\t\t\n\n\t\t<\/div>\n\n\t\t<div class=\"section-content relative\">\n\t\t\t\n\n\t<div id=\"gap-2119236526\" class=\"gap-element clearfix\" style=\"display:block; height:auto;\">\n\t\t\n<style>\n#gap-2119236526 {\n  padding-top: 30px;\n}\n<\/style>\n\t<\/div>\n\t\n\n<div class=\"row\"  id=\"row-1548916282\">\n\n\n\t<div id=\"col-581274925\" class=\"col small-12 large-12\"  >\n\t\t<div class=\"col-inner\"  >\n\t\t\t\n\t\t\t\n\n<div class=\"container section-title-container\" ><h3 class=\"section-title section-title-bold-center\"><b><\/b><span class=\"section-title-main\" >Thanh to\u00e1n tr\u1ef1c ti\u1ebfp t\u1ea1i v\u0103n ph\u00f2ng<\/span><b><\/b><\/h3><\/div>\n\n<p style=\"font-size: 105%; color: #333333;\"><strong>V\u0103n ph\u00f2ng:<\/strong> 285 Ph\u1ea1m V\u0103n B\u1ea1ch, Ph\u01b0\u1eddng 15, Qu\u1eadn T\u00e2n B\u00ecnh, Th\u00e0nh ph\u1ed1 H\u1ed3 Ch\u00ed Minh<br \/>\n<strong>\u0110i\u1ec7n tho\u1ea1i:<\/strong> 0911991997 &#8211; 0911991997\n<br \/><strong>Gi\u1edd l\u00e0m vi\u1ec7c:<\/strong> t\u1eeb th\u1ee9 2 \u0111\u1ebfn th\u1ee9 6, th\u1ee9 7 l\u00e0m vi\u1ec7c bu\u1ed5i s\u00e1ng. S\u00e1ng: 8:30 \u2013 12:00, chi\u1ec1u: 13:30 \u2013 18:00<\/p>\n\n\t\t<\/div>\n\t\t\t<\/div>\n\n\t\n\n\t<div id=\"col-941296239\" class=\"col small-12 large-12\"  >\n\t\t<div class=\"col-inner\"  >\n\t\t\t\n\t\t\t\n\n<div class=\"container section-title-container\" ><h3 class=\"section-title section-title-bold-center\"><b><\/b><span class=\"section-title-main\" >Thanh to\u00e1n qua t\u00e0i kho\u1ea3n ng\u00e2n h\u00e0ng<\/span><b><\/b><\/h3><\/div>\n\n<div class=\"row row-collapse row-dashed\"  id=\"row-729225726\">\n\n\n\t<div id=\"col-365876802\" class=\"col medium-6 small-12 large-6\"  >\n\t\t<div class=\"col-inner\"  >\n\t\t\t\n\t\t\t\n\n\t<div class=\"box has-hover   has-hover box-text-bottom\" >\n\n\t\t<div class=\"box-image\" style=\"width:44%;\">\n\t\t\t\t\t\t<div class=\"\" >\n\t\t\t\t<img width=\"256\" height=\"114\" src=\"https:\/\/hosting.conasi.vn\/w\/thietkeweb2011\/wp-content\/uploads\/2019\/09\/VCB.png\" class=\"attachment- size-\" alt=\"\" loading=\"lazy\" \/>\t\t\t\t\t\t\t\t\t\t\t<\/div>\n\t\t\t\t\t<\/div>\n\n\t\t<div class=\"box-text text-center\" >\n\t\t\t<div class=\"box-text-inner\">\n\t\t\t\t\n\n<div style=\"background: #f3f8f9;border: 1px solid #e6eef0;padding: 15px;border-radius: 5px;text-align: left;font-size: 17px;\n\"><\/p>\n<p style=\"font-weight: bold;color: #1d87d1;font-size: 18px;\n\">Ng\u00e2n h\u00e0ng Vietcombank<\/p>\n<p>S\u1ed1 t\u00e0i kho\u1ea3n: <span style=\"font-weight: bold;\n\">0371 000 453 348<\/span><\/p>\n<p>Ch\u1ee7 t\u00e0i kho\u1ea3n: <span style=\"font-weight: bold;\n\">NGUY\u1ec4N TU\u1ea4N NAM<\/span><\/p>\n<p>Chi nh\u00e1nh: T\u00e2n \u0110\u1ecbnh \u2013 H\u1ed3 Ch\u00ed Minh<\/p>\n<\/div>\n\n\t\t\t<\/div>\n\t\t<\/div>\n\t<\/div>\n\t\n\n\t\t<\/div>\n\t\t\t<\/div>\n\n\t\n\n\t<div id=\"col-2087933899\" class=\"col medium-6 small-12 large-6\"  >\n\t\t<div class=\"col-inner\"  >\n\t\t\t\n\t\t\t\n\n\t<div class=\"box has-hover   has-hover box-text-bottom\" >\n\n\t\t<div class=\"box-image\" style=\"width:44%;\">\n\t\t\t\t\t\t<div class=\"\" >\n\t\t\t\t<img width=\"256\" height=\"114\" src=\"https:\/\/hosting.conasi.vn\/w\/thietkeweb2011\/wp-content\/uploads\/2019\/09\/SCB.png\" class=\"attachment- size-\" alt=\"\" loading=\"lazy\" \/>\t\t\t\t\t\t\t\t\t\t\t<\/div>\n\t\t\t\t\t<\/div>\n\n\t\t<div class=\"box-text text-center\" >\n\t\t\t<div class=\"box-text-inner\">\n\t\t\t\t\n\n<div style=\"background: #f3f8f9; border: 1px solid #e6eef0; padding: 15px; border-radius: 5px; text-align: left; font-size: 17px;\">\n<p style=\"font-weight: bold; color: #1d87d1; font-size: 18px;\">Ng\u00e2n h\u00e0ng Sacombank<\/p>\n<p>S\u1ed1 t\u00e0i kho\u1ea3n: <span style=\"font-weight: bold;\">0601 5889 1886<\/span><\/p>\n<p>Ch\u1ee7 t\u00e0i kho\u1ea3n: <span style=\"font-weight: bold;\">NGUY\u1ec4N TU\u1ea4N NAM<\/span><\/p>\n<p>Chi nh\u00e1nh: S\u00e0i G\u00f2n<\/p>\n<\/div>\n\n\t\t\t<\/div>\n\t\t<\/div>\n\t<\/div>\n\t\n\n\t\t<\/div>\n\t\t\t<\/div>\n\n\t\n\n\t<div id=\"col-764419572\" class=\"col medium-6 small-12 large-6\"  >\n\t\t<div class=\"col-inner\"  >\n\t\t\t\n\t\t\t\n\n\t<div class=\"box has-hover   has-hover box-text-bottom\" >\n\n\t\t<div class=\"box-image\" style=\"width:44%;\">\n\t\t\t\t\t\t<div class=\"\" >\n\t\t\t\t<img width=\"256\" height=\"114\" src=\"https:\/\/hosting.conasi.vn\/w\/thietkeweb2011\/wp-content\/uploads\/2019\/09\/TCB.png\" class=\"attachment- size-\" alt=\"\" loading=\"lazy\" \/>\t\t\t\t\t\t\t\t\t\t\t<\/div>\n\t\t\t\t\t<\/div>\n\n\t\t<div class=\"box-text text-center\" >\n\t\t\t<div class=\"box-text-inner\">\n\t\t\t\t\n\n<div style=\"background: #f3f8f9; border: 1px solid #e6eef0; padding: 15px; border-radius: 5px; text-align: left; font-size: 17px;\">\n<p style=\"font-weight: bold; color: #1d87d1; font-size: 18px;\">Ng\u00e2n h\u00e0ng Techcombank<\/p>\n<p>S\u1ed1 t\u00e0i kho\u1ea3n: <span style=\"font-weight: bold;\">1903 2171 9740 11<\/span><\/p>\n<p>Ch\u1ee7 t\u00e0i kho\u1ea3n: <span style=\"font-weight: bold;\">NGUY\u1ec4N TU\u1ea4N NAM<\/span><\/p>\n<p>Chi nh\u00e1nh: T\u00e2n B\u00ecnh \u2013 H\u1ed3 Ch\u00ed Minh<\/p>\n<\/div>\n\n\t\t\t<\/div>\n\t\t<\/div>\n\t<\/div>\n\t\n\n\t\t<\/div>\n\t\t\t<\/div>\n\n\t\n\n\t<div id=\"col-1793464543\" class=\"col medium-6 small-12 large-6\"  >\n\t\t<div class=\"col-inner\"  >\n\t\t\t\n\t\t\t\n\n\t<div class=\"box has-hover   has-hover box-text-bottom\" >\n\n\t\t<div class=\"box-image\" style=\"width:44%;\">\n\t\t\t\t\t\t<div class=\"\" >\n\t\t\t\t<img width=\"256\" height=\"114\" src=\"https:\/\/hosting.conasi.vn\/w\/thietkeweb2011\/wp-content\/uploads\/2019\/09\/ICB.png\" class=\"attachment- size-\" alt=\"\" loading=\"lazy\" \/>\t\t\t\t\t\t\t\t\t\t\t<\/div>\n\t\t\t\t\t<\/div>\n\n\t\t<div class=\"box-text text-center\" >\n\t\t\t<div class=\"box-text-inner\">\n\t\t\t\t\n\n<div style=\"background: #f3f8f9; border: 1px solid #e6eef0; padding: 15px; border-radius: 5px; text-align: left; font-size: 17px;\">\n<p style=\"font-weight: bold; color: #1d87d1; font-size: 18px;\">Ng\u00e2n h\u00e0ng Vietinbank<\/p>\n<p>S\u1ed1 t\u00e0i kho\u1ea3n: <span style=\"font-weight: bold;\">109 868 255 481<\/span><\/p>\n<p>Ch\u1ee7 t\u00e0i kho\u1ea3n: <span style=\"font-weight: bold;\">NGUY\u1ec4N TU\u1ea4N NAM<\/span><\/p>\n<p>Chi nh\u00e1nh: T\u00e2n B\u00ecnh \u2013 H\u1ed3 Ch\u00ed Minh<\/p>\n<\/div>\n\n\t\t\t<\/div>\n\t\t<\/div>\n\t<\/div>\n\t\n\n\t\t<\/div>\n\t\t\t<\/div>\n\n\t\n\n\t<div id=\"col-1411146805\" class=\"col medium-6 small-12 large-6\"  >\n\t\t<div class=\"col-inner\"  >\n\t\t\t\n\t\t\t\n\n\t<div class=\"box has-hover   has-hover box-text-bottom\" >\n\n\t\t<div class=\"box-image\" style=\"width:44%;\">\n\t\t\t\t\t\t<div class=\"\" >\n\t\t\t\t<img width=\"256\" height=\"114\" src=\"https:\/\/hosting.conasi.vn\/w\/thietkeweb2011\/wp-content\/uploads\/2019\/09\/BIDV.png\" class=\"attachment- size-\" alt=\"\" loading=\"lazy\" \/>\t\t\t\t\t\t\t\t\t\t\t<\/div>\n\t\t\t\t\t<\/div>\n\n\t\t<div class=\"box-text text-center\" >\n\t\t\t<div class=\"box-text-inner\">\n\t\t\t\t\n\n<div style=\"background: #f3f8f9; border: 1px solid #e6eef0; padding: 15px; border-radius: 5px; text-align: left; font-size: 17px;\">\n<p style=\"font-weight: bold; color: #1d87d1; font-size: 18px;\">Ng\u00e2n h\u00e0ng BIDV<\/p>\n<p>S\u1ed1 t\u00e0i kho\u1ea3n: <span style=\"font-weight: bold;\">1771 0000 1092 79<\/span><\/p>\n<p>Ch\u1ee7 t\u00e0i kho\u1ea3n: <span style=\"font-weight: bold;\">NGUY\u1ec4N TU\u1ea4N NAM<\/span><\/p>\n<p>Chi nh\u00e1nh: Tr\u01b0\u1eddng S\u01a1n \u2013 H\u1ed3 Ch\u00ed Minh<\/p>\n<\/div>\n\n\t\t\t<\/div>\n\t\t<\/div>\n\t<\/div>\n\t\n\n\t\t<\/div>\n\t\t\t<\/div>\n\n\t\n\n\t<div id=\"col-1080094934\" class=\"col medium-6 small-12 large-6\"  >\n\t\t<div class=\"col-inner\"  >\n\t\t\t\n\t\t\t\n\n\t<div class=\"box has-hover   has-hover box-text-bottom\" >\n\n\t\t<div class=\"box-image\" style=\"width:44%;\">\n\t\t\t\t\t\t<div class=\"\" >\n\t\t\t\t<img width=\"256\" height=\"114\" src=\"https:\/\/hosting.conasi.vn\/w\/thietkeweb2011\/wp-content\/uploads\/2019\/09\/AGB.png\" class=\"attachment- size-\" alt=\"\" loading=\"lazy\" \/>\t\t\t\t\t\t\t\t\t\t\t<\/div>\n\t\t\t\t\t<\/div>\n\n\t\t<div class=\"box-text text-center\" >\n\t\t\t<div class=\"box-text-inner\">\n\t\t\t\t\n\n<div style=\"background: #f3f8f9;border: 1px solid #e6eef0;padding: 15px;border-radius: 5px;text-align: left;font-size: 17px;\n\"><\/p>\n<p style=\"font-weight: bold;color: #1d87d1;font-size: 18px;\n\">Ng\u00e2n h\u00e0ng Agribank<\/p>\n<p>S\u1ed1 t\u00e0i kho\u1ea3n: <span style=\"font-weight: bold;\n\">4306 205 168 762<\/span><\/p>\n<p>Ch\u1ee7 t\u00e0i kho\u1ea3n: <span style=\"font-weight: bold;\n\">NGUY\u1ec4N TU\u1ea4N NAM<\/span><\/p>\n<p>Chi nh\u00e1nh: Ph\u00f9 M\u1ef9 \u2013 B\u00ecnh \u0110\u1ecbnh<\/p>\n<\/div>\n\n\t\t\t<\/div>\n\t\t<\/div>\n\t<\/div>\n\t\n\n\t\t<\/div>\n\t\t\t<\/div>\n\n\t\n\n<\/div>\n<blockquote>\n<h5 style=\"font-size: 95%;\n\">\u0110\u1ec3 \u0111\u1ea3m b\u1ea3o quy\u1ec1n l\u1ee3i, kh\u00e1ch h\u00e0ng c\u1ea7n l\u01b0u \u00fd:<\/h5>\n<p style=\"font-size: 90%;\n\"><span style=\"font-weight: bold;\n\">*\u0110\u1ed1i v\u1edbi chuy\u1ec3n kho\u1ea3n qua ng\u00e2n h\u00e0ng v\u00e0 Internet Banking:<\/span><br \/>\nKhi Qu\u00fd kh\u00e1ch ti\u1ebfn h\u00e0nh chuy\u1ec3n kho\u1ea3n, vui l\u00f2ng ghi r\u00f5 trong n\u1ed9i dung thanh to\u00e1n bao g\u1ed3m: T\u00ean mi\u1ec1n\/M\u00e3 h\u1ee3p \u0111\u1ed3ng c\u1ea7n thanh to\u00e1n \u0111\u1ec3 b\u1ed9 ph\u1eadn k\u1ebf to\u00e1n ti\u1ebfn h\u00e0nh \u0111\u0103ng k\u00fd ho\u1eb7c gia h\u1ea1n ch\u00ednh x\u00e1c website c\u1ee7a Qu\u00fd kh\u00e1ch.<\/p>\n<p style=\"font-size: 90%;\n\"><span style=\"font-weight: bold;\n\">* \u0110\u1ed1i v\u1edbi chuy\u1ec3n kho\u1ea3n qua ATM:<\/span><br \/>\nSau khi Qu\u00fd kh\u00e1ch chuy\u1ec3n kho\u1ea3n, vui l\u00f2ng g\u1ecdi \u0111i\u1ec7n ho\u1eb7c g\u1eedi tin nh\u1eafn cho chuy\u00ean vi\u00ean t\u01b0 v\u1ea5n \u0111\u1ec3 ch\u00fang t\u00f4i x\u00e1c nh\u1eadn th\u00f4ng tin.<br \/>\nHotline: 0911991997 \u2013 0911991997 \u2013 Email: hotro@onlead.vn<\/p>\n<\/blockquote>\n\n\t\t<\/div>\n\t\t\t<\/div>\n\n\t\n\n<\/div>\n\n  <div class=\"banner has-hover\" id=\"banner-33116189\">\n          <div class=\"banner-inner fill\">\n        <div class=\"banner-bg fill\" >\n            <div class=\"bg fill bg-fill \"><\/div>\n                        <div class=\"overlay\"><\/div>            \n                    <\/div>\n        <div class=\"banner-layers container\">\n            <div class=\"fill banner-link\"><\/div>            \n\n   <div id=\"text-box-1801060545\" class=\"text-box banner-layer x50 md-x50 lg-x50 y50 md-y50 lg-y50 res-text\">\n                                <div class=\"text dark\">\n              \n              <div class=\"text-inner text-center\">\n                  \n\n<h3 class=\"\">B\u1ea1n ch\u01b0a ch\u1ecdn \u0111\u01b0\u1ee3c g\u00f3i d\u1ecbch v\u1ee5 ph\u00f9 h\u1ee3p ?<\/h3>\n<p>H\u00e3y \u0111\u1ec3 ch\u00fang t\u00f4i t\u01b0 v\u1ea5n gi\u1ea3i ph\u00e1p ph\u00f9 h\u1ee3p nh\u1ea5t d\u00e0nh cho b\u1ea1n !<\/p>\n<a data-animate=\"bounceIn\" href=\"\/lien-he\/\" target=\"_self\" class=\"button secondary\"  style=\"border-radius:30px;\">\n  <i class=\"icon-user\" ><\/i>  <span>Y\u00eau c\u1ea7u t\u01b0 v\u1ea5n<\/span>\n  <\/a>\n\n\n\n              <\/div>\n           <\/div>\n                            \n<style>\n#text-box-1801060545 {\n  width: 95%;\n}\n#text-box-1801060545 .text {\n  font-size: 137%;\n}\n@media (min-width:550px) {\n  #text-box-1801060545 {\n    width: 60%;\n  }\n  #text-box-1801060545 .text {\n    font-size: 100%;\n  }\n}\n<\/style>\n    <\/div>\n \n\n        <\/div>\n      <\/div>\n\n            \n<style>\n#banner-33116189 {\n  padding-top: 250px;\n}\n#banner-33116189 .bg.bg-loaded {\n  background-image: url(https:\/\/hosting.conasi.vn\/w\/thietkeweb2011\/wp-content\/uploads\/2019\/09\/bg-advisorya-1024x161.jpg);\n}\n#banner-33116189 .overlay {\n  background-color: rgba(0, 0, 0, 0.17);\n}\n<\/style>\n  <\/div>\n\n\n\n\t\t<\/div>\n\n\t\t\n<style>\n#section_1571868858 {\n  padding-top: 0px;\n  padding-bottom: 0px;\n}\n<\/style>\n\t<\/section>\n\t\n\n","protected":false},"excerpt":{"rendered":"","protected":false},"author":2,"featured_media":0,"parent":0,"menu_order":0,"comment_status":"closed","ping_status":"closed","template":"page-blank.php","meta":[],"_links":{"self":[{"href":"https:\/\/hosting.conasi.vn\/w\/thietkeweb2011\/wp-json\/wp\/v2\/pages\/1514"}],"collection":[{"href":"https:\/\/hosting.conasi.vn\/w\/thietkeweb2011\/wp-json\/wp\/v2\/pages"}],"about":[{"href":"https:\/\/hosting.conasi.vn\/w\/thietkeweb2011\/wp-json\/wp\/v2\/types\/page"}],"author":[{"embeddable":true,"href":"https:\/\/hosting.conasi.vn\/w\/thietkeweb2011\/wp-json\/wp\/v2\/users\/2"}],"replies":[{"embeddable":true,"href":"https:\/\/hosting.conasi.vn\/w\/thietkeweb2011\/wp-json\/wp\/v2\/comments?post=1514"}],"version-history":[{"count":0,"href":"https:\/\/hosting.conasi.vn\/w\/thietkeweb2011\/wp-json\/wp\/v2\/pages\/1514\/revisions"}],"wp:attachment":[{"href":"https:\/\/hosting.conasi.vn\/w\/thietkeweb2011\/wp-json\/wp\/v2\/media?parent=1514"}],"curies":[{"name":"wp","href":"https:\/\/api.w.org\/{rel}","templated":true}]}}