{"id":56,"date":"2019-01-12T16:30:39","date_gmt":"2019-01-12T09:30:39","guid":{"rendered":"http:\/\/spa03.muathemewordpress.net\/?page_id=56"},"modified":"2020-12-07T14:54:57","modified_gmt":"2020-12-07T07:54:57","slug":"lien-he","status":"publish","type":"page","link":"https:\/\/hosting.conasi.vn\/w\/spa62011\/lien-he\/","title":{"rendered":"Li\u00ean h\u1ec7"},"content":{"rendered":"\n<p><iframe src=\"https:\/\/www.google.com\/maps\/embed?pb=!1m14!1m8!1m3!1d14895.20840496413!2d105.786447!3d21.040603!3m2!1i1024!2i768!4f13.1!3m3!1m2!1s0x0%3A0x3acb2b53783b161f!2sC%C3%B4ng+Ty+TNHH+Bigsan+Vi%E1%BB%87t+Nam!5e0!3m2!1svi!2s!4v1523876360510\" width=\"100%\" height=\"350\" frameborder=\"0\" style=\"border:0\" allowfullscreen=\"\"><\/iframe><\/p>\n\t<div id=\"gap-1148073920\" class=\"gap-element clearfix\" style=\"display:block; height:auto;\">\n\t\t\n<style scope=\"scope\">\n\n#gap-1148073920 {\n  padding-top: 22px;\n}\n<\/style>\n\t<\/div>\n\t\n\n<div class=\"row lien-he\"  id=\"row-1210715697\">\n\n\n\t<div class=\"col medium-6 small-12 large-6\"  >\n\t\t<div class=\"col-inner\"  >\n\t\t\t\n\t\t\t\n\n<h3><span style=\"color: #4f3716;\">LI\u00caN H\u1ec6 V\u1edaI CH\u00daNG T\u00d4I<\/span><\/h3>\n<p><strong>Li\u00ean h\u1ec7 v\u1edbi ch\u00fang t\u00f4i<\/strong><\/p>\n<ul>\n<li><strong style=\"font-size: 14.4px;\">Tr\u1ee5 s\u1edf ch\u00ednh:<\/strong><span style=\"font-size: 14.4px;\">\u00a0490A, \u0110i\u1ec7n Bi\u00ean Ph\u1ee7, P.21, Q.B\u00ecnh Th\u1ea1nh\u00a0<\/span><\/li>\n<li><strong style=\"color: #555555; font-size: 14.4px;\">Chi nh\u00e1nh:<\/strong><span style=\"color: #555555; font-size: 14.4px;\">\u00a0490A, \u0110i\u1ec7n Bi\u00ean Ph\u1ee7, P.21, Q.B\u00ecnh Th\u1ea1nh<\/span><\/li>\n<li class=\"gap-element\"><strong style=\"font-size: 14.4px; color: #555555;\">Hotline:<\/strong><span style=\"font-size: 14.4px; color: #555555;\"> 0999000000.<\/span><\/li>\n<\/ul>\n<div class=\"social-icons follow-icons full-width text-left\" ><a href=\"#\" target=\"_blank\" data-label=\"Facebook\"  rel=\"noopener noreferrer nofollow\" class=\"icon primary button circle facebook tooltip\" title=\"Follow on Facebook\"><i class=\"icon-facebook\" ><\/i><\/a><a href=\"#\" target=\"_blank\" rel=\"noopener noreferrer nofollow\" data-label=\"Instagram\" class=\"icon primary button circle  instagram tooltip\" title=\"Follow on Instagram\"><i class=\"icon-instagram\" ><\/i><\/a><a href=\"#\" target=\"_blank\"  data-label=\"Twitter\"  rel=\"noopener noreferrer nofollow\" class=\"icon primary button circle  twitter tooltip\" title=\"Follow on Twitter\"><i class=\"icon-twitter\" ><\/i><\/a><a href=\"mailto:#\" data-label=\"E-mail\"  rel=\"nofollow\" class=\"icon primary button circle  email tooltip\" title=\"Send us an email\"><i class=\"icon-envelop\" ><\/i><\/a><a href=\"#\" target=\"_blank\" rel=\"noopener noreferrer nofollow\" data-label=\"LinkedIn\" class=\"icon primary button circle  linkedin tooltip\" title=\"Follow on LinkedIn\"><i class=\"icon-linkedin\" ><\/i><\/a><\/div>\n\n\n\t\t<\/div>\n\t<\/div>\n\n\t\n\n\t<div class=\"col medium-6 small-12 large-6\"  >\n\t\t<div class=\"col-inner\"  >\n\t\t\t\n\t\t\t\n\n<div role=\"form\" class=\"wpcf7\" id=\"wpcf7-f100-o1\" lang=\"vi\" dir=\"ltr\">\n<div class=\"screen-reader-response\" aria-live=\"polite\"><\/div>\n<form action=\"\/w\/spa62011\/wp-json\/wp\/v2\/pages\/56#wpcf7-f100-o1\" method=\"post\" class=\"wpcf7-form\" novalidate=\"novalidate\">\n<div style=\"display: none;\">\n<input type=\"hidden\" name=\"_wpcf7\" value=\"100\" \/>\n<input type=\"hidden\" name=\"_wpcf7_version\" value=\"5.1.9\" \/>\n<input type=\"hidden\" name=\"_wpcf7_locale\" value=\"vi\" \/>\n<input type=\"hidden\" name=\"_wpcf7_unit_tag\" value=\"wpcf7-f100-o1\" \/>\n<input type=\"hidden\" name=\"_wpcf7_container_post\" value=\"0\" \/>\n<\/div>\n<div class=\"form-tu-van\">\n<div class=\"title\">\u0110\u0103ng k\u00fd nh\u1eadn t\u01b0 v\u1ea5n ngay h\u00f4m nay<\/div>\n<p><span class=\"wpcf7-form-control-wrap text-313\"><input type=\"text\" name=\"text-313\" value=\"\" size=\"40\" class=\"wpcf7-form-control wpcf7-text wpcf7-validates-as-required\" aria-required=\"true\" aria-invalid=\"false\" placeholder=\"H\u1ecd v\u00e0 t\u00ean...\" \/><\/span><br \/>\n<span class=\"wpcf7-form-control-wrap tel-308\"><input type=\"tel\" name=\"tel-308\" value=\"\" size=\"40\" class=\"wpcf7-form-control wpcf7-text wpcf7-tel wpcf7-validates-as-required wpcf7-validates-as-tel\" aria-required=\"true\" aria-invalid=\"false\" placeholder=\"S\u1ed1 \u0111i\u1ec7n tho\u1ea1i...\" \/><\/span><br \/>\n<span class=\"wpcf7-form-control-wrap email-834\"><input type=\"email\" name=\"email-834\" value=\"\" size=\"40\" class=\"wpcf7-form-control wpcf7-text wpcf7-email wpcf7-validates-as-email\" aria-invalid=\"false\" placeholder=\"Email c\u1ee7a b\u1ea1n...\" \/><\/span><br \/>\n<input type=\"submit\" value=\"\u0110\u0103ng k\u00fd ngay\" class=\"wpcf7-form-control wpcf7-submit\" \/>\n<\/p><\/div>\n<div class=\"wpcf7-response-output wpcf7-display-none\" aria-hidden=\"true\"><\/div><\/form><\/div>\n\n\n\t\t<\/div>\n\t<\/div>\n\n\t\n\n\n<style scope=\"scope\">\n\n<\/style>\n<\/div>\n\n","protected":false},"excerpt":{"rendered":"","protected":false},"author":1,"featured_media":0,"parent":0,"menu_order":0,"comment_status":"closed","ping_status":"closed","template":"page-blank.php","meta":[],"_links":{"self":[{"href":"https:\/\/hosting.conasi.vn\/w\/spa62011\/wp-json\/wp\/v2\/pages\/56"}],"collection":[{"href":"https:\/\/hosting.conasi.vn\/w\/spa62011\/wp-json\/wp\/v2\/pages"}],"about":[{"href":"https:\/\/hosting.conasi.vn\/w\/spa62011\/wp-json\/wp\/v2\/types\/page"}],"author":[{"embeddable":true,"href":"https:\/\/hosting.conasi.vn\/w\/spa62011\/wp-json\/wp\/v2\/users\/1"}],"replies":[{"embeddable":true,"href":"https:\/\/hosting.conasi.vn\/w\/spa62011\/wp-json\/wp\/v2\/comments?post=56"}],"version-history":[{"count":3,"href":"https:\/\/hosting.conasi.vn\/w\/spa62011\/wp-json\/wp\/v2\/pages\/56\/revisions"}],"predecessor-version":[{"id":794,"href":"https:\/\/hosting.conasi.vn\/w\/spa62011\/wp-json\/wp\/v2\/pages\/56\/revisions\/794"}],"wp:attachment":[{"href":"https:\/\/hosting.conasi.vn\/w\/spa62011\/wp-json\/wp\/v2\/media?parent=56"}],"curies":[{"name":"wp","href":"https:\/\/api.w.org\/{rel}","templated":true}]}}