{"id":195,"date":"2019-09-13T16:20:11","date_gmt":"2019-09-13T09:20:11","guid":{"rendered":"http:\/\/demo5.muathemewordpress.net\/chi-tiet\/giay-cao-got-quai-day-mui-nhon-cg05065"},"modified":"2019-09-13T16:20:34","modified_gmt":"2019-09-13T09:20:34","slug":"giay-cao-got-quai-day-mui-nhon-cg05065","status":"publish","type":"product","link":"https:\/\/hosting.conasi.vn\/w\/shopgiay12011\/san-pham\/giay-cao-got-quai-day-mui-nhon-cg05065\/","title":{"rendered":"Gi\u00e0y cao g\u00f3t quai d\u00e2y m\u0169i nh\u1ecdn CG05065"},"content":{"rendered":"<p>\u0110ang c\u1eadp nh\u1eadt&#8230;<\/p>\n","protected":false},"excerpt":{"rendered":"<p>\u0110ang c\u1eadp nh\u1eadt&#8230;<\/p>\n","protected":false},"featured_media":196,"comment_status":"open","ping_status":"closed","template":"","meta":[],"_links":{"self":[{"href":"https:\/\/hosting.conasi.vn\/w\/shopgiay12011\/wp-json\/wp\/v2\/product\/195"}],"collection":[{"href":"https:\/\/hosting.conasi.vn\/w\/shopgiay12011\/wp-json\/wp\/v2\/product"}],"about":[{"href":"https:\/\/hosting.conasi.vn\/w\/shopgiay12011\/wp-json\/wp\/v2\/types\/product"}],"replies":[{"embeddable":true,"href":"https:\/\/hosting.conasi.vn\/w\/shopgiay12011\/wp-json\/wp\/v2\/comments?post=195"}],"wp:featuredmedia":[{"embeddable":true,"href":"https:\/\/hosting.conasi.vn\/w\/shopgiay12011\/wp-json\/wp\/v2\/media\/196"}],"wp:attachment":[{"href":"https:\/\/hosting.conasi.vn\/w\/shopgiay12011\/wp-json\/wp\/v2\/media?parent=195"}],"curies":[{"name":"wp","href":"https:\/\/api.w.org\/{rel}","templated":true}]}}