{"id":193,"date":"2019-09-13T16:20:02","date_gmt":"2019-09-13T09:20:02","guid":{"rendered":"http:\/\/demo5.muathemewordpress.net\/chi-tiet\/giay-cao-got-5cm-mui-tron-trang-tri-khoa-kim-loai-cg05071"},"modified":"2019-09-13T16:20:08","modified_gmt":"2019-09-13T09:20:08","slug":"giay-cao-got-5cm-mui-tron-trang-tri-khoa-kim-loai-cg05071","status":"publish","type":"product","link":"https:\/\/hosting.conasi.vn\/w\/shopgiay12011\/san-pham\/giay-cao-got-5cm-mui-tron-trang-tri-khoa-kim-loai-cg05071\/","title":{"rendered":"Gi\u00e0y cao g\u00f3t 5cm m\u0169i tr\u00f2n trang tr\u00ed kho\u00e1 kim lo\u1ea1i CG05071"},"content":{"rendered":"<p>\u0110ang c\u1eadp nh\u1eadt&#8230;<\/p>\n","protected":false},"excerpt":{"rendered":"<p>\u0110ang c\u1eadp nh\u1eadt&#8230;<\/p>\n","protected":false},"featured_media":194,"comment_status":"open","ping_status":"closed","template":"","meta":[],"_links":{"self":[{"href":"https:\/\/hosting.conasi.vn\/w\/shopgiay12011\/wp-json\/wp\/v2\/product\/193"}],"collection":[{"href":"https:\/\/hosting.conasi.vn\/w\/shopgiay12011\/wp-json\/wp\/v2\/product"}],"about":[{"href":"https:\/\/hosting.conasi.vn\/w\/shopgiay12011\/wp-json\/wp\/v2\/types\/product"}],"replies":[{"embeddable":true,"href":"https:\/\/hosting.conasi.vn\/w\/shopgiay12011\/wp-json\/wp\/v2\/comments?post=193"}],"wp:featuredmedia":[{"embeddable":true,"href":"https:\/\/hosting.conasi.vn\/w\/shopgiay12011\/wp-json\/wp\/v2\/media\/194"}],"wp:attachment":[{"href":"https:\/\/hosting.conasi.vn\/w\/shopgiay12011\/wp-json\/wp\/v2\/media?parent=193"}],"curies":[{"name":"wp","href":"https:\/\/api.w.org\/{rel}","templated":true}]}}