{"id":277,"date":"2018-01-31T15:39:36","date_gmt":"2018-01-31T08:39:36","guid":{"rendered":"https:\/\/bizhostvn.com\/w\/salecar\/?post_type=product&#038;p=277"},"modified":"2018-01-31T15:39:36","modified_gmt":"2018-01-31T08:39:36","slug":"camera-hanh-trinh-vietmap-c5","status":"publish","type":"product","link":"https:\/\/hosting.conasi.vn\/w\/salecar\/san-pham\/camera-hanh-trinh-vietmap-c5\/","title":{"rendered":"CAMERA H\u00c0NH TR\u00ccNH VIETMAP C5"},"content":{"rendered":"<h3><strong>Camera h\u00e0nh tr\u00ecnh VietMap C5 &#8211; S\u1ef1 l\u1ef1a ch\u1ecdn c\u1ee7a ng\u01b0\u1eddi ti\u00eau d\u00f9ng th\u00f4ng minh<\/strong><\/h3>\n<p><em>Camera h\u00e0nh tr\u00ecnh VietMap<\/em>\u00a0C5 \u0111em \u0111\u1ebfn cho ng\u01b0\u1eddi d\u00f9ng nh\u1eefng tr\u1ea3i nghi\u1ec7m tuy\u1ec7t v\u1eddi nh\u1edd \u1ee9ng d\u1ee5ng c\u00f4ng ngh\u1ec7 hi\u1ec7n \u0111\u1ea1i nh\u1ea5t. V\u1edbi \u01b0u \u0111i\u1ec3m\u00a0<em>m\u00e0n h\u00ecnh<\/em>\u00a0<em>2.7 inch<\/em>\u00a0gi\u00fap ng\u01b0\u1eddi d\u00f9ng xem l\u1ea1i video tr\u1ef1c ti\u1ebfp tr\u00ean m\u00e0n h\u00ecnh c\u1ee7a camera m\u1ed9t c\u00e1ch d\u1ec5 d\u00e0ng.<\/p>\n<p>Kh\u1ea3 n\u0103ng ghi h\u00ecnh li\u00ean t\u1ee5c trong 24h: Ghi h\u00ecnh v\u00f2ng l\u1eb7p, nh\u1eadn di\u1ec7n chuy\u1ec3n \u0111\u1ed9ng,&#8230;gi\u00fap cho ng\u01b0\u1eddi d\u00f9ng kh\u00f4ng ph\u1ea3i lo l\u1eafng c\u00e1c t\u00ecnh hu\u1ed1ng b\u1ea5t ng\u1edd x\u1ea3y ra.<\/p>\n<p>VietMap C5 hi\u1ec7n \u0111ang l\u00e0 m\u1ed9t trong nh\u1eefng d\u00f2ng\u00a0<em>camera h\u00e0nh tr\u00ecnh gi\u00e1 r\u1ebb\u00a0<\/em>\u0111\u01b0\u1ee3c \u01b0a chu\u1ed9ng nh\u1ea5t hi\u1ec7n nay b\u1edfi nh\u1eefng ng\u01b0\u1eddi ti\u00eau d\u00f9ng th\u00f4ng minh.<\/p>\n<p><img loading=\"lazy\" class=\"\" title=\"Camera H\u00e0nh Tr\u00ecnh Vietmap C5\" src=\"http:\/\/dochoixehoicaocap.vn\/uploads\/shops\/camerahanhtrinh\/camera-hanh-trinh-oto-vietmap-c5-4.png\" alt=\"Camera H\u00e0nh Tr\u00ecnh Vietmap C5\" width=\"500\" height=\"450\" \/><\/p>\n<p>&nbsp;<\/p>\n<h3><strong>T\u00ednh n\u0103ng n\u1ed5i b\u1eadt c\u1ee7a camera h\u00e0nh tr\u00ecnh Vietmap C5<\/strong><\/h3>\n<p><em>Camera h\u00e0nh tr\u00ecnh Vietmap C5<\/em>\u00a0nh\u1eadn \u0111\u01b0\u1ee3c nhi\u1ec1u s\u1ef1 l\u1ef1a ch\u1ecdn b\u1edfi c\u00e1c t\u00ednh n\u0103ng n\u1ed5i b\u1eadt sau:<\/p>\n<p>&#8211; Ghi h\u00ecnh full HD 1080p: Ghi h\u00ecnh ng\u00e0y v\u00e0 \u0111\u00eam c\u1ef1c r\u00f5.<\/p>\n<p>&#8211; G\u00f3c quay r\u1ed9ng 170: Ghi h\u00ecnh to\u00e0n c\u1ea3nh tr\u01b0\u1edbc \u0111\u1ea7u xe.<\/p>\n<p>&#8211; M\u00e0n h\u00ecnh 2.7 inch: Xem l\u1ea1i video tr\u1ef1c ti\u1ebfp tr\u00ean m\u00e0n h\u00ecnh r\u00f5 n\u00e9t v\u00e0 d\u1ec5 d\u00e0ng.<\/p>\n<p>&#8211; H\u1ed7 tr\u1ee3 th\u1ebb nh\u1edb l\u00ean \u0111\u1ebfn 64GB: Ghi h\u00ecnh v\u00f2ng l\u1eb7p Full HD \u0111\u1ebfn 10 ti\u1ebfng.<\/p>\n<p>&#8211; H\u1ed7 tr\u1ee3 GPS: Ghi h\u00ecnh v\u1edbi th\u00f4ng tin t\u1ed1c \u0111\u1ed9, b\u1ea3n \u0111\u1ed3.<\/p>\n<p>&#8211; WDR &#8211; Ghi h\u00ecnh ng\u01b0\u1ee3c s\u00e1ng: Ghi h\u00ecnh t\u1ed1t trong \u0111i\u1ec1u ki\u1ec7n thi\u1ebfu \u00e1nh s\u00e1ng, ng\u01b0\u1ee3c s\u00e1ng.<\/p>\n<p>&#8211; Nh\u1eadn di\u1ec7n chuy\u1ec3n \u0111\u1ed9ng: Ghi h\u00ecnh khi c\u00f3 chuy\u1ec3n \u0111\u1ed9ng tr\u01b0\u1edbc m\u00e1y.<\/p>\n<p>&#8211; Av-out v\u00e0 HDMI: K\u1ebft n\u1ed1i h\u00ecnh \u1ea3nh v\u1edbi DVD th\u00f4ng qua c\u1ed5ng Av-out v\u00e0 k\u1ebft n\u1ed1i v\u1edbi Tivi LCD qua c\u1ed5ng HDMI, gi\u00fap xem video tr\u1ef1c ti\u1ebfp tr\u00ean m\u00e0n h\u00ecnh v\u1edbi k\u00edch th\u01b0\u1edbc l\u1edbn.<\/p>\n<p>\u200b<img loading=\"lazy\" class=\"\" title=\"Camera H\u00e0nh Tr\u00ecnh Vietmap C5\" src=\"http:\/\/dochoixehoicaocap.vn\/uploads\/shops\/camerahanhtrinh\/camra-hanh-trinh-oto-vietmap-x9-4.png\" alt=\"Camera H\u00e0nh Tr\u00ecnh Vietmap C5\" width=\"630\" height=\"490\" \/><\/p>\n<p>Hi\u1ec7n t\u1ea1i,\u00a0<strong>AKauto<\/strong>\u00a0\u0111ang cung c\u1ea5p v\u00e0 h\u1ed7 tr\u1ee3 l\u1eafp \u0111\u1eb7t mi\u1ec5n ph\u00ed s\u1ea3n ph\u1ea9m camera h\u00e0nh tr\u00ecnh VietMap C5.<\/p>\n","protected":false},"excerpt":{"rendered":"<p>AKauto \u2713 Chuy\u00ean L\u1eafp Camera h\u00e0nh tr\u00ecnh Xe H\u01a1i Cao C\u1ea5p \u2713 Ch\u1ea5t l\u01b0\u1ee3ng ghi h\u00ecnh s\u1eafc n\u00e9t v\u01b0\u1ee3t tr\u1ed9i \u2713 T\u1ef1 \u0110\u1ed9ng Nh\u1eadn Di\u1ec7n Chuy\u1ec3n \u0110\u1ed9ng \u2713 Ki\u1ec3u d\u00e1ng thi\u1ebft k\u1ebf hi\u1ec7n \u0111\u1ea1i \u2713 Camera H\u00e0nh Tr\u00ecnh Vietmap C5<\/p>\n","protected":false},"featured_media":278,"comment_status":"open","ping_status":"closed","template":"","meta":[],"_links":{"self":[{"href":"https:\/\/hosting.conasi.vn\/w\/salecar\/wp-json\/wp\/v2\/product\/277"}],"collection":[{"href":"https:\/\/hosting.conasi.vn\/w\/salecar\/wp-json\/wp\/v2\/product"}],"about":[{"href":"https:\/\/hosting.conasi.vn\/w\/salecar\/wp-json\/wp\/v2\/types\/product"}],"replies":[{"embeddable":true,"href":"https:\/\/hosting.conasi.vn\/w\/salecar\/wp-json\/wp\/v2\/comments?post=277"}],"wp:featuredmedia":[{"embeddable":true,"href":"https:\/\/hosting.conasi.vn\/w\/salecar\/wp-json\/wp\/v2\/media\/278"}],"wp:attachment":[{"href":"https:\/\/hosting.conasi.vn\/w\/salecar\/wp-json\/wp\/v2\/media?parent=277"}],"curies":[{"name":"wp","href":"https:\/\/api.w.org\/{rel}","templated":true}]}}