{"id":180,"date":"2019-01-09T01:58:11","date_gmt":"2019-01-09T01:58:11","guid":{"rendered":"http:\/\/noithat9.khowebseotop.vn\/?page_id=180"},"modified":"2019-01-09T01:58:11","modified_gmt":"2019-01-09T01:58:11","slug":"chinh-sach-bao-hanh","status":"publish","type":"page","link":"https:\/\/hosting.conasi.vn\/w\/noithat92011\/chinh-sach-bao-hanh\/","title":{"rendered":"Ch\u00ednh s\u00e1ch b\u1ea3o h\u00e0nh"},"content":{"rendered":"<header class=\"entry-header\">\n<h1 class=\"entry-title\">Ch\u00ednh s\u00e1ch b\u1ea3o h\u00e0nh<\/h1>\n<div class=\"entry-meta\"><\/div>\n<div><\/div>\n<div>\n<div><\/div>\n<\/div>\n<\/header>\n<div class=\"entry-content\">\n<p><strong>\u0110\u1ec1 ngh\u1ecb qu\u00fd kh\u00e1ch ki\u1ec3m tra h\u00e0ng tr\u01b0\u1edbc khi thanh to\u00e1n<\/strong>.\u00a0Qu\u00fd kh\u00e1ch h\u00e0ng kh\u00f4ng \u0111\u01b0\u1ee3c tr\u1ea3 l\u1ea1i h\u00e0ng n\u1ebfu kh\u00f4ng thu\u1ed9c tr\u01b0\u1eddng h\u1ee3p ho\u00e0n ti\u1ec1n ph\u00eda d\u01b0\u1edbi<\/p>\n<p><strong>A \u2013 TH\u1edcI H\u1ea0N B\u1ea2O H\u00c0NH<\/strong><\/p>\n<ul>\n<li>To\u00e0n b\u1ed9 s\u1ea3n ph\u1ea9m do Th\u01b0\u01a1ng hi\u1ec7u n\u1ed9i th\u1ea5t GOVI s\u1ea3n xu\u1ea5t v\u00e0 cung c\u1ea5p \u0111\u1ec1u \u0111\u01b0\u1ee3c b\u1ea3o h\u00e0nh mi\u1ec5n ph\u00ed 12 th\u00e1ng k\u1ec3 t\u1eeb ng\u00e0y giao h\u00e0ng v\u00e0 l\u1eafp \u0111\u1eb7t ho\u00e0n thi\u1ec7n<\/li>\n<li>\u0110\u1ed5i m\u1edbi s\u1ea3n ph\u1ea9m trong v\u00f2ng 7 ng\u00e0y n\u1ebfu ph\u00e1t sinh l\u1ed7i t\u1eeb nh\u00e0 s\u1ea3n xu\u1ea5t\u00a0(Ch\u1ec9 \u00e1p d\u1ee5ng \u0111\u1ed1i v\u1edbi c\u00e1c s\u1ea3n ph\u1ea9m c\u00f3 s\u1eb5n, kh\u00f4ng \u00e1p d\u1ee5ng \u0111\u1ed1i v\u1edbi c\u00e1c s\u1ea3n ph\u1ea9m \u0111\u1eb7t theo thi\u1ebft k\u1ebf v\u00e0 y\u00eau c\u1ea7u).<\/li>\n<\/ul>\n<p><strong>B \u2013 CH\u00cdNH S\u00c1CH B\u1ea2O H\u00c0NH<\/strong><\/p>\n<p><strong>GH\u1ebe V\u0102N PH\u00d2NG<\/strong><\/p>\n<ol>\n<li><strong>S\u1ea3n ph\u1ea9m \u0111\u01b0\u1ee3c b\u1ea3o h\u00e0nh mi\u1ec5n ph\u00ed:<\/strong><\/li>\n<\/ol>\n<ul>\n<li>S\u1ea3n ph\u1ea9m c\u00f2n th\u1eddi h\u1ea1n b\u1ea3o h\u00e0nh v\u00e0 c\u00f3 \u0111\u0103ng k\u00ed b\u1ea3o h\u00e0nh 12 th\u00e1ng k\u1ec3 t\u1eeb ng\u00e0y giao h\u00e0ng ( Phi\u1ebfu b\u00e1n h\u00e0ng \u0111\u1ed3ng th\u1eddi l\u00e0 Phi\u1ebfu b\u1ea3o h\u00e0nh)<\/li>\n<li>S\u1ea3n ph\u1ea9m l\u1ed7i t\u1eeb nh\u00e0 s\u1ea3n xu\u1ea5t trong qu\u00e1 tr\u00ecnh s\u1ea3n xu\u1ea5t ho\u1eb7c v\u1eadn chuy\u1ec3n<\/li>\n<li>Khung ch\u00e2n s\u1eaft b\u1ecb g\u00e3y ho\u1eb7c m\u1ed1i h\u00e0n b\u1ecb n\u1ee9t<\/li>\n<li>Ch\u00e2n nh\u1ef1a b\u1ea3o h\u00e0nh 1 n\u0103m, thay m\u1edbi trong tr\u01b0\u1eddng h\u1ee3p b\u1ecb g\u00e3y.<\/li>\n<\/ul>\n<ol start=\"2\">\n<li><strong>S\u1ea3n ph\u1ea9m kh\u00f4ng \u0111\u01b0\u1ee3c b\u1ea3o h\u00e0nh mi\u1ec5n ph\u00ed:<\/strong><\/li>\n<\/ol>\n<ul>\n<li>S\u1ea3n ph\u1ea9m \u0111\u00e3 qu\u00e1 th\u1eddi h\u1ea1n b\u1ea3o h\u00e0nh (qu\u00e1 12 th\u00e1ng k\u1ec3 t\u1eeb ng\u00e0y giao h\u00e0ng)<\/li>\n<li>S\u1eed d\u1ee5ng kh\u00f4ng \u0111\u00fang k\u1ef9 thu\u1eadt c\u1ee7a nh\u00e0 s\u1ea3n xu\u1ea5t, ho\u1eb7c c\u00f3 d\u1ea5u hi\u1ec7u s\u1eeda ch\u1eefa tr\u01b0\u1edbc khi mang \u0111\u1ebfn GOVI.<\/li>\n<li>G\u00e3y v\u00e1n trong qu\u00e1 tr\u00ecnh s\u1eed d\u1ee5ng<\/li>\n<li>H\u01b0 h\u1ecfng do t\u00e1c \u0111\u1ed9ng t\u1eeb b\u00ean ngo\u00e0i: R\u01a1i, va \u0111\u1eadp, tr\u1ea7y x\u01b0\u1edbc, h\u1ecfa ho\u1ea1n\u2026<\/li>\n<li>Khung ch\u00e2n ho\u1eb7c khung l\u01b0ng b\u1ecb tr\u00f3c s\u01a1n trong qu\u00e1 tr\u00ecnh s\u1eed d\u1ee5ng<\/li>\n<li>Ph\u1ea7n v\u1ea3i,da, simili b\u1ecdc gh\u1ebf b\u1ecb r\u00e1ch trong qu\u00e1 tr\u00ecnh s\u1eed d\u1ee5ng<\/li>\n<li>Tay gh\u1ebf, ch\u00e2n gh\u1ebf b\u1ecb tr\u1ea7y x\u01b0\u1edbc trong qu\u00e1 tr\u00ecnh s\u1eed d\u1ee5ng<\/li>\n<li>Ph\u1ea7n n\u1ec7m m\u00fat b\u1ecb x\u1eb9p trong qu\u00e1 tr\u00ecnh s\u1eed d\u1ee5ng<\/li>\n<li>Bung n\u1eb9p<\/li>\n<\/ul>\n<p><strong>B\u00c0N, T\u1ee6 V\u0102N PH\u00d2NG<\/strong><\/p>\n<ol>\n<li><strong>S\u1ea3n ph\u1ea9m \u0111\u01b0\u1ee3c b\u1ea3o h\u00e0nh mi\u1ec5n ph\u00ed:<\/strong><\/li>\n<\/ol>\n<ul>\n<li>S\u1ea3n ph\u1ea9m c\u00f2n th\u1eddi h\u1ea1n b\u1ea3o h\u00e0nh v\u00e0 c\u00f3 \u0111\u0103ng k\u00ed b\u1ea3o h\u00e0nh 12 th\u00e1ng k\u1ec3 t\u1eeb ng\u00e0y giao h\u00e0ng ( Phi\u1ebfu b\u00e1n h\u00e0ng \u0111\u1ed3ng th\u1eddi l\u00e0 Phi\u1ebfu b\u1ea3o h\u00e0nh)<\/li>\n<li>S\u1ea3n ph\u1ea9m l\u1ed7i t\u1eeb nh\u00e0 s\u1ea3n xu\u1ea5t trong qu\u00e1 tr\u00ecnh s\u1ea3n xu\u1ea5t ho\u1eb7c v\u1eadn chuy\u1ec3n.<\/li>\n<li>M\u1eb7t b\u00e0n b\u1ecb tr\u1ea7y x\u01b0\u1edbc, cong v\u00eanh nghi\u00eam tr\u1ecdng<\/li>\n<\/ul>\n<ol start=\"2\">\n<li><strong>S\u1ea3n ph\u1ea9m kh\u00f4ng \u0111\u01b0\u1ee3c b\u1ea3o h\u00e0nh mi\u1ec5n ph\u00ed:<\/strong><\/li>\n<\/ol>\n<ul>\n<li>S\u1ea3n ph\u1ea9m\/ linh ki\u1ec7n kh\u00f4ng ph\u1ea3i do GOVI s\u1ea3n xu\u1ea5t, nh\u1eadp kh\u1ea9u v\u00e0 ph\u00e2n ph\u1ed1i<\/li>\n<li>S\u1ea3n ph\u1ea9m c\u00f3 s\u1ef1 hao m\u00f2n t\u1ef1 nhi\u00ean do th\u1eddi gian s\u1eed d\u1ee5ng l\u00e2u d\u00e0i, ho\u1eb7c do th\u01b0\u1eddng xuy\u00ean ti\u1ebfp x\u00fac v\u1edbi \u00e1nh n\u1eafng m\u1eb7t tr\u1eddi, m\u01b0a b\u00e3o, \u1ea9m m\u1ed1c\u2026<\/li>\n<li>B\u1ea5t k\u00ec s\u1ef1 t\u1ef1 \u00fd thay \u0111\u1ed5i, s\u1eeda ch\u1eefa n\u00e0o t\u1eeb ph\u00eda kh\u00e1ch h\u00e0ng m\u00e0 kh\u00f4ng do nh\u00e2n vi\u00ean k\u1ef9 thu\u1eadt c\u1ee7a GOVI h\u01b0\u1edbng d\u1eabn c\u0169ng kh\u00f4ng \u0111\u01b0\u1ee3c ch\u1ea5p nh\u1eadn.<\/li>\n<li>S\u1ea3n ph\u1ea9m b\u1ecb h\u01b0 h\u1ecfng do b\u1ea5t c\u1ea9n trong qu\u00e1 tr\u00ecnh th\u00e1o l\u1eafp, v\u1eadn chuy\u1ec3n, va \u0111\u1eadp\u2026<\/li>\n<\/ul>\n<p><em>Ngo\u00e0i ra, \u0111\u1ec3 \u0111\u1ea3m b\u1ea3o quy\u1ec1n l\u1ee3i c\u1ee7a kh\u00e1ch h\u00e0ng, Govi s\u1ebd xem x\u00e9t c\u00e1c tr\u01b0\u1eddng h\u1ee3p c\u1ee5 th\u1ec3 v\u1edbi \u0111i\u1ec1u ki\u1ec7n b\u1ea3o h\u00e0nh ph\u00f9 h\u1ee3p.\u00a0<\/em><br \/>\n<em>S\u1ea3n ph\u1ea9m n\u1eb1m trong \u0111i\u1ec1u ki\u1ec7n b\u1ea3o h\u00e0nh th\u00ec Govi s\u1ebd s\u1eeda ch\u1eefa, thay th\u1ebf s\u1ea3n ph\u1ea9m h\u01b0 h\u1ecfng, l\u1ed7i s\u1ea3n xu\u1ea5t.<\/em><br \/>\n<em>Trong \u0111i\u1ec1u ki\u1ec7n s\u1ea3n ph\u1ea9m b\u1ecb h\u01b0 h\u1ecfng, m\u1ea5t m\u00e1t trong qu\u00e1 tr\u00ecnh s\u1eed d\u1ee5ng, Govi s\u1ebd h\u1ed7 tr\u1ee3, cung c\u1ea5p c\u00e1c chi ti\u1ebft, linh ki\u1ec7n t\u01b0\u01a1ng t\u1ef1 \u0111\u1ec3 thay th\u1ebf v\u00e0 c\u00f3 ch\u1ee9c n\u0103ng t\u01b0\u01a1ng \u0111\u01b0\u01a1ng.<\/em><\/p>\n<\/div>\n","protected":false},"excerpt":{"rendered":"<p>Ch\u00ednh s\u00e1ch b\u1ea3o h\u00e0nh \u0110\u1ec1 ngh\u1ecb qu\u00fd kh\u00e1ch ki\u1ec3m tra h\u00e0ng tr\u01b0\u1edbc khi thanh to\u00e1n.\u00a0Qu\u00fd kh\u00e1ch h\u00e0ng kh\u00f4ng \u0111\u01b0\u1ee3c tr\u1ea3 l\u1ea1i h\u00e0ng n\u1ebfu kh\u00f4ng thu\u1ed9c tr\u01b0\u1eddng h\u1ee3p ho\u00e0n ti\u1ec1n ph\u00eda d\u01b0\u1edbi A \u2013 TH\u1edcI H\u1ea0N B\u1ea2O H\u00c0NH To\u00e0n b\u1ed9 s\u1ea3n ph\u1ea9m do Th\u01b0\u01a1ng hi\u1ec7u n\u1ed9i th\u1ea5t GOVI s\u1ea3n xu\u1ea5t v\u00e0 cung c\u1ea5p \u0111\u1ec1u \u0111\u01b0\u1ee3c b\u1ea3o&#8230;<\/p>\n","protected":false},"author":1,"featured_media":0,"parent":0,"menu_order":0,"comment_status":"closed","ping_status":"closed","template":"","meta":[],"_links":{"self":[{"href":"https:\/\/hosting.conasi.vn\/w\/noithat92011\/wp-json\/wp\/v2\/pages\/180"}],"collection":[{"href":"https:\/\/hosting.conasi.vn\/w\/noithat92011\/wp-json\/wp\/v2\/pages"}],"about":[{"href":"https:\/\/hosting.conasi.vn\/w\/noithat92011\/wp-json\/wp\/v2\/types\/page"}],"author":[{"embeddable":true,"href":"https:\/\/hosting.conasi.vn\/w\/noithat92011\/wp-json\/wp\/v2\/users\/1"}],"replies":[{"embeddable":true,"href":"https:\/\/hosting.conasi.vn\/w\/noithat92011\/wp-json\/wp\/v2\/comments?post=180"}],"version-history":[{"count":1,"href":"https:\/\/hosting.conasi.vn\/w\/noithat92011\/wp-json\/wp\/v2\/pages\/180\/revisions"}],"predecessor-version":[{"id":181,"href":"https:\/\/hosting.conasi.vn\/w\/noithat92011\/wp-json\/wp\/v2\/pages\/180\/revisions\/181"}],"wp:attachment":[{"href":"https:\/\/hosting.conasi.vn\/w\/noithat92011\/wp-json\/wp\/v2\/media?parent=180"}],"curies":[{"name":"wp","href":"https:\/\/api.w.org\/{rel}","templated":true}]}}