{"id":264,"date":"2017-07-25T07:08:20","date_gmt":"2017-07-25T07:08:20","guid":{"rendered":"https:\/\/noithat7.khowebseotop.vn\/?page_id=264"},"modified":"2020-05-06T20:48:30","modified_gmt":"2020-05-06T13:48:30","slug":"thong-tin-lien","status":"publish","type":"page","link":"https:\/\/hosting.conasi.vn\/w\/noithat72011\/thong-tin-lien\/","title":{"rendered":"Th\u00f4ng tin li\u00ean h\u1ec7"},"content":{"rendered":"\n<div class=\"row\"  id=\"row-852411001\">\n\n\n\t<div id=\"col-1189350754\" class=\"col small-12 large-12\"  >\n\t\t<div class=\"col-inner\"  >\n\t\t\t\n\t\t\t\n\n<div class=\"container section-title-container\" ><h3 class=\"section-title section-title-center\"><b><\/b><span class=\"section-title-main\" >TH\u00d4NG TIN LI\u00caN H\u1ec6<\/span><b><\/b><\/h3><\/div>\n\n\n\t\t<\/div>\n\t\t\t<\/div>\n\n\t\n\n<\/div>\n<div class=\"row\"  id=\"row-1369694728\">\n\n\n\t<div id=\"col-1527075623\" class=\"col medium-6 small-12 large-6\"  >\n\t\t<div class=\"col-inner\"  >\n\t\t\t\n\t\t\t\n\n<div class=\"textwidget\">\n<p>N\u1ed9i th\u1ea5t xinh l\u00e0 \u0111\u01a1n v\u1ecb chuy\u00ean thi\u1ebft k\u1ebf, s\u1ea3n xu\u1ea5t c\u00e1c s\u1ea3n ph\u1ea9m g\u1ed7 n\u1ed9i th\u1ea5t cho gia \u0111\u00ecnh, nh\u00e0 h\u00e0ng,kh\u00e1ch s\u1ea1n..Ch\u1ea5 l\u01b0\u1ee3ng v\u00e0 uy t\u00edn t\u1ea1i Nha Trang.<\/p>\n<p><i class=\"fa fa-home\"><\/i> \u0110\u1ecba ch\u1ec9: 490A, \u0110i\u1ec7n Bi\u00ean Ph\u1ee7, P.21, Q. T\u00e2n B\u00ecnh, Tp. HCM<\/p>\n<p><i class=\"fa fa-phone\"><\/i> Hotline: 0999.999.999 \u2013 0999.999.999<\/p>\n<\/div>\n\n\t\t<\/div>\n\t\t\t<\/div>\n\n\t\n\n\t<div id=\"col-1458901534\" class=\"col medium-6 small-12 large-6\"  >\n\t\t<div class=\"col-inner\"  >\n\t\t\t\n\t\t\t\n\n<p><iframe src=\"https:\/\/www.google.com\/maps\/embed?pb=!1m18!1m12!1m3!1d3918.8951647747363!2d106.63615131462117!3d10.819334261359117!2m3!1f0!2f0!3f0!3m2!1i1024!2i768!4f13.1!3m3!1m2!1s0x317529667c77fcdd%3A0x39f60dd29f004faf!2zMi84NSBQaOG6oW0gVsSDbiBC4bqhY2gsIFBoxrDhu51uZyAxNSwgVMOibiBCw6xuaCwgSOG7kyBDaMOtIE1pbmgsIFZp4buHdCBOYW0!5e0!3m2!1svi!2s!4v1568732176587!5m2!1svi!2s\" width=\"100%\" height=\"450\" frameborder=\"0\" style=\"border:0;\" allowfullscreen=\"\"><\/iframe><\/p>\n\n\t\t<\/div>\n\t\t\t<\/div>\n\n\t\n\n<\/div>\n\n","protected":false},"excerpt":{"rendered":"","protected":false},"author":1,"featured_media":0,"parent":0,"menu_order":0,"comment_status":"closed","ping_status":"closed","template":"","meta":[],"_links":{"self":[{"href":"https:\/\/hosting.conasi.vn\/w\/noithat72011\/wp-json\/wp\/v2\/pages\/264"}],"collection":[{"href":"https:\/\/hosting.conasi.vn\/w\/noithat72011\/wp-json\/wp\/v2\/pages"}],"about":[{"href":"https:\/\/hosting.conasi.vn\/w\/noithat72011\/wp-json\/wp\/v2\/types\/page"}],"author":[{"embeddable":true,"href":"https:\/\/hosting.conasi.vn\/w\/noithat72011\/wp-json\/wp\/v2\/users\/1"}],"replies":[{"embeddable":true,"href":"https:\/\/hosting.conasi.vn\/w\/noithat72011\/wp-json\/wp\/v2\/comments?post=264"}],"version-history":[{"count":6,"href":"https:\/\/hosting.conasi.vn\/w\/noithat72011\/wp-json\/wp\/v2\/pages\/264\/revisions"}],"predecessor-version":[{"id":494,"href":"https:\/\/hosting.conasi.vn\/w\/noithat72011\/wp-json\/wp\/v2\/pages\/264\/revisions\/494"}],"wp:attachment":[{"href":"https:\/\/hosting.conasi.vn\/w\/noithat72011\/wp-json\/wp\/v2\/media?parent=264"}],"curies":[{"name":"wp","href":"https:\/\/api.w.org\/{rel}","templated":true}]}}