{"id":2594,"date":"2019-09-28T23:52:56","date_gmt":"2019-09-28T16:52:56","guid":{"rendered":"http:\/\/demo24.muathemewordpress.net\/chi-tiet\/ban-vuong-cambi-308002000"},"modified":"2019-10-31T22:02:08","modified_gmt":"2019-10-31T15:02:08","slug":"ban-vuong-cambi-308002000","status":"publish","type":"product","link":"https:\/\/hosting.conasi.vn\/w\/noithat172011\/san-pham\/ban-vuong-cambi-308002000\/","title":{"rendered":"B\u00e0n vu\u00f4ng Cambi 308002000"},"content":{"rendered":"<section id=\"tab-2\" class=\"tab-content\">\u00a012312<\/section>\n","protected":false},"excerpt":{"rendered":"<p>V\u1edbi thi\u1ebft k\u1ebf tho\u1ea3i m\u00e1i, Cambi l\u00e0 b\u1ed9 s\u01b0u t\u1eadp ph\u00f9 h\u1ee3p trong c\u00e1c b\u1ed1i c\u1ea3nh \u0111a d\u1ea1ng nh\u1ea5t.<br \/>\nM\u1eb7t b\u00e0n c\u00f3 k\u00edch th\u01b0\u1edbc 60 x 60 cm \u0111\u1ebfn \u0111\u01b0\u1eddng k\u00ednh 120 cm \u0111\u01b0\u1ee3c l\u00e0m t\u1eeb kim lo\u1ea1i \u0111\u1eb7c bi\u1ec7t EMU kh\u00f4ng th\u1ec3 nh\u1ea7m l\u1eabn.<br \/>\nXu\u1ea5t x\u1ee9: \u00dd<br \/>\nM\u00e0u s\u1eafc: 20<br \/>\nKh\u1ed1i l\u01b0\u1ee3ng: 11.20kg<br \/>\nK\u00edch th\u01b0\u1edbc: Chi\u1ec1u r\u1ed9ng: 60cm Chi\u1ec1u cao: 75cm<\/p>\n","protected":false},"featured_media":2595,"template":"","meta":[],"_links":{"self":[{"href":"https:\/\/hosting.conasi.vn\/w\/noithat172011\/wp-json\/wp\/v2\/product\/2594"}],"collection":[{"href":"https:\/\/hosting.conasi.vn\/w\/noithat172011\/wp-json\/wp\/v2\/product"}],"about":[{"href":"https:\/\/hosting.conasi.vn\/w\/noithat172011\/wp-json\/wp\/v2\/types\/product"}],"wp:featuredmedia":[{"embeddable":true,"href":"https:\/\/hosting.conasi.vn\/w\/noithat172011\/wp-json\/wp\/v2\/media\/2595"}],"wp:attachment":[{"href":"https:\/\/hosting.conasi.vn\/w\/noithat172011\/wp-json\/wp\/v2\/media?parent=2594"}],"curies":[{"name":"wp","href":"https:\/\/api.w.org\/{rel}","templated":true}]}}