{"id":2586,"date":"2019-09-28T23:52:33","date_gmt":"2019-09-28T16:52:33","guid":{"rendered":"http:\/\/demo24.muathemewordpress.net\/chi-tiet\/ban-vuong-yard-305072300"},"modified":"2019-09-28T23:52:34","modified_gmt":"2019-09-28T16:52:34","slug":"ban-vuong-yard-305072300","status":"publish","type":"product","link":"https:\/\/hosting.conasi.vn\/w\/noithat172011\/san-pham\/ban-vuong-yard-305072300\/","title":{"rendered":"B\u00e0n vu\u00f4ng Yard 305072300"},"content":{"rendered":"<section class=\"tab-content\" id=\"tab-2\">\u00a0<\/section>\n","protected":false},"excerpt":{"rendered":"<p>B\u00e0n c\u00e0 ph\u00ea vu\u00f4ng Yard \u00e0 m\u1ed9t h\u1ed7n h\u1ee3p c\u1ee7a c\u00e1c v\u1eadt li\u1ec7u, ch\u1eb3ng h\u1ea1n nh\u01b0 th\u00e9p kh\u00f4ng g\u1ec9 ho\u1eb7c tro v\u1edbi nh\u00f4m.\u00a0<br \/>\nB\u1ed9 s\u01b0u t\u1eadp \u0111\u01b0\u1ee3c s\u1ea3n xu\u1ea5t c\u00e1c k\u00edch th\u01b0\u1edbc kh\u00e1c nhau, cho c\u1ea3 thi\u1ebft k\u1ebf v\u0103n ph\u00f2ng v\u00e0 nh\u00e0 ph\u1ed1.<br \/>\nXu\u1ea5t x\u1ee9: \u00dd<br \/>\nM\u00e3 s\u1ea3n ph\u1ea9m:\u00a0 305072300<br \/>\nM\u00e0u s\u1eafc: 41 (N\u00e2u \u0111\u1eadm)<br \/>\nCh\u1ea5t li\u1ec7u: Nh\u00f4m\u00a0<br \/>\nK\u00edch th\u01b0\u1edbc: Chi\u1ec1u r\u1ed9ng: 60 cm Chi\u1ec1u s\u00e2u: 60 cm Chi\u1ec1u cao: 40 cm<br \/>\nKh\u1ed1i l\u01b0\u1ee3ng: 4 Kg\u00a0<\/p>\n","protected":false},"featured_media":2587,"template":"","meta":[],"_links":{"self":[{"href":"https:\/\/hosting.conasi.vn\/w\/noithat172011\/wp-json\/wp\/v2\/product\/2586"}],"collection":[{"href":"https:\/\/hosting.conasi.vn\/w\/noithat172011\/wp-json\/wp\/v2\/product"}],"about":[{"href":"https:\/\/hosting.conasi.vn\/w\/noithat172011\/wp-json\/wp\/v2\/types\/product"}],"wp:featuredmedia":[{"embeddable":true,"href":"https:\/\/hosting.conasi.vn\/w\/noithat172011\/wp-json\/wp\/v2\/media\/2587"}],"wp:attachment":[{"href":"https:\/\/hosting.conasi.vn\/w\/noithat172011\/wp-json\/wp\/v2\/media?parent=2586"}],"curies":[{"name":"wp","href":"https:\/\/api.w.org\/{rel}","templated":true}]}}