{"id":2584,"date":"2019-09-28T23:52:27","date_gmt":"2019-09-28T16:52:27","guid":{"rendered":"http:\/\/demo24.muathemewordpress.net\/chi-tiet\/ban-vuong-sita-5263_ral-9011"},"modified":"2019-09-28T23:52:28","modified_gmt":"2019-09-28T16:52:28","slug":"ban-vuong-sita-5263_ral-9011","status":"publish","type":"product","link":"https:\/\/hosting.conasi.vn\/w\/noithat172011\/san-pham\/ban-vuong-sita-5263_ral-9011\/","title":{"rendered":"B\u00e0n vu\u00f4ng Sita 5263_RAL 9011"},"content":{"rendered":"","protected":false},"excerpt":{"rendered":"<p>B\u00e0n c\u00e0 ph\u00ea vu\u00f4ng Sita<br \/>\nXu\u1ea5t x\u1ee9: T\u00e2y Ban Nha<br \/>\nK\u00edch th\u01b0\u1edbc: 70x70x73cm<br \/>\nM\u00e0u s\u1eafc: RAL 8017<\/p>\n","protected":false},"featured_media":2585,"template":"","meta":[],"_links":{"self":[{"href":"https:\/\/hosting.conasi.vn\/w\/noithat172011\/wp-json\/wp\/v2\/product\/2584"}],"collection":[{"href":"https:\/\/hosting.conasi.vn\/w\/noithat172011\/wp-json\/wp\/v2\/product"}],"about":[{"href":"https:\/\/hosting.conasi.vn\/w\/noithat172011\/wp-json\/wp\/v2\/types\/product"}],"wp:featuredmedia":[{"embeddable":true,"href":"https:\/\/hosting.conasi.vn\/w\/noithat172011\/wp-json\/wp\/v2\/media\/2585"}],"wp:attachment":[{"href":"https:\/\/hosting.conasi.vn\/w\/noithat172011\/wp-json\/wp\/v2\/media?parent=2584"}],"curies":[{"name":"wp","href":"https:\/\/api.w.org\/{rel}","templated":true}]}}