{"id":2225,"date":"2019-09-28T23:20:55","date_gmt":"2019-09-28T16:20:55","guid":{"rendered":"http:\/\/demo24.muathemewordpress.net\/chi-tiet\/bon-cau-hai-khoi-sorrento"},"modified":"2019-09-28T23:20:56","modified_gmt":"2019-09-28T16:20:56","slug":"bon-cau-hai-khoi-sorrento","status":"publish","type":"product","link":"https:\/\/hosting.conasi.vn\/w\/noithat172011\/san-pham\/bon-cau-hai-khoi-sorrento\/","title":{"rendered":"B\u1ed3n c\u1ea7u hai kh\u1ed1i SORRENTO"},"content":{"rendered":"<section class=\"tab-content\" id=\"tab-2\">\n<ul>\n<li>T\u00ean s\u1ea3n ph\u1ea9m: B\u1ed3n c\u1ea7u hai kh\u1ed1i K-72455X-S-WK SORRENTO\u00a0<\/li>\n<li>Model: K-72455X-S-WK\u00a0<\/li>\n<li>M\u00e0u s\u1eafc : Tr\u1eafng\u00a0<\/li>\n<li>Nh\u00e0 s\u1ea3n xu\u1ea5t : KARAT\u00a0<\/li>\n<li>Xu\u1ea5t x\u1ee9 : Th\u00e1i Lan\u00a0<\/li>\n<li>Th\u1eddi gian b\u1ea3o h\u00e0nh : 12 th\u00e1ng\u00a0<\/li>\n<li>Ki\u1ec3u d\u00e1ng : B\u1ed3n c\u1ea7u hai kh\u1ed1i\u00a0<\/li>\n<li>Ch\u1ea5t li\u1ec7u: S\u1ee9 cao c\u1ea5p\u00a0<\/li>\n<li>K\u00edch th\u01b0\u1edbc:  811 x 699 x 416 mm\u00a0<\/li>\n<li>C\u00f4ng ngh\u1ec7 x\u1ea3: Siphon  4.5L\u00a0<\/li>\n<li>T\u00e2m tho\u00e1t s\u00e0n: 305mm<\/li>\n<\/ul>\n<\/section>\n","protected":false},"excerpt":{"rendered":"<p>B\u1ed3n c\u1ea7u hai kh\u1ed1i K-72455X-S-WK 4.5 l\u00edt SORRENTO\u00a0<br \/>\n\u0110\u1eb7c \u0111i\u1ec3m n\u1ed5i b\u1eadt:\u00a0<br \/>\n&#8211;  Ki\u1ec3u d\u00e1ng b\u1ed3n c\u1ea7u thi\u1ebft k\u1ebf thon d\u00e0i, thanh l\u1ecbch mang \u0111\u1ebfn s\u1ef1 tho\u1ea3i m\u00e1i\u00a0<br \/>\n&#8211; C\u00f4ng ngh\u1ec7 x\u1ea3 Siphon gi\u00fap qu\u00e1 tr\u00ecnh x\u1eed l\u00fd nhanh v\u01b0\u1ee3t tr\u1ed9i\u00a0<br \/>\n&#8211;  Con th\u1ecf S \u1ea9n ho\u00e0n to\u00e0n d\u1ec5 d\u00e0ng v\u1ec7 sinh\u00a0<br \/>\n&#8211; L\u01b0\u1ee3ng n\u01b0\u1edbc ti\u00eau th\u1ee5  4.5 l\u00edt ti\u1ebft ki\u1ec7m 20% so v\u1edbi  b\u1ed3n c\u1ea7u th\u00f4ng th\u01b0\u1eddng\u00a0<br \/>\n&#8211; N\u1eafp b\u1ed3n c\u1ea7u \u0111\u00f3ng \u00eam, bo v\u00e0nh v\u00e0 d\u1ec5 v\u1ec7 sinh<\/p>\n","protected":false},"featured_media":2226,"template":"","meta":[],"_links":{"self":[{"href":"https:\/\/hosting.conasi.vn\/w\/noithat172011\/wp-json\/wp\/v2\/product\/2225"}],"collection":[{"href":"https:\/\/hosting.conasi.vn\/w\/noithat172011\/wp-json\/wp\/v2\/product"}],"about":[{"href":"https:\/\/hosting.conasi.vn\/w\/noithat172011\/wp-json\/wp\/v2\/types\/product"}],"wp:featuredmedia":[{"embeddable":true,"href":"https:\/\/hosting.conasi.vn\/w\/noithat172011\/wp-json\/wp\/v2\/media\/2226"}],"wp:attachment":[{"href":"https:\/\/hosting.conasi.vn\/w\/noithat172011\/wp-json\/wp\/v2\/media?parent=2225"}],"curies":[{"name":"wp","href":"https:\/\/api.w.org\/{rel}","templated":true}]}}