{"id":2518,"date":"2019-09-28T23:46:26","date_gmt":"2019-09-28T16:46:26","guid":{"rendered":"http:\/\/demo21.muathemewordpress.net\/chi-tiet\/den-tuong-san-vuon-2145704"},"modified":"2019-09-28T23:46:27","modified_gmt":"2019-09-28T16:46:27","slug":"den-tuong-san-vuon-2145704","status":"publish","type":"product","link":"https:\/\/hosting.conasi.vn\/w\/noithat162011\/san-pham\/den-tuong-san-vuon-2145704\/","title":{"rendered":"\u0110e\u0300n t\u01b0\u01a1\u0300ng s\u00e2n v\u01b0\u1eddn 2145704"},"content":{"rendered":"","protected":false},"excerpt":{"rendered":"<p>M\u00e3 SP: 2145704\u00a0<br \/>\n    M\u00e0u s\u1eafc: x\u00e1m\u00a0<br \/>\n    V\u1eadt li\u1ec7u: kim lo\u1ea1i, t\u1ed5ng h\u1ee3p\u00a0<br \/>\n    B\u00f3ng v\u00e0 c\u00f4ng su\u1ea5t: 12W\u00a0<br \/>\n    \u0110ui b\u00f3ng ph\u00f9 h\u1ee3p: E27\u00a0<br \/>\n    \u0110i\u1ec7n \u00e1p: 220V- 240V\u00a0<br \/>\n    K\u00edch th\u01b0\u1edbc: 195 x 135 x 195 (L x W x H)mm\u00a0<br \/>\n    T\u00ednh n\u0103ng kh\u00e1c: \u0111\u1ed9 k\u00edn IP44<\/p>\n","protected":false},"featured_media":2519,"template":"","meta":[],"thuong-hieu":[],"_links":{"self":[{"href":"https:\/\/hosting.conasi.vn\/w\/noithat162011\/wp-json\/wp\/v2\/product\/2518"}],"collection":[{"href":"https:\/\/hosting.conasi.vn\/w\/noithat162011\/wp-json\/wp\/v2\/product"}],"about":[{"href":"https:\/\/hosting.conasi.vn\/w\/noithat162011\/wp-json\/wp\/v2\/types\/product"}],"wp:featuredmedia":[{"embeddable":true,"href":"https:\/\/hosting.conasi.vn\/w\/noithat162011\/wp-json\/wp\/v2\/media\/2519"}],"wp:attachment":[{"href":"https:\/\/hosting.conasi.vn\/w\/noithat162011\/wp-json\/wp\/v2\/media?parent=2518"}],"wp:term":[{"taxonomy":"thuong-hieu","embeddable":true,"href":"https:\/\/hosting.conasi.vn\/w\/noithat162011\/wp-json\/wp\/v2\/thuong-hieu?post=2518"}],"curies":[{"name":"wp","href":"https:\/\/api.w.org\/{rel}","templated":true}]}}