{"id":2508,"date":"2019-09-28T23:45:57","date_gmt":"2019-09-28T16:45:57","guid":{"rendered":"http:\/\/demo21.muathemewordpress.net\/chi-tiet\/den-treo-tuong-2238501"},"modified":"2019-09-28T23:45:58","modified_gmt":"2019-09-28T16:45:58","slug":"den-treo-tuong-2238501","status":"publish","type":"product","link":"https:\/\/hosting.conasi.vn\/w\/noithat162011\/san-pham\/den-treo-tuong-2238501\/","title":{"rendered":"\u0110e\u0300n treo t\u01b0\u01a1\u0300ng 2238501"},"content":{"rendered":"","protected":false},"excerpt":{"rendered":"<p>M\u00e3 SP: 2238501\u00a0<br \/>\n    M\u00e0u s\u1eafc: \u0111en, v\u00e0ng m\u1edd\u00a0<br \/>\n    V\u1eadt li\u1ec7u: nh\u00f4m\u00a0<br \/>\n    B\u00f3ng v\u00e0 c\u00f4ng su\u1ea5t: 18W\u00a0<br \/>\n    \u0110ui b\u00f3ng ph\u00f9 h\u1ee3p: E27\u00a0<br \/>\n    \u0110i\u1ec7n \u00e1p: 100V- 240V\u00a0<br \/>\n    K\u00edch th\u01b0\u1edbc: 230 x 92 x 260 (L x W x H) mm\u00a0<br \/>\n    T\u00ednh n\u0103ng kh\u00e1c: \u0111\u1ed9 k\u00edn IP44<\/p>\n","protected":false},"featured_media":2509,"template":"","meta":[],"thuong-hieu":[],"_links":{"self":[{"href":"https:\/\/hosting.conasi.vn\/w\/noithat162011\/wp-json\/wp\/v2\/product\/2508"}],"collection":[{"href":"https:\/\/hosting.conasi.vn\/w\/noithat162011\/wp-json\/wp\/v2\/product"}],"about":[{"href":"https:\/\/hosting.conasi.vn\/w\/noithat162011\/wp-json\/wp\/v2\/types\/product"}],"wp:featuredmedia":[{"embeddable":true,"href":"https:\/\/hosting.conasi.vn\/w\/noithat162011\/wp-json\/wp\/v2\/media\/2509"}],"wp:attachment":[{"href":"https:\/\/hosting.conasi.vn\/w\/noithat162011\/wp-json\/wp\/v2\/media?parent=2508"}],"wp:term":[{"taxonomy":"thuong-hieu","embeddable":true,"href":"https:\/\/hosting.conasi.vn\/w\/noithat162011\/wp-json\/wp\/v2\/thuong-hieu?post=2508"}],"curies":[{"name":"wp","href":"https:\/\/api.w.org\/{rel}","templated":true}]}}