{"id":2500,"date":"2019-09-28T23:45:35","date_gmt":"2019-09-28T16:45:35","guid":{"rendered":"http:\/\/demo21.muathemewordpress.net\/chi-tiet\/den-tuong-led-5109901"},"modified":"2019-09-28T23:45:36","modified_gmt":"2019-09-28T16:45:36","slug":"den-tuong-led-5109901","status":"publish","type":"product","link":"https:\/\/hosting.conasi.vn\/w\/noithat162011\/san-pham\/den-tuong-led-5109901\/","title":{"rendered":"\u0110e\u0300n t\u01b0\u01a1\u0300ng LED 5109901"},"content":{"rendered":"","protected":false},"excerpt":{"rendered":"<p>M\u00e3 SP: 5109901\u00a0<br \/>\n    M\u00e0u s\u1eafc: \u0111en V\u1eadt li\u1ec7u: nh\u00f4m, t\u1ed5ng h\u1ee3p\u00a0<br \/>\n    B\u00f3ng v\u00e0 c\u00f4ng su\u1ea5t: LED 3.5W, 2700K \u00e1nh s\u00e1ng v\u00e0ng \u1ea5m\u00a0<br \/>\n    \u0110i\u1ec7n \u00e1p: 220V- 240V\u00a0<br \/>\n    K\u00edch th\u01b0\u1edbc: 170 x 74 x 170 (L x W x H)mm\u00a0<br \/>\n    T\u00ednh n\u0103ng kh\u00e1c: \u0111\u1ed9 k\u00edn IP44<\/p>\n","protected":false},"featured_media":2501,"template":"","meta":[],"thuong-hieu":[],"_links":{"self":[{"href":"https:\/\/hosting.conasi.vn\/w\/noithat162011\/wp-json\/wp\/v2\/product\/2500"}],"collection":[{"href":"https:\/\/hosting.conasi.vn\/w\/noithat162011\/wp-json\/wp\/v2\/product"}],"about":[{"href":"https:\/\/hosting.conasi.vn\/w\/noithat162011\/wp-json\/wp\/v2\/types\/product"}],"wp:featuredmedia":[{"embeddable":true,"href":"https:\/\/hosting.conasi.vn\/w\/noithat162011\/wp-json\/wp\/v2\/media\/2501"}],"wp:attachment":[{"href":"https:\/\/hosting.conasi.vn\/w\/noithat162011\/wp-json\/wp\/v2\/media?parent=2500"}],"wp:term":[{"taxonomy":"thuong-hieu","embeddable":true,"href":"https:\/\/hosting.conasi.vn\/w\/noithat162011\/wp-json\/wp\/v2\/thuong-hieu?post=2500"}],"curies":[{"name":"wp","href":"https:\/\/api.w.org\/{rel}","templated":true}]}}