{"id":2496,"date":"2019-09-28T23:45:24","date_gmt":"2019-09-28T16:45:24","guid":{"rendered":"http:\/\/demo21.muathemewordpress.net\/chi-tiet\/den-san-vuon-4921901"},"modified":"2019-09-28T23:45:25","modified_gmt":"2019-09-28T16:45:25","slug":"den-san-vuon-4921901","status":"publish","type":"product","link":"https:\/\/hosting.conasi.vn\/w\/noithat162011\/san-pham\/den-san-vuon-4921901\/","title":{"rendered":"\u0110e\u0300n S\u00e2n V\u01b0\u1eddn 4921901"},"content":{"rendered":"","protected":false},"excerpt":{"rendered":"<p>M\u00e3 SP: 4921901\u00a0<br \/>\n    M\u00e0u s\u1eafc: \u0111en\u00a0<br \/>\n    V\u1eadt li\u1ec7u: nh\u00f4m\u00a0<br \/>\n    B\u00f3ng v\u00e0 c\u00f4ng su\u1ea5t: E27 20W\u00a0<br \/>\n    \u0110i\u1ec7n \u00e1p: 100V- 240V\u00a0<br \/>\n    K\u00edch th\u01b0\u1edbc: 166 x 166 x 800 (L x W x H)mm\u00a0<br \/>\n    T\u00ednh n\u0103ng kh\u00e1c: \u0111\u1ed9 k\u00edn IP44<\/p>\n","protected":false},"featured_media":2497,"template":"","meta":[],"thuong-hieu":[],"_links":{"self":[{"href":"https:\/\/hosting.conasi.vn\/w\/noithat162011\/wp-json\/wp\/v2\/product\/2496"}],"collection":[{"href":"https:\/\/hosting.conasi.vn\/w\/noithat162011\/wp-json\/wp\/v2\/product"}],"about":[{"href":"https:\/\/hosting.conasi.vn\/w\/noithat162011\/wp-json\/wp\/v2\/types\/product"}],"wp:featuredmedia":[{"embeddable":true,"href":"https:\/\/hosting.conasi.vn\/w\/noithat162011\/wp-json\/wp\/v2\/media\/2497"}],"wp:attachment":[{"href":"https:\/\/hosting.conasi.vn\/w\/noithat162011\/wp-json\/wp\/v2\/media?parent=2496"}],"wp:term":[{"taxonomy":"thuong-hieu","embeddable":true,"href":"https:\/\/hosting.conasi.vn\/w\/noithat162011\/wp-json\/wp\/v2\/thuong-hieu?post=2496"}],"curies":[{"name":"wp","href":"https:\/\/api.w.org\/{rel}","templated":true}]}}