{"id":2492,"date":"2019-09-28T23:44:29","date_gmt":"2019-09-28T16:44:29","guid":{"rendered":"http:\/\/demo21.muathemewordpress.net\/chi-tiet\/den-chum-tha-tran-a40d97080-36"},"modified":"2019-09-28T23:44:31","modified_gmt":"2019-09-28T16:44:31","slug":"den-chum-tha-tran-a40d97080-36","status":"publish","type":"product","link":"https:\/\/hosting.conasi.vn\/w\/noithat162011\/san-pham\/den-chum-tha-tran-a40d97080-36\/","title":{"rendered":"\u0110\u00e8n ch\u00f9m th\u1ea3 tr\u1ea7n A40D97080-36"},"content":{"rendered":"","protected":false},"excerpt":{"rendered":"<p>Thi\u1ebft k\u1ebf \u0111\u1ed9c \u0111\u00e1o v\u1edbi nhi\u1ec1u t\u1ea7ng kh\u00e1c nhau<br \/>\nKh\u00f4ng gian s\u1eed d\u1ee5ng: Ph\u00f2ng kh\u00e1ch, s\u1ea3nh kh\u00e1ch s\u1ea1n<br \/>\nK\u00edch\u00a0 th\u01b0\u1edbc: 800x1000mm<br \/>\nCh\u1ea5t li\u1ec7u: Th\u1ee7y tinh<br \/>\nXu\u1ea5t x\u1ee9: Trung Qu\u1ed1c<\/p>\n","protected":false},"featured_media":2493,"template":"","meta":[],"thuong-hieu":[],"_links":{"self":[{"href":"https:\/\/hosting.conasi.vn\/w\/noithat162011\/wp-json\/wp\/v2\/product\/2492"}],"collection":[{"href":"https:\/\/hosting.conasi.vn\/w\/noithat162011\/wp-json\/wp\/v2\/product"}],"about":[{"href":"https:\/\/hosting.conasi.vn\/w\/noithat162011\/wp-json\/wp\/v2\/types\/product"}],"wp:featuredmedia":[{"embeddable":true,"href":"https:\/\/hosting.conasi.vn\/w\/noithat162011\/wp-json\/wp\/v2\/media\/2493"}],"wp:attachment":[{"href":"https:\/\/hosting.conasi.vn\/w\/noithat162011\/wp-json\/wp\/v2\/media?parent=2492"}],"wp:term":[{"taxonomy":"thuong-hieu","embeddable":true,"href":"https:\/\/hosting.conasi.vn\/w\/noithat162011\/wp-json\/wp\/v2\/thuong-hieu?post=2492"}],"curies":[{"name":"wp","href":"https:\/\/api.w.org\/{rel}","templated":true}]}}