{"id":2490,"date":"2019-09-28T23:44:24","date_gmt":"2019-09-28T16:44:24","guid":{"rendered":"http:\/\/demo21.muathemewordpress.net\/chi-tiet\/den-chum-tha-tran-hy85261-45h"},"modified":"2019-09-28T23:44:25","modified_gmt":"2019-09-28T16:44:25","slug":"den-chum-tha-tran-hy85261-45h","status":"publish","type":"product","link":"https:\/\/hosting.conasi.vn\/w\/noithat162011\/san-pham\/den-chum-tha-tran-hy85261-45h\/","title":{"rendered":"\u0110\u00e8n ch\u00f9m th\u1ea3 tr\u1ea7n HY85261-45H"},"content":{"rendered":"","protected":false},"excerpt":{"rendered":"<p>D\u00f9ng \u0111\u1ec3 trang tr\u00ed v\u00e0 chi\u1ebfu s\u00e1ng trong nh\u00e0<br \/>\nTh\u00f4ng s\u1ed1 k\u1ef9 thu\u1eadt: 220V-50Hz<br \/>\nCh\u1ea5t li\u1ec7u: Th\u1ee7y tinh<br \/>\nXu\u1ea5t x\u1ee9: Trung Qu\u1ed1c<\/p>\n","protected":false},"featured_media":2491,"template":"","meta":[],"thuong-hieu":[],"_links":{"self":[{"href":"https:\/\/hosting.conasi.vn\/w\/noithat162011\/wp-json\/wp\/v2\/product\/2490"}],"collection":[{"href":"https:\/\/hosting.conasi.vn\/w\/noithat162011\/wp-json\/wp\/v2\/product"}],"about":[{"href":"https:\/\/hosting.conasi.vn\/w\/noithat162011\/wp-json\/wp\/v2\/types\/product"}],"wp:featuredmedia":[{"embeddable":true,"href":"https:\/\/hosting.conasi.vn\/w\/noithat162011\/wp-json\/wp\/v2\/media\/2491"}],"wp:attachment":[{"href":"https:\/\/hosting.conasi.vn\/w\/noithat162011\/wp-json\/wp\/v2\/media?parent=2490"}],"wp:term":[{"taxonomy":"thuong-hieu","embeddable":true,"href":"https:\/\/hosting.conasi.vn\/w\/noithat162011\/wp-json\/wp\/v2\/thuong-hieu?post=2490"}],"curies":[{"name":"wp","href":"https:\/\/api.w.org\/{rel}","templated":true}]}}