{"id":2480,"date":"2019-09-28T23:43:53","date_gmt":"2019-09-28T16:43:53","guid":{"rendered":"http:\/\/demo21.muathemewordpress.net\/chi-tiet\/den-chum-tha-tran-a40x95157"},"modified":"2019-09-28T23:43:55","modified_gmt":"2019-09-28T16:43:55","slug":"den-chum-tha-tran-a40x95157","status":"publish","type":"product","link":"https:\/\/hosting.conasi.vn\/w\/noithat162011\/san-pham\/den-chum-tha-tran-a40x95157\/","title":{"rendered":"\u0110\u00e8n ch\u00f9m th\u1ea3 tr\u1ea7n A40X95157"},"content":{"rendered":"","protected":false},"excerpt":{"rendered":"<p>\u0110\u00e1p \u1ee9ng nhu c\u1ea7u chi\u1ebfu s\u00e1ng v\u00e0 l\u00e0m \u0111\u1eb9p cho nh\u1eefng kh\u00f4ng gian c\u00f3 di\u1ec7n t\u00edch r\u1ed9ng r\u00e3i, th\u00f4ng tho\u00e1ng.<br \/>\nM\u00e3 s\u1ea3n ph\u1ea9m: A40X95157<br \/>\nK\u00edch th\u01b0\u1edbc: L450*W450*H250 mm<\/p>\n<p>Ch\u1ea5t li\u1ec7u: pha l\u00ea<br \/>\nXu\u1ea5t x\u1ee9: Trung Qu\u1ed1c<\/p>\n","protected":false},"featured_media":2481,"template":"","meta":[],"thuong-hieu":[],"_links":{"self":[{"href":"https:\/\/hosting.conasi.vn\/w\/noithat162011\/wp-json\/wp\/v2\/product\/2480"}],"collection":[{"href":"https:\/\/hosting.conasi.vn\/w\/noithat162011\/wp-json\/wp\/v2\/product"}],"about":[{"href":"https:\/\/hosting.conasi.vn\/w\/noithat162011\/wp-json\/wp\/v2\/types\/product"}],"wp:featuredmedia":[{"embeddable":true,"href":"https:\/\/hosting.conasi.vn\/w\/noithat162011\/wp-json\/wp\/v2\/media\/2481"}],"wp:attachment":[{"href":"https:\/\/hosting.conasi.vn\/w\/noithat162011\/wp-json\/wp\/v2\/media?parent=2480"}],"wp:term":[{"taxonomy":"thuong-hieu","embeddable":true,"href":"https:\/\/hosting.conasi.vn\/w\/noithat162011\/wp-json\/wp\/v2\/thuong-hieu?post=2480"}],"curies":[{"name":"wp","href":"https:\/\/api.w.org\/{rel}","templated":true}]}}