{"id":2476,"date":"2019-09-28T23:43:42","date_gmt":"2019-09-28T16:43:42","guid":{"rendered":"http:\/\/demo21.muathemewordpress.net\/chi-tiet\/den-tran-nickel-45619-15w"},"modified":"2019-09-28T23:43:43","modified_gmt":"2019-09-28T16:43:43","slug":"den-tran-nickel-45619-15w","status":"publish","type":"product","link":"https:\/\/hosting.conasi.vn\/w\/noithat162011\/san-pham\/den-tran-nickel-45619-15w\/","title":{"rendered":"\u0110e\u0300n tr\u00e2\u0300n nickel 45619-15W"},"content":{"rendered":"","protected":false},"excerpt":{"rendered":"<p>M\u00e3 SP: 4400501\u00a0<br \/>\n    M\u00e0u s\u1eafc: tr\u1eafng\u00a0<br \/>\n    V\u1eadt li\u1ec7u: th\u1ee7y tinh, kim lo\u1ea1i\u00a0<br \/>\n    B\u00f3ng v\u00e0 c\u00f4ng su\u1ea5t: 15W x8\u00a0<br \/>\n    \u0110ui b\u00f3ng ph\u00f9 h\u1ee3p: E27\u00a0<br \/>\n    \u0110i\u1ec7n \u00e1p: 230V\u00a0<br \/>\n    K\u00edch th\u01b0\u1edbc: 795 x 120 x 211 (L x W x H) mm<\/p>\n","protected":false},"featured_media":2477,"template":"","meta":[],"thuong-hieu":[],"_links":{"self":[{"href":"https:\/\/hosting.conasi.vn\/w\/noithat162011\/wp-json\/wp\/v2\/product\/2476"}],"collection":[{"href":"https:\/\/hosting.conasi.vn\/w\/noithat162011\/wp-json\/wp\/v2\/product"}],"about":[{"href":"https:\/\/hosting.conasi.vn\/w\/noithat162011\/wp-json\/wp\/v2\/types\/product"}],"wp:featuredmedia":[{"embeddable":true,"href":"https:\/\/hosting.conasi.vn\/w\/noithat162011\/wp-json\/wp\/v2\/media\/2477"}],"wp:attachment":[{"href":"https:\/\/hosting.conasi.vn\/w\/noithat162011\/wp-json\/wp\/v2\/media?parent=2476"}],"wp:term":[{"taxonomy":"thuong-hieu","embeddable":true,"href":"https:\/\/hosting.conasi.vn\/w\/noithat162011\/wp-json\/wp\/v2\/thuong-hieu?post=2476"}],"curies":[{"name":"wp","href":"https:\/\/api.w.org\/{rel}","templated":true}]}}