{"id":2472,"date":"2019-09-28T23:43:30","date_gmt":"2019-09-28T16:43:30","guid":{"rendered":"http:\/\/demo21.muathemewordpress.net\/chi-tiet\/den-tran-mau-chrome-30898-42w"},"modified":"2019-09-28T23:43:32","modified_gmt":"2019-09-28T16:43:32","slug":"den-tran-mau-chrome-30898-42w","status":"publish","type":"product","link":"https:\/\/hosting.conasi.vn\/w\/noithat162011\/san-pham\/den-tran-mau-chrome-30898-42w\/","title":{"rendered":"\u0110e\u0300n tr\u1ea7n ma\u0300u chrome 30898-42W"},"content":{"rendered":"<section class=\"tab-content\" id=\"tab-2\">\n<p>N\u1ed9i dung \u0111ang \u0111\u01b0\u1ee3c c\u1eadp nh\u1eadt<\/p>\n<\/section>\n","protected":false},"excerpt":{"rendered":"<p>M\u00e3 SP: 4312701<br \/>\n    M\u00e0u s\u1eafc: chrome<br \/>\n    V\u1eadt li\u1ec7u: th\u1ee7y tinh<br \/>\n    B\u00f3ng v\u00e0 c\u00f4ng su\u1ea5t: 42W x4<br \/>\n    \u0110ui b\u00f3ng ph\u00f9 h\u1ee3p: E27<br \/>\n    \u0110i\u1ec7n \u00e1p: 230V<br \/>\n    K\u00edch th\u01b0\u1edbc: 400 x 400 x 220 (L x W x H) mm<\/p>\n","protected":false},"featured_media":2473,"template":"","meta":[],"thuong-hieu":[],"_links":{"self":[{"href":"https:\/\/hosting.conasi.vn\/w\/noithat162011\/wp-json\/wp\/v2\/product\/2472"}],"collection":[{"href":"https:\/\/hosting.conasi.vn\/w\/noithat162011\/wp-json\/wp\/v2\/product"}],"about":[{"href":"https:\/\/hosting.conasi.vn\/w\/noithat162011\/wp-json\/wp\/v2\/types\/product"}],"wp:featuredmedia":[{"embeddable":true,"href":"https:\/\/hosting.conasi.vn\/w\/noithat162011\/wp-json\/wp\/v2\/media\/2473"}],"wp:attachment":[{"href":"https:\/\/hosting.conasi.vn\/w\/noithat162011\/wp-json\/wp\/v2\/media?parent=2472"}],"wp:term":[{"taxonomy":"thuong-hieu","embeddable":true,"href":"https:\/\/hosting.conasi.vn\/w\/noithat162011\/wp-json\/wp\/v2\/thuong-hieu?post=2472"}],"curies":[{"name":"wp","href":"https:\/\/api.w.org\/{rel}","templated":true}]}}