{"id":2468,"date":"2019-09-28T23:42:53","date_gmt":"2019-09-28T16:42:53","guid":{"rendered":"http:\/\/demo21.muathemewordpress.net\/chi-tiet\/den-tha%cc%89-mau-do%cc%89-41055-24w"},"modified":"2019-09-28T23:42:54","modified_gmt":"2019-09-28T16:42:54","slug":"den-tha%cc%89-mau-do%cc%89-41055-24w","status":"publish","type":"product","link":"https:\/\/hosting.conasi.vn\/w\/noithat162011\/san-pham\/den-tha%cc%89-mau-do%cc%89-41055-24w\/","title":{"rendered":"\u0110e\u0300n tha\u0309 ma\u0300u \u0111o\u0309 41055-24W"},"content":{"rendered":"","protected":false},"excerpt":{"rendered":"<p>M\u00e3 SP: 4283901<br \/>\n    M\u00e0u s\u1eafc: \u0110\u1ecf<br \/>\n    V\u1eadt li\u1ec7u: th\u00e9p<br \/>\n    B\u00f3ng v\u00e0 c\u00f4ng su\u1ea5t : E27 , 24W<br \/>\n    \u0110i\u1ec7n \u00e1p : 220V &#8211; 240V\u00a0<br \/>\n    K\u00edch th\u01b0\u1edbc : 350 x 350 x 1750 ( L x W x H) mm\u00a0<br \/>\n    T\u00ednh n\u0103ng kh\u00e1c : \u0110i\u1ec1u ch\u1ec9nh \u0111\u01b0\u1ee3c \u0111\u1ed9 cao \u0111\u00e8n<\/p>\n","protected":false},"featured_media":2469,"template":"","meta":[],"thuong-hieu":[],"_links":{"self":[{"href":"https:\/\/hosting.conasi.vn\/w\/noithat162011\/wp-json\/wp\/v2\/product\/2468"}],"collection":[{"href":"https:\/\/hosting.conasi.vn\/w\/noithat162011\/wp-json\/wp\/v2\/product"}],"about":[{"href":"https:\/\/hosting.conasi.vn\/w\/noithat162011\/wp-json\/wp\/v2\/types\/product"}],"wp:featuredmedia":[{"embeddable":true,"href":"https:\/\/hosting.conasi.vn\/w\/noithat162011\/wp-json\/wp\/v2\/media\/2469"}],"wp:attachment":[{"href":"https:\/\/hosting.conasi.vn\/w\/noithat162011\/wp-json\/wp\/v2\/media?parent=2468"}],"wp:term":[{"taxonomy":"thuong-hieu","embeddable":true,"href":"https:\/\/hosting.conasi.vn\/w\/noithat162011\/wp-json\/wp\/v2\/thuong-hieu?post=2468"}],"curies":[{"name":"wp","href":"https:\/\/api.w.org\/{rel}","templated":true}]}}