{"id":2456,"date":"2019-09-28T23:42:18","date_gmt":"2019-09-28T16:42:18","guid":{"rendered":"http:\/\/demo21.muathemewordpress.net\/chi-tiet\/den-tha%cc%89-mau-nau-41055-24w"},"modified":"2019-09-28T23:42:20","modified_gmt":"2019-09-28T16:42:20","slug":"den-tha%cc%89-mau-nau-41055-24w","status":"publish","type":"product","link":"https:\/\/hosting.conasi.vn\/w\/noithat162011\/san-pham\/den-tha%cc%89-mau-nau-41055-24w\/","title":{"rendered":"\u0110e\u0300n tha\u0309 ma\u0300u n\u00e2u 41055-24W"},"content":{"rendered":"","protected":false},"excerpt":{"rendered":"<p>\u0110\u00e8n th\u1ea3 n\u00e0y t\u00f4 \u0111i\u1ec3m th\u00eam m\u00e0u s\u1eafc cho ng\u00f4i nh\u00e0 c\u1ee7a b\u1ea1n. T\u1eeb c\u00e1c chao \u0111\u00e8n b\u1eb1ng kim lo\u1ea1i b\u1ec1n b\u1ec9, \u00e1nh s\u00e1ng t\u1ea1o ra h\u00e0o quang trang nh\u00e3 cho khu v\u1ef1c sinh s\u1ed1ng c\u1ee7a b\u1ea1n v\u1edbi thi\u1ebft k\u1ebf gi\u1ea3n d\u1ecb, g\u00e2y \u1ea5n t\u01b0\u1ee3ng.<br \/>\nTi\u1ebft ki\u1ec7m l\u00ean \u0111\u1ebfn 80% n\u0103ng l\u01b0\u1ee3ng so v\u1edbi b\u00f3ng \u0111\u00e8n truy\u1ec1n th\u1ed1ng. Gi\u00fap b\u1ea1n gi\u1ea3m h\u00f3a \u0111\u01a1n ti\u1ec1n \u0111i\u1ec7n v\u00ec v\u1eady h\u00e3y b\u1eaft \u0111\u1ea7u t\u00edch l\u0169y ti\u1ec1n ti\u1ebft ki\u1ec7m qua c\u00e1c n\u0103m ngay t\u1eeb b\u00e2y gi\u1edd.<\/p>\n<p>    M\u00e3 SP: 4284101\u00a0<br \/>\n    M\u00e0u s\u1eafc: X\u00e1m\u00a0<br \/>\n    V\u1eadt li\u1ec7u: Kim lo\u1ea1i<br \/>\n    B\u00f3ng v\u00e0 c\u00f4ng su\u1ea5t: E27 24W\u00a0<br \/>\n    \u0110i\u1ec7n \u00e1p: 220V &#8211; 230V\u00a0<br \/>\n    K\u00edch th\u01b0\u1edbc: (L x W x H) mm<\/p>\n","protected":false},"featured_media":2457,"template":"","meta":[],"thuong-hieu":[],"_links":{"self":[{"href":"https:\/\/hosting.conasi.vn\/w\/noithat162011\/wp-json\/wp\/v2\/product\/2456"}],"collection":[{"href":"https:\/\/hosting.conasi.vn\/w\/noithat162011\/wp-json\/wp\/v2\/product"}],"about":[{"href":"https:\/\/hosting.conasi.vn\/w\/noithat162011\/wp-json\/wp\/v2\/types\/product"}],"wp:featuredmedia":[{"embeddable":true,"href":"https:\/\/hosting.conasi.vn\/w\/noithat162011\/wp-json\/wp\/v2\/media\/2457"}],"wp:attachment":[{"href":"https:\/\/hosting.conasi.vn\/w\/noithat162011\/wp-json\/wp\/v2\/media?parent=2456"}],"wp:term":[{"taxonomy":"thuong-hieu","embeddable":true,"href":"https:\/\/hosting.conasi.vn\/w\/noithat162011\/wp-json\/wp\/v2\/thuong-hieu?post=2456"}],"curies":[{"name":"wp","href":"https:\/\/api.w.org\/{rel}","templated":true}]}}