{"id":2450,"date":"2019-09-28T23:42:01","date_gmt":"2019-09-28T16:42:01","guid":{"rendered":"http:\/\/demo21.muathemewordpress.net\/chi-tiet\/den-day-mau-be-15w"},"modified":"2019-09-28T23:42:03","modified_gmt":"2019-09-28T16:42:03","slug":"den-day-mau-be-15w","status":"publish","type":"product","link":"https:\/\/hosting.conasi.vn\/w\/noithat162011\/san-pham\/den-day-mau-be-15w\/","title":{"rendered":"\u0110e\u0300n d\u00e2y ma\u0300u be 15W"},"content":{"rendered":"","protected":false},"excerpt":{"rendered":"<p>M\u00e3 SP: 4512401\u00a0<br \/>\n    M\u00e0u s\u1eafc: Beige\u00a0<br \/>\n    V\u1eadt li\u1ec7u: t\u1ed5ng h\u1ee3p\u00a0<br \/>\n    B\u00f3ng v\u00e0 c\u00f4ng su\u1ea5t: E27 15W\u00a0 \u00e1nh s\u00e1ng trung t\u00ednh\u00a0<br \/>\n    \u0110i\u1ec7n \u00e1p: 100V- 240V\u00a0<br \/>\n    K\u00edch th\u01b0\u1edbc: 250 x 250 x 1500 mm\u00a0<br \/>\n    T\u00ednh n\u0103ng kh\u00e1c: \u0110i\u1ec1u ch\u1ec9nh \u0111\u01b0\u1ee3c chi\u1ec1u cao \u0111\u00e8n<\/p>\n","protected":false},"featured_media":2451,"template":"","meta":[],"thuong-hieu":[],"_links":{"self":[{"href":"https:\/\/hosting.conasi.vn\/w\/noithat162011\/wp-json\/wp\/v2\/product\/2450"}],"collection":[{"href":"https:\/\/hosting.conasi.vn\/w\/noithat162011\/wp-json\/wp\/v2\/product"}],"about":[{"href":"https:\/\/hosting.conasi.vn\/w\/noithat162011\/wp-json\/wp\/v2\/types\/product"}],"wp:featuredmedia":[{"embeddable":true,"href":"https:\/\/hosting.conasi.vn\/w\/noithat162011\/wp-json\/wp\/v2\/media\/2451"}],"wp:attachment":[{"href":"https:\/\/hosting.conasi.vn\/w\/noithat162011\/wp-json\/wp\/v2\/media?parent=2450"}],"wp:term":[{"taxonomy":"thuong-hieu","embeddable":true,"href":"https:\/\/hosting.conasi.vn\/w\/noithat162011\/wp-json\/wp\/v2\/thuong-hieu?post=2450"}],"curies":[{"name":"wp","href":"https:\/\/api.w.org\/{rel}","templated":true}]}}