{"id":2444,"date":"2019-09-28T23:41:45","date_gmt":"2019-09-28T16:41:45","guid":{"rendered":"http:\/\/demo21.muathemewordpress.net\/chi-tiet\/den-day-mau-cam-qpg303-60w"},"modified":"2019-09-28T23:41:46","modified_gmt":"2019-09-28T16:41:46","slug":"den-day-mau-cam-qpg303-60w","status":"publish","type":"product","link":"https:\/\/hosting.conasi.vn\/w\/noithat162011\/san-pham\/den-day-mau-cam-qpg303-60w\/","title":{"rendered":"\u0110e\u0300n d\u00e2y ma\u0300u cam QPG303-60W"},"content":{"rendered":"","protected":false},"excerpt":{"rendered":"<p>M\u00e3 SP: 0049301\u00a0<br \/>\n    M\u00e0u s\u1eafc: cam\u00a0<br \/>\n    V\u1eadt li\u1ec7u: th\u00e9p\u00a0<br \/>\n    B\u00f3ng v\u00e0 c\u00f4ng su\u1ea5t: 8W\u00a0<br \/>\n    \u0110i\u1ec7n \u00e1p: 220 -240V\u00a0<br \/>\n    \u0110ui b\u00f3ng ph\u00f9 h\u1ee3p: E27\u00a0<br \/>\n    K\u00edch th\u01b0\u1edbc: 250 x 250 x 1300 (L x W x H)mm\u00a0<br \/>\n    T\u00ednh n\u0103ng kh\u00e1c: \u0111i\u1ec1u ch\u1ec9nh \u0111\u01b0\u1ee3c chi\u1ec1u cao \u0111\u00e8n<\/p>\n","protected":false},"featured_media":2445,"template":"","meta":[],"thuong-hieu":[],"_links":{"self":[{"href":"https:\/\/hosting.conasi.vn\/w\/noithat162011\/wp-json\/wp\/v2\/product\/2444"}],"collection":[{"href":"https:\/\/hosting.conasi.vn\/w\/noithat162011\/wp-json\/wp\/v2\/product"}],"about":[{"href":"https:\/\/hosting.conasi.vn\/w\/noithat162011\/wp-json\/wp\/v2\/types\/product"}],"wp:featuredmedia":[{"embeddable":true,"href":"https:\/\/hosting.conasi.vn\/w\/noithat162011\/wp-json\/wp\/v2\/media\/2445"}],"wp:attachment":[{"href":"https:\/\/hosting.conasi.vn\/w\/noithat162011\/wp-json\/wp\/v2\/media?parent=2444"}],"wp:term":[{"taxonomy":"thuong-hieu","embeddable":true,"href":"https:\/\/hosting.conasi.vn\/w\/noithat162011\/wp-json\/wp\/v2\/thuong-hieu?post=2444"}],"curies":[{"name":"wp","href":"https:\/\/api.w.org\/{rel}","templated":true}]}}