{"id":2440,"date":"2019-09-28T23:41:34","date_gmt":"2019-09-28T16:41:34","guid":{"rendered":"http:\/\/demo21.muathemewordpress.net\/chi-tiet\/den-tha%cc%89-led-mau-nhom-58090-71w"},"modified":"2019-09-28T23:41:35","modified_gmt":"2019-09-28T16:41:35","slug":"den-tha%cc%89-led-mau-nhom-58090-71w","status":"publish","type":"product","link":"https:\/\/hosting.conasi.vn\/w\/noithat162011\/san-pham\/den-tha%cc%89-led-mau-nhom-58090-71w\/","title":{"rendered":"\u0110e\u0300n tha\u0309 LED ma\u0300u nh\u00f4m 58090-71W"},"content":{"rendered":"","protected":false},"excerpt":{"rendered":"<p>M\u00e3 SP: 5202501\u00a0<br \/>\n    M\u00e0u s\u1eafc: nh\u00f4m\u00a0<br \/>\n    V\u1eadt li\u1ec7u: nh\u00f4m\u00a0<br \/>\n    B\u00f3ng v\u00e0 c\u00f4ng su\u1ea5t: LED 71W\u00a0<br \/>\n    \u0110i\u1ec7n \u00e1p: 100 -240V\u00a0<br \/>\n    K\u00edch th\u01b0\u1edbc: 760 x 760 x 1500 mm (Dx R x C)\u00a0<br \/>\n    T\u00ednh n\u0103ng kh\u00e1c: \u0111i\u1ec1u ch\u1ec9nh \u0111\u01b0\u1ee3c chi\u1ec1u cao \u0111\u00e8n, 3 c\u1ea5p \u0111\u1ed9 s\u00e1ng<\/p>\n","protected":false},"featured_media":2441,"template":"","meta":[],"thuong-hieu":[],"_links":{"self":[{"href":"https:\/\/hosting.conasi.vn\/w\/noithat162011\/wp-json\/wp\/v2\/product\/2440"}],"collection":[{"href":"https:\/\/hosting.conasi.vn\/w\/noithat162011\/wp-json\/wp\/v2\/product"}],"about":[{"href":"https:\/\/hosting.conasi.vn\/w\/noithat162011\/wp-json\/wp\/v2\/types\/product"}],"wp:featuredmedia":[{"embeddable":true,"href":"https:\/\/hosting.conasi.vn\/w\/noithat162011\/wp-json\/wp\/v2\/media\/2441"}],"wp:attachment":[{"href":"https:\/\/hosting.conasi.vn\/w\/noithat162011\/wp-json\/wp\/v2\/media?parent=2440"}],"wp:term":[{"taxonomy":"thuong-hieu","embeddable":true,"href":"https:\/\/hosting.conasi.vn\/w\/noithat162011\/wp-json\/wp\/v2\/thuong-hieu?post=2440"}],"curies":[{"name":"wp","href":"https:\/\/api.w.org\/{rel}","templated":true}]}}