{"id":2436,"date":"2019-09-28T23:41:23","date_gmt":"2019-09-28T16:41:23","guid":{"rendered":"http:\/\/demo21.muathemewordpress.net\/chi-tiet\/den-tha%cc%89-tran-2336403"},"modified":"2019-09-28T23:41:25","modified_gmt":"2019-09-28T16:41:25","slug":"den-tha%cc%89-tran-2336403","status":"publish","type":"product","link":"https:\/\/hosting.conasi.vn\/w\/noithat162011\/san-pham\/den-tha%cc%89-tran-2336403\/","title":{"rendered":"\u0110e\u0300n tha\u0309 tr\u00e2\u0300n 2336403"},"content":{"rendered":"","protected":false},"excerpt":{"rendered":"<p>M\u00e0u s\u1eafc: xanh<br \/>\n    V\u1eadt li\u1ec7u: Th\u00e9p<br \/>\n    B\u00f3ng v\u00e0 c\u00f4ng su\u1ea5t: E25 24 W<br \/>\n    \u0110i\u1ec7n \u00e1p: 220V &#8211; 240V<br \/>\n    K\u00edch th\u01b0\u1edbc: 300 x 300 x 1500 ( L x W x H) mm<\/p>\n","protected":false},"featured_media":2437,"template":"","meta":[],"thuong-hieu":[],"_links":{"self":[{"href":"https:\/\/hosting.conasi.vn\/w\/noithat162011\/wp-json\/wp\/v2\/product\/2436"}],"collection":[{"href":"https:\/\/hosting.conasi.vn\/w\/noithat162011\/wp-json\/wp\/v2\/product"}],"about":[{"href":"https:\/\/hosting.conasi.vn\/w\/noithat162011\/wp-json\/wp\/v2\/types\/product"}],"wp:featuredmedia":[{"embeddable":true,"href":"https:\/\/hosting.conasi.vn\/w\/noithat162011\/wp-json\/wp\/v2\/media\/2437"}],"wp:attachment":[{"href":"https:\/\/hosting.conasi.vn\/w\/noithat162011\/wp-json\/wp\/v2\/media?parent=2436"}],"wp:term":[{"taxonomy":"thuong-hieu","embeddable":true,"href":"https:\/\/hosting.conasi.vn\/w\/noithat162011\/wp-json\/wp\/v2\/thuong-hieu?post=2436"}],"curies":[{"name":"wp","href":"https:\/\/api.w.org\/{rel}","templated":true}]}}